{"id":10293,"date":"2024-09-16T11:02:14","date_gmt":"2024-09-16T09:02:14","guid":{"rendered":"https:\/\/semmelweis.hu\/gyogyszertar\/?page_id=10293"},"modified":"2024-09-16T11:40:36","modified_gmt":"2024-09-16T09:40:36","slug":"benedekfu-patika","status":"publish","type":"page","link":"https:\/\/semmelweis.hu\/gyogyszertar\/minosegiranyitasi-rendszer\/benedekfu-patika\/","title":{"rendered":"Benedekf\u0171 patika"},"content":{"rendered":"<ul style=\"list-style-type: disc\">\n<li><a href=\"https:\/\/semmelweis.hu\/gyogyszertar\/files\/2024\/09\/Benedekfu-Patika_MIR_2024.doc\">Benedekf\u0171 patika bels\u0151 min\u0151s\u00e9g\u00fcgyi rendszer<\/a><\/li>\n<li>I. sz\u00e1m\u00fa mell\u00e9klet: <a href=\"https:\/\/semmelweis.hu\/gyogyszertar\/files\/2024\/09\/1.sz_.-Magi-eljarasrend.docx\">Magisztr\u00e1lis (egyedi recept\u00fara, EGYGYSZI FoNo) k\u00e9sz\u00edtm\u00e9nyek kezel\u00e9si protokollja<\/a><\/li>\n<li>II. sz\u00e1m\u00fa mell\u00e9klet: <a href=\"https:\/\/semmelweis.hu\/gyogyszertar\/files\/2024\/09\/2.sz_.-Panaszkezelesi_eljarasrend.docx\">Panaszkezel\u00e9si elj\u00e1r\u00e1srend<\/a><\/li>\n<li>III. sz\u00e1m\u00fa mell\u00e9klet: <a href=\"https:\/\/semmelweis.hu\/gyogyszertar\/files\/2024\/09\/3.sz_.-Adatkezelesi_nyilvantartas.xlsx\">Adatkezel\u00e9si nyilv\u00e1ntart\u00e1s<\/a><\/li>\n<\/ul>\n","protected":false},"excerpt":{"rendered":"<p><a href=\"https:\/\/semmelweis.hu\/gyogyszertar\/files\/2024\/09\/Benedekfu-Patika_MIR_2024.doc\">Benedekf\u0171 patika bels\u0151 min\u0151s\u00e9g\u00fcgyi rendszer<\/a><br \/>\nI. sz\u00e1m\u00fa mell\u00e9klet: <a href=\"https:\/\/semmelweis.hu\/gyogyszertar\/files\/2024\/09\/1.sz_.-Magi-eljarasrend.docx\">Magisztr\u00e1lis (egyedi recept\u00fara, EGYGYSZI FoNo) k\u00e9sz\u00edtm\u00e9nyek kezel\u00e9si protokollja<\/a><br \/>\nII. sz\u00e1m\u00fa mell\u00e9klet: <a href=\"https:\/\/semmelweis.hu\/gyogyszertar\/files\/2024\/09\/2.sz_.-Panaszkezelesi_eljarasrend.docx\">Panaszkezel\u00e9si elj\u00e1r\u00e1srend<\/a><br \/>\nIII. sz\u00e1m\u00fa mell\u00e9klet: <a href=\"https:\/\/semmelweis.hu\/gyogyszertar\/files\/2024\/09\/3.sz_.-Adatkezelesi_nyilvantartas.xlsx\">Adatkezel\u00e9si nyilv\u00e1ntart\u00e1s<\/a><\/p>\n","protected":false},"author":357,"featured_media":0,"parent":166,"menu_order":0,"comment_status":"closed","ping_status":"closed","template":"","meta":{"_acf_changed":false,"footnotes":""},"categories":[],"tags":[],"class_list":["post-10293","page","type-page","status-publish","hentry"],"acf":[],"_links":{"self":[{"href":"https:\/\/semmelweis.hu\/gyogyszertar\/wp-json\/wp\/v2\/pages\/10293","targetHints":{"allow":["GET"]}}],"collection":[{"href":"https:\/\/semmelweis.hu\/gyogyszertar\/wp-json\/wp\/v2\/pages"}],"about":[{"href":"https:\/\/semmelweis.hu\/gyogyszertar\/wp-json\/wp\/v2\/types\/page"}],"author":[{"embeddable":true,"href":"https:\/\/semmelweis.hu\/gyogyszertar\/wp-json\/wp\/v2\/users\/357"}],"replies":[{"embeddable":true,"href":"https:\/\/semmelweis.hu\/gyogyszertar\/wp-json\/wp\/v2\/comments?post=10293"}],"version-history":[{"count":8,"href":"https:\/\/semmelweis.hu\/gyogyszertar\/wp-json\/wp\/v2\/pages\/10293\/revisions"}],"predecessor-version":[{"id":10306,"href":"https:\/\/semmelweis.hu\/gyogyszertar\/wp-json\/wp\/v2\/pages\/10293\/revisions\/10306"}],"up":[{"embeddable":true,"href":"https:\/\/semmelweis.hu\/gyogyszertar\/wp-json\/wp\/v2\/pages\/166"}],"wp:attachment":[{"href":"https:\/\/semmelweis.hu\/gyogyszertar\/wp-json\/wp\/v2\/media?parent=10293"}],"wp:term":[{"taxonomy":"category","embeddable":true,"href":"https:\/\/semmelweis.hu\/gyogyszertar\/wp-json\/wp\/v2\/categories?post=10293"},{"taxonomy":"post_tag","embeddable":true,"href":"https:\/\/semmelweis.hu\/gyogyszertar\/wp-json\/wp\/v2\/tags?post=10293"}],"curies":[{"name":"wp","href":"https:\/\/api.w.org\/{rel}","templated":true}]}}