{"id":10284,"date":"2024-09-16T09:55:27","date_gmt":"2024-09-16T07:55:27","guid":{"rendered":"https:\/\/semmelweis.hu\/gyogyszertar\/?page_id=10284"},"modified":"2024-09-16T12:24:21","modified_gmt":"2024-09-16T10:24:21","slug":"idegsebeszeti-es-neurointervencios-klinika-intezeti-gyogyszertari-reszleg","status":"publish","type":"page","link":"https:\/\/semmelweis.hu\/gyogyszertar\/minosegiranyitasi-rendszer\/idegsebeszeti-es-neurointervencios-klinika-intezeti-gyogyszertari-reszleg\/","title":{"rendered":"Idegseb\u00e9szeti \u00e9s Neurointervenci\u00f3s Klinika int\u00e9zeti gy\u00f3gyszert\u00e1ri r\u00e9szleg"},"content":{"rendered":"<h4><strong>Egys\u00e9gszint\u0171 M\u0171k\u00f6d\u00e9si Szab\u00e1lyzat: <\/strong><a href=\"https:\/\/semmelweis.hu\/gyogyszertar\/files\/2024\/09\/SE-EGYI-INK-EMSZ.pdf\" target=\"_blank\" rel=\"noopener\">SE-EGYI-INK-EMSZ<\/a><\/h4>\n","protected":false},"excerpt":{"rendered":"<p>Egys\u00e9gszint\u0171 M\u0171k\u00f6d\u00e9si Szab\u00e1lyzat: <a href=\"https:\/\/semmelweis.hu\/gyogyszertar\/files\/2024\/09\/SE-EGYI-INK-EMSZ.pdf\" target=\"_blank\" rel=\"noopener\">SE-EGYI-INK-EMSZ<\/a><\/p>\n","protected":false},"author":357,"featured_media":0,"parent":166,"menu_order":4,"comment_status":"closed","ping_status":"closed","template":"","meta":{"_acf_changed":false,"footnotes":""},"categories":[],"tags":[],"class_list":["post-10284","page","type-page","status-publish","hentry"],"acf":[],"_links":{"self":[{"href":"https:\/\/semmelweis.hu\/gyogyszertar\/wp-json\/wp\/v2\/pages\/10284","targetHints":{"allow":["GET"]}}],"collection":[{"href":"https:\/\/semmelweis.hu\/gyogyszertar\/wp-json\/wp\/v2\/pages"}],"about":[{"href":"https:\/\/semmelweis.hu\/gyogyszertar\/wp-json\/wp\/v2\/types\/page"}],"author":[{"embeddable":true,"href":"https:\/\/semmelweis.hu\/gyogyszertar\/wp-json\/wp\/v2\/users\/357"}],"replies":[{"embeddable":true,"href":"https:\/\/semmelweis.hu\/gyogyszertar\/wp-json\/wp\/v2\/comments?post=10284"}],"version-history":[{"count":3,"href":"https:\/\/semmelweis.hu\/gyogyszertar\/wp-json\/wp\/v2\/pages\/10284\/revisions"}],"predecessor-version":[{"id":10353,"href":"https:\/\/semmelweis.hu\/gyogyszertar\/wp-json\/wp\/v2\/pages\/10284\/revisions\/10353"}],"up":[{"embeddable":true,"href":"https:\/\/semmelweis.hu\/gyogyszertar\/wp-json\/wp\/v2\/pages\/166"}],"wp:attachment":[{"href":"https:\/\/semmelweis.hu\/gyogyszertar\/wp-json\/wp\/v2\/media?parent=10284"}],"wp:term":[{"taxonomy":"category","embeddable":true,"href":"https:\/\/semmelweis.hu\/gyogyszertar\/wp-json\/wp\/v2\/categories?post=10284"},{"taxonomy":"post_tag","embeddable":true,"href":"https:\/\/semmelweis.hu\/gyogyszertar\/wp-json\/wp\/v2\/tags?post=10284"}],"curies":[{"name":"wp","href":"https:\/\/api.w.org\/{rel}","templated":true}]}}