{"id":10169,"date":"2024-09-06T11:23:19","date_gmt":"2024-09-06T09:23:19","guid":{"rendered":"https:\/\/semmelweis.hu\/gyogyszertar\/?page_id=10169"},"modified":"2025-04-03T11:49:24","modified_gmt":"2025-04-03T09:49:24","slug":"idegsebeszeti-es-neurointervencios-klinika-intezeti-reszleg","status":"publish","type":"page","link":"https:\/\/semmelweis.hu\/gyogyszertar\/rolunk\/osztalyok\/idegsebeszeti-es-neurointervencios-klinika-intezeti-reszleg\/","title":{"rendered":"Amerikai \u00fati r\u00e9szleg"},"content":{"rendered":"<div class=\"responsive-tabs\">\n<h2 class=\"tabtitle\">Bemutat\u00e1s<\/h2>\n<div class=\"tabcontent\">\n\n<p style=\"text-align: justify\"><strong>El\u00e9rhet\u0151s\u00e9gek:<br \/>\n<\/strong>1145 Budapest, Amerikai \u00fat 57<br \/>\nTel.: +36-1-4679366<br \/>\nE-mail: gyogyszertar.amerikaiut@semmelweis.hu<\/p>\n<p>2024. m\u00e1rcius elsej\u00e9t\u0151l az Orsz\u00e1gos Ment\u00e1lis, Ideggy\u00f3gy\u00e1szati \u00e9s Idegseb\u00e9szeti Int\u00e9zet Amerikai \u00fati, idegseb\u00e9szeti \u00e9s neurol\u00f3giai ell\u00e1t\u00e1st biztos\u00edt\u00f3 telephelye a Semmelweis Egyetemhez csatlakozott az egyetem \u00faj klinikai t\u00f6mbjek\u00e9nt Idegseb\u00e9szeti \u00e9s Neurointervenci\u00f3s Klinika n\u00e9ven.<\/p>\n<p>A k\u00e9t, egym\u00e1st\u00f3l j\u00f3l elk\u00fcl\u00f6n\u00edthet\u0151 r\u00e9szleg \u2013 lakoss\u00e1gi ell\u00e1t\u00f3 r\u00e9szleg, int\u00e9zeti gy\u00f3gyszert\u00e1r \u2013 a t\u00f6mb\u00e9p\u00fclet f\u00f6ldszintj\u00e9n helyezkedik el.<\/p>\n<p>A Semmelweis Egyetem Amerikai \u00fati telephely\u00e9n m\u0171k\u00f6d\u0151 int\u00e9zeti gy\u00f3gyszert\u00e1ri r\u00e9szleg feladatai k\u00f6z\u00e9 tartozik az Idegseb\u00e9szeti \u00e9s Neurointervenci\u00f3s Klinika oszt\u00e1lyainak gy\u00e1ri k\u00e9sz\u00edtm\u00e9nyekkel (gy\u00f3gyszer-k\u00f6tszer-inf\u00fazi\u00f3-fert\u0151tlen\u00edt\u0151szer) t\u00f6rt\u00e9n\u0151 folyamatos, biztons\u00e1gos, k\u00f6lts\u00e9gtakar\u00e9kos ell\u00e1t\u00e1sa, valamint ehhez kapcsol\u00f3d\u00f3an a klinik\u00e1k gy\u00f3gyszerfelel\u0151seinek, orvosainak, szakdolgoz\u00f3inak gy\u00f3gyszer\u00e9szi t\u00e1j\u00e9koztat\u00e1s biztos\u00edt\u00e1sa. Ez kiterjed a haz\u00e1nkban forgalomba hozatali enged\u00e9llyel rendelkez\u0151 gy\u00f3gyszerekre, k\u00f6tszerekre, fert\u0151tlen\u00edt\u0151 szerekre, valamint az egyedi importk\u00e9nt be\u00e9rkez\u0151 k\u00fclf\u00f6ldi k\u00e9sz\u00edtm\u00e9nyekre egyar\u00e1nt.<\/p>\n<p>A k\u00f6zvetlen lakoss\u00e1gi gy\u00f3gyszerell\u00e1t\u00e1st ny\u00fajt\u00f3 Fekete Skorpi\u00f3 Patik\u00e1t els\u0151sorban a T\u00f6mbbe \u00e9rkez\u0151 p\u00e1ciensek, a t\u00e1voz\u00f3 fekv\u0151betegek, int\u00e9zm\u00e9nyi dolgoz\u00f3k keresik fel, de a gy\u00f3gyszert\u00e1r b\u00e1rmely beteg sz\u00e1m\u00e1ra biztos\u00edtja a gy\u00f3gyszerhez jut\u00e1st v\u00e9nyre, v\u00e9ny n\u00e9lk\u00fcli k\u00e9sz\u00edtm\u00e9nyek kiszolg\u00e1l\u00e1s\u00e1val.<\/p>\n\n<\/div><h2 class=\"tabtitle\">Munkat\u00e1rsak<\/h2>\n<div class=\"tabcontent\">\n\n<p><strong>Munkat\u00e1rsak:<\/strong><\/p>\n<p><strong>Gy\u00f3gyszer\u00e9szek\/Szakgy\u00f3gyszer\u00e9szek:<\/strong><\/p>\n<ul style=\"list-style-type: disc\">\n<li>Dr. Nyeste Zsuzsanna szakgy\u00f3gyszer\u00e9sz<br \/>\ntelefon: +36-20-428-8584<\/li>\n<li>Dr. Szab\u00f3 Szil\u00e1rd szakgy\u00f3gyszer\u00e9sz<br \/>\negyetemi mobil telefonsz\u00e1m: +36-30-016-4107<\/li>\n<\/ul>\n<p><strong>Asszisztensek\/szakasszisztensek:<\/strong><\/p>\n<ul style=\"list-style-type: disc\">\n<li>Demeter M\u00f3nika\n<p>gy\u00e1ri k\u00e9sz\u00edtm\u00e9nyek \u2013 Telefon: +36-1-4679366<\/p>\n<\/li>\n<li>Zsig\u00f3 R\u00f3bertn\u00e9<\/li>\n<\/ul>\n<\/div><\/div>\n","protected":false},"excerpt":{"rendered":"<p>El\u00e9rhet\u0151s\u00e9gek: 1145 Budapest, Amerikai \u00fat 57 Tel.: +36-1-4679366 E-mail: gyogyszertar.amerikaiut@semmelweis.hu 2024. m\u00e1rcius elsej\u00e9t\u0151l az Orsz\u00e1gos Ment\u00e1lis, Ideggy\u00f3gy\u00e1szati \u00e9s Idegseb\u00e9szeti Int\u00e9zet Amerikai \u00fati, idegseb\u00e9szeti \u00e9s neurol\u00f3giai ell\u00e1t\u00e1st biztos\u00edt\u00f3 telephelye a Semmelweis Egyetemhez csatlakozott az egyetem \u00faj klinikai t\u00f6mbjek\u00e9nt Idegseb\u00e9szeti \u00e9s Neurointervenci\u00f3s Klinika n\u00e9ven. A k\u00e9t, egym\u00e1st\u00f3l j\u00f3l elk\u00fcl\u00f6n\u00edthet\u0151 r\u00e9szleg \u2013 lakoss\u00e1gi ell\u00e1t\u00f3 r\u00e9szleg, int\u00e9zeti gy\u00f3gyszert\u00e1r \u2013 &hellip;<\/p>\n","protected":false},"author":357,"featured_media":0,"parent":129,"menu_order":0,"comment_status":"closed","ping_status":"closed","template":"","meta":{"_acf_changed":false,"footnotes":""},"categories":[],"tags":[],"class_list":["post-10169","page","type-page","status-publish","hentry"],"acf":[],"_links":{"self":[{"href":"https:\/\/semmelweis.hu\/gyogyszertar\/wp-json\/wp\/v2\/pages\/10169","targetHints":{"allow":["GET"]}}],"collection":[{"href":"https:\/\/semmelweis.hu\/gyogyszertar\/wp-json\/wp\/v2\/pages"}],"about":[{"href":"https:\/\/semmelweis.hu\/gyogyszertar\/wp-json\/wp\/v2\/types\/page"}],"author":[{"embeddable":true,"href":"https:\/\/semmelweis.hu\/gyogyszertar\/wp-json\/wp\/v2\/users\/357"}],"replies":[{"embeddable":true,"href":"https:\/\/semmelweis.hu\/gyogyszertar\/wp-json\/wp\/v2\/comments?post=10169"}],"version-history":[{"count":10,"href":"https:\/\/semmelweis.hu\/gyogyszertar\/wp-json\/wp\/v2\/pages\/10169\/revisions"}],"predecessor-version":[{"id":10942,"href":"https:\/\/semmelweis.hu\/gyogyszertar\/wp-json\/wp\/v2\/pages\/10169\/revisions\/10942"}],"up":[{"embeddable":true,"href":"https:\/\/semmelweis.hu\/gyogyszertar\/wp-json\/wp\/v2\/pages\/129"}],"wp:attachment":[{"href":"https:\/\/semmelweis.hu\/gyogyszertar\/wp-json\/wp\/v2\/media?parent=10169"}],"wp:term":[{"taxonomy":"category","embeddable":true,"href":"https:\/\/semmelweis.hu\/gyogyszertar\/wp-json\/wp\/v2\/categories?post=10169"},{"taxonomy":"post_tag","embeddable":true,"href":"https:\/\/semmelweis.hu\/gyogyszertar\/wp-json\/wp\/v2\/tags?post=10169"}],"curies":[{"name":"wp","href":"https:\/\/api.w.org\/{rel}","templated":true}]}}