{"id":10167,"date":"2024-09-06T11:22:03","date_gmt":"2024-09-06T09:22:03","guid":{"rendered":"https:\/\/semmelweis.hu\/gyogyszertar\/?page_id=10167"},"modified":"2025-05-27T09:54:09","modified_gmt":"2025-05-27T07:54:09","slug":"rehabilitacios-klinika-intezeti-reszleg","status":"publish","type":"page","link":"https:\/\/semmelweis.hu\/gyogyszertar\/rolunk\/osztalyok\/rehabilitacios-klinika-intezeti-reszleg\/","title":{"rendered":"Szanat\u00f3riumi \u00fati r\u00e9szleg"},"content":{"rendered":"<div class=\"responsive-tabs\">\n<h2 class=\"tabtitle\">Bemutat\u00e1s<\/h2>\n<div class=\"tabcontent\">\n\n<p style=\"text-align: justify\"><strong>El\u00e9rhet\u0151s\u00e9gek:<br \/>\n<\/strong>1121. Budapest XII. ker. Szanat\u00f3rium u. 19.<br \/>\nTelefon: +36-1-391-970<\/p>\n<p>A r\u00e9szleg feladata a Rehabilit\u00e1ci\u00f3s Klinika betegeinek folyamatos, biztons\u00e1gos, k\u00f6lts\u00e9ghat\u00e9kony gy\u00f3gyszerell\u00e1t\u00e1sa, k\u00f6tszerell\u00e1t\u00e1sa \u00e9s fert\u0151tlen\u00edt\u0151szer ell\u00e1t\u00e1sa.<\/p>\n<p>Feladatai k\u00f6z\u00e9 tartozik a Klinika oszt\u00e1lyainak gy\u00f3gyszerfelel\u0151seivel \u00e9s vezet\u0151 \u00e1pol\u00f3ival val\u00f3 kapcsolattart\u00e1s. A klinika orvosainak t\u00e1j\u00e9koztat\u00e1sa a Magyarorsz\u00e1gon forgalomba l\u00e9v\u0151, enged\u00e9llyel rendelkez\u0151, valamint egyedi importos k\u00e9sz\u00edtm\u00e9nyek beszerezhet\u0151s\u00e9g\u00e9r\u0151l. A gy\u00f3gyszert\u00e1r feladata a klinikai oszt\u00e1lyok gy\u00f3gyszerrel, k\u00f6tszerrel, fert\u0151tlen\u00edt\u0151szerrel val\u00f3 k\u00f6zvetlen ell\u00e1t\u00e1sa, az oszt\u00e1lyokon kezelt gy\u00f3gyszerek kezel\u00e9s\u00e9nek ellen\u0151rz\u00e9se. A helyi gy\u00f3gyszerter\u00e1pi\u00e1s albizotts\u00e1g munk\u00e1j\u00e1nak seg\u00edt\u00e9se.<\/p>\n\n<\/div><h2 class=\"tabtitle\">Munkat\u00e1rsak<\/h2>\n<div class=\"tabcontent\">\n\n<p><strong>Munkat\u00e1rsak:<\/strong><\/p>\n<p><strong>R\u00e9szlegvezet\u0151:<br \/>\n<\/strong><\/p>\n<ul style=\"list-style-type: disc\">\n<li>Dr. T\u00f6r\u00f6k \u00c9va szakgy\u00f3gyszer\u00e9sz<br \/>\nE-mail: torok.eva@semmelweis.hu<\/li>\n<\/ul>\n<p><strong>Gy\u00f3gyszer\u00e9szek, Szakgy\u00f3gyszer\u00e9szek:<\/strong><\/p>\n<ul>\n<li>Dr. Csik\u00f3s Adrienn gy\u00f3gyszer\u00e9sz<br \/>\nE-mail: csikos.adrienn@semmelweis.hu<\/li>\n<\/ul>\n<p><strong>Asszisztensek\/Szakasszisztensek:<\/strong><\/p>\n<ul style=\"list-style-type: disc\">\n<li>\n<p>Kocsisn\u00e9 W\u00e9ber M\u00f3nika szakasszisztens<br \/>\nE-mail c\u00edm: kocsisne.weber.monika@semmelweis.hu<br \/>\nTelefonsz\u00e1m: +36-1-391-1970<\/p>\n<\/li>\n<\/ul>\n<\/div><\/div>\n","protected":false},"excerpt":{"rendered":"<p>El\u00e9rhet\u0151s\u00e9gek: 1121. Budapest XII. ker. Szanat\u00f3rium u. 19. Telefon: +36-1-391-970 A r\u00e9szleg feladata a Rehabilit\u00e1ci\u00f3s Klinika betegeinek folyamatos, biztons\u00e1gos, k\u00f6lts\u00e9ghat\u00e9kony gy\u00f3gyszerell\u00e1t\u00e1sa, k\u00f6tszerell\u00e1t\u00e1sa \u00e9s fert\u0151tlen\u00edt\u0151szer ell\u00e1t\u00e1sa. Feladatai k\u00f6z\u00e9 tartozik a Klinika oszt\u00e1lyainak gy\u00f3gyszerfelel\u0151seivel \u00e9s vezet\u0151 \u00e1pol\u00f3ival val\u00f3 kapcsolattart\u00e1s. A klinika orvosainak t\u00e1j\u00e9koztat\u00e1sa a Magyarorsz\u00e1gon forgalomba l\u00e9v\u0151, enged\u00e9llyel rendelkez\u0151, valamint egyedi importos k\u00e9sz\u00edtm\u00e9nyek beszerezhet\u0151s\u00e9g\u00e9r\u0151l. A gy\u00f3gyszert\u00e1r feladata &hellip;<\/p>\n","protected":false},"author":357,"featured_media":0,"parent":129,"menu_order":0,"comment_status":"closed","ping_status":"closed","template":"","meta":{"_acf_changed":false,"footnotes":""},"categories":[],"tags":[],"class_list":["post-10167","page","type-page","status-publish","hentry"],"acf":[],"_links":{"self":[{"href":"https:\/\/semmelweis.hu\/gyogyszertar\/wp-json\/wp\/v2\/pages\/10167","targetHints":{"allow":["GET"]}}],"collection":[{"href":"https:\/\/semmelweis.hu\/gyogyszertar\/wp-json\/wp\/v2\/pages"}],"about":[{"href":"https:\/\/semmelweis.hu\/gyogyszertar\/wp-json\/wp\/v2\/types\/page"}],"author":[{"embeddable":true,"href":"https:\/\/semmelweis.hu\/gyogyszertar\/wp-json\/wp\/v2\/users\/357"}],"replies":[{"embeddable":true,"href":"https:\/\/semmelweis.hu\/gyogyszertar\/wp-json\/wp\/v2\/comments?post=10167"}],"version-history":[{"count":10,"href":"https:\/\/semmelweis.hu\/gyogyszertar\/wp-json\/wp\/v2\/pages\/10167\/revisions"}],"predecessor-version":[{"id":11030,"href":"https:\/\/semmelweis.hu\/gyogyszertar\/wp-json\/wp\/v2\/pages\/10167\/revisions\/11030"}],"up":[{"embeddable":true,"href":"https:\/\/semmelweis.hu\/gyogyszertar\/wp-json\/wp\/v2\/pages\/129"}],"wp:attachment":[{"href":"https:\/\/semmelweis.hu\/gyogyszertar\/wp-json\/wp\/v2\/media?parent=10167"}],"wp:term":[{"taxonomy":"category","embeddable":true,"href":"https:\/\/semmelweis.hu\/gyogyszertar\/wp-json\/wp\/v2\/categories?post=10167"},{"taxonomy":"post_tag","embeddable":true,"href":"https:\/\/semmelweis.hu\/gyogyszertar\/wp-json\/wp\/v2\/tags?post=10167"}],"curies":[{"name":"wp","href":"https:\/\/api.w.org\/{rel}","templated":true}]}}