{"id":1008,"date":"2014-07-21T11:34:35","date_gmt":"2014-07-21T09:34:35","guid":{"rendered":"http:\/\/semmelweis.hu\/gyogyszertar\/?page_id=1008"},"modified":"2021-04-27T13:19:43","modified_gmt":"2021-04-27T11:19:43","slug":"egygyszi-konyvtar","status":"publish","type":"page","link":"https:\/\/semmelweis.hu\/gyogyszertar\/rolunk\/egygyszi-konyvtar\/","title":{"rendered":"K\u00f6nyvt\u00e1r"},"content":{"rendered":"<p><strong>El\u00e9rhet\u0151s\u00e9g:<br \/>\n<\/strong>C\u00edm: 1092 Budapest (IX.ker.), H\u0151gyes Endre u. 7-9. f\u00e9lemelet, igazgat\u00f3i titk\u00e1rs\u00e1g <br \/>\nE-mail:\u00a0<a href=\"mailto:egygyszi@pharma.semmelweis-univ.hu\" target=\"_blank\" rel=\"noopener noreferrer\">egygyszi@pharma.semmelweis-univ.hu <br \/>\n<\/a>A k\u00f6nyvt\u00e1r\u00e9rt felel\u0151s szem\u00e9ly: Bazs\u00f3 Zsanett<br \/>\nEl\u00e9rhet\u0151s\u00e9gei: <a href=\"mailto:frank.zsuzsanna@pharma.semmelweis-univ.hu\" target=\"_blank\" rel=\"noopener noreferrer\">bazso.zsanett@semmelweis-univ.hu<\/a>, tel.: +36 1 476 3600 \/53053<\/p>\n<div style=\"color: #000000\"><strong>Nyitva tart\u00e1s:<br \/>\n<\/strong>H\u00e9tf\u0151t\u0151l &#8211; cs\u00fct\u00f6rt\u00f6kig 8-15 \u00f3r\u00e1ig, p\u00e9nteken 8-14 \u00f3r\u00e1ig<\/p>\n<div>\u00a0<\/div>\n<\/div>\n<div style=\"color: #000000;text-align: justify\"><strong>\u00c1llom\u00e1ny: <br \/>\n<\/strong>1 350 k\u00f6tet (790 db k\u00f6nyv \u00e9s 560 db foly\u00f3irat)<br \/>\nAz \u00e1llom\u00e1ny \u00f6sszet\u00e9tele: magyar \u00e9s idegen nyelv\u0171 gy\u00f3gyszer\u00e9szeti szakk\u00f6nyvek, foly\u00f3iratok, tank\u00f6nyvek, az\u00a0oktat\u00e1shoz kapcsol\u00f3d\u00f3 szakirodalom, sz\u00f3t\u00e1rak, lexikonok, k\u00f6zl\u00f6ny\u00f6k.<\/p>\n<div>\u00a0<\/div>\n<\/div>\n<div style=\"color: #000000;text-align: justify\"><strong>Felszerelts\u00e9g:<br \/>\n<\/strong>1 db sz\u00e1m\u00edt\u00f3g\u00e9p internet kapcsolattal, szakmai adatb\u00e1zis el\u00e9rhet\u0151s\u00e9ggel<\/p>\n<div>\u00a0<\/div>\n<\/div>\n<div style=\"color: #000000;text-align: justify\"><strong>Szolg\u00e1ltat\u00e1sok:<br \/>\n<\/strong>Az \u00e1llom\u00e1nyt \u2013 amelynek t\u00f6bb mint 70%-a szabadpolcon tal\u00e1lhat\u00f3 \u2013 tansz\u00e9ki dolgoz\u00f3k haszn\u00e1lhatj\u00e1k. Emellett\u00a0lehet\u0151s\u00e9g van f\u00e9nym\u00e1sol\u00e1sra \u00e9s faxon t\u00f6rt\u00e9n\u0151 tov\u00e1bb\u00edt\u00e1sra is.<\/div>\n<p>&nbsp;<\/p>\n","protected":false},"excerpt":{"rendered":"<p>El\u00e9rhet\u0151s\u00e9g: C\u00edm: 1092 Budapest (IX.ker.), H\u0151gyes Endre u. 7-9. f\u00e9lemelet, igazgat\u00f3i titk\u00e1rs\u00e1g E-mail:\u00a0<a href=\"mailto:egygyszi@pharma.semmelweis-univ.hu\" target=\"_blank\" rel=\"noopener noreferrer\">egygyszi@pharma.semmelweis-univ.hu <\/a>A k\u00f6nyvt\u00e1r\u00e9rt felel\u0151s szem\u00e9ly: Bazs\u00f3 Zsanett El\u00e9rhet\u0151s\u00e9gei: <a href=\"mailto:frank.zsuzsanna@pharma.semmelweis-univ.hu\" target=\"_blank\" rel=\"noopener noreferrer\">bazso.zsanett@semmelweis-univ.hu<\/a> , tel.: +36 1 476 3600 \/53053 Nyitva tart\u00e1s: H\u00e9tf\u0151t\u0151l &#8211; cs\u00fct\u00f6rt\u00f6kig 8-15 \u00f3r\u00e1ig, p\u00e9nteken 8-14 \u00f3r\u00e1ig \u00a0 \u00c1llom\u00e1ny: 1 350 k\u00f6tet (790 db k\u00f6nyv \u00e9s 560 db foly\u00f3irat) Az \u00e1llom\u00e1ny &hellip;<\/p>\n","protected":false},"author":113,"featured_media":0,"parent":5,"menu_order":5,"comment_status":"closed","ping_status":"closed","template":"","meta":{"_acf_changed":false,"footnotes":""},"categories":[],"tags":[],"class_list":["post-1008","page","type-page","status-publish","hentry"],"acf":[],"_links":{"self":[{"href":"https:\/\/semmelweis.hu\/gyogyszertar\/wp-json\/wp\/v2\/pages\/1008","targetHints":{"allow":["GET"]}}],"collection":[{"href":"https:\/\/semmelweis.hu\/gyogyszertar\/wp-json\/wp\/v2\/pages"}],"about":[{"href":"https:\/\/semmelweis.hu\/gyogyszertar\/wp-json\/wp\/v2\/types\/page"}],"author":[{"embeddable":true,"href":"https:\/\/semmelweis.hu\/gyogyszertar\/wp-json\/wp\/v2\/users\/113"}],"replies":[{"embeddable":true,"href":"https:\/\/semmelweis.hu\/gyogyszertar\/wp-json\/wp\/v2\/comments?post=1008"}],"version-history":[{"count":10,"href":"https:\/\/semmelweis.hu\/gyogyszertar\/wp-json\/wp\/v2\/pages\/1008\/revisions"}],"predecessor-version":[{"id":8198,"href":"https:\/\/semmelweis.hu\/gyogyszertar\/wp-json\/wp\/v2\/pages\/1008\/revisions\/8198"}],"up":[{"embeddable":true,"href":"https:\/\/semmelweis.hu\/gyogyszertar\/wp-json\/wp\/v2\/pages\/5"}],"wp:attachment":[{"href":"https:\/\/semmelweis.hu\/gyogyszertar\/wp-json\/wp\/v2\/media?parent=1008"}],"wp:term":[{"taxonomy":"category","embeddable":true,"href":"https:\/\/semmelweis.hu\/gyogyszertar\/wp-json\/wp\/v2\/categories?post=1008"},{"taxonomy":"post_tag","embeddable":true,"href":"https:\/\/semmelweis.hu\/gyogyszertar\/wp-json\/wp\/v2\/tags?post=1008"}],"curies":[{"name":"wp","href":"https:\/\/api.w.org\/{rel}","templated":true}]}}