{"id":996,"date":"2014-02-15T20:34:57","date_gmt":"2014-02-15T19:34:57","guid":{"rendered":"http:\/\/semmelweis.hu\/gyogyszerhatastan\/?page_id=996"},"modified":"2014-02-15T20:34:57","modified_gmt":"2014-02-15T19:34:57","slug":"phd-vedesek","status":"publish","type":"page","link":"https:\/\/semmelweis.hu\/gyogyszerhatastan\/kutatas-fejlesztes\/phd-kepzes\/phd-vedesek\/","title":{"rendered":"PhD v\u00e9d\u00e9sek"},"content":{"rendered":"<p><b>Az Int\u00e9zetben t\u00f6rt\u00e9nt PhD v\u00e9d\u00e9sek<\/b><\/p>\n\n<table id=\"tablepress-8\" class=\"tablepress tablepress-id-8\">\n<thead>\n<tr class=\"row-1\">\n\t<th class=\"column-1\">Doktorjel\u00f6lt<\/th><th class=\"column-2\">\u00c9v<\/th><th class=\"column-3\">Az \u00e9rtekez\u00e9s c\u00edme<\/th><th class=\"column-4\">T\u00e9mavezet\u0151<\/th>\n<\/tr>\n<\/thead>\n<tbody class=\"row-striping\">\n<tr class=\"row-2\">\n\t<td class=\"column-1\">Lakatos P\u00e9ter P\u00e1l<\/td><td class=\"column-2\">2023<\/td><td class=\"column-3\">The effect of tolperisone and l-theanine on glutamatergic neurotransmission<\/td><td class=\"column-4\">Sz\u00f6k\u0151 \u00c9va<\/td>\n<\/tr>\n<tr class=\"row-3\">\n\t<td class=\"column-1\">Ernest Adeghate<\/td><td class=\"column-2\">2023<\/td><td class=\"column-3\">Effects of nociception on markers of oxidative stress and metabolic profiles in diabetes mellitus<\/td><td class=\"column-4\">Tekes Korn\u00e9lia<\/td>\n<\/tr>\n<tr class=\"row-4\">\n\t<td class=\"column-1\">Geda Orsolya<\/td><td class=\"column-2\">2023<\/td><td class=\"column-3\">Application of cyclodextrins for capillary electrophoretic analysis of gangliosides and manipulation of their membrane content<\/td><td class=\"column-4\">Sz\u00f6k\u0151 \u00c9va<\/td>\n<\/tr>\n<tr class=\"row-5\">\n\t<td class=\"column-1\">Baksa D\u00e1niel<\/td><td class=\"column-2\">2023<\/td><td class=\"column-3\">The role of circadian rhythm in migraine<\/td><td class=\"column-4\">Juh\u00e1sz Gabriella<\/td>\n<\/tr>\n<tr class=\"row-6\">\n\t<td class=\"column-1\">\u00c9des Andrea<\/td><td class=\"column-2\">2022<\/td><td class=\"column-3\">Citalopram challenge functional magnetic resonance imaging for investigating the role of serotonin neurotransmission in healthy brain and in migraine<\/td><td class=\"column-4\">Juh\u00e1sz Gabriella<\/td>\n<\/tr>\n<tr class=\"row-7\">\n\t<td class=\"column-1\">Papp No\u00e9mi<\/td><td class=\"column-2\">2021<\/td><td class=\"column-3\">The effect of escitalopram and a 5-HT2C receptor antagonist on the EEG gamma oscillations<\/td><td class=\"column-4\">Bagdy Gy\u00f6rgy<\/td>\n<\/tr>\n<tr class=\"row-8\">\n\t<td class=\"column-1\">Bagam\u00e9ry Fruzsina<\/td><td class=\"column-2\">2020<\/td><td class=\"column-3\">Az Alzheimer-k\u00f3r \u00e9s a neuron\u00e1lis inzulin rezisztencia k\u00f6z\u00f6tti kapcsolat tanulm\u00e1nyoz\u00e1sa in vitro modellben<\/td><td class=\"column-4\">T\u00e1bi Tam\u00e1s<\/td>\n<\/tr>\n<tr class=\"row-9\">\n\t<td class=\"column-1\">Vincze Istv\u00e1n<\/td><td class=\"column-2\">2020<\/td><td class=\"column-3\">A D-szerin szintet szab\u00e1lyoz\u00f3 mechanizmusok vizsg\u00e1lata \u2013 lehets\u00e9ges gy\u00f3gyszert\u00e1mad\u00e1spontok<\/td><td class=\"column-4\">Sz\u00f6k\u0151 \u00c9va<\/td>\n<\/tr>\n<tr class=\"row-10\">\n\t<td class=\"column-1\">Ulakcsai Zs\u00f3fia \u00c9va<\/td><td class=\"column-2\">2020<\/td><td class=\"column-3\">A rezveratrol sejtv\u00e9d\u0151 hat\u00e1s\u00e1nak \u00e9s mechanizmus\u00e1nak tanulm\u00e1nyoz\u00e1sa in vitro primer fibroblaszt kult\u00far\u00e1n<\/td><td class=\"column-4\">T\u00e1bi Tam\u00e1s<\/td>\n<\/tr>\n<tr class=\"row-11\">\n\t<td class=\"column-1\">Jak\u00f3 Tam\u00e1s<\/td><td class=\"column-2\">2019<\/td><td class=\"column-3\">NMDA receptoron hat\u00f3 aminosav neurotranszmitterek kir\u00e1lis anal\u00edzise CE - LIF seg\u00edts\u00e9g\u00e9vel k\u00fcl\u00f6nb\u00f6z\u0151 biol\u00f3giai mint\u00e1kban<\/td><td class=\"column-4\">Sz\u00f6k\u0151 \u00c9va<\/td>\n<\/tr>\n<tr class=\"row-12\">\n\t<td class=\"column-1\">Eszl\u00e1ri N\u00f3ra<\/td><td class=\"column-2\">2019<\/td><td class=\"column-3\">Biological mechanisms in the background of ruminative response style<\/td><td class=\"column-4\">Juh\u00e1sz Gabriella<\/td>\n<\/tr>\n<tr class=\"row-13\">\n\t<td class=\"column-1\">Kov\u00e1cs P\u00e9ter<\/td><td class=\"column-2\">2017<\/td><td class=\"column-3\">Psychological side - effects of immunotherapies in the treatment of malignant melanoma<\/td><td class=\"column-4\">Juh\u00e1sz Gabriella<\/td>\n<\/tr>\n<tr class=\"row-14\">\n\t<td class=\"column-1\">Petschner P\u00e9ter<\/td><td class=\"column-2\">2017<\/td><td class=\"column-3\">Gene expression studies for the evaluation of molecular interactions between ecstasy and antidepressants<\/td><td class=\"column-4\">Bagdy Gy\u00f6rgy,<br \/>\nT\u00f3thfalusi L\u00e1szl\u00f3<\/td>\n<\/tr>\n<tr class=\"row-15\">\n\t<td class=\"column-1\">Kalm\u00e1rn\u00e9 Vas Szilvia<\/td><td class=\"column-2\">2016<\/td><td class=\"column-3\">A nesfatin \u00e9s a melanin-koncentr\u00e1l\u00f3 hormon szerepe a vigilancia szab\u00e1lyz\u00e1s\u00e1ban; a nesfatin EEG hat\u00e1s\u00e1nak \u00f6sszehasonl\u00edt\u00e1sa escitaloprammal, az SSRI antidepressz\u00e1nssal<\/td><td class=\"column-4\">Bagdy Gy\u00f6rgy, T\u00f3th Zsuzsanna<\/td>\n<\/tr>\n<tr class=\"row-16\">\n\t<td class=\"column-1\">Tariq Saeed<\/td><td class=\"column-2\">2016<\/td><td class=\"column-3\">Distribution of nociceptin in the pancreas and uterus of normal and diabetic rats<\/td><td class=\"column-4\">Tekes Korn\u00e9lia<\/td>\n<\/tr>\n<tr class=\"row-17\">\n\t<td class=\"column-1\">Kostyalik Di\u00e1na<\/td><td class=\"column-2\">2016<\/td><td class=\"column-3\">A kr\u00f3nikus escitalopram kezel\u00e9s hat\u00e1sa a vigilanci\u00e1ra \u00e9s a kvantitat\u00edv EEG-re REM-megvon\u00e1s \u00e9s akut 5-HT2C receptor antagonista adagol\u00e1sa ut\u00e1n<\/td><td class=\"column-4\">T\u00f3thfalusi L\u00e1szl\u00f3<\/td>\n<\/tr>\n<tr class=\"row-18\">\n\t<td class=\"column-1\">Hashemi Farzad<\/td><td class=\"column-2\">2015<\/td><td class=\"column-3\">Effect of oxytocin hormonal imprinting and k-203 acetylcholinesterase reactivator on biogenic amines in the rat central nervous system<\/td><td class=\"column-4\">Tekes Korn\u00e9lia<\/td>\n<\/tr>\n<tr class=\"row-19\">\n\t<td class=\"column-1\">Pap Dorka<\/td><td class=\"column-2\">2014<\/td><td class=\"column-3\">A COMT g\u00e9n hat\u00e1sa az impulzivit\u00e1s \u00e9s rumin\u00e1ci\u00f3 kialakul\u00e1s\u00e1ra \u00e9s ezek szerepe a depresszi\u00f3ban<\/td><td class=\"column-4\">Juh\u00e1sz Gabriella, Bagdy Gy\u00f6rgy<\/td>\n<\/tr>\n<tr class=\"row-20\">\n\t<td class=\"column-1\">K\u00e1tai Zita<\/td><td class=\"column-2\">2014<\/td><td class=\"column-3\">Szerotonin visszav\u00e9tel szelekt\u00edv g\u00e1tl\u00e1s\u00e1nak hat\u00e1sa a vigilanci\u00e1ra \u00e9s a kvantitat\u00edv EEG-re<\/td><td class=\"column-4\">Bagdy Gy\u00f6rgy<\/td>\n<\/tr>\n<tr class=\"row-21\">\n\t<td class=\"column-1\">Szegi P\u00e9ter<\/td><td class=\"column-2\">2014<\/td><td class=\"column-3\">Pirid\u00ednium aldoximok szervezetbeni sors\u00e1nak elemz\u00e9se RP-HPLC m\u00f3dszerrel<\/td><td class=\"column-4\">Tekes Korn\u00e9lia<\/td>\n<\/tr>\n<tr class=\"row-22\">\n\t<td class=\"column-1\">Moln\u00e1r Eszter<\/td><td class=\"column-2\">2013<\/td><td class=\"column-3\">A szezonalit\u00e1s \u00e9s a szezon\u00e1lis affekt\u00edv zavar hazai el\u00f5fordul\u00e1sa, jellemz\u00f5i \u00e9s \u00f6sszef\u00fcgg\u00e9sei a szerotonin-2A \u00e9s a kannabinoid-1 receptor g\u00e9nekkel<\/td><td class=\"column-4\">Bagdy Gy\u00f6rgy<\/td>\n<\/tr>\n<tr class=\"row-23\">\n\t<td class=\"column-1\">Wagner Zsolt<\/td><td class=\"column-2\">2013<\/td><td class=\"column-3\">Excit\u00e1toros aminosav neurotranszmitterek meghat\u00e1roz\u00e1sa biol\u00f3giai mint\u00e1kb\u00f3l kapill\u00e1ris elektrofor\u00e9zissel<\/td><td class=\"column-4\">Sz\u00f6k\u0151 \u00c9va<\/td>\n<\/tr>\n<tr class=\"row-24\">\n\t<td class=\"column-1\">Kitka Tam\u00e1s<\/td><td class=\"column-2\">2012<\/td><td class=\"column-3\">A szelekt\u00edv REM megvon\u00e1s \u00e9s a stressz hat\u00e1sai az ezt k\u00f6vet\u0151 alv\u00e1s rebound architekt\u00far\u00e1j\u00e1ra \u00e9s egyes hypothalamicus neuropeptidekre<\/td><td class=\"column-4\">Bagdy Gy\u00f6rgy<\/td>\n<\/tr>\n<tr class=\"row-25\">\n\t<td class=\"column-1\">Benk\u0151 Anita<\/td><td class=\"column-2\">2012<\/td><td class=\"column-3\">A HTR1A g\u00e9n C(-1019)G funkcion\u00e1lis polimorfizmus\u00e1nak kapcsolata az impulzivit\u00e1ssal \u00e9s a szubklinikus depresszi\u00f3val<\/td><td class=\"column-4\">Bagdy Gy\u00f6rgy, T\u00f3thfalusi L\u00e1szl\u00f3<\/td>\n<\/tr>\n<tr class=\"row-26\">\n\t<td class=\"column-1\">Laz\u00e1ry Judit<\/td><td class=\"column-2\">2010<\/td><td class=\"column-3\">A szerotonin transzporter g\u00e9n \u00e9s a negat\u00edv \u00e9letesem\u00e9nyek hat\u00e1sa a depresszi\u00f3ra val\u00f3 hajlamra<\/td><td class=\"column-4\">Bagdy Gy\u00f6rgy<\/td>\n<\/tr>\n<tr class=\"row-27\">\n\t<td class=\"column-1\">Iffi\u00fa-Solt\u00e9sz Zsuzsa<\/td><td class=\"column-2\">2010<\/td><td class=\"column-3\">Szemikarbazid-szenzit\u00edv aminoxid\u00e1z szubsztr\u00e1tok szerepe elh\u00edz\u00e1s \u00e9s diabetes k\u00f3rk\u00e9pekben<\/td><td class=\"column-4\">Sz\u00f6k\u0151 \u00c9va<\/td>\n<\/tr>\n<tr class=\"row-28\">\n\t<td class=\"column-1\">Gyenge Melinda<\/td><td class=\"column-2\">2010<\/td><td class=\"column-3\">A nociceptinerg \u00e9s a biog\u00e9n aminerg rendszer kapcsolata a k\u00f6zponti idegrendszerben<\/td><td class=\"column-4\">Tekes Korn\u00e9lia<\/td>\n<\/tr>\n<tr class=\"row-29\">\n\t<td class=\"column-1\">F\u00e1bi\u00e1nn\u00e9 Kirilly Eszter<\/td><td class=\"column-2\">2009<\/td><td class=\"column-3\">Az MDMA neuronk\u00e1ros\u00edt\u00f3 hat\u00e1sa \u00e9s az azt k\u00f6vet\u00f5 regener\u00e1ci\u00f3 hossz\u00fa t\u00e1v\u00fa vizsg\u00e1lata: a szerotonin transzporter expresszi\u00f3ja \u00e9s eloszl\u00e1sa patk\u00e1ny agyban<\/td><td class=\"column-4\">Bagdy Gy\u00f6rgy<\/td>\n<\/tr>\n<tr class=\"row-30\">\n\t<td class=\"column-1\">Telek Tam\u00e1s<\/td><td class=\"column-2\">2009<\/td><td class=\"column-3\">A premenstru\u00e1lis t\u00fcnetek \u00f6sszef\u00fcgg\u00e9sei a szem\u00e9lyis\u00e9gdimenzi\u00f3kkal \u00e9s a hangulati ingadoz\u00e1ssal<\/td><td class=\"column-4\">Bagdy Gy\u00f6rgy<\/td>\n<\/tr>\n<tr class=\"row-31\">\n\t<td class=\"column-1\">Yasar Sevil<\/td><td class=\"column-2\">2006<\/td><td class=\"column-3\">Az l-deprenyl \u00e9s izomerjeinek szer-diszkrimin\u00e1ci\u00f3s \u00e9s szer-\u00f6nadagol\u00e1s meger\u00f5s\u00edt\u00f5 hat\u00e1sa patk\u00e1nyokban \u00e9s majmokban<\/td><td class=\"column-4\">Magyar K\u00e1lm\u00e1n<\/td>\n<\/tr>\n<tr class=\"row-32\">\n\t<td class=\"column-1\">T\u00e1bi Tam\u00e1s<\/td><td class=\"column-2\">2006<\/td><td class=\"column-3\">A deprenyl metabolikus N-oxid\u00e1ci\u00f3j\u00e1nak vizsg\u00e1lata kir\u00e1lis kapill\u00e1ris elektrofor\u00e9zissel<\/td><td class=\"column-4\">Sz\u00f6k\u0151 \u00c9va<\/td>\n<\/tr>\n<tr class=\"row-33\">\n\t<td class=\"column-1\">Jenei Veronika<\/td><td class=\"column-2\">2006<\/td><td class=\"column-3\">A sejtadh\u00e9zi\u00f3 intracellul\u00e1ris szab\u00e1lyoz\u00e1sa \u00e9s gy\u00f3gyszeres indukci\u00f3ja<\/td><td class=\"column-4\">Magyar K\u00e1lm\u00e1n<\/td>\n<\/tr>\n<tr class=\"row-34\">\n\t<td class=\"column-1\">Hal\u00e1sz Attila S\u00e1ndor<\/td><td class=\"column-2\">2005<\/td><td class=\"column-3\">A nitrog\u00e9n-oxid szint\u00e1z enzim \u00e9s a piridin dinukleotidok szerep\u00e9nek vizsg\u00e1lata monoaminerg neurotoxinok \u00e1ltal okozott k\u00e1rosod\u00e1sok kialakul\u00e1s\u00e1ban<\/td><td class=\"column-4\">Magyar K\u00e1lm\u00e1n<\/td>\n<\/tr>\n<tr class=\"row-35\">\n\t<td class=\"column-1\">Hantos M\u00f3nika Beatrix<\/td><td class=\"column-2\">2003<\/td><td class=\"column-3\">A nociceptinerg rendszer jelent\u00f5s\u00e9ge kr\u00f3nikus anyagcsere-betegs\u00e9gekben \u00e9s neuropszich\u00e9s k\u00f3rk\u00e9pekben<\/td><td class=\"column-4\">Tekes Korn\u00e9lia<\/td>\n<\/tr>\n<tr class=\"row-36\">\n\t<td class=\"column-1\">Borcsiczky D\u00f3ra<\/td><td class=\"column-2\">2001<\/td><td class=\"column-3\">Thrombocyta-d\u00fas plazma (PRP) szerotonin tartalm\u00e1nak vizsg\u00e1lata n\u00e9h\u00e1ny betegs\u00e9gben<\/td><td class=\"column-4\">Tekes Korn\u00e9lia<\/td>\n<\/tr>\n<tr class=\"row-37\">\n\t<td class=\"column-1\">Haberle Diana<\/td><td class=\"column-2\">2001<\/td><td class=\"column-3\">A Deprenyl neuroprotekt\u00edv hat\u00e1s\u00e1nak vizsg\u00e1lata<\/td><td class=\"column-4\">Magyar K\u00e1lm\u00e1n<\/td>\n<\/tr>\n<tr class=\"row-38\">\n\t<td class=\"column-1\">M\u00e9sz\u00e1ros Zsuzsa<\/td><td class=\"column-2\">1999<\/td><td class=\"column-3\">A szemikarbazid szenzit\u00edv aminoxid\u00e1z szerepe a diabetes mellitus \u00e9rsz\u00f6v\u0151dm\u00e9ny\u00e9nek kialakul\u00e1s\u00e1ban<\/td><td class=\"column-4\">Magyar K\u00e1lm\u00e1n<\/td>\n<\/tr>\n<\/tbody>\n<\/table>\n<!-- #tablepress-8 from cache -->\n","protected":false},"excerpt":{"rendered":"<p>Az Int\u00e9zetben t\u00f6rt\u00e9nt PhD v\u00e9d\u00e9sek<\/p>\n","protected":false},"author":107,"featured_media":0,"parent":334,"menu_order":0,"comment_status":"open","ping_status":"open","template":"","meta":{"_acf_changed":false,"footnotes":""},"categories":[],"tags":[],"class_list":["post-996","page","type-page","status-publish","hentry"],"acf":[],"_links":{"self":[{"href":"https:\/\/semmelweis.hu\/gyogyszerhatastan\/wp-json\/wp\/v2\/pages\/996","targetHints":{"allow":["GET"]}}],"collection":[{"href":"https:\/\/semmelweis.hu\/gyogyszerhatastan\/wp-json\/wp\/v2\/pages"}],"about":[{"href":"https:\/\/semmelweis.hu\/gyogyszerhatastan\/wp-json\/wp\/v2\/types\/page"}],"author":[{"embeddable":true,"href":"https:\/\/semmelweis.hu\/gyogyszerhatastan\/wp-json\/wp\/v2\/users\/107"}],"replies":[{"embeddable":true,"href":"https:\/\/semmelweis.hu\/gyogyszerhatastan\/wp-json\/wp\/v2\/comments?post=996"}],"version-history":[{"count":1,"href":"https:\/\/semmelweis.hu\/gyogyszerhatastan\/wp-json\/wp\/v2\/pages\/996\/revisions"}],"predecessor-version":[{"id":997,"href":"https:\/\/semmelweis.hu\/gyogyszerhatastan\/wp-json\/wp\/v2\/pages\/996\/revisions\/997"}],"up":[{"embeddable":true,"href":"https:\/\/semmelweis.hu\/gyogyszerhatastan\/wp-json\/wp\/v2\/pages\/334"}],"wp:attachment":[{"href":"https:\/\/semmelweis.hu\/gyogyszerhatastan\/wp-json\/wp\/v2\/media?parent=996"}],"wp:term":[{"taxonomy":"category","embeddable":true,"href":"https:\/\/semmelweis.hu\/gyogyszerhatastan\/wp-json\/wp\/v2\/categories?post=996"},{"taxonomy":"post_tag","embeddable":true,"href":"https:\/\/semmelweis.hu\/gyogyszerhatastan\/wp-json\/wp\/v2\/tags?post=996"}],"curies":[{"name":"wp","href":"https:\/\/api.w.org\/{rel}","templated":true}]}}