{"id":977,"date":"2014-02-04T14:43:31","date_gmt":"2014-02-04T13:43:31","guid":{"rendered":"http:\/\/semmelweis.hu\/gyogyszerhatastan\/?page_id=977"},"modified":"2023-02-15T13:28:34","modified_gmt":"2023-02-15T12:28:34","slug":"az-intezetrol","status":"publish","type":"page","link":"https:\/\/semmelweis.hu\/gyogyszerhatastan\/az-intezetrol\/","title":{"rendered":"Az Int\u00e9zetr\u0151l"},"content":{"rendered":"<p>A Gy\u00f3gyszer\u00e9sztudom\u00e1nyi Kar 1979-ben alap\u00edtotta Gy\u00f3gyszerhat\u00e1stani Int\u00e9zet\u00e9t, mely jelenleg \u00f6t k\u00f6telez\u0151 tant\u00e1rgyat, a <em>matematika gy\u00f3gyszer\u00e9szeknek<\/em>, a <em>statisztika<\/em>, a <em>gy\u00f3gyszerhat\u00e1stan \u00e9s toxikol\u00f3gi\u00e1t<\/em>, a <em>gy\u00f3gyszeres ter\u00e1pi\u00e1t<\/em>, valamint a <em>k\u00f3rtani \u00e9s klinikai alapismereteket<\/em> oktatja a gradu\u00e1lis gy\u00f3gyszer\u00e9szk\u00e9pz\u00e9s keret\u00e9ben.<\/p>\n<p>Int\u00e9zet\u00fcnk emellett t\u00f6bb v\u00e1laszthat\u00f3 t\u00e1rgyat is meghirdet, ezek a <em>preklinikai \u00e9s klinikai neuropszichofarmakol\u00f3gia \u00e9s pszichofarmakogenetika<\/em> valamint a <em>klinikai labordiagnosztikai vizsg\u00e1latok<\/em>. R\u00e9szt vesz\u00fcnk tov\u00e1bb\u00e1 a szakgy\u00f3gyszer\u00e9sz-k\u00e9pz\u00e9sben \u00e9s a gy\u00f3gyszer\u00e9szek tov\u00e1bbk\u00e9pz\u00e9s\u00e9ben.<\/p>\n","protected":false},"excerpt":{"rendered":"<p>A Gy\u00f3gyszer\u00e9sztudom\u00e1nyi Kar 1979-ben alap\u00edtotta Gy\u00f3gyszerhat\u00e1stani Int\u00e9zet\u00e9t, mely jelenleg \u00f6t k\u00f6telez\u0151 tant\u00e1rgyat, a matematika gy\u00f3gyszer\u00e9szeknek, a statisztika, a gy\u00f3gyszerhat\u00e1stan \u00e9s toxikol\u00f3gi\u00e1t, a gy\u00f3gyszeres ter\u00e1pi\u00e1t, valamint a k\u00f3rtani \u00e9s klinikai alapismereteket oktatja a gradu\u00e1lis gy\u00f3gyszer\u00e9szk\u00e9pz\u00e9s keret\u00e9ben. Int\u00e9zet\u00fcnk emellett t\u00f6bb v\u00e1laszthat\u00f3 t\u00e1rgyat is meghirdet, ezek a preklinikai \u00e9s klinikai neuropszichofarmakol\u00f3gia \u00e9s pszichofarmakogenetika valamint a klinikai labordiagnosztikai vizsg\u00e1latok. &hellip;<\/p>\n","protected":false},"author":107,"featured_media":0,"parent":0,"menu_order":0,"comment_status":"closed","ping_status":"closed","template":"","meta":{"_acf_changed":false,"footnotes":""},"categories":[],"tags":[],"class_list":["post-977","page","type-page","status-publish","hentry"],"acf":[],"_links":{"self":[{"href":"https:\/\/semmelweis.hu\/gyogyszerhatastan\/wp-json\/wp\/v2\/pages\/977","targetHints":{"allow":["GET"]}}],"collection":[{"href":"https:\/\/semmelweis.hu\/gyogyszerhatastan\/wp-json\/wp\/v2\/pages"}],"about":[{"href":"https:\/\/semmelweis.hu\/gyogyszerhatastan\/wp-json\/wp\/v2\/types\/page"}],"author":[{"embeddable":true,"href":"https:\/\/semmelweis.hu\/gyogyszerhatastan\/wp-json\/wp\/v2\/users\/107"}],"replies":[{"embeddable":true,"href":"https:\/\/semmelweis.hu\/gyogyszerhatastan\/wp-json\/wp\/v2\/comments?post=977"}],"version-history":[{"count":5,"href":"https:\/\/semmelweis.hu\/gyogyszerhatastan\/wp-json\/wp\/v2\/pages\/977\/revisions"}],"predecessor-version":[{"id":3413,"href":"https:\/\/semmelweis.hu\/gyogyszerhatastan\/wp-json\/wp\/v2\/pages\/977\/revisions\/3413"}],"wp:attachment":[{"href":"https:\/\/semmelweis.hu\/gyogyszerhatastan\/wp-json\/wp\/v2\/media?parent=977"}],"wp:term":[{"taxonomy":"category","embeddable":true,"href":"https:\/\/semmelweis.hu\/gyogyszerhatastan\/wp-json\/wp\/v2\/categories?post=977"},{"taxonomy":"post_tag","embeddable":true,"href":"https:\/\/semmelweis.hu\/gyogyszerhatastan\/wp-json\/wp\/v2\/tags?post=977"}],"curies":[{"name":"wp","href":"https:\/\/api.w.org\/{rel}","templated":true}]}}