{"id":975,"date":"2014-02-04T14:42:17","date_gmt":"2014-02-04T13:42:17","guid":{"rendered":"http:\/\/semmelweis.hu\/gyogyszerhatastan\/?page_id=975"},"modified":"2024-05-17T13:41:52","modified_gmt":"2024-05-17T11:41:52","slug":"elerhetosegunk","status":"publish","type":"page","link":"https:\/\/semmelweis.hu\/gyogyszerhatastan\/elerhetosegunk\/","title":{"rendered":"El\u00e9rhet\u0151s\u00e9g\u00fcnk"},"content":{"rendered":"<p><strong>El\u00e9rhet\u0151s\u00e9geink:<\/strong><\/p>\n<p>Int\u00e9zet\u00fcnk az Egyetem Nagyv\u00e1rad T\u00e9ri Elm\u00e9leti T\u00f6mbj\u00e9nek nyolcadik emelet\u00e9n tal\u00e1lhat\u00f3, de n\u00e9h\u00e1ny koll\u00e9g\u00e1nk az \u00e9p\u00fclet f\u00f6ldszintj\u00e9n, a harmadik emelet\u00e9n, illetve a tizenegyedik emeleten dolgozik.<\/p>\n<p>C\u00edm\u00fcnk:<br \/>\n1089 Budapest Nagyv\u00e1rad t\u00e9r 4.<br \/>\nTelefon\/fax: +36-1-2104411<br \/>\nBels\u0151 mell\u00e9k: 56217<br \/>\nE-mail: <a href=\"mailto:titkarsag.gyhi@semmelweis.hu?subject=\u00dczenet a Semmelweis Egyetem honlapr\u00f3l\">titkarsag.gyhi@semmelweis.hu<\/a><\/p>\n<p>\n<!-- iframe plugin v.4.9 wordpress.org\/plugins\/iframe\/ -->\n<iframe loading=\"lazy\" src=\"https:\/\/maps.google.hu\/maps?f=q&#038;source=s_q&#038;hl=hu&#038;geocode=&#038;q=gy%C3%B3gyszerhat%C3%A1stani+int%C3%A9zet&#038;aq=&#038;sll=47.808474,19.95185&#038;sspn=0.409968,1.056747&#038;t=m&#038;ie=UTF8&#038;hq=&#038;hnear=Gy%C3%B3gyszerhat%C3%A1stani+Int%C3%A9zet,+Budapest,+VIII.+ker%C3%BClet&#038;ll=47.479566,19.091835&#038;spn=0.017403,0.051498&#038;z=14&#038;iwloc=A&#038;output=embed\" width=\"100%\" height=\"300\" scrolling=\"yes\" class=\"iframe-class\" frameborder=\"0\"><\/iframe>\n<br \/>\n<small><a href=\"https:\/\/maps.google.hu\/maps?f=q&amp;source=embed&amp;hl=hu&amp;geocode=&amp;q=gy%C3%B3gyszerhat%C3%A1stani+int%C3%A9zet&amp;aq=&amp;sll=47.808474,19.95185&amp;sspn=0.409968,1.056747&amp;t=m&amp;ie=UTF8&amp;hq=&amp;hnear=Gy%C3%B3gyszerhat%C3%A1stani+Int%C3%A9zet,+Budapest,+VIII.+ker%C3%BClet&amp;ll=47.479566,19.091835&amp;spn=0.017403,0.051498&amp;z=14&amp;iwloc=A\">Nagyobb t\u00e9rk\u00e9pre v\u00e1lt\u00e1s<\/a><\/small><\/p>\n","protected":false},"excerpt":{"rendered":"<p>El\u00e9rhet\u0151s\u00e9geink:<br \/>\nInt\u00e9zet\u00fcnk az Egyetem Nagyv\u00e1rad T\u00e9ri Elm\u00e9leti T\u00f6mbj\u00e9nek nyolcadik emelet\u00e9n tal\u00e1lhat\u00f3, de n\u00e9h\u00e1ny koll\u00e9g\u00e1nk az \u00e9p\u00fclet f\u00f6ldszintj\u00e9n, a harmadik emelet\u00e9n, illetve a tizenegyedik emeleten dolgozik.<br \/>\nC\u00edm\u00fcnk:<br \/>\n1089 Budapest Nagyv\u00e1rad t\u00e9r 4.<br \/>\nTelefon\/fax: +36-1-2104411<br \/>\nBels\u0151 mell\u00e9k: 56217<br \/>\nE-mail: <a href=\"mailto:titkarsag.gyhi@semmelweis.hu?subject=\u00dczenet a Semmelweis Egyetem honlapr\u00f3l\">titkarsag.gyhi@semmelweis.hu<\/a><\/p>\n<p><a href=\"https:\/\/maps.google.hu\/maps?f=q&amp;source=embed&amp;hl=hu&amp;geocode=&amp;q=gy%C3%B3gyszerhat%C3%A1stani+int%C3%A9zet&amp;aq=&amp;sll=47.808474,19.95185&amp;sspn=0.409968,1.056747&amp;t=m&amp;ie=UTF8&amp;hq=&amp;hnear=Gy%C3%B3gyszerhat%C3%A1stani+Int%C3%A9zet,+Budapest,+VIII.+ker%C3%BClet&amp;ll=47.479566,19.091835&amp;spn=0.017403,0.051498&amp;z=14&amp;iwloc=A\">Nagyobb t\u00e9rk\u00e9pre v\u00e1lt\u00e1s<\/a><\/p>\n","protected":false},"author":107,"featured_media":0,"parent":0,"menu_order":15,"comment_status":"open","ping_status":"closed","template":"","meta":{"_acf_changed":false,"footnotes":""},"categories":[],"tags":[],"class_list":["post-975","page","type-page","status-publish","hentry"],"acf":[],"_links":{"self":[{"href":"https:\/\/semmelweis.hu\/gyogyszerhatastan\/wp-json\/wp\/v2\/pages\/975","targetHints":{"allow":["GET"]}}],"collection":[{"href":"https:\/\/semmelweis.hu\/gyogyszerhatastan\/wp-json\/wp\/v2\/pages"}],"about":[{"href":"https:\/\/semmelweis.hu\/gyogyszerhatastan\/wp-json\/wp\/v2\/types\/page"}],"author":[{"embeddable":true,"href":"https:\/\/semmelweis.hu\/gyogyszerhatastan\/wp-json\/wp\/v2\/users\/107"}],"replies":[{"embeddable":true,"href":"https:\/\/semmelweis.hu\/gyogyszerhatastan\/wp-json\/wp\/v2\/comments?post=975"}],"version-history":[{"count":8,"href":"https:\/\/semmelweis.hu\/gyogyszerhatastan\/wp-json\/wp\/v2\/pages\/975\/revisions"}],"predecessor-version":[{"id":3535,"href":"https:\/\/semmelweis.hu\/gyogyszerhatastan\/wp-json\/wp\/v2\/pages\/975\/revisions\/3535"}],"wp:attachment":[{"href":"https:\/\/semmelweis.hu\/gyogyszerhatastan\/wp-json\/wp\/v2\/media?parent=975"}],"wp:term":[{"taxonomy":"category","embeddable":true,"href":"https:\/\/semmelweis.hu\/gyogyszerhatastan\/wp-json\/wp\/v2\/categories?post=975"},{"taxonomy":"post_tag","embeddable":true,"href":"https:\/\/semmelweis.hu\/gyogyszerhatastan\/wp-json\/wp\/v2\/tags?post=975"}],"curies":[{"name":"wp","href":"https:\/\/api.w.org\/{rel}","templated":true}]}}