{"id":9,"date":"2013-08-27T11:32:56","date_gmt":"2012-06-19T05:58:12","guid":{"rendered":"http:\/\/semmelweis-egyetem.hu\/gyogyszerhatastan\/?page_id=9"},"modified":"2025-01-26T18:57:31","modified_gmt":"2025-01-26T17:57:31","slug":"gyogyszeres-terapia","status":"publish","type":"page","link":"https:\/\/semmelweis.hu\/gyogyszerhatastan\/oktatas\/gyogyszeres-terapia\/","title":{"rendered":"Gy\u00f3gyszeres ter\u00e1pia"},"content":{"rendered":"<p>A Gy\u00f3gyszeres ter\u00e1pi\u00e1t 20 \u00f3ra el\u0151ad\u00e1s \u00e9s 30 \u00f3ra gyakorlat keret\u00e9n bel\u00fcl oktatjuk. Az oktat\u00e1s sor\u00e1n s\u00falyt helyez\u00fcnk a leggyakrabban el\u0151fordul\u00f3 betegs\u00e9gek ter\u00e1pi\u00e1s elveire, a gy\u00f3gyszerek mell\u00e9khat\u00e1saira, interakci\u00f3ikra. K\u00fcl\u00f6n\u00f6s figyelmet ford\u00edtunk a v\u00e9ny n\u00e9lk\u00fcl kaphat\u00f3 k\u00e9sz\u00edtm\u00e9nyek alkalmaz\u00e1s\u00e1ra \u00e9s a kr\u00f3nikus betegs\u00e9gek kezel\u00e9s\u00e9re, ahol a gy\u00f3gyszer\u00e9szt a betegfelvil\u00e1gos\u00edt\u00e1s ter\u00e9n fokozott felel\u0151ss\u00e9g terheli.<br \/>\nA tant\u00e1rgy felel\u0151se \u00e9s tanulm\u00e1nyi felel\u0151se: Dr. Sz\u00f6k\u0151 \u00c9va, egyetemi tan\u00e1r<\/p>\n<p><b>K\u00f6vetelm\u00e9nyek:<\/b><br \/>\nA 9. szemeszterben heti 2 \u00f3ra el\u0151ad\u00e1s \u00e9s 3 \u00f3ra gyakorlat.<br \/>\nA vizsga t\u00edpusa:<br \/>\na 9. szemeszter v\u00e9g\u00e9n \u00cdr\u00e1sbeli kollokvium (4 kredit).<\/p>\n<p>Az oktat\u00e1si seg\u00e9danyagok, \u00e1br\u00e1k a <a href=\"http:\/\/itc.semmelweis.hu\/moodle\/\">MOODLE<\/a> oldalon \u00e9rhet\u0151k el!<\/p>\n<p>Int\u00e9zet\u00fcnk az Egyetem e-learning rendszer\u00e9t haszn\u00e1lja, melybe az a lenti linken l\u00e9phet be.<\/p>\n<p><span style=\"font-size: medium\"><b><a href=\"http:\/\/itc.semmelweis.hu\/moodle\">E-Learning &#8211; moodle<\/a><\/b><\/span> <b><\/b><\/p>\n<p><b><a href=\"https:\/\/seka.semmelweis.hu\/hu\/segitseg\/e-learning_bejelentkezes\">Seg\u00edts\u00e9g a bejelentkez\u00e9shez<\/a><\/b><\/p>\n<p><b><a href=\"https:\/\/seka.semmelweis-univ.hu\/info\/A_SeKA_bejelentkezes_aktivalasa.pdf\">Seg\u00edts\u00e9g az aktiv\u00e1ci\u00f3hoz<\/a><\/b><\/p>\n<p>&nbsp;<\/p>\n","protected":false},"excerpt":{"rendered":"<p>A Gy\u00f3gyszeres ter\u00e1pi\u00e1t 20 \u00f3ra el\u0151ad\u00e1s \u00e9s 30 \u00f3ra gyakorlat keret\u00e9n bel\u00fcl oktatjuk. Az oktat\u00e1s sor\u00e1n s\u00falyt helyez\u00fcnk a leggyakrabban el\u0151fordul\u00f3 betegs\u00e9gek ter\u00e1pi\u00e1s elveire, a gy\u00f3gyszerek mell\u00e9khat\u00e1saira, interakci\u00f3ikra. K\u00fcl\u00f6n\u00f6s figyelmet ford\u00edtunk a v\u00e9ny n\u00e9lk\u00fcl kaphat\u00f3 k\u00e9sz\u00edtm\u00e9nyek alkalmaz\u00e1s\u00e1ra \u00e9s a kr\u00f3nikus betegs\u00e9gek kezel\u00e9s\u00e9re, ahol a gy\u00f3gyszer\u00e9szt a betegfelvil\u00e1gos\u00edt\u00e1s ter\u00e9n fokozott felel\u0151ss\u00e9g terheli. A tant\u00e1rgy felel\u0151se \u00e9s &hellip;<\/p>\n","protected":false},"author":8,"featured_media":0,"parent":6,"menu_order":3,"comment_status":"closed","ping_status":"closed","template":"","meta":{"_acf_changed":false,"footnotes":""},"categories":[],"tags":[],"class_list":["post-9","page","type-page","status-publish","hentry"],"acf":[],"_links":{"self":[{"href":"https:\/\/semmelweis.hu\/gyogyszerhatastan\/wp-json\/wp\/v2\/pages\/9","targetHints":{"allow":["GET"]}}],"collection":[{"href":"https:\/\/semmelweis.hu\/gyogyszerhatastan\/wp-json\/wp\/v2\/pages"}],"about":[{"href":"https:\/\/semmelweis.hu\/gyogyszerhatastan\/wp-json\/wp\/v2\/types\/page"}],"author":[{"embeddable":true,"href":"https:\/\/semmelweis.hu\/gyogyszerhatastan\/wp-json\/wp\/v2\/users\/8"}],"replies":[{"embeddable":true,"href":"https:\/\/semmelweis.hu\/gyogyszerhatastan\/wp-json\/wp\/v2\/comments?post=9"}],"version-history":[{"count":10,"href":"https:\/\/semmelweis.hu\/gyogyszerhatastan\/wp-json\/wp\/v2\/pages\/9\/revisions"}],"predecessor-version":[{"id":3561,"href":"https:\/\/semmelweis.hu\/gyogyszerhatastan\/wp-json\/wp\/v2\/pages\/9\/revisions\/3561"}],"up":[{"embeddable":true,"href":"https:\/\/semmelweis.hu\/gyogyszerhatastan\/wp-json\/wp\/v2\/pages\/6"}],"wp:attachment":[{"href":"https:\/\/semmelweis.hu\/gyogyszerhatastan\/wp-json\/wp\/v2\/media?parent=9"}],"wp:term":[{"taxonomy":"category","embeddable":true,"href":"https:\/\/semmelweis.hu\/gyogyszerhatastan\/wp-json\/wp\/v2\/categories?post=9"},{"taxonomy":"post_tag","embeddable":true,"href":"https:\/\/semmelweis.hu\/gyogyszerhatastan\/wp-json\/wp\/v2\/tags?post=9"}],"curies":[{"name":"wp","href":"https:\/\/api.w.org\/{rel}","templated":true}]}}