{"id":8,"date":"2013-08-27T11:29:56","date_gmt":"2013-08-27T09:29:56","guid":{"rendered":"http:\/\/semmelweis-egyetem.hu\/gyogyszerhatastan\/?page_id=8"},"modified":"2025-01-26T18:53:32","modified_gmt":"2025-01-26T17:53:32","slug":"gyogyszerhatastan-es-toxikologia","status":"publish","type":"page","link":"https:\/\/semmelweis.hu\/gyogyszerhatastan\/oktatas\/gyogyszerhatastan-es-toxikologia\/","title":{"rendered":"Gy\u00f3gyszerhat\u00e1stan \u00e9s toxikol\u00f3gia"},"content":{"rendered":"<p>A Gy\u00f3gyszerhat\u00e1stan \u00e9s toxikol\u00f3gi\u00e1t 112 elm\u00e9leti \u00e9s 84 gyakorlati \u00f3rasz\u00e1mban oktatjuk a nemzetk\u00f6zileg elismert legkorszer\u0171bb tank\u00f6nyvek alapj\u00e1n. A k\u00e9pz\u00e9sben jelent\u0151s hangs\u00falyt fektet\u00fcnk a gy\u00f3gyszerek szervezetbeni sorsa, a gy\u00f3gyszerek hat\u00e1sm\u00f3dja \u00e9s a korszer\u0171 ter\u00e1pi\u00e1s indik\u00e1ci\u00f3k valamint mell\u00e9khat\u00e1sok oktat\u00e1s\u00e1nak. A toxikol\u00f3giai alapismeretek oktat\u00e1s\u00e1ban a gy\u00f3gyszerek toxikus hat\u00e1sain t\u00fal a k\u00f6rnyezet-toxikol\u00f3giai k\u00e9rd\u00e9sekkel \u00e9s a leggyakoribb akut \u00e9s kr\u00f3nikus m\u00e9rgez\u00e9sekkel foglalkozunk. A gradu\u00e1lis gy\u00f3gyszer\u00e9szk\u00e9pz\u00e9sen t\u00fal az ELTE TTK biol\u00f3gus szakos hallgat\u00f3i vehetik fel a Gy\u00f3gyszerhat\u00e1stan \u00e9s toxikol\u00f3gia t\u00e1rgyat.<br \/>\nA tant\u00e1rgy felel\u0151se: Dr. T\u00e1bi Tam\u00e1s, egyetemi docens<br \/>\nTanulm\u00e1nyi felel\u0151s: Dr. Laufer Rudolf<\/p>\n<p><b>K\u00f6vetelm\u00e9nyek:<\/b><\/p>\n<p>A 6. szemeszterben heti 2 o\u0301ra elo\u0303ada\u0301s e\u0301s heti 2 o\u0301ra gyakorlat, a 7. e\u0301s 8. szemeszterben egyar\u00e1nt heti 3-3 o\u0301ra elo\u0303ada\u0301s e\u0301s 2-2 o\u0301ra gyakorlat.<\/p>\n<p>A vizsga ti\u0301pusa a 6. e\u0301s a 7. szemeszter ve\u0301ge\u0301n gyakorlati jegy e\u0301s kollokvium (szo\u0301beli), a 8. szemeszter ve\u0301ge\u0301n: gyakorlati jegy e\u0301s szigorlat (szo\u0301beli).<\/p>\n<p>Az oktat\u00e1si seg\u00e9danyagok, \u00e1br\u00e1k a <a href=\"http:\/\/itc.semmelweis.hu\/moodle\/\">MOODLE<\/a> oldalon \u00e9rhet\u0151k el!<\/p>\n<p>Int\u00e9zet\u00fcnk az Egyetem e-learning rendszer\u00e9t haszn\u00e1lja, melybe az a lenti linken l\u00e9phet be.<\/p>\n<p><span style=\"font-size: medium\"><b><a href=\"http:\/\/itc.semmelweis.hu\/moodle\">E-Learning &#8211; moodle<\/a><\/b><\/span> <b><\/b><\/p>\n<p><b><a href=\"https:\/\/seka.semmelweis.hu\/hu\/segitseg\/e-learning_bejelentkezes\">Seg\u00edts\u00e9g a bejelentkez\u00e9shez<\/a><\/b><\/p>\n<p><b><a href=\"https:\/\/seka.semmelweis-univ.hu\/info\/A_SeKA_bejelentkezes_aktivalasa.pdf\">Seg\u00edts\u00e9g az aktiv\u00e1ci\u00f3hoz<\/a><\/b><\/p>\n<p>&nbsp;<\/p>\n","protected":false},"excerpt":{"rendered":"<p>A Gy\u00f3gyszerhat\u00e1stan \u00e9s toxikol\u00f3gi\u00e1t 112 elm\u00e9leti \u00e9s 84 gyakorlati \u00f3rasz\u00e1mban oktatjuk a nemzetk\u00f6zileg elismert legkorszer\u0171bb tank\u00f6nyvek alapj\u00e1n. A k\u00e9pz\u00e9sben jelent\u0151s hangs\u00falyt fektet\u00fcnk a gy\u00f3gyszerek szervezetbeni sorsa, a gy\u00f3gyszerek hat\u00e1sm\u00f3dja \u00e9s a korszer\u0171 ter\u00e1pi\u00e1s indik\u00e1ci\u00f3k valamint mell\u00e9khat\u00e1sok oktat\u00e1s\u00e1nak. A toxikol\u00f3giai alapismeretek oktat\u00e1s\u00e1ban a gy\u00f3gyszerek toxikus hat\u00e1sain t\u00fal a k\u00f6rnyezet-toxikol\u00f3giai k\u00e9rd\u00e9sekkel \u00e9s a leggyakoribb akut \u00e9s kr\u00f3nikus &hellip;<\/p>\n","protected":false},"author":8,"featured_media":0,"parent":6,"menu_order":1,"comment_status":"closed","ping_status":"closed","template":"","meta":{"_acf_changed":false,"footnotes":""},"categories":[],"tags":[],"class_list":["post-8","page","type-page","status-publish","hentry"],"acf":[],"_links":{"self":[{"href":"https:\/\/semmelweis.hu\/gyogyszerhatastan\/wp-json\/wp\/v2\/pages\/8","targetHints":{"allow":["GET"]}}],"collection":[{"href":"https:\/\/semmelweis.hu\/gyogyszerhatastan\/wp-json\/wp\/v2\/pages"}],"about":[{"href":"https:\/\/semmelweis.hu\/gyogyszerhatastan\/wp-json\/wp\/v2\/types\/page"}],"author":[{"embeddable":true,"href":"https:\/\/semmelweis.hu\/gyogyszerhatastan\/wp-json\/wp\/v2\/users\/8"}],"replies":[{"embeddable":true,"href":"https:\/\/semmelweis.hu\/gyogyszerhatastan\/wp-json\/wp\/v2\/comments?post=8"}],"version-history":[{"count":10,"href":"https:\/\/semmelweis.hu\/gyogyszerhatastan\/wp-json\/wp\/v2\/pages\/8\/revisions"}],"predecessor-version":[{"id":3556,"href":"https:\/\/semmelweis.hu\/gyogyszerhatastan\/wp-json\/wp\/v2\/pages\/8\/revisions\/3556"}],"up":[{"embeddable":true,"href":"https:\/\/semmelweis.hu\/gyogyszerhatastan\/wp-json\/wp\/v2\/pages\/6"}],"wp:attachment":[{"href":"https:\/\/semmelweis.hu\/gyogyszerhatastan\/wp-json\/wp\/v2\/media?parent=8"}],"wp:term":[{"taxonomy":"category","embeddable":true,"href":"https:\/\/semmelweis.hu\/gyogyszerhatastan\/wp-json\/wp\/v2\/categories?post=8"},{"taxonomy":"post_tag","embeddable":true,"href":"https:\/\/semmelweis.hu\/gyogyszerhatastan\/wp-json\/wp\/v2\/tags?post=8"}],"curies":[{"name":"wp","href":"https:\/\/api.w.org\/{rel}","templated":true}]}}