{"id":73,"date":"2020-07-17T11:30:29","date_gmt":"2020-07-17T09:30:29","guid":{"rendered":"https:\/\/semmelweis.hu\/trajectome\/?page_id=73"},"modified":"2025-11-27T14:04:29","modified_gmt":"2025-11-27T13:04:29","slug":"media-releases-public-engagement-activities","status":"publish","type":"page","link":"https:\/\/semmelweis.hu\/gyogyszerhatastan\/en\/previous-projects\/trajectome\/media-releases-public-engagement-activities\/","title":{"rendered":"Media Releases, Public Engagement Activities"},"content":{"rendered":"<h2 style=\"text-align: center;\">MEDIA RELEASES, PUBLIC ENGAGEMENT ACTIVITIES<\/h2>\n<h2>2024<\/h2>\n<p>Radio interview at Klubr\u00e1di\u00f3: T\u00e9rk\u00e9pre tett\u00e9k a depresszi\u00f3 t\u00e1rsbetegs\u00e9geit a M\u0171egyetem bioinformatikusai \u2013 Dr. Juh\u00e1sz<br \/>\nGabriella, a Semmelweis Egyetem Gy\u00f3gyszerhat\u00e1stani Int\u00e9zet\u00e9nek egyetemi docense<br \/>\n<a href=\"https:\/\/www.klubradio.hu\/archivum\/reggeli-gyors-2024-augusztus-29-csutortok-0600-43357\">https:\/\/www.klubradio.hu\/archivum\/reggeli-gyors-2024-augusztus-29-csutortok-0600-43357<\/a> (from 127:35)<\/p>\n<p>Interview on M1: Ma reggel 2024. augusztus 31.<br \/>\n<a href=\"https:\/\/mediaklikk.hu\/video\/ma-reggel-2024-08-31-i-adas-2\/\">https:\/\/mediaklikk.hu\/video\/ma-reggel-2024-08-31-i-adas-2\/<\/a><\/p>\n<h2>2023<\/h2>\n<p>Lecture on Systems Medicine subject of the 2023 Master of Clinical Research, University of Barcelona, Spain. Rub\u00e8n Gonz\u00e1lez-Colom. Presentation entitled: Health risk assessment in somatic and mental comorbidities: population-based studies in Catalonia<br \/>\n<a href=\"http:\/\/grad.ub.edu\/grad3\/plae\/AccesInformePDInfes?curs=2021&amp;assig=571527&amp;ens=M280D&amp;recurs=pladocent&amp;n2=1&amp;idioma=CAT\">http:\/\/grad.ub.edu\/grad3\/plae\/AccesInformePDInfes?curs=2021&amp;assig=571527&amp;ens=M280D&amp;recurs=pladocent&amp;n2=1&amp;idioma=CAT<\/a><\/p>\n<h2>2022<\/h2>\n<p>NAGY TAM\u00c1S \u2013 PETSCHNER ANNA \u2013 ANTAL P\u00c9TER: Bioinformatika mesters\u00e9ges intelligenci\u00e1val, avagy g\u00e9nekt\u0151l a g\u00e9pekig \u2013 G\u00e9nekt\u0151l a l\u00e9lekig \u2013 \u00d6tlett\u0151l a projektig. Article series in \u201cTerm\u00e9szet Vil\u00e1ga\u201d<br \/>\n<a href=\"https:\/\/termvil.hu\/2022\/03\/03\/2022-marciusi-szamunkbol\/\">https:\/\/termvil.hu\/2022\/03\/03\/2022-marciusi-szamunkbol\/<\/a><\/p>\n<p>Lecture on Systems Medicine subject of the 2022 Master of Clinical Research, University of Barcelona, Spain. Rub\u00e8n Gonz\u00e1lez-Colom. Presentation entitled: Health risk assessment in somatic and mental comorbidities: population-based studies in Catalonia<br \/>\n<a href=\"http:\/\/grad.ub.edu\/grad3\/plae\/AccesInformePDInfes?curs=2021&amp;assig=571527&amp;ens=M280D&amp;recurs=pladocent&amp;n2=1&amp;idioma=CAT\">http:\/\/grad.ub.edu\/grad3\/plae\/AccesInformePDInfes?curs=2021&amp;assig=571527&amp;ens=M280D&amp;recurs=pladocent&amp;n2=1&amp;idioma=CAT<\/a><\/p>\n<h2>2021<\/h2>\n<p>Presentations on Kerpel-Fronius \u00d6d\u00f6n Talent\u2019s day (2021.01.16. Budapest, Hungary) in Hungarian: A Gy\u00f3gyszerhat\u00e1stani Int\u00e9zet bemutatkoz\u00e1sa (Dr. Juh\u00e1sz Gabriella, dr. Gecse Kinga \u00e9s Baksa D\u00e1niel el\u0151ad\u00e1sa) Genetika? Agykutat\u00e1s? Betegs\u00e9gek vagy a viselked\u00e9s kutat\u00e1sa? Mesters\u00e9ges intelligencia? Ha b\u00e1rmelyik t\u00e9mak\u00f6r felkeltette az \u00e9rdekl\u0151d\u00e9sed, j\u00f3 helyen j\u00e1rsz, mert a Gy\u00f3gyszerhat\u00e1stani Int\u00e9zetben mindegyikkel foglalkozunk. Kutat\u00e1saink sor\u00e1n a bioinformatika eszk\u00f6zeit alkalmazva vizsg\u00e1ljuk olyan gyakori betegs\u00e9gek h\u00e1tter\u00e9t, mint a depresszi\u00f3 \u00e9s a migr\u00e9nes fejf\u00e1j\u00e1s.<br \/>\n<a href=\"https:\/\/semmelweis.hu\/gyogyszerhatastan\/kerpel\/bemutatkozas\/online-nyilt-nap\/\">https:\/\/semmelweis.hu\/gyogyszerhatastan\/kerpel\/bemutatkozas\/online-nyilt-nap\/<\/a><\/p>\n<p>Presentations on Kerpel-Fronius \u00d6d\u00f6n Talent\u2019s day (2021.01.16. Budapest, Hungary) in Hungarian: Juh\u00e1sz Gabriella, Baksa D\u00e1niel, Gecse Kinga, Eszl\u00e1ri N\u00f3ra: Bioinformatika a gyakorlatban: m\u00f3dszer az apr\u00f3 molekul\u00e1t\u00f3l a bonyolult betegs\u00e9gekig \u2013 A Gy\u00f3gyszerhat\u00e1stani Int\u00e9zet munk\u00e1ja sor\u00e1n<\/p>\n<p>PAPP NO\u00c9MI \u2013 BAKSA D\u00c1NIEL \u2013 KONCZ SZABOLCS: Alv\u00e1svizsg\u00e1latokkal a depresszi\u00f3 nyom\u00e1ban \u2013 G\u00e9nt\u0151l a l\u00e9lekig: \u00f6tlett\u0151l a projektig: mit mutat az EEG? Article series in \u201cTerm\u00e9szet Vil\u00e1ga\u201d<br \/>\n<a href=\"https:\/\/termvil.hu\/2021\/05\/06\/2021-majusi-szamunkbol\/\">https:\/\/termvil.hu\/2021\/05\/06\/2021-majusi-szamunkbol\/<\/a><\/p>\n<p><strong>Social media activities<\/strong><\/p>\n<p><a href=\"https:\/\/twitter.com\/idibaps\/status\/1384823585907281921?s=20\">https:\/\/twitter.com\/idibaps\/status\/1384823585907281921?s=20<\/a><\/p>\n<p><a href=\"https:\/\/www.facebook.com\/idibaps\/photos\/a.10151289594763653\/10159572539928653\/\">https:\/\/www.facebook.com\/idibaps\/photos\/a.10151289594763653\/10159572539928653\/<\/a><\/p>\n<p><a href=\"https:\/\/www.linkedin.com\/posts\/idibaps_el-projecte-trajectome-compleix-un-any-el-activity-6790588566276730881-B69H\">https:\/\/www.linkedin.com\/posts\/idibaps_el-projecte-trajectome-compleix-un-any-el-activity-6790588566276730881-B69H<\/a><\/p>\n<p>Presentations on Researcher\u2019s Night in Hungary (24-25 September 2021)<\/p>\n<ol>\n<li>Presentation on the genetic background of depression<br \/>\n<a href=\"https:\/\/app.kutatokejszakaja.hu\/esemenyek\/semmelweis-egyetem\/depressziosok-a-genektol-a-depresszioig\">https:\/\/app.kutatokejszakaja.hu\/esemenyek\/semmelweis-egyetem\/depressziosok-a-genektol-a-depresszioig<\/a><\/li>\n<\/ol>\n<ol start=\"2\">\n<li>Presentation on environmental and genetic factors behind depression<br \/>\n<a href=\"https:\/\/app.kutatokejszakaja.hu\/esemenyek\/semmelweis-egyetem\/eso-veri-szel-fujja-nap-szivja-a-depresszio-hattereben-allo-gen-kornyezet-kolcsonhatasokrol\">https:\/\/app.kutatokejszakaja.hu\/esemenyek\/semmelweis-egyetem\/eso-veri-szel-fujja-nap-szivja-a-depresszio-hattereben-allo-gen-kornyezet-kolcsonhatasokrol<\/a><\/li>\n<\/ol>\n<ol start=\"3\">\n<li>Presentation on rumination and its connection with depression<br \/>\n<a href=\"https:\/\/app.kutatokejszakaja.hu\/esemenyek\/semmelweis-egyetem\/mi-a-kozos-bennunk-es-a-tehenekben-a-rossz-elmenyeken-valo-ragodas-alapjai\">https:\/\/app.kutatokejszakaja.hu\/esemenyek\/semmelweis-egyetem\/mi-a-kozos-bennunk-es-a-tehenekben-a-rossz-elmenyeken-valo-ragodas-alapjai<\/a><\/li>\n<\/ol>\n<h2>2020<\/h2>\n<p>Presentations on Researcher\u2019s Night in Hungary (24-25 September 2021)<\/p>\n<ol>\n<li>Presentation on rumination and its connection with depression<br \/>\n<a href=\"https:\/\/kutatokejszakaja.hu\/event\/mi-a-kozos-bennunk-es-a-tehenekben-a-rossz-elmenyeken-valo-ragodas-alapjai-1\">https:\/\/kutatokejszakaja.hu\/event\/mi-a-kozos-bennunk-es-a-tehenekben-a-rossz-elmenyeken-valo-ragodas-alapjai-1<\/a><\/li>\n<\/ol>\n<ol start=\"2\">\n<li>Presentation on environmental and genetic factors behind depression<br \/>\n<a href=\"https:\/\/kutatokejszakaja.hu\/event\/eso-veri-szel-fujja-nap-szivja-kis-kornyezetismeret-ora-a-depresszio-hattererol\">https:\/\/kutatokejszakaja.hu\/event\/eso-veri-szel-fujja-nap-szivja-kis-kornyezetismeret-ora-a-depresszio-hattererol<\/a><\/li>\n<\/ol>\n<ol start=\"3\">\n<li>Presentation on the genetic background of depression<br \/>\n<a href=\"https:\/\/kutatokejszakaja.hu\/event\/depressziosok-a-genektol-a-depresszioig-1\">https:\/\/kutatokejszakaja.hu\/event\/depressziosok-a-genektol-a-depresszioig-1<\/a><\/li>\n<\/ol>\n<p>PETSCHNER ANNA \u2013 BAGDY GY\u00d6RGY: G\u00e9nt\u0151l a l\u00e9lekig \u2013 \u00f6tlett\u0151l a projektig \u2013 Tudom\u00e1ny, tud\u00f3sok \u00e9s ahogy besz\u00e9l\u00fcnk r\u00f3luk. Article series in \u201cTerm\u00e9szet Vil\u00e1ga\u201d<br \/>\n<a href=\"https:\/\/termvil.hu\/2020\/09\/07\/2020-szeptemberi-szamunkbol\/\">https:\/\/termvil.hu\/2020\/09\/07\/2020-szeptemberi-szamunkbol\/<\/a><\/p>\n<p>PETSCHNER ANNA \u2013 BAGDY GY\u00d6RGY: Komplex kutat\u00e1s kezd\u0151dik \u2013 G\u00e9nt\u0151l a l\u00e9lekig \u2013 \u00d6tlett\u0151l a projektig. Article series in \u201cTerm\u00e9szet Vil\u00e1ga\u201d<br \/>\n<a href=\"https:\/\/termvil.hu\/2020\/10\/05\/2020-oktoberi-szamunkbol\/\">https:\/\/termvil.hu\/2020\/10\/05\/2020-oktoberi-szamunkbol\/<\/a><\/p>\n<p>GECSE KINGA \u2013 PETSCHNER ANNA \u2013 JUH\u00c1SZ GABRIELLA: Biomarker-kutat\u00e1sok \u00e9s a migr\u00e9n \u2013 G\u00e9nt\u0151l a l\u00e9lekig \u2013 \u00f6tlett\u0151l a projektig. Article series in \u201cTerm\u00e9szet Vil\u00e1ga\u201d<br \/>\n<a href=\"https:\/\/termvil.hu\/2020\/11\/05\/2020-novemberi-szamunkbol\/\">https:\/\/termvil.hu\/2020\/11\/05\/2020-novemberi-szamunkbol\/<\/a><\/p>\n<p>ESZL\u00c1RI N\u00d3RA \u2013 PETSCHNER ANNA \u2013 JUH\u00c1SZ GABRIELLA: Mindenhat\u00f3 g\u00e9nek? \u2013 G\u00e9nt\u0151l a l\u00e9lekig \u2013 \u00d6tlett\u0151l a projektig. Article series in \u201cTerm\u00e9szet Vil\u00e1ga\u201d<br \/>\n<a href=\"https:\/\/termvil.hu\/2020\/12\/03\/2020-decemberi-szamunkbol\/\">https:\/\/termvil.hu\/2020\/12\/03\/2020-decemberi-szamunkbol\/<\/a><\/p>\n","protected":false},"excerpt":{"rendered":"<p>MEDIA RELEASES, PUBLIC ENGAGEMENT ACTIVITIES 2024 Radio interview at Klubr\u00e1di\u00f3: T\u00e9rk\u00e9pre tett\u00e9k a depresszi\u00f3 t\u00e1rsbetegs\u00e9geit a M\u0171egyetem bioinformatikusai \u2013 Dr. Juh\u00e1sz Gabriella, a Semmelweis Egyetem Gy\u00f3gyszerhat\u00e1stani Int\u00e9zet\u00e9nek egyetemi docense <a href=\"https:\/\/www.klubradio.hu\/archivum\/reggeli-gyors-2024-augusztus-29-csutortok-0600-43357\">https:\/\/www.klubradio.hu\/archivum\/reggeli-gyors-2024-augusztus-29-csutortok-0600-43357<\/a> (from 127:35) Interview on M1: Ma reggel 2024. augusztus 31. <a href=\"https:\/\/mediaklikk.hu\/video\/ma-reggel-2024-08-31-i-adas-2\/\">https:\/\/mediaklikk.hu\/video\/ma-reggel-2024-08-31-i-adas-2\/<\/a> 2023 Lecture on Systems Medicine subject of the 2023 Master of Clinical Research, University of Barcelona, &hellip;<\/p>\n","protected":false},"author":101145,"featured_media":0,"parent":69,"menu_order":4,"comment_status":"closed","ping_status":"closed","template":"template-fullwidth.php","meta":{"_acf_changed":false,"footnotes":""},"categories":[],"tags":[],"class_list":["post-73","page","type-page","status-publish","hentry"],"acf":[],"_links":{"self":[{"href":"https:\/\/semmelweis.hu\/gyogyszerhatastan\/wp-json\/wp\/v2\/pages\/73","targetHints":{"allow":["GET"]}}],"collection":[{"href":"https:\/\/semmelweis.hu\/gyogyszerhatastan\/wp-json\/wp\/v2\/pages"}],"about":[{"href":"https:\/\/semmelweis.hu\/gyogyszerhatastan\/wp-json\/wp\/v2\/types\/page"}],"author":[{"embeddable":true,"href":"https:\/\/semmelweis.hu\/gyogyszerhatastan\/wp-json\/wp\/v2\/users\/101145"}],"replies":[{"embeddable":true,"href":"https:\/\/semmelweis.hu\/gyogyszerhatastan\/wp-json\/wp\/v2\/comments?post=73"}],"version-history":[{"count":2,"href":"https:\/\/semmelweis.hu\/gyogyszerhatastan\/wp-json\/wp\/v2\/pages\/73\/revisions"}],"predecessor-version":[{"id":3609,"href":"https:\/\/semmelweis.hu\/gyogyszerhatastan\/wp-json\/wp\/v2\/pages\/73\/revisions\/3609"}],"up":[{"embeddable":true,"href":"https:\/\/semmelweis.hu\/gyogyszerhatastan\/wp-json\/wp\/v2\/pages\/69"}],"wp:attachment":[{"href":"https:\/\/semmelweis.hu\/gyogyszerhatastan\/wp-json\/wp\/v2\/media?parent=73"}],"wp:term":[{"taxonomy":"category","embeddable":true,"href":"https:\/\/semmelweis.hu\/gyogyszerhatastan\/wp-json\/wp\/v2\/categories?post=73"},{"taxonomy":"post_tag","embeddable":true,"href":"https:\/\/semmelweis.hu\/gyogyszerhatastan\/wp-json\/wp\/v2\/tags?post=73"}],"curies":[{"name":"wp","href":"https:\/\/api.w.org\/{rel}","templated":true}]}}