{"id":72,"date":"2014-06-21T13:07:56","date_gmt":"2012-08-25T11:32:36","guid":{"rendered":"http:\/\/semmelweis-egyetem.hu\/gyogyszerhatastan\/?page_id=72"},"modified":"2025-12-25T21:39:50","modified_gmt":"2025-12-25T20:39:50","slug":"petschner-peter","status":"publish","type":"page","link":"https:\/\/semmelweis.hu\/gyogyszerhatastan\/munkatarsaink\/petschner-peter\/","title":{"rendered":"Petschner P\u00e9ter"},"content":{"rendered":"<p>Dr. Petschner P\u00e9ter PhD<br \/>\negyetemi adjunktus<\/p>\n<p>Iroda: 1112<\/p>\n<p>Telefon: +36 1 4591500<\/p>\n<p>E-mail: <a href=\"mailto:petschner.peter@semmelweis.hu?subject=\u00c9rdekl\u0151d\u00e9s\">petschner.peter@semmelweis.hu<\/a><\/p>\n<p>Publik\u00e1ci\u00f3k:\u00a0<a href=\"https:\/\/www.ncbi.nlm.nih.gov\/pubmed?term=Petschner%20P%5bAuthor%5d&amp;cauthor=true&amp;cauthor_uid=24378229\">PubMed,<\/a>\u00a0<a href=\"https:\/\/vm.mtmt.hu\/search\/slist.php?nwi=1&amp;inited=1&amp;ty_on=1&amp;url_on=1&amp;cite_type=2&amp;orderby=3D1a&amp;location=mtmt&amp;stn=1&amp;AuthorID=10024138&amp;Scientific=1\">MTMT<\/a>,\u00a0<a href=\"https:\/\/www.researchgate.net\/profile\/Peter_Petschner2\">ResearchGate<\/a>\u00a0<\/p>\n","protected":false},"excerpt":{"rendered":"<p>Dr. Petschner P\u00e9ter PhD<br \/>\negyetemi adjunktus<br \/>\nIroda: 1112<br \/>\nTelefon: +36 1 4591500<br \/>\nE-mail: <a href=\"mailto:petschner.peter@semmelweis.hu?subject=\u00c9rdekl\u0151d\u00e9s\">petschner.peter@semmelweis.hu<\/a><br \/>\nPublik\u00e1ci\u00f3k:\u00a0<a href=\"https:\/\/www.ncbi.nlm.nih.gov\/pubmed?term=Petschner%20P%5bAuthor%5d&amp;cauthor=true&amp;cauthor_uid=24378229\">PubMed,<\/a>\u00a0<a href=\"https:\/\/vm.mtmt.hu\/search\/slist.php?nwi=1&amp;inited=1&amp;ty_on=1&amp;url_on=1&amp;cite_type=2&amp;orderby=3D1a&amp;location=mtmt&amp;stn=1&amp;AuthorID=10024138&amp;Scientific=1\">MTMT<\/a>,\u00a0<a href=\"https:\/\/www.researchgate.net\/profile\/Peter_Petschner2\">ResearchGate<\/a>\u00a0<\/p>\n","protected":false},"author":107,"featured_media":0,"parent":22,"menu_order":8,"comment_status":"closed","ping_status":"closed","template":"","meta":{"_acf_changed":false,"footnotes":""},"categories":[],"tags":[],"class_list":["post-72","page","type-page","status-publish","hentry"],"acf":[],"_links":{"self":[{"href":"https:\/\/semmelweis.hu\/gyogyszerhatastan\/wp-json\/wp\/v2\/pages\/72","targetHints":{"allow":["GET"]}}],"collection":[{"href":"https:\/\/semmelweis.hu\/gyogyszerhatastan\/wp-json\/wp\/v2\/pages"}],"about":[{"href":"https:\/\/semmelweis.hu\/gyogyszerhatastan\/wp-json\/wp\/v2\/types\/page"}],"author":[{"embeddable":true,"href":"https:\/\/semmelweis.hu\/gyogyszerhatastan\/wp-json\/wp\/v2\/users\/107"}],"replies":[{"embeddable":true,"href":"https:\/\/semmelweis.hu\/gyogyszerhatastan\/wp-json\/wp\/v2\/comments?post=72"}],"version-history":[{"count":10,"href":"https:\/\/semmelweis.hu\/gyogyszerhatastan\/wp-json\/wp\/v2\/pages\/72\/revisions"}],"predecessor-version":[{"id":3624,"href":"https:\/\/semmelweis.hu\/gyogyszerhatastan\/wp-json\/wp\/v2\/pages\/72\/revisions\/3624"}],"up":[{"embeddable":true,"href":"https:\/\/semmelweis.hu\/gyogyszerhatastan\/wp-json\/wp\/v2\/pages\/22"}],"wp:attachment":[{"href":"https:\/\/semmelweis.hu\/gyogyszerhatastan\/wp-json\/wp\/v2\/media?parent=72"}],"wp:term":[{"taxonomy":"category","embeddable":true,"href":"https:\/\/semmelweis.hu\/gyogyszerhatastan\/wp-json\/wp\/v2\/categories?post=72"},{"taxonomy":"post_tag","embeddable":true,"href":"https:\/\/semmelweis.hu\/gyogyszerhatastan\/wp-json\/wp\/v2\/tags?post=72"}],"curies":[{"name":"wp","href":"https:\/\/api.w.org\/{rel}","templated":true}]}}