{"id":64,"date":"2013-08-27T08:13:53","date_gmt":"2013-08-27T06:13:53","guid":{"rendered":"http:\/\/semmelweis-egyetem.hu\/gyogyszerhatastan\/?page_id=64"},"modified":"2025-12-25T21:32:05","modified_gmt":"2025-12-25T20:32:05","slug":"tabi-tamas","status":"publish","type":"page","link":"https:\/\/semmelweis.hu\/gyogyszerhatastan\/munkatarsaink\/tabi-tamas\/","title":{"rendered":"T\u00e1bi Tam\u00e1s"},"content":{"rendered":"<p>Dr. T\u00e1bi Tam\u00e1s, PhD<br \/>\negyetemi tan\u00e1r, igazgat\u00f3<\/p>\n<p>Iroda: 816<br \/>\nTel.: +36 1 4591500\/56412<br \/>\nE-mail: tabi.tamas@semmelweis.hu<\/p>\n<p>Publik\u00e1ci\u00f3k: <a href=\"https:\/\/www.ncbi.nlm.nih.gov\/pubmed\/?term=Tabi+T%5bAuthor%5d\">PubMed<\/a>, <a href=\"https:\/\/scholar.google.hu\/citations?user=oaE2qgsAAAAJ&amp;hl=hu\">Google Scholar<\/a>, <a href=\"https:\/\/vm.mtmt.hu\/search\/slist.php?nwi=1&amp;inited=1&amp;ty_on=1&amp;url_on=1&amp;cite_type=2&amp;orderby=3D1a&amp;location=mtmt&amp;stn=1&amp;AuthorID=10012548&amp;Scientific=1\">MTMT<\/a>,\u00a0<a href=\"http:\/\/orcid.org\/0000-0001-5343-0205\">ORCID<\/a>,\u00a0<a href=\"https:\/\/www.researchgate.net\/profile\/Tamas_Tabi2\">ResearchGate<\/a><\/p>\n\n<table id=\"tablepress-3\" class=\"tablepress tablepress-id-3 tbody-has-connected-cells\">\n<thead>\n<tr class=\"row-1\">\n\t<th colspan=\"3\" class=\"column-1\">\u00c9\u00e9letrajz<\/th>\n<\/tr>\n<\/thead>\n<tbody class=\"row-striping\">\n<tr class=\"row-2\">\n\t<td colspan=\"3\" class=\"column-1\"><strong>V\u00e9gzetts\u00e9g:<\/strong><\/td>\n<\/tr>\n<tr class=\"row-3\">\n\t<td class=\"column-1\">2001<\/td><td colspan=\"2\" class=\"column-2\">okleveles gy\u00f3gyszer\u00e9sz, Semmelweis Egyetem (86\/2001)<\/td>\n<\/tr>\n<tr class=\"row-4\">\n\t<td class=\"column-1\">2015<\/td><td colspan=\"2\" class=\"column-2\">gy\u00f3gyszerhat\u00e1stan szakgy\u00f3gyszer\u00e9sz, Nemzeti Vizsgabizotts\u00e1g (65\/2015)<\/td>\n<\/tr>\n<tr class=\"row-5\">\n\t<td colspan=\"3\" class=\"column-1\"><strong>Tudom\u00e1nyos min\u0151s\u00edt\u00e9s:<\/strong><\/td>\n<\/tr>\n<tr class=\"row-6\">\n\t<td class=\"column-1\">2006<\/td><td colspan=\"2\" class=\"column-2\">PhD, Semmelweis Egyetem (1015\/2006)<\/td>\n<\/tr>\n<tr class=\"row-7\">\n\t<td colspan=\"3\" class=\"column-1\"><strong>Munkahely:<\/strong><\/td>\n<\/tr>\n<tr class=\"row-8\">\n\t<td class=\"column-1\">2001-t\u0151l<\/td><td colspan=\"2\" class=\"column-2\">Semmelweis Egyetem, Gy\u00f3gyszerhat\u00e1stani Int\u00e9zet<\/td>\n<\/tr>\n<tr class=\"row-9\">\n\t<td class=\"column-1\"><\/td><td class=\"column-2\">2001-2004<\/td><td class=\"column-3\">PhD hallgat\u00f3<\/td>\n<\/tr>\n<tr class=\"row-10\">\n\t<td class=\"column-1\"><\/td><td class=\"column-2\">2004-2006<\/td><td class=\"column-3\">egyetemi gyakornok<\/td>\n<\/tr>\n<tr class=\"row-11\">\n\t<td class=\"column-1\"><\/td><td class=\"column-2\">2006-2010<\/td><td class=\"column-3\">egyetemi tan\u00e1rseg\u00e9d<\/td>\n<\/tr>\n<tr class=\"row-12\">\n\t<td class=\"column-1\"><\/td><td class=\"column-2\">2010-2018<\/td><td class=\"column-3\">egyetemi adjunktus<\/td>\n<\/tr>\n<tr class=\"row-13\">\n\t<td class=\"column-1\"><\/td><td class=\"column-2\">2018-2025<\/td><td class=\"column-3\">egyetemi docens<\/td>\n<\/tr>\n<tr class=\"row-14\">\n\t<td class=\"column-1\"><\/td><td class=\"column-2\">2020-t\u00f3l<\/td><td class=\"column-3\">a Gy\u00f3gyszerhat\u00e1stani Int\u00e9zet igazgat\u00f3ja<\/td>\n<\/tr>\n<tr class=\"row-15\">\n\t<td class=\"column-1\"><\/td><td class=\"column-2\">2020-t\u00f3l<\/td><td class=\"column-3\">a Gy\u00f3gyszer\u00e9sztudom\u00e1nyi Kar d\u00e9k\u00e1nhelyettese<\/td>\n<\/tr>\n<tr class=\"row-16\">\n\t<td class=\"column-1\"><\/td><td class=\"column-2\">2025-t\u0151l<\/td><td class=\"column-3\">egyetemi tan\u00e1r<\/td>\n<\/tr>\n<tr class=\"row-17\">\n\t<td colspan=\"3\" class=\"column-1\"><strong>Oktat\u00f3i tev\u00e9kenys\u00e9g:<\/strong><\/td>\n<\/tr>\n<tr class=\"row-18\">\n\t<td colspan=\"3\" class=\"column-1\">Gradu\u00e1lis k\u00e9pz\u00e9s (magyar \u00e9s angol nyelven):<\/td>\n<\/tr>\n<tr class=\"row-19\">\n\t<td class=\"column-1\">2004-t\u0151l<\/td><td colspan=\"2\" class=\"column-2\">gyakorlatvezet\u00e9s<\/td>\n<\/tr>\n<tr class=\"row-20\">\n\t<td class=\"column-1\">2005-t\u0151l<\/td><td colspan=\"2\" class=\"column-2\">tantermi el\u0151ad\u00e1sok<\/td>\n<\/tr>\n<tr class=\"row-21\">\n\t<td class=\"column-1\">2005-t\u0151l<\/td><td colspan=\"2\" class=\"column-2\">szakdolgozatok konzulense<\/td>\n<\/tr>\n<tr class=\"row-22\">\n\t<td class=\"column-1\">2017-t\u0151l<\/td><td colspan=\"2\" class=\"column-2\">felv\u00e9teli vizsg\u00e1ztat\u00e1s az Angol programba <\/td>\n<\/tr>\n<tr class=\"row-23\">\n\t<td class=\"column-1\">2020-t\u00f3l<\/td><td colspan=\"2\" class=\"column-2\">gy\u00f3gyszerhat\u00e1stan \u00e9s toxikol\u00f3gia t\u00e1rgyfelel\u0151s<\/td>\n<\/tr>\n<tr class=\"row-24\">\n\t<td colspan=\"3\" class=\"column-1\">Posztgradu\u00e1lis k\u00e9pz\u00e9s:<\/td>\n<\/tr>\n<tr class=\"row-25\">\n\t<td class=\"column-1\">2006-t\u00f3l<\/td><td colspan=\"2\" class=\"column-2\">rendszeres el\u0151ad\u00e1sok a Semmelweis Egyetem k\u00f6telez\u0151 szintentart\u00f3 tov\u00e1bbk\u00e9pz\u00e9s\u00e9n<\/td>\n<\/tr>\n<tr class=\"row-26\">\n\t<td class=\"column-1\"><\/td><td colspan=\"2\" class=\"column-2\">rendszeres r\u00e9szv\u00e9tel szabadon v\u00e1laszthat\u00f3 tov\u00e1bbk\u00e9pz\u00e9seben - el\u0151ad\u00e1s, e-learning \u00e9s tov\u00e1bbk\u00e9pz\u0151 k\u00f6zlem\u00e9nyek form\u00e1j\u00e1ban<\/td>\n<\/tr>\n<tr class=\"row-27\">\n\t<td class=\"column-1\">2007-t\u0151l<\/td><td colspan=\"2\" class=\"column-2\">szakgy\u00f3gyszer\u00e9sz-k\u00e9pz\u00e9s - el\u0151ad\u00e1sok, konzulens, szakvizsg\u00e1ztat\u00e1s<\/td>\n<\/tr>\n<tr class=\"row-28\">\n\t<td class=\"column-1\">2013-t\u00f3l<\/td><td colspan=\"2\" class=\"column-2\">PhD t\u00e9mavezet\u0151<\/td>\n<\/tr>\n<tr class=\"row-29\">\n\t<td class=\"column-1\"><\/td><td class=\"column-2\">Dr. Ulakcsai Zs\u00f3fia \u00c9va<\/td><td class=\"column-3\">2013-t\u00f3l, fokozatszerz\u00e9s 2020-ban<\/td>\n<\/tr>\n<tr class=\"row-30\">\n\t<td class=\"column-1\"><\/td><td class=\"column-2\">Dr. Bagam\u00e9ry Fruzsina<\/td><td class=\"column-3\">2015-t\u0151l, fokozatszerz\u00e9s 2021-ben<\/td>\n<\/tr>\n<tr class=\"row-31\">\n\t<td class=\"column-1\"><\/td><td class=\"column-2\">Dr. Varga Kamilla<\/td><td class=\"column-3\">2020-t\u00f3l<\/td>\n<\/tr>\n<tr class=\"row-32\">\n\t<td class=\"column-1\"><\/td><td class=\"column-2\">Dr. Shayan Aminian<\/td><td class=\"column-3\">2024-t\u0151l<\/td>\n<\/tr>\n<tr class=\"row-33\">\n\t<td class=\"column-1\"><\/td><td class=\"column-2\">Dr. L\u00f3ska D\u00f3ra<\/td><td class=\"column-3\">2024-t\u0151l<\/td>\n<\/tr>\n<tr class=\"row-34\">\n\t<td class=\"column-1\"><\/td><td class=\"column-2\">Dr. Lincmajer Zolt\u00e1n Patrik<\/td><td class=\"column-3\">2024-t\u0151l<\/td>\n<\/tr>\n<tr class=\"row-35\">\n\t<td class=\"column-1\"><\/td><td class=\"column-2\">Dr. Amirsam Manshazadeh<\/td><td class=\"column-3\">2024-t\u0151l<\/td>\n<\/tr>\n<tr class=\"row-36\">\n\t<td colspan=\"3\" class=\"column-1\"><strong>Tudom\u00e1nyos \u00e9rdekl\u0151d\u00e9s:<\/strong><\/td>\n<\/tr>\n<tr class=\"row-37\">\n\t<td colspan=\"3\" class=\"column-1\">A kapill\u00e1ris elektrofor\u00e9zis technika alkalmaz\u00e1sa biol\u00f3giai mint\u00e1k elemz\u00e9s\u00e9re.<\/td>\n<\/tr>\n<tr class=\"row-38\">\n\t<td colspan=\"3\" class=\"column-1\">A D-aminosavak szerepe a k\u00f6zponti idegrendszerben.<\/td>\n<\/tr>\n<tr class=\"row-39\">\n\t<td colspan=\"3\" class=\"column-1\">A resveratrol citoprotekt\u00edv hat\u00e1s\u00e1nak mechanizmusa.<\/td>\n<\/tr>\n<tr class=\"row-40\">\n\t<td colspan=\"3\" class=\"column-1\">Az inzulin jel\u00e1tvitel szerepe neurodegenerat\u00edv \u00e9s neuroprotekt\u00edv folyamatokban.<\/td>\n<\/tr>\n<tr class=\"row-41\">\n\t<td colspan=\"3\" class=\"column-1\">A gangliozidok szerep\u00e9nek vizsg\u00e1lata az idegrendszerben<\/td>\n<\/tr>\n<tr class=\"row-42\">\n\t<td colspan=\"3\" class=\"column-1\"><strong>Publik\u00e1ci\u00f3s tev\u00e9kenys\u00e9g<\/strong><br \/> (MTMT: 10012548 alapj\u00e1n, 2024. szeptember):<\/td>\n<\/tr>\n<tr class=\"row-43\">\n\t<td class=\"column-1\">Nemzetk\u00f6zi k\u00f6zlem\u00e9nyek sz\u00e1ma:<\/td><td colspan=\"2\" class=\"column-2\">64<\/td>\n<\/tr>\n<tr class=\"row-44\">\n\t<td colspan=\"3\" class=\"column-1\">Hivatkoz\u00e1sok:<\/td>\n<\/tr>\n<tr class=\"row-45\">\n\t<td class=\"column-1\"><\/td><td class=\"column-2\">F\u00fcggetlen:<\/td><td class=\"column-3\">946<\/td>\n<\/tr>\n<tr class=\"row-46\">\n\t<td class=\"column-1\"><\/td><td class=\"column-2\">\u00d6sszes:<\/td><td class=\"column-3\">1099<\/td>\n<\/tr>\n<tr class=\"row-47\">\n\t<td class=\"column-1\">Hirsch index:<\/td><td colspan=\"2\" class=\"column-2\">19<\/td>\n<\/tr>\n<tr class=\"row-48\">\n\t<td colspan=\"3\" class=\"column-1\"><strong>Szerkeszt\u0151bizotts\u00e1gi tags\u00e1g:<\/strong><\/td>\n<\/tr>\n<tr class=\"row-49\">\n\t<td colspan=\"3\" class=\"column-1\">Acta Pharmaceutica Hungarica \u2013 helyettes szerkeszt\u0151<\/td>\n<\/tr>\n<tr class=\"row-50\">\n\t<td colspan=\"3\" class=\"column-1\"><strong>Egyetemi tiszts\u00e9gek:<\/strong><\/td>\n<\/tr>\n<tr class=\"row-51\">\n\t<td class=\"column-1\">2010-t\u0151l<\/td><td colspan=\"2\" class=\"column-2\">a Semmelweis Egyetem Tudom\u00e1nyos Di\u00e1kk\u00f6ri Tan\u00e1cs\u00e1nak tagja<\/td>\n<\/tr>\n<tr class=\"row-52\">\n\t<td class=\"column-1\">2020-t\u00f3l<\/td><td colspan=\"2\" class=\"column-2\">a Semmelweis Egyetem Gy\u00f3gyszer\u00e9sztudom\u00e1nyi Kar d\u00e9k\u00e1nhelyettese<\/td>\n<\/tr>\n<tr class=\"row-53\">\n\t<td class=\"column-1\">2020-t\u00f3l<\/td><td colspan=\"2\" class=\"column-2\">a Semmelweis Egyetem Gy\u00f3gyszer\u00e9sztudom\u00e1nyi Kar Kredit\u00e1tviteli \u00e9s Oktat\u00e1si Bizotts\u00e1g\u00e1nak eln\u00f6ke<\/td>\n<\/tr>\n<tr class=\"row-54\">\n\t<td class=\"column-1\">2023-t\u00f3l<\/td><td colspan=\"2\" class=\"column-2\">a Semmelweis Egyetem Szen\u00e1tus\u00e1nak tagja<\/td>\n<\/tr>\n<tr class=\"row-55\">\n\t<td colspan=\"3\" class=\"column-1\"><strong>K\u00f6z\u00e9leti tiszts\u00e9gek:<\/strong><\/td>\n<\/tr>\n<tr class=\"row-56\">\n\t<td class=\"column-1\">Tags\u00e1gok:<\/td><td colspan=\"2\" class=\"column-2\">Magyar Gy\u00f3gyszer\u00e9sztudom\u00e1nyi T\u00e1rsas\u00e1g<\/td>\n<\/tr>\n<tr class=\"row-57\">\n\t<td class=\"column-1\"><\/td><td colspan=\"2\" class=\"column-2\">Magyar Kis\u00e9rletes \u00e9s Klinikai Farmakol\u00f3giai T\u00e1rsas\u00e1g<\/td>\n<\/tr>\n<tr class=\"row-58\">\n\t<td class=\"column-1\"><\/td><td colspan=\"2\" class=\"column-2\">Magyar Elv\u00e1laszt\u00e1studom\u00e1nyi Tarsas\u00e1g<\/td>\n<\/tr>\n<tr class=\"row-59\">\n\t<td class=\"column-1\"><\/td><td colspan=\"2\" class=\"column-2\">RECOOP HST Association<\/td>\n<\/tr>\n<tr class=\"row-60\">\n\t<td class=\"column-1\">2011-2016<\/td><td colspan=\"2\" class=\"column-2\">a Magyar Gy\u00f3gyszer\u00e9sztudom\u00e1ny\u00e9rt Alap\u00edtv\u00e1ny kurat\u00f3rium\u00e1nak eln\u00f6ke<\/td>\n<\/tr>\n<tr class=\"row-61\">\n\t<td class=\"column-1\">2016-2021<\/td><td colspan=\"2\" class=\"column-2\">a Magyar Gy\u00f3gyszer\u00e9sztudom\u00e1nyi T\u00e1rsas\u00e1g eln\u00f6ks\u00e9gi tagja (gazdas\u00e1gi titk\u00e1r)<\/td>\n<\/tr>\n<tr class=\"row-62\">\n\t<td class=\"column-1\">2016-t\u00f3l<\/td><td colspan=\"2\" class=\"column-2\">a Magyar Gy\u00f3gyszer\u00e9sz Kamara Oktat\u00f3i \u00c1lland\u00f3 Bizotts\u00e1g\u00e1nak tagja<\/td>\n<\/tr>\n<tr class=\"row-63\">\n\t<td class=\"column-1\">2017-2024<\/td><td colspan=\"2\" class=\"column-2\">a RECOOP HST Association fel\u00fcgyel\u0151 bizotts\u00e1gi tagja<\/td>\n<\/tr>\n<tr class=\"row-64\">\n\t<td class=\"column-1\">2018-2023<\/td><td colspan=\"2\" class=\"column-2\">Magyar Kis\u00e9rletes \u00e9s Klinikai Farmakol\u00f3giai T\u00e1rsas\u00e1g Fel\u00fcgyel\u0151 Bizotts\u00e1g\u00e1nak tagja<\/td>\n<\/tr>\n<tr class=\"row-65\">\n\t<td class=\"column-1\">2021-t\u0151l<\/td><td colspan=\"2\" class=\"column-2\">a Magyar Gy\u00f3gyszer\u00e9sztudom\u00e1nyi T\u00e1rsas\u00e1g f\u0151titk\u00e1ra<\/td>\n<\/tr>\n<tr class=\"row-66\">\n\t<td class=\"column-1\">2023-t\u00f3l<\/td><td colspan=\"2\" class=\"column-2\">Magyar Kis\u00e9rletes \u00e9s Klinikai Farmakol\u00f3giai T\u00e1rsas\u00e1g Vezet\u0151s\u00e9g\u00e9nek tagja<\/td>\n<\/tr>\n<tr class=\"row-67\">\n\t<td class=\"column-1\">2024-t\u0151l<\/td><td colspan=\"2\" class=\"column-2\">a RECOOP HST Association aleln\u00f6ke<\/td>\n<\/tr>\n<tr class=\"row-68\">\n\t<td colspan=\"3\" class=\"column-1\"><strong>Kit\u00fcntet\u00e9s:<\/strong><\/td>\n<\/tr>\n<tr class=\"row-69\">\n\t<td class=\"column-1\">2004<\/td><td colspan=\"2\" class=\"column-2\">Ifjabb Dr. Farkas Zsolt eml\u00e9kp\u00e1ly\u00e1zat II. d\u00edj<\/td>\n<\/tr>\n<tr class=\"row-70\">\n\t<td class=\"column-1\">2004, 2006<\/td><td colspan=\"2\" class=\"column-2\">Dr. Mozsonyi S\u00e1ndor alap\u00edtv\u00e1ny p\u00e1ly\u00e1zat I. d\u00edj (PhD hallgat\u00f3 kateg\u00f3ria)<\/td>\n<\/tr>\n<tr class=\"row-71\">\n\t<td class=\"column-1\">2007<\/td><td colspan=\"2\" class=\"column-2\">Anoli-d\u00edj<\/td>\n<\/tr>\n<tr class=\"row-72\">\n\t<td class=\"column-1\">2008<\/td><td colspan=\"2\" class=\"column-2\">Az eg\u00e9szs\u00e9g\u00fcgyi miniszter elismer\u0151 oklevele, mint a Semmelweis Egyetem, Gy\u00f3gyszerhat\u00e1stani Int\u00e9zet kollekt\u00edv\u00e1j\u00e1nak tagja<\/td>\n<\/tr>\n<tr class=\"row-73\">\n\t<td class=\"column-1\">2011<\/td><td colspan=\"2\" class=\"column-2\">AESCULAP Alap\u00edtv\u00e1ny Kiv\u00e1l\u00f3 Kutat\u00f3i D\u00edj<\/td>\n<\/tr>\n<tr class=\"row-74\">\n\t<td class=\"column-1\">2015<\/td><td colspan=\"2\" class=\"column-2\">A Semmelweis Egyetem Kiv\u00e1l\u00f3 Oktat\u00f3ja<\/td>\n<\/tr>\n<tr class=\"row-75\">\n\t<td class=\"column-1\">2016<\/td><td colspan=\"2\" class=\"column-2\">A Semmelweis Egyetem Gy\u00f3gyszer\u00e9sztudom\u00e1nyi Kar\u00e1nak Merit D\u00edja<\/td>\n<\/tr>\n<tr class=\"row-76\">\n\t<td class=\"column-1\">2020<\/td><td colspan=\"2\" class=\"column-2\">A Semmelweis Egyetem Kiv\u00e1l\u00f3 Tudom\u00e1nyos Di\u00e1kk\u00f6ri Nevel\u0151je<\/td>\n<\/tr>\n<\/tbody>\n<\/table>\n<!-- #tablepress-3 from cache -->\n","protected":false},"excerpt":{"rendered":"<p>Dr. T\u00e1bi Tam\u00e1s, PhD<br \/>\negyetemi tan\u00e1r, igazgat\u00f3<br \/>\nIroda: 816<br \/>\nTel.: +36 1 4591500\/56412<br \/>\nE-mail: tabi.tamas@semmelweis.hu<br \/>\nPublik\u00e1ci\u00f3k: <a href=\"https:\/\/www.ncbi.nlm.nih.gov\/pubmed\/?term=Tabi+T%5bAuthor%5d\">PubMed<\/a>, <a href=\"https:\/\/scholar.google.hu\/citations?user=oaE2qgsAAAAJ&amp;hl=hu\">Google Scholar<\/a>, <a href=\"https:\/\/vm.mtmt.hu\/search\/slist.php?nwi=1&amp;inited=1&amp;ty_on=1&amp;url_on=1&amp;cite_type=2&amp;orderby=3D1a&amp;location=mtmt&amp;stn=1&amp;AuthorID=10012548&amp;Scientific=1\">MTMT<\/a>,\u00a0<a href=\"http:\/\/orcid.org\/0000-0001-5343-0205\">ORCID<\/a>,\u00a0<a href=\"https:\/\/www.researchgate.net\/profile\/Tamas_Tabi2\">ResearchGate<\/a><\/p>\n","protected":false},"author":107,"featured_media":0,"parent":22,"menu_order":1,"comment_status":"closed","ping_status":"closed","template":"","meta":{"_acf_changed":false,"footnotes":""},"categories":[],"tags":[],"class_list":["post-64","page","type-page","status-publish","hentry"],"acf":[],"_links":{"self":[{"href":"https:\/\/semmelweis.hu\/gyogyszerhatastan\/wp-json\/wp\/v2\/pages\/64","targetHints":{"allow":["GET"]}}],"collection":[{"href":"https:\/\/semmelweis.hu\/gyogyszerhatastan\/wp-json\/wp\/v2\/pages"}],"about":[{"href":"https:\/\/semmelweis.hu\/gyogyszerhatastan\/wp-json\/wp\/v2\/types\/page"}],"author":[{"embeddable":true,"href":"https:\/\/semmelweis.hu\/gyogyszerhatastan\/wp-json\/wp\/v2\/users\/107"}],"replies":[{"embeddable":true,"href":"https:\/\/semmelweis.hu\/gyogyszerhatastan\/wp-json\/wp\/v2\/comments?post=64"}],"version-history":[{"count":11,"href":"https:\/\/semmelweis.hu\/gyogyszerhatastan\/wp-json\/wp\/v2\/pages\/64\/revisions"}],"predecessor-version":[{"id":3615,"href":"https:\/\/semmelweis.hu\/gyogyszerhatastan\/wp-json\/wp\/v2\/pages\/64\/revisions\/3615"}],"up":[{"embeddable":true,"href":"https:\/\/semmelweis.hu\/gyogyszerhatastan\/wp-json\/wp\/v2\/pages\/22"}],"wp:attachment":[{"href":"https:\/\/semmelweis.hu\/gyogyszerhatastan\/wp-json\/wp\/v2\/media?parent=64"}],"wp:term":[{"taxonomy":"category","embeddable":true,"href":"https:\/\/semmelweis.hu\/gyogyszerhatastan\/wp-json\/wp\/v2\/categories?post=64"},{"taxonomy":"post_tag","embeddable":true,"href":"https:\/\/semmelweis.hu\/gyogyszerhatastan\/wp-json\/wp\/v2\/tags?post=64"}],"curies":[{"name":"wp","href":"https:\/\/api.w.org\/{rel}","templated":true}]}}