{"id":61,"date":"2013-08-27T08:01:21","date_gmt":"2012-08-25T10:56:06","guid":{"rendered":"http:\/\/semmelweis-egyetem.hu\/gyogyszerhatastan\/?page_id=61"},"modified":"2025-12-25T21:36:09","modified_gmt":"2025-12-25T20:36:09","slug":"juhasz-gabriella","status":"publish","type":"page","link":"https:\/\/semmelweis.hu\/gyogyszerhatastan\/munkatarsaink\/juhasz-gabriella\/","title":{"rendered":"Juh\u00e1sz Gabriella"},"content":{"rendered":"<p>Dr. Juh\u00e1sz Gabriella, PhD, az MTA doktora<br \/>\negyetemi tan\u00e1r, tanulm\u00e1nyi felel\u0151s (K\u00f3rtani \u00e9s klinikai alapismeretek)<\/p>\n<p>Iroda: 1117<br \/>\nTel.: +36-1-2104411<\/p>\n<p>Publik\u00e1ci\u00f3k: <a href=\"https:\/\/www.ncbi.nlm.nih.gov\/pubmed\/?term=%22Manchester%22%5bAffiliation%5d+OR+%22Semmelweis%22%5bAffiliation%5d+AND+Juhasz+G%5bAuthor%5d\">PubMed<\/a>, <a href=\"https:\/\/vm.mtmt.hu\/search\/slist.php?nwi=1&amp;inited=1&amp;ty_on=1&amp;url_on=1&amp;cite_type=2&amp;orderby=3D1a&amp;location=mtmt&amp;stn=1&amp;AuthorID=10017483&amp;Scientific=1\">MTMT<\/a>, <a href=\"https:\/\/www.researchgate.net\/profile\/Gabriella_Juhasz\">ResearchGate<\/a><\/p>\n","protected":false},"excerpt":{"rendered":"<p>Dr. Juh\u00e1sz Gabriella, PhD, az MTA doktora<br \/>\negyetemi tan\u00e1r, tanulm\u00e1nyi felel\u0151s (K\u00f3rtani \u00e9s klinikai alapismeretek)<br \/>\nIroda: 1117<br \/>\nTel.: +36-1-2104411<br \/>\nPublik\u00e1ci\u00f3k: <a href=\"https:\/\/www.ncbi.nlm.nih.gov\/pubmed\/?term=%22Manchester%22%5bAffiliation%5d+OR+%22Semmelweis%22%5bAffiliation%5d+AND+Juhasz+G%5bAuthor%5d\">PubMed<\/a>, <a href=\"https:\/\/vm.mtmt.hu\/search\/slist.php?nwi=1&amp;inited=1&amp;ty_on=1&amp;url_on=1&amp;cite_type=2&amp;orderby=3D1a&amp;location=mtmt&amp;stn=1&amp;AuthorID=10017483&amp;Scientific=1\">MTMT<\/a>, <a href=\"https:\/\/www.researchgate.net\/profile\/Gabriella_Juhasz\">ResearchGate<\/a><\/p>\n","protected":false},"author":107,"featured_media":0,"parent":22,"menu_order":6,"comment_status":"closed","ping_status":"closed","template":"","meta":{"_acf_changed":false,"footnotes":""},"categories":[],"tags":[],"class_list":["post-61","page","type-page","status-publish","hentry"],"acf":[],"_links":{"self":[{"href":"https:\/\/semmelweis.hu\/gyogyszerhatastan\/wp-json\/wp\/v2\/pages\/61","targetHints":{"allow":["GET"]}}],"collection":[{"href":"https:\/\/semmelweis.hu\/gyogyszerhatastan\/wp-json\/wp\/v2\/pages"}],"about":[{"href":"https:\/\/semmelweis.hu\/gyogyszerhatastan\/wp-json\/wp\/v2\/types\/page"}],"author":[{"embeddable":true,"href":"https:\/\/semmelweis.hu\/gyogyszerhatastan\/wp-json\/wp\/v2\/users\/107"}],"replies":[{"embeddable":true,"href":"https:\/\/semmelweis.hu\/gyogyszerhatastan\/wp-json\/wp\/v2\/comments?post=61"}],"version-history":[{"count":9,"href":"https:\/\/semmelweis.hu\/gyogyszerhatastan\/wp-json\/wp\/v2\/pages\/61\/revisions"}],"predecessor-version":[{"id":3622,"href":"https:\/\/semmelweis.hu\/gyogyszerhatastan\/wp-json\/wp\/v2\/pages\/61\/revisions\/3622"}],"up":[{"embeddable":true,"href":"https:\/\/semmelweis.hu\/gyogyszerhatastan\/wp-json\/wp\/v2\/pages\/22"}],"wp:attachment":[{"href":"https:\/\/semmelweis.hu\/gyogyszerhatastan\/wp-json\/wp\/v2\/media?parent=61"}],"wp:term":[{"taxonomy":"category","embeddable":true,"href":"https:\/\/semmelweis.hu\/gyogyszerhatastan\/wp-json\/wp\/v2\/categories?post=61"},{"taxonomy":"post_tag","embeddable":true,"href":"https:\/\/semmelweis.hu\/gyogyszerhatastan\/wp-json\/wp\/v2\/tags?post=61"}],"curies":[{"name":"wp","href":"https:\/\/api.w.org\/{rel}","templated":true}]}}