{"id":592,"date":"2013-08-28T20:02:51","date_gmt":"2013-08-28T18:00:06","guid":{"rendered":"http:\/\/semmelweis-egyetem.hu\/gyogyszerhatastan\/?page_id=592"},"modified":"2025-12-25T21:44:33","modified_gmt":"2025-12-25T20:44:33","slug":"nora-eszlari","status":"publish","type":"page","link":"https:\/\/semmelweis.hu\/gyogyszerhatastan\/en\/staff\/nora-eszlari\/","title":{"rendered":"Eszl\u00e1ri, N\u00f3ra"},"content":{"rendered":"<p>N\u00f3ra Eszl\u00e1ri PhD<br \/>\nJunior research fellow<\/p>\n<p>Office: 1116<br \/>\nTel.: +36 1 4591500\/56153<br \/>\ne-mail: <a href=\"mailto:eszlari.nora@pharma.semmelweis-univ.hu?subject=\u00dczenet a Semmelweis Egyetem honlapr\u00f3l\">eszlari.nora@pharma.semmelweis-univ.hu<\/a><\/p>\n<p>Publications: <a href=\"http:\/\/www.ncbi.nlm.nih.gov\/pubmed?term=Eszlari%20N[Author]&amp;cauthor=true&amp;cauthor_uid=24706871\" target=\"_blank\">PubMed<\/a><\/p>\n","protected":false},"excerpt":{"rendered":"<p>N\u00f3ra Eszl\u00e1ri PhD<br \/>\nJunior research fellow<br \/>\nOffice: 1116<br \/>\nTel.: +36 1 4591500\/56153<br \/>\ne-mail: <a href=\"mailto:eszlari.nora@pharma.semmelweis-univ.hu?subject=\u00dczenet a Semmelweis Egyetem honlapr\u00f3l\">eszlari.nora@pharma.semmelweis-univ.hu<\/a><br \/>\nPublications: <a href=\"http:\/\/www.ncbi.nlm.nih.gov\/pubmed?term=Eszlari%20N[Author]&amp;cauthor=true&amp;cauthor_uid=24706871\" target=\"_blank\">PubMed<\/a><\/p>\n","protected":false},"author":107,"featured_media":0,"parent":470,"menu_order":19,"comment_status":"closed","ping_status":"closed","template":"","meta":{"_acf_changed":false,"footnotes":""},"categories":[],"tags":[],"class_list":["post-592","page","type-page","status-publish","hentry"],"acf":[],"_links":{"self":[{"href":"https:\/\/semmelweis.hu\/gyogyszerhatastan\/wp-json\/wp\/v2\/pages\/592","targetHints":{"allow":["GET"]}}],"collection":[{"href":"https:\/\/semmelweis.hu\/gyogyszerhatastan\/wp-json\/wp\/v2\/pages"}],"about":[{"href":"https:\/\/semmelweis.hu\/gyogyszerhatastan\/wp-json\/wp\/v2\/types\/page"}],"author":[{"embeddable":true,"href":"https:\/\/semmelweis.hu\/gyogyszerhatastan\/wp-json\/wp\/v2\/users\/107"}],"replies":[{"embeddable":true,"href":"https:\/\/semmelweis.hu\/gyogyszerhatastan\/wp-json\/wp\/v2\/comments?post=592"}],"version-history":[{"count":4,"href":"https:\/\/semmelweis.hu\/gyogyszerhatastan\/wp-json\/wp\/v2\/pages\/592\/revisions"}],"predecessor-version":[{"id":3628,"href":"https:\/\/semmelweis.hu\/gyogyszerhatastan\/wp-json\/wp\/v2\/pages\/592\/revisions\/3628"}],"up":[{"embeddable":true,"href":"https:\/\/semmelweis.hu\/gyogyszerhatastan\/wp-json\/wp\/v2\/pages\/470"}],"wp:attachment":[{"href":"https:\/\/semmelweis.hu\/gyogyszerhatastan\/wp-json\/wp\/v2\/media?parent=592"}],"wp:term":[{"taxonomy":"category","embeddable":true,"href":"https:\/\/semmelweis.hu\/gyogyszerhatastan\/wp-json\/wp\/v2\/categories?post=592"},{"taxonomy":"post_tag","embeddable":true,"href":"https:\/\/semmelweis.hu\/gyogyszerhatastan\/wp-json\/wp\/v2\/tags?post=592"}],"curies":[{"name":"wp","href":"https:\/\/api.w.org\/{rel}","templated":true}]}}