{"id":55,"date":"2013-08-27T07:40:24","date_gmt":"2012-08-25T10:25:57","guid":{"rendered":"http:\/\/semmelweis-egyetem.hu\/gyogyszerhatastan\/?page_id=55"},"modified":"2022-10-23T14:26:05","modified_gmt":"2022-10-23T12:26:05","slug":"szoko-eva-2","status":"publish","type":"page","link":"https:\/\/semmelweis.hu\/gyogyszerhatastan\/munkatarsaink\/szoko-eva-2\/","title":{"rendered":"Sz\u00f6k\u0151 \u00c9va"},"content":{"rendered":"<p>Dr. Sz\u00f6k\u0151 \u00c9va, az MTA dokotora<br \/>\negyetemi tan\u00e1r, tanulm\u00e1nyi felel\u0151s (Gy\u00f3gyszeres ter\u00e1pia (magyar, angol))<\/p>\n<p>Iroda: 814<br \/>\nTel.:+36 1\u00a0 4591500\/56324<br \/>\ne-mail: <a href=\"mailto:szoko.eva@pharma.semmelweis-univ.hu?subject=\u00dczenet a Semmelweis Egyetem honlapr\u00f3l\">szoko.eva@pharma.semmelweis-univ.hu<\/a><\/p>\n<p>Publik\u00e1ci\u00f3k: <a href=\"https:\/\/www.ncbi.nlm.nih.gov\/pubmed\/?term=Sz%C3%B6k%C5%91+E%5BAuthor%5D\">PubMed<\/a>, <a href=\"https:\/\/vm.mtmt.hu\/\/search\/slist.php?nwi=1&amp;inited=1&amp;ty_on=1&amp;url_on=1&amp;cite_type=2&amp;orderby=3D1a&amp;location=mtmt&amp;stn=1&amp;AuthorID=10003174&amp;Scientific=1\">MTMT<\/a>, <a href=\"http:\/\/orcid.org\/0000-0003-1464-6403\">ORCID<\/a>, <a href=\"https:\/\/www.researchgate.net\/profile\/Eva_Szoekoe\">ResearchGate<\/a><\/p>\n\n<table id=\"tablepress-7\" class=\"tablepress tablepress-id-7 tbody-has-connected-cells\">\n<thead>\n<tr class=\"row-1\">\n\t<th colspan=\"3\" class=\"column-1\"><b>\u00c9letrajz:<\/b><\/th>\n<\/tr>\n<\/thead>\n<tbody class=\"row-striping\">\n<tr class=\"row-2\">\n\t<td colspan=\"3\" class=\"column-1\"><b>V\u00e9gzetts\u00e9g(ek):<\/b><\/td>\n<\/tr>\n<tr class=\"row-3\">\n\t<td class=\"column-1\">1980<\/td><td colspan=\"2\" class=\"column-2\">okleveles gy\u00f3gyszer\u00e9sz, Semmelweis Orvostudom\u00e1nyi Egyetem Gy\u00f3gyszer\u00e9sztudom\u00e1nyi Kar<\/td>\n<\/tr>\n<tr class=\"row-4\">\n\t<td class=\"column-1\">1988<\/td><td colspan=\"2\" class=\"column-2\">szakgy\u00f3gyszer\u00e9sz, gy\u00f3gyszerhat\u00e1stan-toxikol\u00f3gia<\/td>\n<\/tr>\n<tr class=\"row-5\">\n\t<td colspan=\"3\" class=\"column-1\"><b>Tudom\u00e1nyos min\u00f5s\u00edt\u00e9s(ek):<\/b><\/td>\n<\/tr>\n<tr class=\"row-6\">\n\t<td class=\"column-1\">2007<\/td><td colspan=\"2\" class=\"column-2\">MTA doktora<\/td>\n<\/tr>\n<tr class=\"row-7\">\n\t<td class=\"column-1\">2002<\/td><td colspan=\"2\" class=\"column-2\">pharm. habil., Semmelweis Egyetem<\/td>\n<\/tr>\n<tr class=\"row-8\">\n\t<td class=\"column-1\">1994<\/td><td colspan=\"2\" class=\"column-2\">a gy\u00f3gyszer\u00e9szeti tudom\u00e1ny kandid\u00e1tusa<\/td>\n<\/tr>\n<tr class=\"row-9\">\n\t<td class=\"column-1\">1984<\/td><td colspan=\"2\" class=\"column-2\">dr. univ.<\/td>\n<\/tr>\n<tr class=\"row-10\">\n\t<td colspan=\"3\" class=\"column-1\"><b>Munkahely(ek):<\/b><\/td>\n<\/tr>\n<tr class=\"row-11\">\n\t<td class=\"column-1\">1980-t\u00f3l<\/td><td colspan=\"2\" class=\"column-2\">Semmelweis Egyetem Gy\u00f3gyszerhat\u00e1stani Int\u00e9zet<\/td>\n<\/tr>\n<tr class=\"row-12\">\n\t<td class=\"column-1\"><\/td><td class=\"column-2\">2008-t\u00f3l<\/td><td class=\"column-3\">egyetemi tan\u00e1r<\/td>\n<\/tr>\n<tr class=\"row-13\">\n\t<td class=\"column-1\"><\/td><td class=\"column-2\">1998-2008<\/td><td class=\"column-3\">egyetemi docens<\/td>\n<\/tr>\n<tr class=\"row-14\">\n\t<td class=\"column-1\"><\/td><td class=\"column-2\">1994-1998<\/td><td class=\"column-3\">egyetemi adjunktus<\/td>\n<\/tr>\n<tr class=\"row-15\">\n\t<td class=\"column-1\"><\/td><td class=\"column-2\">1980-1994<\/td><td class=\"column-3\">egyetemi tan\u00e1rseg\u00e9d<\/td>\n<\/tr>\n<tr class=\"row-16\">\n\t<td colspan=\"3\" class=\"column-1\"><b>Oktat\u00f3i tev\u00e9kenys\u00e9g(ek):<\/b><\/td>\n<\/tr>\n<tr class=\"row-17\">\n\t<td colspan=\"3\" class=\"column-1\"><i>Gradu\u00e1lis k\u00e9pz\u00e9s:<\/i><\/td>\n<\/tr>\n<tr class=\"row-18\">\n\t<td class=\"column-1\">1980-t\u00f3l<\/td><td colspan=\"2\" class=\"column-2\">Gy\u00f3gyszerhat\u00e1stan-toxikol\u00f3gia gyakorlatvezet\u00e9s, magyar<\/td>\n<\/tr>\n<tr class=\"row-19\">\n\t<td class=\"column-1\">1987-t\u0151l<\/td><td colspan=\"2\" class=\"column-2\">Gy\u00f3gyszerhat\u00e1stan-toxikol\u00f3gia tantermi el\u0151ad\u00e1sok, magyar<\/td>\n<\/tr>\n<tr class=\"row-20\">\n\t<td class=\"column-1\">1993-2010<\/td><td colspan=\"2\" class=\"column-2\">Gy\u00f3gyszerhat\u00e1stan-toxikol\u00f3gia gyakorlatvezet\u00e9s, angol<\/td>\n<\/tr>\n<tr class=\"row-21\">\n\t<td class=\"column-1\">1993-t\u00f3l<\/td><td colspan=\"2\" class=\"column-2\">Gy\u00f3gyszerhat\u00e1stan-toxikol\u00f3gia tantermi el\u0151ad\u00e1sok, angol<\/td>\n<\/tr>\n<tr class=\"row-22\">\n\t<td class=\"column-1\">1994-t\u0151l<\/td><td colspan=\"2\" class=\"column-2\">Gy\u00f3gyszerter\u00e1pi\u00e1s alapismeretek tantermi el\u0151ad\u00e1sok<\/td>\n<\/tr>\n<tr class=\"row-23\">\n\t<td class=\"column-1\">1998-t\u00f3l<\/td><td colspan=\"2\" class=\"column-2\">TDK t\u00e9mavezet\u0151<\/td>\n<\/tr>\n<tr class=\"row-24\">\n\t<td class=\"column-1\">2004-t\u0151l<\/td><td colspan=\"2\" class=\"column-2\">Gy\u00f3gyszeres ter\u00e1pia t\u00e1rgy felel\u0151s el\u0151ad\u00f3ja, magyar \u00e9s angol<\/td>\n<\/tr>\n<tr class=\"row-25\">\n\t<td colspan=\"3\" class=\"column-1\"><i>Posztgradu\u00e1lis k\u00e9pz\u00e9s<\/i><\/td>\n<\/tr>\n<tr class=\"row-26\">\n\t<td class=\"column-1\">1985-t\u0151l<\/td><td colspan=\"2\" class=\"column-2\">Gy\u00f3gyszerhat\u00e1stan-toxikol\u00f3gia szakgy\u00f3gyszer\u00e9sz k\u00e9pz\u00e9s tantermi el\u0151ad\u00e1sok<\/td>\n<\/tr>\n<tr class=\"row-27\">\n\t<td class=\"column-1\">1998-t\u00f3l<\/td><td colspan=\"2\" class=\"column-2\">PhD kurzusokon el\u0151ad\u00f3 (\"Farmakodin\u00e1mia\" \u00e9s \"Elv\u00e1laszt\u00e1stechnikai m\u00f3dszerek farmakol\u00f3giai alkalmaz\u00e1sa\")<\/td>\n<\/tr>\n<tr class=\"row-28\">\n\t<td class=\"column-1\">1999-t\u0151l<\/td><td colspan=\"2\" class=\"column-2\">PhD t\u00e9mavezet\u0151, Experiment\u00e1lis \u00e9s klinikai farmakol\u00f3gia doktori program<\/td>\n<\/tr>\n<tr class=\"row-29\">\n\t<td class=\"column-1\">1999-<\/td><td colspan=\"2\" class=\"column-2\">Gy\u00f3gyszer\u00e9sz tov\u00e1bbk\u00e9pz\u00e9seken el\u0151ad\u00e1sok<\/td>\n<\/tr>\n<tr class=\"row-30\">\n\t<td colspan=\"3\" class=\"column-1\"><b>Tudom\u00e1nyos \u00e9rdekl\u0151d\u00e9s:<\/b><\/td>\n<\/tr>\n<tr class=\"row-31\">\n\t<td colspan=\"3\" class=\"column-1\">A kapill\u00e1ris elektrofor\u00e9zis technika alkalmaz\u00e1sa biol\u00f3giai mint\u00e1k elemz\u00e9s\u00e9re.<\/td>\n<\/tr>\n<tr class=\"row-32\">\n\t<td colspan=\"3\" class=\"column-1\">Az SSAO enzim szerepe kr\u00f3nikus betegs\u00e9gekben.<\/td>\n<\/tr>\n<tr class=\"row-33\">\n\t<td colspan=\"3\" class=\"column-1\">Transzkripci\u00f3s faktorok \u00e9s az oxidat\u00edv stressz szerepe a sejtk\u00e1rosod\u00e1sban \u00e9s regener\u00e1ci\u00f3ban.<\/td>\n<\/tr>\n<tr class=\"row-34\">\n\t<td colspan=\"3\" class=\"column-1\"><b>Szerkeszt\u0151bizotts\u00e1gi tags\u00e1g(ok):<\/b><\/td>\n<\/tr>\n<tr class=\"row-35\">\n\t<td colspan=\"3\" class=\"column-1\">Journal of Pharmaceutical and Biomedical Analysis - szerkeszt\u0151bizotts\u00e1gi tag<\/td>\n<\/tr>\n<tr class=\"row-36\">\n\t<td colspan=\"3\" class=\"column-1\"><b>Fontosabb tanulm\u00e1nyutak:<\/b><\/td>\n<\/tr>\n<tr class=\"row-37\">\n\t<td class=\"column-1\">1990-1993<\/td><td colspan=\"2\" class=\"column-2\">Barnett Institute, Northeastern University, Boston, USA<\/td>\n<\/tr>\n<tr class=\"row-38\">\n\t<td colspan=\"3\" class=\"column-1\"><b>Egyetemi tiszts\u00e9g(ek):<\/b><\/td>\n<\/tr>\n<tr class=\"row-39\">\n\t<td class=\"column-1\">2010-t\u0151l<\/td><td colspan=\"2\" class=\"column-2\">Semmelweis Egyetem Habilit\u00e1ci\u00f3s Bizotts\u00e1g\u00e1nak tagja<\/td>\n<\/tr>\n<tr class=\"row-40\">\n\t<td class=\"column-1\">2010-t\u0151l<\/td><td colspan=\"2\" class=\"column-2\">Semmelweis Egyetem Doktori Iskola Oktat\u00e1si Bizotts\u00e1g\u00e1nak tagja<\/td>\n<\/tr>\n<tr class=\"row-41\">\n\t<td class=\"column-1\">2003-t\u00f3l<\/td><td colspan=\"2\" class=\"column-2\">Gy\u00f3gyszertudom\u00e1nyok Doktori Iskola Tan\u00e1cs\u00e1nak t\u00f6rzstagja<\/td>\n<\/tr>\n<tr class=\"row-42\">\n\t<td class=\"column-1\">2003-t\u00f3l<\/td><td colspan=\"2\" class=\"column-2\">Semmelweis Egyetem Gy\u00f3gyszer\u00e9sztudom\u00e1nyi Kar Program Akkredit\u00e1ci\u00f3s Bizotts\u00e1g\u00e1nak eln\u00f6ke<\/td>\n<\/tr>\n<tr class=\"row-43\">\n\t<td class=\"column-1\">2013-t\u00f3l<\/td><td colspan=\"2\" class=\"column-2\">Semmelweis Egyetem Gy\u00f3gyszer\u00e9sztudom\u00e1nyi Kar Kredit\u00e1tviteli Bizotts\u00e1g tagja<\/td>\n<\/tr>\n<tr class=\"row-44\">\n\t<td class=\"column-1\">2003-2009<\/td><td colspan=\"2\" class=\"column-2\">Semmelweis Egyetem Szen\u00e1tus\u00e1nak tagja<\/td>\n<\/tr>\n<tr class=\"row-45\">\n\t<td class=\"column-1\">1976-1985<\/td><td colspan=\"2\" class=\"column-2\">Semmelweis Orvostudom\u00e1nyi Egyetem Gy\u00f3gyszer\u00e9sztudom\u00e1nyi Kari Tan\u00e1cs tagja<\/td>\n<\/tr>\n<tr class=\"row-46\">\n\t<td class=\"column-1\">1976-1980<\/td><td colspan=\"2\" class=\"column-2\">Semmelweis Orvostudom\u00e1nyi Egyetem Egyetemi Tan\u00e1cs tagja<\/td>\n<\/tr>\n<tr class=\"row-47\">\n\t<td colspan=\"3\" class=\"column-1\"><b>K\u00f6z\u00e9leti tiszts\u00e9g(ek):<\/b><\/td>\n<\/tr>\n<tr class=\"row-48\">\n\t<td class=\"column-1\">2012-t\u0151l<\/td><td colspan=\"2\" class=\"column-2\">a Magyar Gy\u00f3gyszer\u00e9sztudom\u00e1nyi T\u00e1rsas\u00e1g eln\u00f6ke<\/td>\n<\/tr>\n<tr class=\"row-49\">\n\t<td class=\"column-1\">2010-2012<\/td><td colspan=\"2\" class=\"column-2\">Magyar Gy\u00f3gyszer\u00e9sztudom\u00e1nyi T\u00e1rsas\u00e1g tudom\u00e1nyos aleln\u00f6ke<\/td>\n<\/tr>\n<tr class=\"row-50\">\n\t<td class=\"column-1\">2011-t\u0151l<\/td><td colspan=\"2\" class=\"column-2\">Eg\u00e9szs\u00e9g\u00fcgyi Szakmai Koll\u00e9gium Gy\u00f3gyszerell\u00e1t\u00e1si Tan\u00e1cs\u00e1nak eln\u00f6ke<\/td>\n<\/tr>\n<tr class=\"row-51\">\n\t<td class=\"column-1\">2009-t\u0151l<\/td><td colspan=\"2\" class=\"column-2\">MTA Gy\u00f3gyszer\u00e9sztudom\u00e1nyi \u00c1lland\u00f3 Bizotts\u00e1g titk\u00e1ra<\/td>\n<\/tr>\n<tr class=\"row-52\">\n\t<td class=\"column-1\">2008-t\u00f3l<\/td><td colspan=\"2\" class=\"column-2\">Magyar Experiment\u00e1lis \u00e9s Klinikai Farmakol\u00f3giai T\u00e1rsas\u00e1g vezet\u00f5s\u00e9g\u00e9nek tagja<\/td>\n<\/tr>\n<tr class=\"row-53\">\n\t<td class=\"column-1\">2009-t\u0151l<\/td><td colspan=\"2\" class=\"column-2\">American Chemical Society Hungarian Chapter vezet\u00f5s\u00e9gi tagja<\/td>\n<\/tr>\n<tr class=\"row-54\">\n\t<td colspan=\"3\" class=\"column-1\"><b>Kit\u00fcntet\u00e9s(ek):<\/b><\/td>\n<\/tr>\n<tr class=\"row-55\">\n\t<td class=\"column-1\">2009<\/td><td colspan=\"2\" class=\"column-2\">Kiv\u00e1l\u00f3 Tudom\u00e1nyos Di\u00e1kk\u00f6ri Nevel\u0151 (Semmelweis Egyetem)<\/td>\n<\/tr>\n<tr class=\"row-56\">\n\t<td class=\"column-1\">2008<\/td><td colspan=\"2\" class=\"column-2\">Az eg\u00e9szs\u00e9g\u00fcgyi miniszter elismer\u0151 oklevele, mint a SE Gy\u00f3gyszerhat\u00e1stani Int\u00e9zet kollekt\u00edv\u00e1j\u00e1nak tagja<\/td>\n<\/tr>\n<tr class=\"row-57\">\n\t<td class=\"column-1\">2002-2005<\/td><td colspan=\"2\" class=\"column-2\">Sz\u00e9chenyi Istv\u00e1n \u00d6szt\u00f6nd\u00edj<\/td>\n<\/tr>\n<tr class=\"row-58\">\n\t<td class=\"column-1\">2002<\/td><td colspan=\"2\" class=\"column-2\">Kiv\u00e1l\u00f3 Oktat\u00f3 (Semmelweis Egyetem)<\/td>\n<\/tr>\n<tr class=\"row-59\">\n\t<td class=\"column-1\">1996<\/td><td colspan=\"2\" class=\"column-2\">Kiv\u00e1l\u00f3 Dolgoz\u00f3 (Semmelweis Egyetem)<\/td>\n<\/tr>\n<tr class=\"row-60\">\n\t<td class=\"column-1\">1992<\/td><td colspan=\"2\" class=\"column-2\">\"Giessen Award\" for Advanced Research<\/td>\n<\/tr>\n<tr class=\"row-61\">\n\t<td class=\"column-1\">1981<\/td><td colspan=\"2\" class=\"column-2\">Fels\u0151oktat\u00e1si Tanulm\u00e1nyi \u00c9rdem\u00e9rem<\/td>\n<\/tr>\n<\/tbody>\n<\/table>\n<!-- #tablepress-7 from cache -->\n","protected":false},"excerpt":{"rendered":"<p>Dr. Sz\u00f6k\u0151 \u00c9va, az MTA dokotora<br \/>\negyetemi tan\u00e1r, tanulm\u00e1nyi felel\u0151s (Gy\u00f3gyszeres ter\u00e1pia (magyar, angol))<br \/>\nIroda: 814<br \/>\nTel.:+36 1\u00a0 4591500\/56324<br \/>\ne-mail: <a href=\"mailto:szoko.eva@pharma.semmelweis-univ.hu?subject=\u00dczenet a Semmelweis Egyetem honlapr\u00f3l\">szoko.eva@pharma.semmelweis-univ.hu<\/a><br \/>\nPublik\u00e1ci\u00f3k: <a href=\"https:\/\/www.ncbi.nlm.nih.gov\/pubmed\/?term=Sz%C3%B6k%C5%91+E%5BAuthor%5D\">PubMed<\/a>, <a href=\"https:\/\/vm.mtmt.hu\/\/search\/slist.php?nwi=1&amp;inited=1&amp;ty_on=1&amp;url_on=1&amp;cite_type=2&amp;orderby=3D1a&amp;location=mtmt&amp;stn=1&amp;AuthorID=10003174&amp;Scientific=1\">MTMT<\/a>, <a href=\"http:\/\/orcid.org\/0000-0003-1464-6403\">ORCID<\/a>, <a href=\"https:\/\/www.researchgate.net\/profile\/Eva_Szoekoe\">ResearchGate<\/a><\/p>\n","protected":false},"author":107,"featured_media":0,"parent":22,"menu_order":3,"comment_status":"closed","ping_status":"closed","template":"","meta":{"_acf_changed":false,"footnotes":""},"categories":[],"tags":[],"class_list":["post-55","page","type-page","status-publish","hentry"],"acf":[],"_links":{"self":[{"href":"https:\/\/semmelweis.hu\/gyogyszerhatastan\/wp-json\/wp\/v2\/pages\/55","targetHints":{"allow":["GET"]}}],"collection":[{"href":"https:\/\/semmelweis.hu\/gyogyszerhatastan\/wp-json\/wp\/v2\/pages"}],"about":[{"href":"https:\/\/semmelweis.hu\/gyogyszerhatastan\/wp-json\/wp\/v2\/types\/page"}],"author":[{"embeddable":true,"href":"https:\/\/semmelweis.hu\/gyogyszerhatastan\/wp-json\/wp\/v2\/users\/107"}],"replies":[{"embeddable":true,"href":"https:\/\/semmelweis.hu\/gyogyszerhatastan\/wp-json\/wp\/v2\/comments?post=55"}],"version-history":[{"count":8,"href":"https:\/\/semmelweis.hu\/gyogyszerhatastan\/wp-json\/wp\/v2\/pages\/55\/revisions"}],"predecessor-version":[{"id":3019,"href":"https:\/\/semmelweis.hu\/gyogyszerhatastan\/wp-json\/wp\/v2\/pages\/55\/revisions\/3019"}],"up":[{"embeddable":true,"href":"https:\/\/semmelweis.hu\/gyogyszerhatastan\/wp-json\/wp\/v2\/pages\/22"}],"wp:attachment":[{"href":"https:\/\/semmelweis.hu\/gyogyszerhatastan\/wp-json\/wp\/v2\/media?parent=55"}],"wp:term":[{"taxonomy":"category","embeddable":true,"href":"https:\/\/semmelweis.hu\/gyogyszerhatastan\/wp-json\/wp\/v2\/categories?post=55"},{"taxonomy":"post_tag","embeddable":true,"href":"https:\/\/semmelweis.hu\/gyogyszerhatastan\/wp-json\/wp\/v2\/tags?post=55"}],"curies":[{"name":"wp","href":"https:\/\/api.w.org\/{rel}","templated":true}]}}