{"id":507,"date":"2013-08-27T08:13:53","date_gmt":"2013-08-27T06:13:53","guid":{"rendered":"http:\/\/semmelweis-egyetem.hu\/gyogyszerhatastan\/?page_id=507"},"modified":"2025-12-25T21:45:10","modified_gmt":"2025-12-25T20:45:10","slug":"tamas-tabi","status":"publish","type":"page","link":"https:\/\/semmelweis.hu\/gyogyszerhatastan\/en\/staff\/tamas-tabi\/","title":{"rendered":"T\u00e1bi, Tam\u00e1s"},"content":{"rendered":"<p>Dr. Tam\u00e1s T\u00e1bi, <i>PhD<\/i><br \/>\nFull Professor, Head of the Department<\/p>\n<p>Office: 813<br \/>\nTel.: +36 1 4591500\/56412<br \/>\nE-mail: tabi.tamas@semmelweis.hu<\/p>\n<p>Publications: <a href=\"http:\/\/www.ncbi.nlm.nih.gov\/pubmed\/?term=Tabi+T[Author]\" target=\"_blank\" rel=\"noopener noreferrer\">PubMed<\/a>, <a href=\"http:\/\/scholar.google.hu\/citations?user=oaE2qgsAAAAJ&amp;hl=hu\" target=\"_blank\" rel=\"noopener noreferrer\">Google Scholar<\/a>, <a href=\"https:\/\/vm.mtmt.hu\/\/search\/slist.php?lang=0&amp;AuthorID=10012548\" target=\"_blank\" rel=\"noopener noreferrer\">MTMT<\/a><\/p>\n\n<table id=\"tablepress-5\" class=\"tablepress tablepress-id-5 tbody-has-connected-cells\">\n<thead>\n<tr class=\"row-1\">\n\t<th colspan=\"3\" class=\"column-1\">Curriculum vitae<\/th>\n<\/tr>\n<\/thead>\n<tbody class=\"row-striping\">\n<tr class=\"row-2\">\n\t<td colspan=\"3\" class=\"column-1\"><strong>Qualification:<\/strong><\/td>\n<\/tr>\n<tr class=\"row-3\">\n\t<td class=\"column-1\">2001<\/td><td colspan=\"2\" class=\"column-2\">pharmacist, Semmelweis University (86\/2001)<\/td>\n<\/tr>\n<tr class=\"row-4\">\n\t<td class=\"column-1\">2015<\/td><td colspan=\"2\" class=\"column-2\">pharmacology specialization (65\/2015)<\/td>\n<\/tr>\n<tr class=\"row-5\">\n\t<td colspan=\"3\" class=\"column-1\"><strong>Scientific degree:<\/strong><\/td>\n<\/tr>\n<tr class=\"row-6\">\n\t<td class=\"column-1\">2006<\/td><td colspan=\"2\" class=\"column-2\">PhD, Semmelweis University (1015\/2006)<\/td>\n<\/tr>\n<tr class=\"row-7\">\n\t<td colspan=\"3\" class=\"column-1\"><strong>Affiliation:<\/strong><\/td>\n<\/tr>\n<tr class=\"row-8\">\n\t<td class=\"column-1\">2001-<\/td><td colspan=\"2\" class=\"column-2\">Department of Pharmacodynamics, Semmelweis University<\/td>\n<\/tr>\n<tr class=\"row-9\">\n\t<td class=\"column-1\"><\/td><td class=\"column-2\">2001-2004<\/td><td class=\"column-3\">PhD student<\/td>\n<\/tr>\n<tr class=\"row-10\">\n\t<td class=\"column-1\"><\/td><td class=\"column-2\">2004-2006<\/td><td class=\"column-3\">Junior researcher<\/td>\n<\/tr>\n<tr class=\"row-11\">\n\t<td class=\"column-1\"><\/td><td class=\"column-2\">2006-2010<\/td><td class=\"column-3\">Assistant lecturer<\/td>\n<\/tr>\n<tr class=\"row-12\">\n\t<td class=\"column-1\"><\/td><td class=\"column-2\">2010-2018<\/td><td class=\"column-3\">Assistant professor<\/td>\n<\/tr>\n<tr class=\"row-13\">\n\t<td class=\"column-1\"><\/td><td class=\"column-2\">2018-2025<\/td><td class=\"column-3\">Associate professor<\/td>\n<\/tr>\n<tr class=\"row-14\">\n\t<td class=\"column-1\"><\/td><td class=\"column-2\">2020-<\/td><td class=\"column-3\">Head of the Department of Pharmacodynamics<\/td>\n<\/tr>\n<tr class=\"row-15\">\n\t<td class=\"column-1\"><\/td><td class=\"column-2\">2020-<\/td><td class=\"column-3\">Vice-Dean of the Faculty of Pharmaceutical Sciences<\/td>\n<\/tr>\n<tr class=\"row-16\">\n\t<td class=\"column-1\"><\/td><td class=\"column-2\">2025-<\/td><td class=\"column-3\">Full professor<\/td>\n<\/tr>\n<tr class=\"row-17\">\n\t<td colspan=\"3\" class=\"column-1\"><strong>Educational activities:<\/strong><\/td>\n<\/tr>\n<tr class=\"row-18\">\n\t<td colspan=\"3\" class=\"column-1\">Undergraduate (Hungarian and English Programs):<\/td>\n<\/tr>\n<tr class=\"row-19\">\n\t<td class=\"column-1\">2004-<\/td><td colspan=\"2\" class=\"column-2\">Practice teacher<\/td>\n<\/tr>\n<tr class=\"row-20\">\n\t<td class=\"column-1\">2005-<\/td><td colspan=\"2\" class=\"column-2\">Lecturer<\/td>\n<\/tr>\n<tr class=\"row-21\">\n\t<td class=\"column-1\">2005-<\/td><td colspan=\"2\" class=\"column-2\">Tutor of diploma works<\/td>\n<\/tr>\n<tr class=\"row-22\">\n\t<td class=\"column-1\">2017-<\/td><td colspan=\"2\" class=\"column-2\">Entrance examiner to the English Program<\/td>\n<\/tr>\n<tr class=\"row-23\">\n\t<td class=\"column-1\">2020-<\/td><td colspan=\"2\" class=\"column-2\">Head teacher of Pharmacology and toxicology<\/td>\n<\/tr>\n<tr class=\"row-24\">\n\t<td colspan=\"3\" class=\"column-1\">Postgraduate:<\/td>\n<\/tr>\n<tr class=\"row-25\">\n\t<td class=\"column-1\">2006-<\/td><td colspan=\"2\" class=\"column-2\">Lectures and seminars in the compulsory postgraduate training of Faculty of Pharmacy, Semmelweis University<\/td>\n<\/tr>\n<tr class=\"row-26\">\n\t<td class=\"column-1\"><\/td><td colspan=\"2\" class=\"column-2\">Other postgraduate trainings, e-learnings and training publications<\/td>\n<\/tr>\n<tr class=\"row-27\">\n\t<td class=\"column-1\">2007-<\/td><td colspan=\"2\" class=\"column-2\">Specialization program - lecturer, tutor, examiner<\/td>\n<\/tr>\n<tr class=\"row-28\">\n\t<td class=\"column-1\">2013-<\/td><td colspan=\"2\" class=\"column-2\">PhD tutor<\/td>\n<\/tr>\n<tr class=\"row-29\">\n\t<td class=\"column-1\"><\/td><td class=\"column-2\">Dr. Zs\u00f3fia \u00c9va Ulakcsai<\/td><td class=\"column-3\">2013-, degree gained in 2020<\/td>\n<\/tr>\n<tr class=\"row-30\">\n\t<td class=\"column-1\"><\/td><td class=\"column-2\">Dr. Fruzsina Bagam\u00e9ry<\/td><td class=\"column-3\">2015-, degree gained in 2021<\/td>\n<\/tr>\n<tr class=\"row-31\">\n\t<td class=\"column-1\"><\/td><td class=\"column-2\">Dr. Kamilla Varga<\/td><td class=\"column-3\">2020-<\/td>\n<\/tr>\n<tr class=\"row-32\">\n\t<td class=\"column-1\"><\/td><td class=\"column-2\">Dr. Zolt\u00e1n Lincmajer<\/td><td class=\"column-3\">2024-<\/td>\n<\/tr>\n<tr class=\"row-33\">\n\t<td class=\"column-1\"><\/td><td class=\"column-2\">Dr. D\u00f3ra L\u00f3ska<\/td><td class=\"column-3\">2024-<\/td>\n<\/tr>\n<tr class=\"row-34\">\n\t<td colspan=\"3\" class=\"column-1\"><strong>Scientific interests:<\/strong><\/td>\n<\/tr>\n<tr class=\"row-35\">\n\t<td colspan=\"3\" class=\"column-1\">Application of capillary electrophoresis technique for analysis of biological samples<\/td>\n<\/tr>\n<tr class=\"row-36\">\n\t<td colspan=\"3\" class=\"column-1\">Role of D-amino acids in the central nervous system<\/td>\n<\/tr>\n<tr class=\"row-37\">\n\t<td colspan=\"3\" class=\"column-1\">Study on the cytoprotective mechanism of resveratrol<\/td>\n<\/tr>\n<tr class=\"row-38\">\n\t<td colspan=\"3\" class=\"column-1\">Role of insulin signaling in neurodegenerative and neuroprotective processes<\/td>\n<\/tr>\n<tr class=\"row-39\">\n\t<td colspan=\"3\" class=\"column-1\">Role of gangliosides in the nervous system<\/td>\n<\/tr>\n<tr class=\"row-40\">\n\t<td colspan=\"3\" class=\"column-1\"><strong>Publication activity<\/strong><br \/> (MTMT: 10012548, September, 2024):<\/td>\n<\/tr>\n<tr class=\"row-41\">\n\t<td class=\"column-1\">Papers in international journals:<\/td><td colspan=\"2\" class=\"column-2\">64<\/td>\n<\/tr>\n<tr class=\"row-42\">\n\t<td colspan=\"3\" class=\"column-1\">Citations:<\/td>\n<\/tr>\n<tr class=\"row-43\">\n\t<td class=\"column-1\"><\/td><td class=\"column-2\">Independent:<\/td><td class=\"column-3\">946<\/td>\n<\/tr>\n<tr class=\"row-44\">\n\t<td class=\"column-1\"><\/td><td class=\"column-2\">Total:<\/td><td class=\"column-3\">1099<\/td>\n<\/tr>\n<tr class=\"row-45\">\n\t<td class=\"column-1\">Hirsch index:<\/td><td colspan=\"2\" class=\"column-2\">19<\/td>\n<\/tr>\n<tr class=\"row-46\">\n\t<td colspan=\"3\" class=\"column-1\"><strong>Editorial board membership:<\/strong><\/td>\n<\/tr>\n<tr class=\"row-47\">\n\t<td colspan=\"3\" class=\"column-1\">Acta Pharmaceutica Hungarica \u2013 Deputy Editor<\/td>\n<\/tr>\n<tr class=\"row-48\">\n\t<td colspan=\"3\" class=\"column-1\"><strong>University functions:<\/strong><\/td>\n<\/tr>\n<tr class=\"row-49\">\n\t<td class=\"column-1\">2010-<\/td><td colspan=\"2\" class=\"column-2\">Member of the Council of Student\u2019s Scientific Association of the Semmelweis University<\/td>\n<\/tr>\n<tr class=\"row-50\">\n\t<td class=\"column-1\">2020-<\/td><td colspan=\"2\" class=\"column-2\">Vice-Dean of Faculty of Pharmaceutical Sciences, Semmelweis University<\/td>\n<\/tr>\n<tr class=\"row-51\">\n\t<td class=\"column-1\">2020-<\/td><td colspan=\"2\" class=\"column-2\">Head of the Credit Transfer and Education Commitee of Faculty of Pharmacy, Semmelweis University<\/td>\n<\/tr>\n<tr class=\"row-52\">\n\t<td class=\"column-1\">2023-<\/td><td colspan=\"2\" class=\"column-2\">Member of the Senate of Semmelweis University<\/td>\n<\/tr>\n<tr class=\"row-53\">\n\t<td colspan=\"3\" class=\"column-1\"><strong>Public functions:<\/strong><\/td>\n<\/tr>\n<tr class=\"row-54\">\n\t<td class=\"column-1\">Memberships:<\/td><td colspan=\"2\" class=\"column-2\">Hungarian Society for Pharmaceutical Sciences<\/td>\n<\/tr>\n<tr class=\"row-55\">\n\t<td class=\"column-1\"><\/td><td colspan=\"2\" class=\"column-2\">Hungarian Scociety for Experimental and Clinical Pharmacology<\/td>\n<\/tr>\n<tr class=\"row-56\">\n\t<td class=\"column-1\"><\/td><td colspan=\"2\" class=\"column-2\">Hungarian Society for Separation Sciences<\/td>\n<\/tr>\n<tr class=\"row-57\">\n\t<td class=\"column-1\"><\/td><td colspan=\"2\" class=\"column-2\">RECOOP HST Association<\/td>\n<\/tr>\n<tr class=\"row-58\">\n\t<td class=\"column-1\">2011-2016<\/td><td colspan=\"2\" class=\"column-2\">Leader of the Board of Foundation for the Hungarian Pharmacutical Sciences<\/td>\n<\/tr>\n<tr class=\"row-59\">\n\t<td class=\"column-1\">2016-2021<\/td><td colspan=\"2\" class=\"column-2\">Member of the Executive Commitee of the Hungarian Society for Pharmaceutical Sciences (secretary for finances)<\/td>\n<\/tr>\n<tr class=\"row-60\">\n\t<td class=\"column-1\">2016-<\/td><td colspan=\"2\" class=\"column-2\">Member of the Education Commitee of the Hungarian Chamber of Pharmacists<\/td>\n<\/tr>\n<tr class=\"row-61\">\n\t<td class=\"column-1\">2017-2024<\/td><td colspan=\"2\" class=\"column-2\">Member of the Supervisory Board of RECOOP HST Association<\/td>\n<\/tr>\n<tr class=\"row-62\">\n\t<td class=\"column-1\">2018-2023<\/td><td colspan=\"2\" class=\"column-2\">Member of the Supervisory Board of the Hungarian Scociety for Experimental and Clinical Pharmacology<\/td>\n<\/tr>\n<tr class=\"row-63\">\n\t<td class=\"column-1\">2021-<\/td><td colspan=\"2\" class=\"column-2\">Secretary General of the Hungarian Society for Pharmaceutical Sciences<\/td>\n<\/tr>\n<tr class=\"row-64\">\n\t<td class=\"column-1\">2023-<\/td><td colspan=\"2\" class=\"column-2\">Member of the Council of the Hungarian Scociety for Experimental and Clinical Pharmacology<\/td>\n<\/tr>\n<tr class=\"row-65\">\n\t<td class=\"column-1\">2024-<\/td><td colspan=\"2\" class=\"column-2\">Vice President of RECOOP HST Association<\/td>\n<\/tr>\n<tr class=\"row-66\">\n\t<td colspan=\"3\" class=\"column-1\"><strong>Honors:<\/strong><\/td>\n<\/tr>\n<tr class=\"row-67\">\n\t<td class=\"column-1\">2004<\/td><td colspan=\"2\" class=\"column-2\">Ifjabb Dr. Farkas Zsolt memorial award 2nd price<\/td>\n<\/tr>\n<tr class=\"row-68\">\n\t<td class=\"column-1\">2004, 2006<\/td><td colspan=\"2\" class=\"column-2\">Dr. Mozsonyi S\u00e1ndor Foundation Award 1st price (PhD student category)<\/td>\n<\/tr>\n<tr class=\"row-69\">\n\t<td class=\"column-1\">2007<\/td><td colspan=\"2\" class=\"column-2\">Anoli Award of Hungarian Society for Pharmaceutical Sciences<\/td>\n<\/tr>\n<tr class=\"row-70\">\n\t<td class=\"column-1\">2008<\/td><td colspan=\"2\" class=\"column-2\">Appreciation of the Minister of Health, as a member of the Department of Pharmacodynamics, Semmelweis University<\/td>\n<\/tr>\n<tr class=\"row-71\">\n\t<td class=\"column-1\">2011<\/td><td colspan=\"2\" class=\"column-2\">Excellent Scientist Award of Aesculap Foundation for Pharmaceutical Science and Education<\/td>\n<\/tr>\n<tr class=\"row-72\">\n\t<td class=\"column-1\">2015<\/td><td colspan=\"2\" class=\"column-2\">Excellence in Teaching Award of Semmelweis University<\/td>\n<\/tr>\n<tr class=\"row-73\">\n\t<td class=\"column-1\">2016<\/td><td colspan=\"2\" class=\"column-2\">Merit Award of Faculty of Pharmacy, Semmelweis University<\/td>\n<\/tr>\n<tr class=\"row-74\">\n\t<td class=\"column-1\">2020<\/td><td colspan=\"2\" class=\"column-2\">Excellent Tutor of Student's Scientific Association Award of Semmelweis University<\/td>\n<\/tr>\n<\/tbody>\n<\/table>\n\n","protected":false},"excerpt":{"rendered":"<p>Dr. Tam\u00e1s T\u00e1bi, PhD<br \/>\nFull Professor, Head of the Department<br \/>\nOffice: 813<br \/>\nTel.: +36 1 4591500\/56412<br \/>\nE-mail: tabi.tamas@semmelweis.hu<br \/>\nPublications: <a href=\"http:\/\/www.ncbi.nlm.nih.gov\/pubmed\/?term=Tabi+T[Author]\" target=\"_blank\" rel=\"noopener noreferrer\">PubMed<\/a>, <a href=\"http:\/\/scholar.google.hu\/citations?user=oaE2qgsAAAAJ&amp;hl=hu\" target=\"_blank\" rel=\"noopener noreferrer\">Google Scholar<\/a>, <a href=\"https:\/\/vm.mtmt.hu\/\/search\/slist.php?lang=0&amp;AuthorID=10012548\" target=\"_blank\" rel=\"noopener noreferrer\">MTMT<\/a><\/p>\n","protected":false},"author":107,"featured_media":0,"parent":470,"menu_order":1,"comment_status":"closed","ping_status":"closed","template":"","meta":{"_acf_changed":false,"footnotes":""},"categories":[],"tags":[],"class_list":["post-507","page","type-page","status-publish","hentry"],"acf":[],"_links":{"self":[{"href":"https:\/\/semmelweis.hu\/gyogyszerhatastan\/wp-json\/wp\/v2\/pages\/507","targetHints":{"allow":["GET"]}}],"collection":[{"href":"https:\/\/semmelweis.hu\/gyogyszerhatastan\/wp-json\/wp\/v2\/pages"}],"about":[{"href":"https:\/\/semmelweis.hu\/gyogyszerhatastan\/wp-json\/wp\/v2\/types\/page"}],"author":[{"embeddable":true,"href":"https:\/\/semmelweis.hu\/gyogyszerhatastan\/wp-json\/wp\/v2\/users\/107"}],"replies":[{"embeddable":true,"href":"https:\/\/semmelweis.hu\/gyogyszerhatastan\/wp-json\/wp\/v2\/comments?post=507"}],"version-history":[{"count":10,"href":"https:\/\/semmelweis.hu\/gyogyszerhatastan\/wp-json\/wp\/v2\/pages\/507\/revisions"}],"predecessor-version":[{"id":3629,"href":"https:\/\/semmelweis.hu\/gyogyszerhatastan\/wp-json\/wp\/v2\/pages\/507\/revisions\/3629"}],"up":[{"embeddable":true,"href":"https:\/\/semmelweis.hu\/gyogyszerhatastan\/wp-json\/wp\/v2\/pages\/470"}],"wp:attachment":[{"href":"https:\/\/semmelweis.hu\/gyogyszerhatastan\/wp-json\/wp\/v2\/media?parent=507"}],"wp:term":[{"taxonomy":"category","embeddable":true,"href":"https:\/\/semmelweis.hu\/gyogyszerhatastan\/wp-json\/wp\/v2\/categories?post=507"},{"taxonomy":"post_tag","embeddable":true,"href":"https:\/\/semmelweis.hu\/gyogyszerhatastan\/wp-json\/wp\/v2\/tags?post=507"}],"curies":[{"name":"wp","href":"https:\/\/api.w.org\/{rel}","templated":true}]}}