{"id":501,"date":"2013-08-27T08:06:14","date_gmt":"2012-08-25T10:57:53","guid":{"rendered":"http:\/\/semmelweis-egyetem.hu\/gyogyszerhatastan\/?page_id=501"},"modified":"2025-12-25T21:35:12","modified_gmt":"2025-12-25T20:35:12","slug":"laszlo-tothfalusi","status":"publish","type":"page","link":"https:\/\/semmelweis.hu\/gyogyszerhatastan\/en\/staff\/laszlo-tothfalusi\/","title":{"rendered":"T\u00f3thfalusi, L\u00e1szl\u00f3"},"content":{"rendered":"<p>Dr. L\u00e1szl\u00f3 T\u00f3thfalusi, <i>PhD, DSc<\/i><br \/>\nFull Professor<\/p>\n<p>Office: 803<br \/>\nTel.: +36 1 4591500\/56413<br \/>\ne-mail: <a href=\"mailto:tothfalusi.laszlo@pharma.semmelweis-univ.hu?subject=\u00dczenet a Semmelweis Egyetem honlapr\u00f3l\">tothfalusi.laszlo@pharma.semmelweis-univ.hu<\/a><\/p>\n<p>Publications: <a href=\"http:\/\/www.ncbi.nlm.nih.gov\/pubmed?term=Tothfalusi%20L[Author]&amp;cauthor=true&amp;cauthor_uid=19817502\" target=\"_blank\">PubMed<\/a>, <a href=\"https:\/\/vm.mtmt.hu\/\/search\/slist.php?lang=0&amp;AuthorID=10015597\" target=\"_blank\">MTMT<\/a><\/p>\n","protected":false},"excerpt":{"rendered":"<p>Dr. L\u00e1szl\u00f3 T\u00f3thfalusi, PhD, DSc<br \/>\nFull Professor<br \/>\nOffice: 803<br \/>\nTel.: +36 1 4591500\/56413<br \/>\ne-mail: <a href=\"mailto:tothfalusi.laszlo@pharma.semmelweis-univ.hu?subject=\u00dczenet a Semmelweis Egyetem honlapr\u00f3l\">tothfalusi.laszlo@pharma.semmelweis-univ.hu<\/a><br \/>\nPublications: <a href=\"http:\/\/www.ncbi.nlm.nih.gov\/pubmed?term=Tothfalusi%20L[Author]&amp;cauthor=true&amp;cauthor_uid=19817502\" target=\"_blank\">PubMed<\/a>, <a href=\"https:\/\/vm.mtmt.hu\/\/search\/slist.php?lang=0&amp;AuthorID=10015597\" target=\"_blank\">MTMT<\/a><\/p>\n","protected":false},"author":107,"featured_media":0,"parent":470,"menu_order":4,"comment_status":"open","ping_status":"open","template":"","meta":{"_acf_changed":false,"footnotes":""},"categories":[],"tags":[],"class_list":["post-501","page","type-page","status-publish","hentry"],"acf":[],"_links":{"self":[{"href":"https:\/\/semmelweis.hu\/gyogyszerhatastan\/wp-json\/wp\/v2\/pages\/501","targetHints":{"allow":["GET"]}}],"collection":[{"href":"https:\/\/semmelweis.hu\/gyogyszerhatastan\/wp-json\/wp\/v2\/pages"}],"about":[{"href":"https:\/\/semmelweis.hu\/gyogyszerhatastan\/wp-json\/wp\/v2\/types\/page"}],"author":[{"embeddable":true,"href":"https:\/\/semmelweis.hu\/gyogyszerhatastan\/wp-json\/wp\/v2\/users\/107"}],"replies":[{"embeddable":true,"href":"https:\/\/semmelweis.hu\/gyogyszerhatastan\/wp-json\/wp\/v2\/comments?post=501"}],"version-history":[{"count":9,"href":"https:\/\/semmelweis.hu\/gyogyszerhatastan\/wp-json\/wp\/v2\/pages\/501\/revisions"}],"predecessor-version":[{"id":3621,"href":"https:\/\/semmelweis.hu\/gyogyszerhatastan\/wp-json\/wp\/v2\/pages\/501\/revisions\/3621"}],"up":[{"embeddable":true,"href":"https:\/\/semmelweis.hu\/gyogyszerhatastan\/wp-json\/wp\/v2\/pages\/470"}],"wp:attachment":[{"href":"https:\/\/semmelweis.hu\/gyogyszerhatastan\/wp-json\/wp\/v2\/media?parent=501"}],"wp:term":[{"taxonomy":"category","embeddable":true,"href":"https:\/\/semmelweis.hu\/gyogyszerhatastan\/wp-json\/wp\/v2\/categories?post=501"},{"taxonomy":"post_tag","embeddable":true,"href":"https:\/\/semmelweis.hu\/gyogyszerhatastan\/wp-json\/wp\/v2\/tags?post=501"}],"curies":[{"name":"wp","href":"https:\/\/api.w.org\/{rel}","templated":true}]}}