{"id":483,"date":"2013-08-27T07:40:24","date_gmt":"2012-08-25T10:25:57","guid":{"rendered":"http:\/\/semmelweis-egyetem.hu\/gyogyszerhatastan\/?page_id=483"},"modified":"2020-08-23T17:05:15","modified_gmt":"2020-08-23T15:05:15","slug":"eva-szoko","status":"publish","type":"page","link":"https:\/\/semmelweis.hu\/gyogyszerhatastan\/en\/staff\/eva-szoko\/","title":{"rendered":"Sz\u00f6k\u0151, \u00c9va"},"content":{"rendered":"<p>Dr. \u00c9va Sz\u00f6k\u0151, <i>PhD<\/i>, <i>DSc<\/i><br \/>\nFull Professor, Tutor of Drug therapy<\/p>\n<p>Office: 814<br \/>\nTel.:+36 1\u00a0 4591500\/56324<br \/>\ne-mail: <a href=\"mailto:szoko.eva@pharma.semmelweis-univ.hu?subject=\u00dczenet a Semmelweis Egyetem honlapr\u00f3l\">szoko.eva@pharma.semmelweis-univ.hu<\/a><\/p>\n<p>Publications: <a href=\"http:\/\/www.ncbi.nlm.nih.gov\/pubmed?term=Sz%C3%B6k%C5%91%20E[Author]&amp;cauthor=true&amp;cauthor_uid=24931272\" target=\"_blank\" rel=\"noopener noreferrer\">PubMed<\/a>, <a href=\"https:\/\/vm.mtmt.hu\/\/search\/slist.php?lang=0&amp;AuthorID=10003174\" target=\"_blank\" rel=\"noopener noreferrer\">MTMT<\/a><\/p>\n","protected":false},"excerpt":{"rendered":"<p>Dr. \u00c9va Sz\u00f6k\u0151, PhD, DSc<br \/>\nFull Professor, Tutor of Drug therapy<br \/>\nOffice: 814<br \/>\nTel.:+36 1\u00a0 4591500\/56324<br \/>\ne-mail: <a href=\"mailto:szoko.eva@pharma.semmelweis-univ.hu?subject=\u00dczenet a Semmelweis Egyetem honlapr\u00f3l\">szoko.eva@pharma.semmelweis-univ.hu<\/a><br \/>\nPublications: <a href=\"http:\/\/www.ncbi.nlm.nih.gov\/pubmed?term=Sz%C3%B6k%C5%91%20E[Author]&amp;cauthor=true&amp;cauthor_uid=24931272\" target=\"_blank\" rel=\"noopener noreferrer\">PubMed<\/a>, <a href=\"https:\/\/vm.mtmt.hu\/\/search\/slist.php?lang=0&amp;AuthorID=10003174\" target=\"_blank\" rel=\"noopener noreferrer\">MTMT<\/a><\/p>\n","protected":false},"author":107,"featured_media":0,"parent":470,"menu_order":3,"comment_status":"closed","ping_status":"closed","template":"","meta":{"_acf_changed":false,"footnotes":""},"categories":[],"tags":[],"class_list":["post-483","page","type-page","status-publish","hentry"],"acf":[],"_links":{"self":[{"href":"https:\/\/semmelweis.hu\/gyogyszerhatastan\/wp-json\/wp\/v2\/pages\/483","targetHints":{"allow":["GET"]}}],"collection":[{"href":"https:\/\/semmelweis.hu\/gyogyszerhatastan\/wp-json\/wp\/v2\/pages"}],"about":[{"href":"https:\/\/semmelweis.hu\/gyogyszerhatastan\/wp-json\/wp\/v2\/types\/page"}],"author":[{"embeddable":true,"href":"https:\/\/semmelweis.hu\/gyogyszerhatastan\/wp-json\/wp\/v2\/users\/107"}],"replies":[{"embeddable":true,"href":"https:\/\/semmelweis.hu\/gyogyszerhatastan\/wp-json\/wp\/v2\/comments?post=483"}],"version-history":[{"count":5,"href":"https:\/\/semmelweis.hu\/gyogyszerhatastan\/wp-json\/wp\/v2\/pages\/483\/revisions"}],"predecessor-version":[{"id":3036,"href":"https:\/\/semmelweis.hu\/gyogyszerhatastan\/wp-json\/wp\/v2\/pages\/483\/revisions\/3036"}],"up":[{"embeddable":true,"href":"https:\/\/semmelweis.hu\/gyogyszerhatastan\/wp-json\/wp\/v2\/pages\/470"}],"wp:attachment":[{"href":"https:\/\/semmelweis.hu\/gyogyszerhatastan\/wp-json\/wp\/v2\/media?parent=483"}],"wp:term":[{"taxonomy":"category","embeddable":true,"href":"https:\/\/semmelweis.hu\/gyogyszerhatastan\/wp-json\/wp\/v2\/categories?post=483"},{"taxonomy":"post_tag","embeddable":true,"href":"https:\/\/semmelweis.hu\/gyogyszerhatastan\/wp-json\/wp\/v2\/tags?post=483"}],"curies":[{"name":"wp","href":"https:\/\/api.w.org\/{rel}","templated":true}]}}