{"id":332,"date":"2013-02-13T12:37:51","date_gmt":"2013-02-13T11:37:51","guid":{"rendered":"http:\/\/semmelweis-egyetem.hu\/gyogyszerhatastan\/?page_id=332"},"modified":"2023-02-15T13:30:43","modified_gmt":"2023-02-15T12:30:43","slug":"szakkepzes","status":"publish","type":"page","link":"https:\/\/semmelweis.hu\/gyogyszerhatastan\/szakkepzes\/","title":{"rendered":"Szakk\u00e9pz\u00e9s"},"content":{"rendered":"<p>Int\u00e9zet\u00fcnk felel\u0151s a <i>Farmakol\u00f3gia, farmakoter\u00e1pia<\/i> szakir\u00e1ny\u00fa szakgy\u00f3gyszer\u00e9sz-k\u00e9pz\u00e9s\u00e9rt, tov\u00e1bb\u00e1 r\u00e9szt vesz\u00fcnk a <i>Gy\u00f3gyszer\u00e9szi gondoz\u00e1s<\/i> szakir\u00e1ny\u00fa szakgy\u00f3gyszer\u00e9sz-k\u00e9pz\u00e9soktat\u00e1s\u00e1ban is. B\u00e1rmilyen, a szakk\u00e9pz\u00e9ssel kapcsolatban felmer\u00fcl\u0151 k\u00e9rd\u00e9s\u00e9vel forduljon Prof. Sz\u00f6k\u0151 \u00c9v\u00e1hoz!<\/p>\n<p>A szakgy\u00f3gyszer\u00e9sz hallgat\u00f3knak az el\u0151ad\u00e1sok \u00e9s gyakorlati tr\u00e9ningek l\u00e1togat\u00e1sa mellett egy\u00e9ni feladatokat is teljes\u00edteni kell. Ezek keret\u00e9ben r\u00f6vid h\u00e1zidolgozatokat kell k\u00e9sz\u00edteni\u00fck \u00e9s prezent\u00e1lniuk, melyek belesz\u00e1m\u00edtanak a szakvizsga <i>gyakorlati jegy\u00e9be<\/i>.<\/p>\n<p><strong>Let\u00f6lthet\u0151:<\/strong><\/p>\n<ul style=\"list-style-type: square;\">\n<li><a href=\"https:\/\/semmelweis.hu\/gyogyszerhatastan\/files\/2020\/05\/Farmakol\u00f3gia-farmakoter\u00e1pia-szakvizsga-t\u00e9telek-2020.pdf\">Farmakol\u00f3gia farmakoter\u00e1pia szakvizsga t\u00e9telek (pdf)<\/a><\/li>\n<li><a href=\"https:\/\/semmelweis.hu\/gyogyszerhatastan\/files\/2020\/05\/Farmakol\u00f3gia_farmakoter\u00e1pia-szakkepzes_szakdolgozat-\u00fatmutat\u00f3.pdf\">Farmakol\u00f3gia, farmakoter\u00e1pia szakk\u00e9pz\u00e9s szakdolgozat \u00fatmutat\u00f3 (pdf)<\/a><\/li>\n<li><a href=\"https:\/\/semmelweis.hu\/gyogyszerhatastan\/files\/2020\/05\/Gyakorlati-szakvizsga-t\u00e1j\u00e9koztat\u00f3-farmakol\u00f3gia_farmakoter\u00e1pia-szakgy\u00f3gyszer\u00e9sz-jel\u00f6ltek.pdf\">Gyakorlati szakvizsga t\u00e1j\u00e9koztat\u00f3 (pdf)<\/a><\/li>\n<li><a href=\"https:\/\/semmelweis.hu\/gyogyszerhatastan\/files\/2018\/05\/K\u00f6vetelm\u00e9nyek.pdf\" target=\"_blank\" rel=\"noopener noreferrer\">Esetbemutat\u00e1s \u00e9s h\u00e1zi dolgozat k\u00f6vetelm\u00e9nyek (pdf)<\/a>\u00a0&#8211;\u00a0az \u00e9rintetteket a tematik\u00e1val kapcsolatban &#8211; a szem\u00e9lyis\u00e9gi adatok v\u00e9delm\u00e9nek figyelembe v\u00e9tel\u00e9vel &#8211; k\u00f6r e-mailben fogjuk \u00e9rtes\u00edteni<\/li>\n<\/ul>\n<p>&nbsp;<\/p>\n","protected":false},"excerpt":{"rendered":"<p>Int\u00e9zet\u00fcnk felel\u0151s a Farmakol\u00f3gia, farmakoter\u00e1pia szakir\u00e1ny\u00fa szakgy\u00f3gyszer\u00e9sz-k\u00e9pz\u00e9s\u00e9rt, tov\u00e1bb\u00e1 r\u00e9szt vesz\u00fcnk a Gy\u00f3gyszer\u00e9szi gondoz\u00e1s szakir\u00e1ny\u00fa szakgy\u00f3gyszer\u00e9sz-k\u00e9pz\u00e9soktat\u00e1s\u00e1ban is. B\u00e1rmilyen, a szakk\u00e9pz\u00e9ssel kapcsolatban felmer\u00fcl\u0151 k\u00e9rd\u00e9s\u00e9vel forduljon Prof. Sz\u00f6k\u0151 \u00c9v\u00e1hoz! A szakgy\u00f3gyszer\u00e9sz hallgat\u00f3knak az el\u0151ad\u00e1sok \u00e9s gyakorlati tr\u00e9ningek l\u00e1togat\u00e1sa mellett egy\u00e9ni feladatokat is teljes\u00edteni kell. Ezek keret\u00e9ben r\u00f6vid h\u00e1zidolgozatokat kell k\u00e9sz\u00edteni\u00fck \u00e9s prezent\u00e1lniuk, melyek belesz\u00e1m\u00edtanak a szakvizsga gyakorlati jegy\u00e9be. &hellip;<\/p>\n","protected":false},"author":107,"featured_media":0,"parent":0,"menu_order":3,"comment_status":"open","ping_status":"closed","template":"","meta":{"_acf_changed":false,"footnotes":""},"categories":[],"tags":[],"class_list":["post-332","page","type-page","status-publish","hentry"],"acf":[],"_links":{"self":[{"href":"https:\/\/semmelweis.hu\/gyogyszerhatastan\/wp-json\/wp\/v2\/pages\/332","targetHints":{"allow":["GET"]}}],"collection":[{"href":"https:\/\/semmelweis.hu\/gyogyszerhatastan\/wp-json\/wp\/v2\/pages"}],"about":[{"href":"https:\/\/semmelweis.hu\/gyogyszerhatastan\/wp-json\/wp\/v2\/types\/page"}],"author":[{"embeddable":true,"href":"https:\/\/semmelweis.hu\/gyogyszerhatastan\/wp-json\/wp\/v2\/users\/107"}],"replies":[{"embeddable":true,"href":"https:\/\/semmelweis.hu\/gyogyszerhatastan\/wp-json\/wp\/v2\/comments?post=332"}],"version-history":[{"count":10,"href":"https:\/\/semmelweis.hu\/gyogyszerhatastan\/wp-json\/wp\/v2\/pages\/332\/revisions"}],"predecessor-version":[{"id":3352,"href":"https:\/\/semmelweis.hu\/gyogyszerhatastan\/wp-json\/wp\/v2\/pages\/332\/revisions\/3352"}],"wp:attachment":[{"href":"https:\/\/semmelweis.hu\/gyogyszerhatastan\/wp-json\/wp\/v2\/media?parent=332"}],"wp:term":[{"taxonomy":"category","embeddable":true,"href":"https:\/\/semmelweis.hu\/gyogyszerhatastan\/wp-json\/wp\/v2\/categories?post=332"},{"taxonomy":"post_tag","embeddable":true,"href":"https:\/\/semmelweis.hu\/gyogyszerhatastan\/wp-json\/wp\/v2\/tags?post=332"}],"curies":[{"name":"wp","href":"https:\/\/api.w.org\/{rel}","templated":true}]}}