{"id":3261,"date":"2022-10-23T11:31:08","date_gmt":"2022-10-23T09:31:08","guid":{"rendered":"https:\/\/semmelweis.hu\/gyogyszerhatastan\/?page_id=3261"},"modified":"2025-01-26T18:54:42","modified_gmt":"2025-01-26T17:54:42","slug":"bevezetes-a-python-programozasba","status":"publish","type":"page","link":"https:\/\/semmelweis.hu\/gyogyszerhatastan\/oktatas\/bevezetes-a-python-programozasba\/","title":{"rendered":"Bevezet\u00e9s a Python programoz\u00e1sba"},"content":{"rendered":"<p>A kurzus c\u00e9lja, hogy a teljesen kezd\u0151 szintr\u0151l indulva megismertesse a hallgat\u00f3kat a programoz\u00e1s alapjaival.<\/p>\n<p>A tant\u00e1rgy r\u00f6vid le\u00edr\u00e1sa:<br \/>\nA kurzus els\u0151 fel\u00e9ben (1.-7. h\u00e9t) algoritmiz\u00e1l\u00e1son kereszt\u00fcl gyakoroljuk a Python programoz\u00e1si nyelvet, a f\u00fcggv\u00e9ny h\u00edv\u00e1st,<br \/>\ndefini\u00e1l\u00e1st \u00e9s param\u00e9terez\u00e9st is bele\u00e9rtve.<br \/>\nA m\u00e1sodik fel\u00e9ben a kurzusnak (8.-13. h\u00e9t) a leggyakrabban haszn\u00e1lt Python modulok ker\u00fclnek p\u00e9ld\u00e1kon kereszt\u00fcl r\u00f6viden<br \/>\nbemutat\u00e1sra \u2013 a teljess\u00e9g ig\u00e9nye n\u00e9lk\u00fcl.<br \/>\nA f\u00e9l\u00e9v v\u00e9g\u00e9n betekint\u00e9st ny\u00fajtunk a g\u00e9pi tanul\u00e1s (Machine Learning) folyamat\u00e1ba is.<\/p>\n<p>A tant\u00e1rgy felel\u0151se: Dr. T\u00f3thfalusi L\u00e1szl\u00f3, egyetemi tan\u00e1r<br \/>\nTanulm\u00e1nyi felel\u0151s: Dr. Laufer Rudolf<\/p>\n","protected":false},"excerpt":{"rendered":"<p>A kurzus c\u00e9lja, hogy a teljesen kezd\u0151 szintr\u0151l indulva megismertesse a hallgat\u00f3kat a programoz\u00e1s alapjaival. A tant\u00e1rgy r\u00f6vid le\u00edr\u00e1sa: A kurzus els\u0151 fel\u00e9ben (1.-7. h\u00e9t) algoritmiz\u00e1l\u00e1son kereszt\u00fcl gyakoroljuk a Python programoz\u00e1si nyelvet, a f\u00fcggv\u00e9ny h\u00edv\u00e1st, defini\u00e1l\u00e1st \u00e9s param\u00e9terez\u00e9st is bele\u00e9rtve. A m\u00e1sodik fel\u00e9ben a kurzusnak (8.-13. h\u00e9t) a leggyakrabban haszn\u00e1lt Python modulok ker\u00fclnek p\u00e9ld\u00e1kon kereszt\u00fcl &hellip;<\/p>\n","protected":false},"author":102060,"featured_media":0,"parent":6,"menu_order":9,"comment_status":"closed","ping_status":"closed","template":"","meta":{"_acf_changed":false,"footnotes":""},"categories":[],"tags":[],"class_list":["post-3261","page","type-page","status-publish","hentry"],"acf":[],"_links":{"self":[{"href":"https:\/\/semmelweis.hu\/gyogyszerhatastan\/wp-json\/wp\/v2\/pages\/3261","targetHints":{"allow":["GET"]}}],"collection":[{"href":"https:\/\/semmelweis.hu\/gyogyszerhatastan\/wp-json\/wp\/v2\/pages"}],"about":[{"href":"https:\/\/semmelweis.hu\/gyogyszerhatastan\/wp-json\/wp\/v2\/types\/page"}],"author":[{"embeddable":true,"href":"https:\/\/semmelweis.hu\/gyogyszerhatastan\/wp-json\/wp\/v2\/users\/102060"}],"replies":[{"embeddable":true,"href":"https:\/\/semmelweis.hu\/gyogyszerhatastan\/wp-json\/wp\/v2\/comments?post=3261"}],"version-history":[{"count":6,"href":"https:\/\/semmelweis.hu\/gyogyszerhatastan\/wp-json\/wp\/v2\/pages\/3261\/revisions"}],"predecessor-version":[{"id":3558,"href":"https:\/\/semmelweis.hu\/gyogyszerhatastan\/wp-json\/wp\/v2\/pages\/3261\/revisions\/3558"}],"up":[{"embeddable":true,"href":"https:\/\/semmelweis.hu\/gyogyszerhatastan\/wp-json\/wp\/v2\/pages\/6"}],"wp:attachment":[{"href":"https:\/\/semmelweis.hu\/gyogyszerhatastan\/wp-json\/wp\/v2\/media?parent=3261"}],"wp:term":[{"taxonomy":"category","embeddable":true,"href":"https:\/\/semmelweis.hu\/gyogyszerhatastan\/wp-json\/wp\/v2\/categories?post=3261"},{"taxonomy":"post_tag","embeddable":true,"href":"https:\/\/semmelweis.hu\/gyogyszerhatastan\/wp-json\/wp\/v2\/tags?post=3261"}],"curies":[{"name":"wp","href":"https:\/\/api.w.org\/{rel}","templated":true}]}}