{"id":3254,"date":"2022-10-23T11:20:06","date_gmt":"2022-10-23T09:20:06","guid":{"rendered":"https:\/\/semmelweis.hu\/gyogyszerhatastan\/?page_id=3254"},"modified":"2023-02-07T12:15:46","modified_gmt":"2023-02-07T11:15:46","slug":"statistik-fuer-pharmazeuten","status":"publish","type":"page","link":"https:\/\/semmelweis.hu\/gyogyszerhatastan\/de\/lehrtaetigkeit\/statistik-fuer-pharmazeuten\/","title":{"rendered":"Statistik f\u00fcr Pharmazeuten"},"content":{"rendered":"<p>Ziel der Lehrveranstaltung Statistik f\u00fcr Apotheker ist es, einen \u00dcberblick \u00fcber die statistischen Methoden im Zusammenhang mit pharmazeutischen Fachrichtungen zu geben. In den Vorlesungen werden die theoretischen Grundlagen statistischer Methoden anhand von klinischen Arzneimitteltests und Beispielen aus der Forschung veranschaulicht. Das Thema der \u00dcbungen ist eng mit den Vorlesungen verbunden und der Fokus liegt auf der L\u00f6sung konkreter Aufgabenstellungen in der R-Programmierumgebung.<\/p>\n<p>Die Lernhilfen und Abbildungen sind auf der <a href=\"https:\/\/itc.semmelweis.hu\">MOODLE-Seite<\/a> erh\u00e4ltlich!<\/p>\n","protected":false},"excerpt":{"rendered":"<p>Ziel der Lehrveranstaltung Statistik f\u00fcr Apotheker ist es, einen \u00dcberblick \u00fcber die statistischen Methoden im Zusammenhang mit pharmazeutischen Fachrichtungen zu geben. In den Vorlesungen werden die theoretischen Grundlagen statistischer Methoden anhand von klinischen Arzneimitteltests und Beispielen aus der Forschung veranschaulicht. Das Thema der \u00dcbungen ist eng mit den Vorlesungen verbunden und der Fokus liegt auf &hellip;<\/p>\n","protected":false},"author":102060,"featured_media":0,"parent":3232,"menu_order":5,"comment_status":"closed","ping_status":"closed","template":"","meta":{"_acf_changed":false,"footnotes":""},"categories":[],"tags":[],"class_list":["post-3254","page","type-page","status-publish","hentry"],"acf":[],"_links":{"self":[{"href":"https:\/\/semmelweis.hu\/gyogyszerhatastan\/wp-json\/wp\/v2\/pages\/3254","targetHints":{"allow":["GET"]}}],"collection":[{"href":"https:\/\/semmelweis.hu\/gyogyszerhatastan\/wp-json\/wp\/v2\/pages"}],"about":[{"href":"https:\/\/semmelweis.hu\/gyogyszerhatastan\/wp-json\/wp\/v2\/types\/page"}],"author":[{"embeddable":true,"href":"https:\/\/semmelweis.hu\/gyogyszerhatastan\/wp-json\/wp\/v2\/users\/102060"}],"replies":[{"embeddable":true,"href":"https:\/\/semmelweis.hu\/gyogyszerhatastan\/wp-json\/wp\/v2\/comments?post=3254"}],"version-history":[{"count":4,"href":"https:\/\/semmelweis.hu\/gyogyszerhatastan\/wp-json\/wp\/v2\/pages\/3254\/revisions"}],"predecessor-version":[{"id":3393,"href":"https:\/\/semmelweis.hu\/gyogyszerhatastan\/wp-json\/wp\/v2\/pages\/3254\/revisions\/3393"}],"up":[{"embeddable":true,"href":"https:\/\/semmelweis.hu\/gyogyszerhatastan\/wp-json\/wp\/v2\/pages\/3232"}],"wp:attachment":[{"href":"https:\/\/semmelweis.hu\/gyogyszerhatastan\/wp-json\/wp\/v2\/media?parent=3254"}],"wp:term":[{"taxonomy":"category","embeddable":true,"href":"https:\/\/semmelweis.hu\/gyogyszerhatastan\/wp-json\/wp\/v2\/categories?post=3254"},{"taxonomy":"post_tag","embeddable":true,"href":"https:\/\/semmelweis.hu\/gyogyszerhatastan\/wp-json\/wp\/v2\/tags?post=3254"}],"curies":[{"name":"wp","href":"https:\/\/api.w.org\/{rel}","templated":true}]}}