{"id":3252,"date":"2022-10-23T11:20:06","date_gmt":"2022-10-23T09:20:06","guid":{"rendered":"https:\/\/semmelweis.hu\/gyogyszerhatastan\/?page_id=3252"},"modified":"2025-01-26T18:53:59","modified_gmt":"2025-01-26T17:53:59","slug":"bioanalitika","status":"publish","type":"page","link":"https:\/\/semmelweis.hu\/gyogyszerhatastan\/oktatas\/bioanalitika\/","title":{"rendered":"Bioanalitikai vizsg\u00e1l\u00f3m\u00f3dszerek \u00e9s gyakorlati alkalmaz\u00e1suk a farmakol\u00f3gi\u00e1ban"},"content":{"rendered":"<p>A tant\u00e1rgy c\u00e9lja a gy\u00f3gyszerkutat\u00e1s, els\u0151sorban k\u00eds\u00e9rletes farmakol\u00f3gia m\u00f3dszertana ir\u00e1nt \u00e9rdekl\u0151d\u0151 hallgat\u00f3k megismertet\u00e9se a leggyakrabban alkalmazott bioanalitikai vizsg\u00e1l\u00f3 m\u00f3dszerek alkalmaz\u00e1s\u00e1nak gyakorlat\u00e1val.<\/p>\n<p>A kurzus sor\u00e1n bemutatjuk a farmakol\u00f3giai kutat\u00e1sok sor\u00e1n leggyakrabban alkalmazott bioanalitikai vizsg\u00e1l\u00f3mdszereket, k\u00fcl\u00f6n\u00f6s hangs\u00falyt fektetve haszn\u00e1latuk gyakorlati k\u00e9rd\u00e9seire. A gyakorlatok sor\u00e1n a hallgat\u00f3knak kell kivitelezni \u00e9s ki\u00e9rt\u00e9kelni az elm\u00e9leti \u00f3r\u00e1k sor\u00e1n bemutatott metodik\u00e1kat.\n<\/p>\n<p>A tant\u00e1rgy felel\u0151se: Dr. T\u00e1bi Tam\u00e1s, egyetemi docens<br \/>\nTanulm\u00e1nyi felel\u0151s: Dr. Laufer Rudolf<\/p>\n","protected":false},"excerpt":{"rendered":"<p>A tant\u00e1rgy c\u00e9lja a gy\u00f3gyszerkutat\u00e1s, els\u0151sorban k\u00eds\u00e9rletes farmakol\u00f3gia m\u00f3dszertana ir\u00e1nt \u00e9rdekl\u0151d\u0151 hallgat\u00f3k megismertet\u00e9se a leggyakrabban alkalmazott bioanalitikai vizsg\u00e1l\u00f3 m\u00f3dszerek alkalmaz\u00e1s\u00e1nak gyakorlat\u00e1val. A kurzus sor\u00e1n bemutatjuk a farmakol\u00f3giai kutat\u00e1sok sor\u00e1n leggyakrabban alkalmazott bioanalitikai vizsg\u00e1l\u00f3mdszereket, k\u00fcl\u00f6n\u00f6s hangs\u00falyt fektetve haszn\u00e1latuk gyakorlati k\u00e9rd\u00e9seire. A gyakorlatok sor\u00e1n a hallgat\u00f3knak kell kivitelezni \u00e9s ki\u00e9rt\u00e9kelni az elm\u00e9leti \u00f3r\u00e1k sor\u00e1n bemutatott metodik\u00e1kat. A &hellip;<\/p>\n","protected":false},"author":102060,"featured_media":0,"parent":6,"menu_order":8,"comment_status":"closed","ping_status":"closed","template":"","meta":{"_acf_changed":false,"footnotes":""},"categories":[],"tags":[],"class_list":["post-3252","page","type-page","status-publish","hentry"],"acf":[],"_links":{"self":[{"href":"https:\/\/semmelweis.hu\/gyogyszerhatastan\/wp-json\/wp\/v2\/pages\/3252","targetHints":{"allow":["GET"]}}],"collection":[{"href":"https:\/\/semmelweis.hu\/gyogyszerhatastan\/wp-json\/wp\/v2\/pages"}],"about":[{"href":"https:\/\/semmelweis.hu\/gyogyszerhatastan\/wp-json\/wp\/v2\/types\/page"}],"author":[{"embeddable":true,"href":"https:\/\/semmelweis.hu\/gyogyszerhatastan\/wp-json\/wp\/v2\/users\/102060"}],"replies":[{"embeddable":true,"href":"https:\/\/semmelweis.hu\/gyogyszerhatastan\/wp-json\/wp\/v2\/comments?post=3252"}],"version-history":[{"count":8,"href":"https:\/\/semmelweis.hu\/gyogyszerhatastan\/wp-json\/wp\/v2\/pages\/3252\/revisions"}],"predecessor-version":[{"id":3557,"href":"https:\/\/semmelweis.hu\/gyogyszerhatastan\/wp-json\/wp\/v2\/pages\/3252\/revisions\/3557"}],"up":[{"embeddable":true,"href":"https:\/\/semmelweis.hu\/gyogyszerhatastan\/wp-json\/wp\/v2\/pages\/6"}],"wp:attachment":[{"href":"https:\/\/semmelweis.hu\/gyogyszerhatastan\/wp-json\/wp\/v2\/media?parent=3252"}],"wp:term":[{"taxonomy":"category","embeddable":true,"href":"https:\/\/semmelweis.hu\/gyogyszerhatastan\/wp-json\/wp\/v2\/categories?post=3252"},{"taxonomy":"post_tag","embeddable":true,"href":"https:\/\/semmelweis.hu\/gyogyszerhatastan\/wp-json\/wp\/v2\/tags?post=3252"}],"curies":[{"name":"wp","href":"https:\/\/api.w.org\/{rel}","templated":true}]}}