{"id":3242,"date":"2013-08-27T11:29:56","date_gmt":"2013-08-27T09:29:56","guid":{"rendered":"https:\/\/semmelweis.hu\/gyogyszerhatastan\/?page_id=3242"},"modified":"2023-02-07T11:03:57","modified_gmt":"2023-02-07T10:03:57","slug":"pharmakologie-und-toxikologie","status":"publish","type":"page","link":"https:\/\/semmelweis.hu\/gyogyszerhatastan\/de\/lehrtaetigkeit\/pharmakologie-und-toxikologie\/","title":{"rendered":"Pharmakologie und Toxikologie"},"content":{"rendered":"<p>Wir unterrichten Pharmakologie und Toxikologie in 112 Vorlesungsstunden und 84 Seminarstunden auf der Grundlage der modernsten Lehrb\u00fccher, die international anerkannt sind. In der Ausbildung legen wir besonderen Wert auf den Verbleib von Arzneimitteln im K\u00f6rper, die Wirkungsweise von Arzneimitteln und die Aufkl\u00e4rung \u00fcber moderne therapeutische Indikationen und Nebenwirkungen. In der Vermittlung der Grundlagen der Toxikologie besch\u00e4ftigen wir uns neben der toxischen Wirkung von Arzneimitteln mit umwelttoxikologischen Fragestellungen und den h\u00e4ufigsten akuten und chronischen Vergiftungen.<\/p>\n<p><strong>Anforderungen:<\/strong><\/p>\n<p>2 Vorlesungen und 2 Seminare pro Woche im 6. Semester, je 3-3 Vorlesungen und je 2-2 Seminare pro Woche im 7. und 8. Semester.<\/p>\n<p>Die Lernhilfen und Abbildungen sind auf der <a href=\"https:\/\/itc.semmelweis.hu\">MOODLE-Seite<\/a> erh\u00e4ltlich!<\/p>\n","protected":false},"excerpt":{"rendered":"<p>Wir unterrichten Pharmakologie und Toxikologie in 112 Vorlesungsstunden und 84 Seminarstunden auf der Grundlage der modernsten Lehrb\u00fccher, die international anerkannt sind. In der Ausbildung legen wir besonderen Wert auf den Verbleib von Arzneimitteln im K\u00f6rper, die Wirkungsweise von Arzneimitteln und die Aufkl\u00e4rung \u00fcber moderne therapeutische Indikationen und Nebenwirkungen. In der Vermittlung der Grundlagen der Toxikologie &hellip;<\/p>\n","protected":false},"author":102060,"featured_media":0,"parent":3232,"menu_order":1,"comment_status":"closed","ping_status":"closed","template":"","meta":{"_acf_changed":false,"footnotes":""},"categories":[],"tags":[],"class_list":["post-3242","page","type-page","status-publish","hentry"],"acf":[],"_links":{"self":[{"href":"https:\/\/semmelweis.hu\/gyogyszerhatastan\/wp-json\/wp\/v2\/pages\/3242","targetHints":{"allow":["GET"]}}],"collection":[{"href":"https:\/\/semmelweis.hu\/gyogyszerhatastan\/wp-json\/wp\/v2\/pages"}],"about":[{"href":"https:\/\/semmelweis.hu\/gyogyszerhatastan\/wp-json\/wp\/v2\/types\/page"}],"author":[{"embeddable":true,"href":"https:\/\/semmelweis.hu\/gyogyszerhatastan\/wp-json\/wp\/v2\/users\/102060"}],"replies":[{"embeddable":true,"href":"https:\/\/semmelweis.hu\/gyogyszerhatastan\/wp-json\/wp\/v2\/comments?post=3242"}],"version-history":[{"count":7,"href":"https:\/\/semmelweis.hu\/gyogyszerhatastan\/wp-json\/wp\/v2\/pages\/3242\/revisions"}],"predecessor-version":[{"id":3360,"href":"https:\/\/semmelweis.hu\/gyogyszerhatastan\/wp-json\/wp\/v2\/pages\/3242\/revisions\/3360"}],"up":[{"embeddable":true,"href":"https:\/\/semmelweis.hu\/gyogyszerhatastan\/wp-json\/wp\/v2\/pages\/3232"}],"wp:attachment":[{"href":"https:\/\/semmelweis.hu\/gyogyszerhatastan\/wp-json\/wp\/v2\/media?parent=3242"}],"wp:term":[{"taxonomy":"category","embeddable":true,"href":"https:\/\/semmelweis.hu\/gyogyszerhatastan\/wp-json\/wp\/v2\/categories?post=3242"},{"taxonomy":"post_tag","embeddable":true,"href":"https:\/\/semmelweis.hu\/gyogyszerhatastan\/wp-json\/wp\/v2\/tags?post=3242"}],"curies":[{"name":"wp","href":"https:\/\/api.w.org\/{rel}","templated":true}]}}