{"id":3224,"date":"2014-02-04T14:43:31","date_gmt":"2014-02-04T13:43:31","guid":{"rendered":"https:\/\/semmelweis.hu\/gyogyszerhatastan\/?page_id=3224"},"modified":"2022-10-23T10:39:50","modified_gmt":"2022-10-23T08:39:50","slug":"ueber-uns","status":"publish","type":"page","link":"https:\/\/semmelweis.hu\/gyogyszerhatastan\/de\/ueber-uns\/","title":{"rendered":"\u00dcber uns"},"content":{"rendered":"<p>Das j\u00fcngste Institut der Fakult\u00e4t von Pharmazie ist in 1979 begr\u00fcndet worden. Seine wichtigste Aufgabe war die Verst\u00e4rkung der Lehre von medizinbiologischen F\u00e4chern f\u00fcr Pharmaziestudenten. Unser Hauptfach ist <em>Pharmakologie und Toxikologie<\/em>, aber auch <em>Grundlagen der Pathophysiologie und klinischen Pharmakologie<\/em> , <em>Pharmakotherapie<\/em> und zwei Pflichtwahlf\u00e4cher werden an unserem Institut unterrichtet. Zus\u00e4tzlich spielt unser Lehrpersonal eine wesentliche Rolle an der Fortbildung von Pharmazisten.<\/p>\n<p>Das Institut nimmt in PhD Programmen der Universit\u00e4t teil und wir beteiligen uns mit unseren zahlreichen Publikationen auch an den niveauvollen Forschungen der Universit\u00e4t. Unser Forschungsschwerpunkt ist das Zentralnervensystem.<\/p>\n","protected":false},"excerpt":{"rendered":"<p>Das j\u00fcngste Institut der Fakult\u00e4t von Pharmazie ist in 1979 begr\u00fcndet worden. Seine wichtigste Aufgabe war die Verst\u00e4rkung der Lehre von medizinbiologischen F\u00e4chern f\u00fcr Pharmaziestudenten. Unser Hauptfach ist Pharmakologie und Toxikologie, aber auch Grundlagen der Pathophysiologie und klinischen Pharmakologie , Pharmakotherapie und zwei Pflichtwahlf\u00e4cher werden an unserem Institut unterrichtet. Zus\u00e4tzlich spielt unser Lehrpersonal eine wesentliche &hellip;<\/p>\n","protected":false},"author":102060,"featured_media":0,"parent":0,"menu_order":0,"comment_status":"closed","ping_status":"closed","template":"","meta":{"_acf_changed":false,"footnotes":""},"categories":[],"tags":[],"class_list":["post-3224","page","type-page","status-publish","hentry"],"acf":[],"_links":{"self":[{"href":"https:\/\/semmelweis.hu\/gyogyszerhatastan\/wp-json\/wp\/v2\/pages\/3224","targetHints":{"allow":["GET"]}}],"collection":[{"href":"https:\/\/semmelweis.hu\/gyogyszerhatastan\/wp-json\/wp\/v2\/pages"}],"about":[{"href":"https:\/\/semmelweis.hu\/gyogyszerhatastan\/wp-json\/wp\/v2\/types\/page"}],"author":[{"embeddable":true,"href":"https:\/\/semmelweis.hu\/gyogyszerhatastan\/wp-json\/wp\/v2\/users\/102060"}],"replies":[{"embeddable":true,"href":"https:\/\/semmelweis.hu\/gyogyszerhatastan\/wp-json\/wp\/v2\/comments?post=3224"}],"version-history":[{"count":2,"href":"https:\/\/semmelweis.hu\/gyogyszerhatastan\/wp-json\/wp\/v2\/pages\/3224\/revisions"}],"predecessor-version":[{"id":3230,"href":"https:\/\/semmelweis.hu\/gyogyszerhatastan\/wp-json\/wp\/v2\/pages\/3224\/revisions\/3230"}],"wp:attachment":[{"href":"https:\/\/semmelweis.hu\/gyogyszerhatastan\/wp-json\/wp\/v2\/media?parent=3224"}],"wp:term":[{"taxonomy":"category","embeddable":true,"href":"https:\/\/semmelweis.hu\/gyogyszerhatastan\/wp-json\/wp\/v2\/categories?post=3224"},{"taxonomy":"post_tag","embeddable":true,"href":"https:\/\/semmelweis.hu\/gyogyszerhatastan\/wp-json\/wp\/v2\/tags?post=3224"}],"curies":[{"name":"wp","href":"https:\/\/api.w.org\/{rel}","templated":true}]}}