{"id":32,"date":"2020-07-17T10:43:24","date_gmt":"2020-07-17T08:43:24","guid":{"rendered":"https:\/\/semmelweis.hu\/trajectome\/?page_id=32"},"modified":"2020-07-17T10:43:24","modified_gmt":"2020-07-17T08:43:24","slug":"mediamegjelenes","status":"publish","type":"page","link":"https:\/\/semmelweis.hu\/gyogyszerhatastan\/kutatas-fejlesztes\/korabbi-palyazatok\/trajectome\/mediamegjelenes\/","title":{"rendered":"M\u00e9diamegjelen\u00e9s"},"content":{"rendered":"<h2 style=\"text-align: center\">Tudom\u00e1nyos ismeretterjeszt\u00e9s<\/h2>\n<h2>2024<\/h2>\n<p>Klubr\u00e1di\u00f3: T\u00e9rk\u00e9pre tett\u00e9k a depresszi\u00f3 t\u00e1rsbetegs\u00e9geit a M\u0171egyetem bioinformatikusai \u2013 Dr. Juh\u00e1sz Gabriella, a Semmelweis Egyetem Gy\u00f3gyszerhat\u00e1stani Int\u00e9zet\u00e9nek egyetemi docense<br \/>\n<a href=\"https:\/\/www.klubradio.hu\/archivum\/reggeli-gyors-2024-augusztus-29-csutortok-0600-43357\">https:\/\/www.klubradio.hu\/archivum\/reggeli-gyors-2024-augusztus-29-csutortok-0600-43357<\/a> (127:35 perct\u0151l)<\/p>\n<p>M1: Ma reggel 2024. augusztus 31.<br \/>\n<a href=\"https:\/\/mediaklikk.hu\/video\/ma-reggel-2024-08-31-i-adas-2\/\">https:\/\/mediaklikk.hu\/video\/ma-reggel-2024-08-31-i-adas-2\/<\/a><\/p>\n<h2>2023<\/h2>\n<p>Tudom\u00e1nyos el\u0151ad\u00e1s: Systems Medicine subject of the 2023 Master of Clinical Research, University of Barcelona, Spain. Rub\u00e8n Gonz\u00e1lez-Colom. Presentation entitled: Health risk assessment in somatic and mental comorbidities: population-based studies in Catalonia<br \/>\n<a href=\"http:\/\/grad.ub.edu\/grad3\/plae\/AccesInformePDInfes?curs=2021&amp;assig=571527&amp;ens=M280D&amp;recurs=pladocent&amp;n2=1&amp;idioma=CAT\">http:\/\/grad.ub.edu\/grad3\/plae\/AccesInformePDInfes?curs=2021&amp;assig=571527&amp;ens=M280D&amp;recurs=pladocent&amp;n2=1&amp;idioma=CAT<\/a><\/p>\n<h2>2022<\/h2>\n<p>NAGY TAM\u00c1S \u2013 PETSCHNER ANNA \u2013 ANTAL P\u00c9TER: Bioinformatika mesters\u00e9ges intelligenci\u00e1val, avagy g\u00e9nekt\u0151l a g\u00e9pekig \u2013 G\u00e9nekt\u0151l a l\u00e9lekig \u2013 \u00d6tlett\u0151l a projektig. Term\u00e9szet Vil\u00e1ga cikksorozat<br \/>\n<a href=\"https:\/\/termvil.hu\/2022\/03\/03\/2022-marciusi-szamunkbol\/\">https:\/\/termvil.hu\/2022\/03\/03\/2022-marciusi-szamunkbol\/<\/a><\/p>\n<p>Tudom\u00e1nyos el\u0151ad\u00e1s: Systems Medicine subject of the 2022 Master of Clinical Research, University of Barcelona, Spain. Rub\u00e8n Gonz\u00e1lez-Colom. Presentation entitled: Health risk assessment in somatic and mental comorbidities: population-based studies in Catalonia<br \/>\n<a href=\"http:\/\/grad.ub.edu\/grad3\/plae\/AccesInformePDInfes?curs=2021&amp;assig=571527&amp;ens=M280D&amp;recurs=pladocent&amp;n2=1&amp;idioma=CAT\">http:\/\/grad.ub.edu\/grad3\/plae\/AccesInformePDInfes?curs=2021&amp;assig=571527&amp;ens=M280D&amp;recurs=pladocent&amp;n2=1&amp;idioma=CAT<\/a><\/p>\n<h2>2021<\/h2>\n<p>A Gy\u00f3gyszerhat\u00e1stani Int\u00e9zet bemutatkoz\u00e1sa (Dr. Juh\u00e1sz Gabriella, dr. Gecse Kinga \u00e9s Baksa D\u00e1niel el\u0151ad\u00e1sa)<\/p>\n<p>Genetika? Agykutat\u00e1s? Betegs\u00e9gek vagy a viselked\u00e9s kutat\u00e1sa? Mesters\u00e9ges intelligencia? Ha b\u00e1rmelyik t\u00e9mak\u00f6r felkeltette az \u00e9rdekl\u0151d\u00e9sed, j\u00f3 helyen j\u00e1rsz, mert a Gy\u00f3gyszerhat\u00e1stani Int\u00e9zetben mindegyikkel foglalkozunk. Kutat\u00e1saink sor\u00e1n a bioinformatika eszk\u00f6zeit alkalmazva vizsg\u00e1ljuk olyan gyakori betegs\u00e9gek h\u00e1tter\u00e9t, mint a depresszi\u00f3 \u00e9s a migr\u00e9nes fejf\u00e1j\u00e1s. Kerpel-Fronius \u00d6d\u00f6n Tehets\u00e9gnap (Kerpel-Fronius \u00d6d\u00f6n Tehets\u00e9ggondoz\u00f3 Program, 2021.01.16.)<br \/>\n<a href=\"https:\/\/semmelweis.hu\/gyogyszerhatastan\/kerpel\/bemutatkozas\/online-nyilt-nap\/\">https:\/\/semmelweis.hu\/gyogyszerhatastan\/kerpel\/bemutatkozas\/online-nyilt-nap\/<\/a><\/p>\n<p>Juh\u00e1sz Gabriella, Baksa D\u00e1niel, Gecse Kinga, Eszl\u00e1ri N\u00f3ra: Bioinformatika a gyakorlatban: m\u00f3dszer az apr\u00f3 molekul\u00e1t\u00f3l a bonyolult betegs\u00e9gekig \u2013 A Gy\u00f3gyszerhat\u00e1stani Int\u00e9zet munk\u00e1ja sor\u00e1n. Semmelweis Egyetem Online Ny\u00edlt Nap, Kerpel-szoba: Kerpel-Fronius \u00d6d\u00f6n Tehets\u00e9ggondoz\u00f3 Program, 2021.01.16.<\/p>\n<p><strong>Term\u00e9szet Vil\u00e1ga<\/strong><\/p>\n<p>PAPP NO\u00c9MI \u2013 BAKSA D\u00c1NIEL \u2013 KONCZ SZABOLCS: Alv\u00e1svizsg\u00e1latokkal a depresszi\u00f3 nyom\u00e1ban \u2013 G\u00e9nt\u0151l a l\u00e9lekig: \u00f6tlett\u0151l a projektig: mit mutat az EEG? Term\u00e9szet Vil\u00e1ga cikksorozat<br \/>\n<a href=\"https:\/\/termvil.hu\/2021\/05\/06\/2021-majusi-szamunkbol\/\">https:\/\/termvil.hu\/2021\/05\/06\/2021-majusi-szamunkbol\/<\/a><\/p>\n<p><strong>K\u00f6z\u00f6ss\u00e9gi m\u00e9dia megjelen\u00e9s<\/strong><\/p>\n<p><a href=\"https:\/\/twitter.com\/idibaps\/status\/1384823585907281921?s=20\">https:\/\/twitter.com\/idibaps\/status\/1384823585907281921?s=20<\/a><\/p>\n<p><a href=\"https:\/\/www.facebook.com\/idibaps\/photos\/a.10151289594763653\/10159572539928653\/\">https:\/\/www.facebook.com\/idibaps\/photos\/a.10151289594763653\/10159572539928653\/<\/a><\/p>\n<p><a href=\"https:\/\/www.linkedin.com\/posts\/idibaps_el-projecte-trajectome-compleix-un-any-el-activity-6790588566276730881-B69H\">https:\/\/www.linkedin.com\/posts\/idibaps_el-projecte-trajectome-compleix-un-any-el-activity-6790588566276730881-B69H<\/a><\/p>\n<p>Kutat\u00f3k \u00e9jszak\u00e1ja (2021. szeptember 24-25)<\/p>\n<ol>\n<li>Baksa D\u00e1niel, Eszl\u00e1ri N\u00f3ra, Petschner P\u00e9ter: Depresszi\u00f3|s|ok \u2013 A g\u00e9nekt\u0151l a depresszi\u00f3ig<br \/>\n<a href=\"https:\/\/app.kutatokejszakaja.hu\/esemenyek\/semmelweis-egyetem\/depressziosok-a-genektol-a-depresszioig\">https:\/\/app.kutatokejszakaja.hu\/esemenyek\/semmelweis-egyetem\/depressziosok-a-genektol-a-depresszioig<\/a><\/li>\n<\/ol>\n<ol start=\"2\">\n<li>Gonda X\u00e9nia: Es\u0151 veri, sz\u00e9l f\u00fajja, nap sz\u00edvja: A depresszi\u00f3 h\u00e1tter\u00e9ben \u00e1ll\u00f3 g\u00e9n-k\u00f6rnyezet k\u00f6lcs\u00f6nhat\u00e1sokr\u00f3l<br \/>\n<a href=\"https:\/\/app.kutatokejszakaja.hu\/esemenyek\/semmelweis-egyetem\/eso-veri-szel-fujja-nap-szivja-a-depresszio-hattereben-allo-gen-kornyezet-kolcsonhatasokrol\">https:\/\/app.kutatokejszakaja.hu\/esemenyek\/semmelweis-egyetem\/eso-veri-szel-fujja-nap-szivja-a-depresszio-hattereben-allo-gen-kornyezet-kolcsonhatasokrol<\/a><\/li>\n<\/ol>\n<ol start=\"3\">\n<li>Eszl\u00e1ri N\u00f3ra: Mi a k\u00f6z\u00f6s benn\u00fcnk \u00e9s a tehenekben? \u2013 A (rossz \u00e9lm\u00e9nyeken val\u00f3) r\u00e1g\u00f3d\u00e1s alapjai<br \/>\n<a href=\"https:\/\/app.kutatokejszakaja.hu\/esemenyek\/semmelweis-egyetem\/mi-a-kozos-bennunk-es-a-tehenekben-a-rossz-elmenyeken-valo-ragodas-alapjai\">https:\/\/app.kutatokejszakaja.hu\/esemenyek\/semmelweis-egyetem\/mi-a-kozos-bennunk-es-a-tehenekben-a-rossz-elmenyeken-valo-ragodas-alapjai<\/a><\/li>\n<\/ol>\n<h2>2020<\/h2>\n<p>Kutat\u00f3k \u00c9jszak\u00e1ja 2020 (Budapest)<\/p>\n<ol>\n<li>Eszl\u00e1ri N\u00f3ra \u2013 MI A K\u00d6Z\u00d6S BENN\u00dcNK \u00c9S A TEHENEKBEN? \u2013 A (ROSSZ \u00c9LM\u00c9NYEKEN VAL\u00d3) R\u00c1G\u00d3D\u00c1S ALAPJAI<br \/>\n<a href=\"https:\/\/kutatokejszakaja.hu\/event\/mi-a-kozos-bennunk-es-a-tehenekben-a-rossz-elmenyeken-valo-ragodas-alapjai-1\">https:\/\/kutatokejszakaja.hu\/event\/mi-a-kozos-bennunk-es-a-tehenekben-a-rossz-elmenyeken-valo-ragodas-alapjai-1<\/a><\/li>\n<\/ol>\n<ol start=\"2\">\n<li>Gonda X\u00e9nia \u2013 ES\u0150 VERI, SZ\u00c9L F\u00daJJA, NAP SZ\u00cdVJA: KIS K\u00d6RNYEZETISMERET \u00d3RA A DEPRESSZI\u00d3 H\u00c1TTER\u00c9R\u0150L<br \/>\n<a href=\"https:\/\/kutatokejszakaja.hu\/event\/eso-veri-szel-fujja-nap-szivja-kis-kornyezetismeret-ora-a-depresszio-hattererol\">https:\/\/kutatokejszakaja.hu\/event\/eso-veri-szel-fujja-nap-szivja-kis-kornyezetismeret-ora-a-depresszio-hattererol<\/a><\/li>\n<\/ol>\n<ol start=\"3\">\n<li>Baksa D\u00e1niel \u2013 DEPRESSZI\u00d3|S|OK \u2013 A G\u00c9NEKT\u0150L A DEPRESSZI\u00d3IG<br \/>\n<a href=\"https:\/\/kutatokejszakaja.hu\/event\/depressziosok-a-genektol-a-depresszioig-1\">https:\/\/kutatokejszakaja.hu\/event\/depressziosok-a-genektol-a-depresszioig-1<\/a><\/li>\n<\/ol>\n<p>PETSCHNER ANNA \u2013 BAGDY GY\u00d6RGY: G\u00e9nt\u0151l a l\u00e9lekig \u2013 \u00f6tlett\u0151l a projektig \u2013 Tudom\u00e1ny, tud\u00f3sok \u00e9s ahogy besz\u00e9l\u00fcnk r\u00f3luk. Term\u00e9szet Vil\u00e1ga cikksorozat<br \/>\n<a href=\"https:\/\/termvil.hu\/2020\/09\/07\/2020-szeptemberi-szamunkbol\/\">https:\/\/termvil.hu\/2020\/09\/07\/2020-szeptemberi-szamunkbol\/<\/a><\/p>\n<p>PETSCHNER ANNA \u2013 BAGDY GY\u00d6RGY: Komplex kutat\u00e1s kezd\u0151dik \u2013 G\u00e9nt\u0151l a l\u00e9lekig \u2013 \u00d6tlett\u0151l a projektig. Term\u00e9szet Vil\u00e1ga cikksorozat<br \/>\n<a href=\"https:\/\/termvil.hu\/2020\/10\/05\/2020-oktoberi-szamunkbol\/\">https:\/\/termvil.hu\/2020\/10\/05\/2020-oktoberi-szamunkbol\/<\/a><\/p>\n<p>GECSE KINGA \u2013 PETSCHNER ANNA \u2013 JUH\u00c1SZ GABRIELLA: Biomarker-kutat\u00e1sok \u00e9s a migr\u00e9n \u2013 G\u00e9nt\u0151l a l\u00e9lekig \u2013 \u00f6tlett\u0151l a projektig. Term\u00e9szet Vil\u00e1ga cikksorozat<br \/>\n<a href=\"https:\/\/termvil.hu\/2020\/11\/05\/2020-novemberi-szamunkbol\/\">https:\/\/termvil.hu\/2020\/11\/05\/2020-novemberi-szamunkbol\/<\/a><\/p>\n<p>ESZL\u00c1RI N\u00d3RA \u2013 PETSCHNER ANNA \u2013 JUH\u00c1SZ GABRIELLA: Mindenhat\u00f3 g\u00e9nek? \u2013 G\u00e9nt\u0151l a l\u00e9lekig \u2013 \u00d6tlett\u0151l a projektig. Term\u00e9szet Vil\u00e1ga cikksorozat<br \/>\n<a href=\"https:\/\/termvil.hu\/2020\/12\/03\/2020-decemberi-szamunkbol\/\">https:\/\/termvil.hu\/2020\/12\/03\/2020-decemberi-szamunkbol\/<\/a><\/p>\n","protected":false},"excerpt":{"rendered":"<p>Tudom\u00e1nyos ismeretterjeszt\u00e9s 2024 Klubr\u00e1di\u00f3: T\u00e9rk\u00e9pre tett\u00e9k a depresszi\u00f3 t\u00e1rsbetegs\u00e9geit a M\u0171egyetem bioinformatikusai \u2013 Dr. Juh\u00e1sz Gabriella, a Semmelweis Egyetem Gy\u00f3gyszerhat\u00e1stani Int\u00e9zet\u00e9nek egyetemi docense <a href=\"https:\/\/www.klubradio.hu\/archivum\/reggeli-gyors-2024-augusztus-29-csutortok-0600-43357\">https:\/\/www.klubradio.hu\/archivum\/reggeli-gyors-2024-augusztus-29-csutortok-0600-43357<\/a> (127:35 perct\u0151l) M1: Ma reggel 2024. augusztus 31. <a href=\"https:\/\/mediaklikk.hu\/video\/ma-reggel-2024-08-31-i-adas-2\/\">https:\/\/mediaklikk.hu\/video\/ma-reggel-2024-08-31-i-adas-2\/<\/a> 2023 Tudom\u00e1nyos el\u0151ad\u00e1s: Systems Medicine subject of the 2023 Master of Clinical Research, University of Barcelona, Spain. Rub\u00e8n Gonz\u00e1lez-Colom. Presentation entitled: Health risk assessment &hellip;<\/p>\n","protected":false},"author":101145,"featured_media":0,"parent":28,"menu_order":4,"comment_status":"closed","ping_status":"closed","template":"template-fullwidth.php","meta":{"_acf_changed":false,"footnotes":""},"categories":[],"tags":[],"class_list":["post-32","page","type-page","status-publish","hentry"],"acf":[],"_links":{"self":[{"href":"https:\/\/semmelweis.hu\/gyogyszerhatastan\/wp-json\/wp\/v2\/pages\/32","targetHints":{"allow":["GET"]}}],"collection":[{"href":"https:\/\/semmelweis.hu\/gyogyszerhatastan\/wp-json\/wp\/v2\/pages"}],"about":[{"href":"https:\/\/semmelweis.hu\/gyogyszerhatastan\/wp-json\/wp\/v2\/types\/page"}],"author":[{"embeddable":true,"href":"https:\/\/semmelweis.hu\/gyogyszerhatastan\/wp-json\/wp\/v2\/users\/101145"}],"replies":[{"embeddable":true,"href":"https:\/\/semmelweis.hu\/gyogyszerhatastan\/wp-json\/wp\/v2\/comments?post=32"}],"version-history":[{"count":0,"href":"https:\/\/semmelweis.hu\/gyogyszerhatastan\/wp-json\/wp\/v2\/pages\/32\/revisions"}],"up":[{"embeddable":true,"href":"https:\/\/semmelweis.hu\/gyogyszerhatastan\/wp-json\/wp\/v2\/pages\/28"}],"wp:attachment":[{"href":"https:\/\/semmelweis.hu\/gyogyszerhatastan\/wp-json\/wp\/v2\/media?parent=32"}],"wp:term":[{"taxonomy":"category","embeddable":true,"href":"https:\/\/semmelweis.hu\/gyogyszerhatastan\/wp-json\/wp\/v2\/categories?post=32"},{"taxonomy":"post_tag","embeddable":true,"href":"https:\/\/semmelweis.hu\/gyogyszerhatastan\/wp-json\/wp\/v2\/tags?post=32"}],"curies":[{"name":"wp","href":"https:\/\/api.w.org\/{rel}","templated":true}]}}