{"id":3151,"date":"2021-09-06T20:00:12","date_gmt":"2021-09-06T18:00:12","guid":{"rendered":"https:\/\/semmelweis.hu\/gyogyszerhatastan\/?page_id=3151"},"modified":"2021-09-06T20:14:17","modified_gmt":"2021-09-06T18:14:17","slug":"munkatarsak","status":"publish","type":"page","link":"https:\/\/semmelweis.hu\/gyogyszerhatastan\/kutatas-fejlesztes\/nap-2-kutatocsoportok\/nap-2-se-uj-antidepressziv-gyogyszercelpont-kutatocsoport\/munkatarsak\/","title":{"rendered":"Munkat\u00e1rsak"},"content":{"rendered":"<h2 id=\"tablepress-37-name\" class=\"tablepress-table-name tablepress-table-name-id-37\">A kutat\u00f3csoport tagjai<\/h2>\n\n<table id=\"tablepress-37\" class=\"tablepress tablepress-id-37\" aria-labelledby=\"tablepress-37-name\">\n<tbody class=\"row-striping row-hover\">\n<tr class=\"row-1\">\n\t<td class=\"column-1\"><b>Prof. Bagdy Gy\u00f6rgy<\/b><\/td><td class=\"column-2\">kutat\u00f3csoport vezet\u0151, egyetemi tan\u00e1r<\/td><td class=\"column-3\">SE GyTK, Gy\u00f3gyszerhat\u00e1stani Int\u00e9zet<\/td>\n<\/tr>\n<tr class=\"row-2\">\n\t<td class=\"column-1\"><b>Dr. Eszl\u00e1ri N\u00f3ra<\/b><\/td><td class=\"column-2\">PhD, kutat\u00f3-pszichol\u00f3gus<\/td><td class=\"column-3\">SE GyTK, Gy\u00f3gyszerhat\u00e1stani Int\u00e9zet<\/td>\n<\/tr>\n<tr class=\"row-3\">\n\t<td class=\"column-1\"><b>Dr. Millinghoffer Andr\u00e1s<\/b><\/td><td class=\"column-2\">PhD, kutat\u00f3 m\u00e9rn\u00f6k<\/td><td class=\"column-3\">BME VIK, M\u00e9r\u00e9stechnika \u00e9s Inform\u00e1ci\u00f3s Rendszerek Tansz\u00e9k<\/td>\n<\/tr>\n<tr class=\"row-4\">\n\t<td class=\"column-1\"><b>B\u00e1konyi Ivonne Fanni<\/b><\/td><td class=\"column-2\">adminisztr\u00e1tor, informatikus<\/td><td class=\"column-3\">SE GyTK, Gy\u00f3gyszerhat\u00e1stani Int\u00e9zet<\/td>\n<\/tr>\n<\/tbody>\n<\/table>\n<!-- #tablepress-37 from cache -->\n","protected":false},"excerpt":{"rendered":"","protected":false},"author":101145,"featured_media":0,"parent":2569,"menu_order":0,"comment_status":"closed","ping_status":"closed","template":"","meta":{"_acf_changed":false,"footnotes":""},"categories":[],"tags":[],"class_list":["post-3151","page","type-page","status-publish","hentry"],"acf":[],"_links":{"self":[{"href":"https:\/\/semmelweis.hu\/gyogyszerhatastan\/wp-json\/wp\/v2\/pages\/3151","targetHints":{"allow":["GET"]}}],"collection":[{"href":"https:\/\/semmelweis.hu\/gyogyszerhatastan\/wp-json\/wp\/v2\/pages"}],"about":[{"href":"https:\/\/semmelweis.hu\/gyogyszerhatastan\/wp-json\/wp\/v2\/types\/page"}],"author":[{"embeddable":true,"href":"https:\/\/semmelweis.hu\/gyogyszerhatastan\/wp-json\/wp\/v2\/users\/101145"}],"replies":[{"embeddable":true,"href":"https:\/\/semmelweis.hu\/gyogyszerhatastan\/wp-json\/wp\/v2\/comments?post=3151"}],"version-history":[{"count":3,"href":"https:\/\/semmelweis.hu\/gyogyszerhatastan\/wp-json\/wp\/v2\/pages\/3151\/revisions"}],"predecessor-version":[{"id":3164,"href":"https:\/\/semmelweis.hu\/gyogyszerhatastan\/wp-json\/wp\/v2\/pages\/3151\/revisions\/3164"}],"up":[{"embeddable":true,"href":"https:\/\/semmelweis.hu\/gyogyszerhatastan\/wp-json\/wp\/v2\/pages\/2569"}],"wp:attachment":[{"href":"https:\/\/semmelweis.hu\/gyogyszerhatastan\/wp-json\/wp\/v2\/media?parent=3151"}],"wp:term":[{"taxonomy":"category","embeddable":true,"href":"https:\/\/semmelweis.hu\/gyogyszerhatastan\/wp-json\/wp\/v2\/categories?post=3151"},{"taxonomy":"post_tag","embeddable":true,"href":"https:\/\/semmelweis.hu\/gyogyszerhatastan\/wp-json\/wp\/v2\/tags?post=3151"}],"curies":[{"name":"wp","href":"https:\/\/api.w.org\/{rel}","templated":true}]}}