{"id":3146,"date":"2021-09-06T19:57:32","date_gmt":"2021-09-06T17:57:32","guid":{"rendered":"https:\/\/semmelweis.hu\/gyogyszerhatastan\/?page_id=3146"},"modified":"2021-09-06T19:57:32","modified_gmt":"2021-09-06T17:57:32","slug":"a-kutatasrol","status":"publish","type":"page","link":"https:\/\/semmelweis.hu\/gyogyszerhatastan\/kutatas-fejlesztes\/nap-2-kutatocsoportok\/nap-2-se-uj-antidepressziv-gyogyszercelpont-kutatocsoport\/a-kutatasrol\/","title":{"rendered":"A kutat\u00e1sr\u00f3l"},"content":{"rendered":"<p><strong>A Nemzet Agykutat\u00e1si Program 2.0 keretein bel\u00fcl megalakult kutat\u00f3csoport kutat\u00e1s\u00e1nak c\u00e9lja genomszint\u0171 (GWAS) \u00e9s g\u00e9n-k\u00f6rnyezet interakci\u00f3s vizsg\u00e1latok (GEWI) seg\u00edts\u00e9g\u00e9vel \u00faj, a depresszi\u00f3 kezel\u00e9s\u00e9re alkalmas gy\u00f3gyszerc\u00e9lpontok azonos\u00edt\u00e1sa.<\/strong><\/p>\n<p><strong>K\u00f6z\u00e9rthet\u0151en: G\u00e9njeink vizsg\u00e1lata lehet a depresszi\u00f3 \u00faj gy\u00f3gyszereinek kiindul\u00f3pontja<\/strong><\/p>\n<p><strong><em>Nem szakmabelieknek<\/em><\/strong><\/p>\n<p>A depresszi\u00f3 nem egyenl\u0151 a mindennapjainkban el\u0151fordul\u00f3, egyszer\u0171 rosszkedvvel, hanem a hangulat tart\u00f3s, negat\u00edv ir\u00e1ny\u00fa v\u00e1ltoz\u00e1s\u00e1t jelenti. Olyan fizikai t\u00fcnetekkel is egy\u00fctt j\u00e1rhat, mint a fogy\u00e1s (vagy \u00e9ppen s\u00falygyarapod\u00e1s), alv\u00e1si zavarok vagy a folyamatos f\u00e1radts\u00e1g. A depresszi\u00f3 m\u00e1r ma is az egyik legnagyobb terhet jelent\u0151 pszichi\u00e1triai betegs\u00e9gnek sz\u00e1m\u00edt, \u00f6sszesen 300 milli\u00f3 embert \u00e9rint a vil\u00e1gon. Az Eg\u00e9szs\u00e9g\u00fcgyi Vil\u00e1gszervezet (WHO) el\u0151rejelz\u00e9sei szerint pedig 2030-ra a legs\u00falyosabb n\u00e9peg\u00e9szs\u00e9g\u00fcgyi probl\u00e9m\u00e1v\u00e1 l\u00e9phet el\u0151 a k\u00f6z\u00e9p- \u00e9s magas j\u00f6vedelm\u0171 orsz\u00e1gokban.<\/p>\n<p>Azonban a betegs\u00e9g kezel\u00e9se a folyamatos kutat\u00e1sok ellen\u00e9re is korl\u00e1tokba \u00fctk\u00f6zik, a ter\u00e1pi\u00e1k sor\u00e1n adott gy\u00f3gyszerek csak 50%-ban bizonyulnak hat\u00e9konynak. Ez els\u0151sorban annak tudhat\u00f3 be, hogy a depresszi\u00f3 aff\u00e9le erny\u0151fogalomk\u00e9nt tekinthet\u0151, a depresszi\u00f3s szem\u00e9lyek t\u00fcnetei \u00e9s a biol\u00f3giai h\u00e1tt\u00e9r is egy\u00e9nenk\u00e9nt v\u00e1ltozik. P\u00e9ld\u00e1ul van, akin\u00e9l a pozit\u00edv \u00e9rz\u00e9sek \u00e1t\u00e9l\u00e9se cs\u00f6kken, \u00e9s mellette fogy\u00e1snak indul, valamint nagyon keveset alszik, m\u00edg m\u00e1s a negat\u00edv \u00e9rz\u00e9seit er\u0151sebben \u00e9li \u00e1t, mellette sokat eszik \u00e9s alszik. Ez annak tudhat\u00f3 be, hogy a betegs\u00e9g m\u00f6g\u00f6tt nagyon v\u00e1ltozatos g\u00e9nek, azok \u00e1ltal meghat\u00e1rozott biol\u00f3giai \u00fatvonalak \u00e9s a k\u00fcls\u0151 k\u00f6rnyezetb\u0151l \u00e9rkez\u0151 ingerek \u00e1llhatnak, amelyek egyedi kombin\u00e1ci\u00f3ja \u00e9s k\u00f6lcs\u00f6nhat\u00e1sa fogja kialak\u00edtani egy adott szem\u00e9lyben a t\u00fcneteket. Vegy\u00fcnk p\u00e9ld\u00e1nak k\u00e9t szem\u00e9lyt, akiknek a depresszi\u00f3ra val\u00f3 tekintettel azonos a g\u00e9nk\u00e9szlet\u00fck, \u00e1m elt\u00e9r\u0151 hat\u00e1soknak voltak \u00e9s vannak kit\u00e9ve az \u00e9let\u00fckben. Ez hasonl\u00edt egyazon s\u00fctem\u00e9ny (pl. a meggyes pite) alapanyagaib\u00f3l, k\u00fcl\u00f6nb\u00f6z\u0151 m\u00f3don elk\u00e9sz\u00edtett v\u00e1ltozataihoz. B\u00e1r a hozz\u00e1val\u00f3k (a \u201eg\u00e9nek\u201d) minden esetben azonosak, a hozz\u00e1val\u00f3k sorrendje, az elk\u00e9sz\u00edt\u00e9si \u00e9s s\u00fct\u00e9si m\u00f3d (vagyis a k\u00f6rnyezeti hat\u00e1sok) befoly\u00e1solni fogj\u00e1k a v\u00e9geredm\u00e9nyt. Mindez term\u00e9szetesen tov\u00e1bb bonyol\u00f3dik, ha m\u00e9g a hozz\u00e1val\u00f3k, a g\u00e9nek sem azonosak.<\/p>\n<p>A szakemberek feladata a depresszi\u00f3 kialakul\u00e1s\u00e1ban szerepet j\u00e1tsz\u00f3 faktorok min\u00e9l pontosabb azonos\u00edt\u00e1sa. A legt\u00f6bb vizsg\u00e1lat csak a g\u00e9nek \u00e9s a depresszi\u00f3s t\u00fcnetek k\u00f6z\u00f6tti k\u00f6zvetlen kapcsolatot k\u00e9pes kimutatni, \u00e9s nem veszi figyelembe az egy\u00e9b folyamatokat (pl. stressz), melyek jelent\u0151s befoly\u00e1ssal vannak a betegs\u00e9g kialakul\u00e1s\u00e1ra. A kutat\u00f3csoport tagjai a kor\u00e1bbi NAP projekt sor\u00e1n l\u00e9trehozott adatb\u00e1zis \u00e9s az abb\u00f3l kapott eredm\u00e9nyek felhaszn\u00e1l\u00e1s\u00e1val \u00fan. g\u00e9n-k\u00f6rnyezet interakci\u00f3s elemz\u00e9seket v\u00e9geznek. Ezek az elemz\u00e9sek k\u00e9pesek azonos\u00edtani a teljes genetikai \u00e1llom\u00e1nyban a depresszi\u00f3 kialakul\u00e1s\u00e1t el\u0151seg\u00edt\u0151 vagy \u00e9ppen megakad\u00e1lyoz\u00f3 g\u00e9neket, amelyek az elt\u00e9r\u0151 k\u00f6rnyezeti t\u00e9nyez\u0151kkel k\u00f6lcs\u00f6nhat\u00e1sban fejtik ki a hat\u00e1sukat \u00e9s alak\u00edtanak ki egy-egy depresszi\u00f3s t\u00fcnetcsoportot. Az \u00faj m\u00f3dszerek sikeres fejleszt\u00e9se \u00e9s alkalmaz\u00e1sa lehet\u0151s\u00e9get ny\u00fajt kor\u00e1bban nem ismert kock\u00e1zati \u00e9s v\u00e9d\u0151faktorok megismer\u00e9s\u00e9re, ez\u00e1ltal a betegs\u00e9g h\u00e1tter\u00e9nek jobb felt\u00e9rk\u00e9pez\u00e9s\u00e9re \u00e9s a hat\u00e9konyabb kezel\u00e9sre is.<\/p>\n<p>&nbsp;<\/p>\n<p><strong><em>Szakmabelieknek<\/em><\/strong><\/p>\n<p>A depresszi\u00f3 az egyik legnagyobb terhet jelent\u0151 pszichi\u00e1triai betegs\u00e9g, 300 milli\u00f3 embert \u00e9rint a vil\u00e1gon. Az Eg\u00e9szs\u00e9g\u00fcgyi Vil\u00e1gszervezet (WHO) adatai szerint pedig 2030-ra a legnagyobb n\u00e9peg\u00e9szs\u00e9g\u00fcgyi probl\u00e9m\u00e1v\u00e1 l\u00e9phet el\u0151 a k\u00f6zepes \u00e9s magas j\u00f6vedelm\u0171 \u00e1llamokban, Eur\u00f3p\u00e1ban pedig m\u00e1r most is a legnagyobb. A depresszi\u00f3 neurobiol\u00f3gi\u00e1j\u00e1nak \u00e9s a kezel\u00e9s\u00e9re alkalmazott antidepressz\u00edv szerek intenz\u00edv kutat\u00e1sa ellen\u00e9re is a jelenlegi ter\u00e1pia csak korl\u00e1tozott sikereket tud felmutatni. Ennek magyar\u00e1zata, hogy antidepressz\u00edv gy\u00f3gyszereink c\u00e9lfeh\u00e9rj\u00e9je \u00e9s hat\u00e1sm\u00f3dja \u00e9vtizedek \u00f3ta ugyanaz. A jelenlegiekn\u00e9l hat\u00e9konyabb, vagy a jelenlegi gy\u00f3gyszerekre nem reag\u00e1l\u00f3 betegekben is hat\u00f3 gy\u00f3gyszerek kifejleszt\u00e9s\u00e9hez \u00faj gy\u00f3gyszerc\u00e9lpontok felismer\u00e9s\u00e9re van sz\u00fcks\u00e9g. Ehhez pontosan meg kell ismern\u00fcnk a depresszi\u00f3 kialakul\u00e1s\u00e1ban szerepet j\u00e1tsz\u00f3 biol\u00f3giai folyamatokat, amire t\u00f6bb m\u00f3dszer is lehet\u0151s\u00e9get ad. A kutat\u00f3csoport tagjai a depresszi\u00f3 m\u00f6g\u00f6tt \u00e1ll\u00f3 v\u00e1ltozatos mechanizmusokat, az ezekben r\u00e9sztvev\u0151 feh\u00e9rj\u00e9ket \u00e9s funkci\u00f3ikat az ezeket k\u00f3dol\u00f3 g\u00e9nek vari\u00e1nsai alapj\u00e1n azonos\u00edtj\u00e1k. Mindezt igen nagysz\u00e1m\u00fa szem\u00e9lyen, akikn\u00e9l a depresszi\u00f3hoz vezet\u0151 stresszt\u00edpusokat, azok intenzit\u00e1s\u00e1t, a kognit\u00edv v\u00e1laszok t\u00edpusait, a szem\u00e9lyis\u00e9gvon\u00e1sokat, temperamentumokat \u00e9s a t\u00fcnetek sokf\u00e9les\u00e9g\u00e9t is k\u00f6vett\u00e9k. M\u00edg az \u00e1llatk\u00eds\u00e9rletek a pszichi\u00e1triai betegs\u00e9gek modellez\u00e9se eset\u00e9n gyakran hib\u00e1s, emberben nem megism\u00e9telhet\u0151 eredm\u00e9nyekre vezetnek, ennek a m\u00f3dszernek az el\u0151nye, hogy eredm\u00e9nyei k\u00f6zvetlen\u00fcl a klinikumb\u00f3l, hum\u00e1n adatb\u00e1zisokb\u00f3l sz\u00e1rmaznak.<\/p>\n<p>A kor\u00e1bbi NAP p\u00e1ly\u00e1zat keretein bel\u00fcl m\u00e1r l\u00e9trehoztunk egy genomszint\u0171 adatb\u00e1zist, amely mintegy 2 milli\u00f3 genetikai vari\u00e1nst tartalmaz a 2500 f\u0151s popul\u00e1ci\u00f3b\u00f3l. A genomikai adatok mellett az adatb\u00e1zis tartalmazza az egy\u00e9nek stressz expoz\u00edci\u00f3j\u00e1t, a szem\u00e9lyis\u00e9gjegyeket, a kognit\u00edv tulajdons\u00e1gokat \u00e9s egy\u00e9b, relev\u00e1ns h\u00e1tt\u00e9rinform\u00e1ci\u00f3kat. A kor\u00e1bbi kutat\u00e1sokban m\u00e1r kider\u00fclt, hogy egyes g\u00e9nvari\u00e1nsok csak a k\u00f6rnyezeti stresszorokkal (pl. k\u00f6zelm\u00faltbeli negat\u00edv \u00e9letesem\u00e9nyek vagy gyermekkori rossz b\u00e1n\u00e1sm\u00f3d) egy\u00fctt fejtett\u00e9k ki a depresszi\u00f3ra hajlamos\u00edt\u00f3 hat\u00e1sukat, m\u00edg \u00f6nmagukban nem j\u00e1rulnak hozz\u00e1 a betegs\u00e9g kialakul\u00e1s\u00e1hoz.<\/p>\n<p>A kutat\u00f3csoport c\u00e9lja ezeknek a jel\u00f6lt g\u00e9n-k\u00f6rnyezet k\u00f6lcs\u00f6nhat\u00e1s-vizsg\u00e1latoknak a teljes genetikai \u00e1llom\u00e1nyra t\u00f6rt\u00e9n\u0151 kiterjeszt\u00e9se, genomszint\u0171 g\u00e9n-k\u00f6rnyezet interakci\u00f3s elemz\u00e9sekkel, tov\u00e1bb\u00e1 a depresszi\u00f3hoz vezet\u0151 komplex folyamatokban \u00faj g\u00e9nek szerep\u00e9nek a felismer\u00e9se. Ez lehet\u0151s\u00e9get k\u00edn\u00e1l eddig nem azonos\u00edtott kock\u00e1zati \u00e9s v\u00e9d\u0151faktorok, k\u00f6zt\u00fck feh\u00e9rj\u00e9k azonos\u00edt\u00e1s\u00e1ra, amelyek a teljes depresszi\u00f3s spektrum alcsoportokra t\u00f6rt\u00e9n\u0151 elk\u00fcl\u00f6n\u00edt\u00e9s\u00e9t, tov\u00e1bb\u00e1 \u00faj gy\u00f3gyszerc\u00e9lpont feh\u00e9rj\u00e9k felismer\u00e9s\u00e9t seg\u00edtik el\u0151.<\/p>\n","protected":false},"excerpt":{"rendered":"<p>A Nemzet Agykutat\u00e1si Program 2.0 keretein bel\u00fcl megalakult kutat\u00f3csoport kutat\u00e1s\u00e1nak c\u00e9lja genomszint\u0171 (GWAS) \u00e9s g\u00e9n-k\u00f6rnyezet interakci\u00f3s vizsg\u00e1latok (GEWI) seg\u00edts\u00e9g\u00e9vel \u00faj, a depresszi\u00f3 kezel\u00e9s\u00e9re alkalmas gy\u00f3gyszerc\u00e9lpontok azonos\u00edt\u00e1sa. K\u00f6z\u00e9rthet\u0151en: G\u00e9njeink vizsg\u00e1lata lehet a depresszi\u00f3 \u00faj gy\u00f3gyszereinek kiindul\u00f3pontja Nem szakmabelieknek A depresszi\u00f3 nem egyenl\u0151 a mindennapjainkban el\u0151fordul\u00f3, egyszer\u0171 rosszkedvvel, hanem a hangulat tart\u00f3s, negat\u00edv ir\u00e1ny\u00fa v\u00e1ltoz\u00e1s\u00e1t jelenti. Olyan &hellip;<\/p>\n","protected":false},"author":101145,"featured_media":0,"parent":2569,"menu_order":0,"comment_status":"closed","ping_status":"closed","template":"","meta":{"_acf_changed":false,"footnotes":""},"categories":[],"tags":[],"class_list":["post-3146","page","type-page","status-publish","hentry"],"acf":[],"_links":{"self":[{"href":"https:\/\/semmelweis.hu\/gyogyszerhatastan\/wp-json\/wp\/v2\/pages\/3146","targetHints":{"allow":["GET"]}}],"collection":[{"href":"https:\/\/semmelweis.hu\/gyogyszerhatastan\/wp-json\/wp\/v2\/pages"}],"about":[{"href":"https:\/\/semmelweis.hu\/gyogyszerhatastan\/wp-json\/wp\/v2\/types\/page"}],"author":[{"embeddable":true,"href":"https:\/\/semmelweis.hu\/gyogyszerhatastan\/wp-json\/wp\/v2\/users\/101145"}],"replies":[{"embeddable":true,"href":"https:\/\/semmelweis.hu\/gyogyszerhatastan\/wp-json\/wp\/v2\/comments?post=3146"}],"version-history":[{"count":1,"href":"https:\/\/semmelweis.hu\/gyogyszerhatastan\/wp-json\/wp\/v2\/pages\/3146\/revisions"}],"predecessor-version":[{"id":3147,"href":"https:\/\/semmelweis.hu\/gyogyszerhatastan\/wp-json\/wp\/v2\/pages\/3146\/revisions\/3147"}],"up":[{"embeddable":true,"href":"https:\/\/semmelweis.hu\/gyogyszerhatastan\/wp-json\/wp\/v2\/pages\/2569"}],"wp:attachment":[{"href":"https:\/\/semmelweis.hu\/gyogyszerhatastan\/wp-json\/wp\/v2\/media?parent=3146"}],"wp:term":[{"taxonomy":"category","embeddable":true,"href":"https:\/\/semmelweis.hu\/gyogyszerhatastan\/wp-json\/wp\/v2\/categories?post=3146"},{"taxonomy":"post_tag","embeddable":true,"href":"https:\/\/semmelweis.hu\/gyogyszerhatastan\/wp-json\/wp\/v2\/tags?post=3146"}],"curies":[{"name":"wp","href":"https:\/\/api.w.org\/{rel}","templated":true}]}}