{"id":3117,"date":"2021-05-20T13:34:05","date_gmt":"2021-05-20T11:34:05","guid":{"rendered":"https:\/\/semmelweis.hu\/gyogyszerhatastan\/?page_id=3117"},"modified":"2021-05-20T15:52:17","modified_gmt":"2021-05-20T13:52:17","slug":"vke-en","status":"publish","type":"page","link":"https:\/\/semmelweis.hu\/gyogyszerhatastan\/en\/research\/vke-en\/","title":{"rendered":"VKE Research Group"},"content":{"rendered":"<p><img loading=\"lazy\" decoding=\"async\" class=\"alignnone size-large wp-image-3120\" src=\"https:\/\/semmelweis.hu\/gyogyszerhatastan\/files\/2021\/05\/Tabla-1024x707.jpg\" alt=\"\" width=\"690\" height=\"476\" srcset=\"https:\/\/semmelweis.hu\/gyogyszerhatastan\/files\/2021\/05\/Tabla-1024x707.jpg 1024w, https:\/\/semmelweis.hu\/gyogyszerhatastan\/files\/2021\/05\/Tabla-300x207.jpg 300w, https:\/\/semmelweis.hu\/gyogyszerhatastan\/files\/2021\/05\/Tabla-768x531.jpg 768w, https:\/\/semmelweis.hu\/gyogyszerhatastan\/files\/2021\/05\/Tabla-434x300.jpg 434w, https:\/\/semmelweis.hu\/gyogyszerhatastan\/files\/2021\/05\/Tabla-175x120.jpg 175w, https:\/\/semmelweis.hu\/gyogyszerhatastan\/files\/2021\/05\/Tabla.jpg 1200w\" sizes=\"auto, (max-width: 690px) 100vw, 690px\" \/><\/p>\n<p>Pharmaceutical Technological, Pharmacodynamic and Clinical Studies with a Centrally Acting Muscle Relaxant<\/p>\n<p>Grant identifier: <strong>2018-1.3.1-VKE-2018-00030<\/strong><\/p>\n<p>Consortium leader: Meditop Pharmaceutical Ltd.<\/p>\n<p>Consortium partners:<\/p>\n<ul>\n<li>Department of Pharmacodynamics, Semmelweis University<\/li>\n<li>Department of Neurology, Semmelweis University<\/li>\n<\/ul>\n<p>Subproject title in the Department of Pharmacodynamics: Study of effect of tolperisone on allodynia and hyperalgesia and its molecular mechanism of action in animal experiments and in vitro tests.<\/p>\n<p>Leader: Prof. \u00c9va Sz\u00f6k\u0151<\/p>\n<p>Supervisors: Dr. Tam\u00e1s T\u00e1bi and Dr. Al-Khrasani Mahmoud<\/p>\n<p>Duration of the Project: 01\/01\/2019 &#8211; 31\/12\/2021<\/p>\n","protected":false},"excerpt":{"rendered":"<p>Pharmaceutical Technological, Pharmacodynamic and Clinical Studies with a Centrally Acting Muscle Relaxant Grant identifier: 2018-1.3.1-VKE-2018-00030 Consortium leader: Meditop Pharmaceutical Ltd. Consortium partners: Department of Pharmacodynamics, Semmelweis University Department of Neurology, Semmelweis University Subproject title in the Department of Pharmacodynamics: Study of effect of tolperisone on allodynia and hyperalgesia and its molecular mechanism of action in &hellip;<\/p>\n","protected":false},"author":107,"featured_media":0,"parent":1272,"menu_order":1,"comment_status":"closed","ping_status":"closed","template":"","meta":{"_acf_changed":false,"footnotes":""},"categories":[],"tags":[],"class_list":["post-3117","page","type-page","status-publish","hentry"],"acf":[],"_links":{"self":[{"href":"https:\/\/semmelweis.hu\/gyogyszerhatastan\/wp-json\/wp\/v2\/pages\/3117","targetHints":{"allow":["GET"]}}],"collection":[{"href":"https:\/\/semmelweis.hu\/gyogyszerhatastan\/wp-json\/wp\/v2\/pages"}],"about":[{"href":"https:\/\/semmelweis.hu\/gyogyszerhatastan\/wp-json\/wp\/v2\/types\/page"}],"author":[{"embeddable":true,"href":"https:\/\/semmelweis.hu\/gyogyszerhatastan\/wp-json\/wp\/v2\/users\/107"}],"replies":[{"embeddable":true,"href":"https:\/\/semmelweis.hu\/gyogyszerhatastan\/wp-json\/wp\/v2\/comments?post=3117"}],"version-history":[{"count":5,"href":"https:\/\/semmelweis.hu\/gyogyszerhatastan\/wp-json\/wp\/v2\/pages\/3117\/revisions"}],"predecessor-version":[{"id":3130,"href":"https:\/\/semmelweis.hu\/gyogyszerhatastan\/wp-json\/wp\/v2\/pages\/3117\/revisions\/3130"}],"up":[{"embeddable":true,"href":"https:\/\/semmelweis.hu\/gyogyszerhatastan\/wp-json\/wp\/v2\/pages\/1272"}],"wp:attachment":[{"href":"https:\/\/semmelweis.hu\/gyogyszerhatastan\/wp-json\/wp\/v2\/media?parent=3117"}],"wp:term":[{"taxonomy":"category","embeddable":true,"href":"https:\/\/semmelweis.hu\/gyogyszerhatastan\/wp-json\/wp\/v2\/categories?post=3117"},{"taxonomy":"post_tag","embeddable":true,"href":"https:\/\/semmelweis.hu\/gyogyszerhatastan\/wp-json\/wp\/v2\/tags?post=3117"}],"curies":[{"name":"wp","href":"https:\/\/api.w.org\/{rel}","templated":true}]}}