{"id":2948,"date":"2020-05-01T10:52:33","date_gmt":"2020-05-01T08:52:33","guid":{"rendered":"https:\/\/semmelweis.hu\/gyogyszerhatastan\/?page_id=2948"},"modified":"2023-02-15T13:58:10","modified_gmt":"2023-02-15T12:58:10","slug":"mediamegjelenes","status":"publish","type":"page","link":"https:\/\/semmelweis.hu\/gyogyszerhatastan\/kutatas-fejlesztes\/korabbi-palyazatok\/nap-b-kutatocsoport\/mediamegjelenes\/","title":{"rendered":"A  NAP B kutat\u00f3csoport m\u00e9diamegjelen\u00e9sei"},"content":{"rendered":"<ol>\n<li><em>A migr\u00e9n kialakul\u00e1s\u00e1t vizsg\u00e1lja a Nemzeti Agykutat\u00e1si Program keret\u00e9ben alakult \u00faj kutat\u00f3csoport<br \/>\n<\/em>Semmelweis H\u00edrek (2015.02.12.)<br \/>\n<a href=\"https:\/\/semmelweis.hu\/hirek\/2015\/02\/12\/a-migren-kialakulasat-vizsgalja-a-nemzeti-agykutatasi-program-kereteben-alakult-uj-kutatocsoport\/\">https:\/\/semmelweis.hu\/hirek\/2015\/02\/12\/a-migren-kialakulasat-vizsgalja-a-nemzeti-agykutatasi-program-kereteben-alakult-uj-kutatocsoport\/<\/a><\/li>\n<li><em>A<\/em><em> stressz is felel\u0151s a migr\u00e9n\u00e9rt<br \/>\n<\/em>RTL Klub, H\u00edrad\u00f3 (2015.02.12.)<br \/>\n<a href=\"http:\/\/rtl.hu\/rtlklub\/hirek\/a-stressz-is-felelos-a-migrenert\">http:\/\/rtl.hu\/rtlklub\/hirek\/a-stressz-is-felelos-a-migrenert<\/a><\/li>\n<li><em>A migr\u00e9n kialakul\u00e1s\u00e1t vizsg\u00e1lja egy magyar kutat\u00f3csoport<br \/>\n<\/em>origo.hu (2015.02.12.)<br \/>\n<a href=\"http:\/\/www.origo.hu\/egeszseg\/20150212-a-migren-kialakulasat-vizsgalja-egy-kutatocsoport-a-semmelweis-egyetemen.html\">http:\/\/www.origo.hu\/egeszseg\/20150212-a-migren-kialakulasat-vizsgalja-egy-kutatocsoport-a-semmelweis-egyetemen.html<\/a><\/li>\n<li><em>Magyar szakemberek keresik a migr\u00e9n legy\u0151z\u00e9s\u00e9nek titkait<br \/>\n<\/em>HVG online (2015.02.12.)<br \/>\n<a href=\"http:\/\/hvg.hu\/instant_tudomany\/20150212_migren_magyar_kutatas\">http:\/\/hvg.hu\/instant_tudomany\/20150212_migren_magyar_kutatas<\/a><\/li>\n<li><em>Izgalmas kutat\u00e1sok a migr\u00e9n \u00e9s a stressz \u00f6sszef\u00fcgg\u00e9s\u00e9r\u0151l<br \/>\n<\/em>N\u00e9pszava online (2015.02.12.)<br \/>\n<a href=\"https:\/\/nepszava.hu\/1048233_izgalmas-kutatasok-a-migren-es-a-stressz-osszefuggeserol\">http:\/\/nepszava.hu\/cikk\/1048233-izgalmas-kutatasok-a-migren-es-a-stressz-osszefuggeserol<\/a><\/li>\n<li><em>Komoly \u00f6sszef\u00fcgg\u00e9s lehet a migr\u00e9n \u00e9s a stressz k\u00f6z\u00f6tt<br \/>\n<\/em>NLCaf\u00e9 (2015.02.12.)<br \/>\n<a href=\"http:\/\/www.nlcafe.hu\/egeszseg\/20150212\/migren-stressz-kutatas-fejfajas\/\">http:\/\/www.nlcafe.hu\/egeszseg\/20150212\/migren-stressz-kutatas-fejfajas\/<\/a><\/li>\n<li><em>A migr\u00e9n kialakul\u00e1s\u00e1t vizsg\u00e1lja a Semmelweis Egyetem \u00faj kutat\u00f3csoportja<br \/>\n<\/em>H\u00edr.ma (2015.02.12.)<br \/>\n<a href=\"https:\/\/hir.ma\/tudomany\/a-migren-kialakulasat-vizsgalja-a-semmelweis-egyetem-uj-kutatocsoportja\/485992\">https:\/\/old.hir.ma\/tudomany\/a-migren-kialakulasat-vizsgalja-a-semmelweis-egyetem-uj-kutatocsoportja\/485992<\/a><\/li>\n<li><em>A migr\u00e9n a Nemzetk\u00f6zi Agykutat\u00e1si Program k\u00f6z\u00e9ppontj\u00e1ban<br \/>\n<\/em>ma.hu (2015.02.12.)<br \/>\n<a href=\"http:\/\/www.ma.hu\/tudomany\/240461\/A_migren_a_Nemzetkozi_Agykutatasi_Program_kozeppontjaban\">http:\/\/www.ma.hu\/tudomany\/240461\/A_migren_a_Nemzetkozi_Agykutatasi_Program_kozeppontjaban<\/a><\/li>\n<li><em>A migr\u00e9nre koncentr\u00e1lnak<br \/>\n<\/em>Medical Online (2015.02.12.)<br \/>\n<a href=\"http:\/\/medicalonline.hu\/cikk\/a_migrenre_koncentralnak\">http:\/\/medicalonline.hu\/cikk\/a_migrenre_koncentralnak<\/a><\/li>\n<li><em>Els\u0151re azt hittem, ma van a fejf\u00e1j\u00e1s vil\u00e1gnapja, vagy valami ilyesmi<br \/>\n<\/em>Cink.hu (2015.02.12.)<br \/>\n<a href=\"http:\/\/cink.hu\/elsore-azt-hittem-ma-van-a-fejfajas-vilagnapja-vagy-v-1685389927\">http:\/\/cink.hu\/elsore-azt-hittem-ma-van-a-fejfajas-vilagnapja-vagy-v-1685389927<\/a><\/li>\n<li><em>A migr\u00e9n kialakul\u00e1s\u00e1t vizsg\u00e1lja a Semmelweis Egyetem \u00faj kutat\u00f3csoportja<br \/>\n<\/em>Infor\u00e1di\u00f3 (2015.02.13.)<br \/>\n\u00cdrott:<br \/>\n<a href=\"http:\/\/inforadio.hu\/eletmod\/2015\/02\/13\/a_migren_kialakulasat_vizsgalja_a_semmelweis_egyetem_uj_kutatocsoportja-703021\/\">http:\/\/inforadio.hu\/eletmod\/2015\/02\/13\/a_migren_kialakulasat_vizsgalja_a_semmelweis_egyetem_uj_kutatocsoportja-703021\/<\/a><\/li>\n<li><em>A migr\u00e9n \u00e9s a stressz \u00f6sszef\u00fcgg\u00e9sei<br \/>\n<\/em>Eg\u00e9szs\u00e9gt\u00fck\u00f6r (2015.02.13.)<br \/>\n<a href=\"http:\/\/www.egeszsegtukor.hu\/ferfitukor\/a-migren-es-a-stressz-osszefuggesei.html\">http:\/\/www.egeszsegtukor.hu\/ferfitukor\/a-migren-es-a-stressz-osszefuggesei.html<\/a><\/li>\n<li><em>Ker\u00fcld a stresszt \u00e9s meg\u00faszod a migr\u00e9nt!<br \/>\n<\/em>Blikk online (2015.02.13.)<br \/>\n<a href=\"http:\/\/www.blikk.hu\/aktualis\/keruld-a-stresszt-es-meguszod-a-migrent\/y7k1p4t\">http:\/\/www.blikk.hu\/aktualis\/keruld-a-stresszt-es-meguszod-a-migrent\/y7k1p4t<\/a><\/li>\n<li><em>Migr\u00e9n: ezen okok \u00e1llhatnak a fejf\u00e1j\u00e1s h\u00e1tter\u00e9ben<br \/>\n<\/em>Magyar Nemzet online (2015.02.14.)<br \/>\n<a href=\"http:\/\/mno.hu\/tudomany\/migren-ezek-miatt-fajhat-a-fejunk-1272604\">http:\/\/mno.hu\/tudomany\/migren-ezek-miatt-fajhat-a-fejunk-1272604<\/a><\/li>\n<li><em>A migr\u00e9n kialakul\u00e1s\u00e1t vizsg\u00e1lja a Semmelweis Egyetem \u00faj kutat\u00f3csoportja<br \/>\n<\/em>Webbeteg (2015.02.14.)<br \/>\n<a href=\"http:\/\/www.webbeteg.hu\/cikkek\/fejfajas_migren\/17332\/a-migren-kialakulasat-kutatjak-a-semmelweis-egyetemen\">http:\/\/www.webbeteg.hu\/cikkek\/fejfajas_migren\/17332\/a-migren-kialakulasat-kutatjak-a-semmelweis-egyetemen<\/a><\/li>\n<li><em>Mi okozhatja a migr\u00e9nt?<br \/>\n<\/em>National Geographic online (2015.02.16.)<br \/>\n<a href=\"http:\/\/www.ng.hu\/Tudomany\/2015\/02\/16\/Mi-okozhatja-a-migrent\">http:\/\/www.ng.hu\/Tudomany\/2015\/02\/16\/Mi-okozhatja-a-migrent<\/a><\/li>\n<li><em>Mi okozhatja a migr\u00e9nt? \u2013 magyar kutat\u00f3csoport keresi a v\u00e1laszt<br \/>\n<\/em>P\u00e9csi \u00dajs\u00e1g online (2015.02.17.)<br \/>\n<a href=\"http:\/\/www.pecsiujsag.hu\/pecs\/hir\/belfold\/mi-okozhatja-a-migrent---magyar-kutatocsoport-keresi-a-valaszt\">http:\/\/www.pecsiujsag.hu\/pecs\/hir\/belfold\/mi-okozhatja-a-migrent&#8212;magyar-kutatocsoport-keresi-a-valaszt<\/a><\/li>\n<li><em>A migr\u00e9n kialakul\u00e1s\u00e1nak okait keresik a Semmelweis Egyetemen<br \/>\n<\/em>Eg\u00e9szs\u00e9g blog (2015.02.17.)<br \/>\n<a href=\"http:\/\/egeszseg.blog.hu\/2015\/02\/17\/a_migren_kialakulasanak_okait_vizsgaljak_a_semmelweis_egyetemen\">http:\/\/egeszseg.blog.hu\/2015\/02\/17\/a_migren_kialakulasanak_okait_vizsgaljak_a_semmelweis_egyetemen<\/a><\/li>\n<li><em>M\u00e1r a migr\u00e9nt\u0151l val\u00f3 f\u00e9lelem is kiv\u00e1lthat rohamot?<br \/>\n<\/em>Eg\u00e9szs\u00e9g mandiner (2015.02.20.)<br \/>\n<a href=\"http:\/\/egeszseg.mandiner.hu\/cikk\/20150220_mar_a_migrentol_valo_felelem_is_kivalthat_rohamot\">http:\/\/egeszseg.mandiner.hu\/cikk\/20150220_mar_a_migrentol_valo_felelem_is_kivalthat_rohamot<\/a><\/li>\n<li><em>Riportm\u0171sor a migr\u00e9nr\u0151l<br \/>\n<\/em>Kossuth R\u00e1di\u00f3, Napk\u00f6zben (2015.02.25. 05\u201944 \u2013 29\u201936)<br \/>\n<a href=\"http:\/\/nava.hu\/id\/2129438\/\">http:\/\/nava.hu\/id\/2129438\/<\/a><\/li>\n<li><em>Egy \u00faj technika az agykutat\u00e1sban: a direkt farmakol\u00f3giai MR<br \/>\n<\/em>Juh\u00e1sz Gabriella el\u0151ad\u00e1sa a Semmelweis Kutat\u00f3i Szalonban (2016.04.13.)<br \/>\n<a href=\"https:\/\/semmelweis.hu\/hirek\/2016\/04\/13\/az-mr-kutatokozpont-tudomanyos-tevekenyseget-mutattak-be-a-kutatoi-szalonban\/\">https:\/\/semmelweis.hu\/hirek\/2016\/04\/13\/az-mr-kutatokozpont-tudomanyos-tevekenyseget-mutattak-be-a-kutatoi-szalonban\/<\/a><\/li>\n<li>Kutat\u00f3k \u00c9jszak\u00e1ja el\u0151ad\u00e1sok a Semmelweis Egyetemen (2016.09.30.)<br \/>\n<em>Hol a boldogs\u00e1g mostan\u00e1ban? Az antidepressz\u00e1nsok hat\u00e1sainak vizsg\u00e1lata (Dr. Juh\u00e1sz Gabriella)<\/em><\/li>\n<li><em>\u00c9des Andrea: &#8222;Sz\u00e9thasad a fejem&#8221; mi t\u00f6rt\u00e9nik egy migr\u00e9nes roham alatt (Dr. \u00c9des Andrea)<\/em><\/li>\n<li><em>Magyar migr\u00e9n-kutat\u00e1s kezd\u0151dik<br \/>\n<\/em>metropol.hu (2015)<br \/>\n<a href=\"http:\/\/www.metropol.hu\/mellekletek\/cikk\/1286663-magyar-migren-kutatas-kezdodik\">http:\/\/www.metropol.hu\/mellekletek\/cikk\/1286663-magyar-migren-kutatas-kezdodik<\/a> (megsz\u0171nt 2016.06.14-\u00e9n)<\/li>\n<li><em>Mir\u0151l \u00e1rulkodik a migr\u00e9n?<br \/>\n<\/em>Mindennapi Pszichol\u00f3gia (2015. augusztus)<br \/>\n<a href=\"http:\/\/mipszi.hu\/cikk\/161105-mirol-arulkodik-migren\">http:\/\/mipszi.hu\/cikk\/161105-mirol-arulkodik-migren<\/a><\/li>\n<li><em>Ezt tudja ma a tudom\u00e1ny a migr\u00e9nr\u0151l<br \/>\n<\/em>D\u00edv\u00e1ny (2016.11.16.)<br \/>\n<a href=\"http:\/\/divany.hu\/ego\/2016\/11\/16\/migren\/\">http:\/\/divany.hu\/ego\/2016\/11\/16\/migren\/<\/a><\/li>\n<li><em>Interj\u00fa Dr. Juh\u00e1sz Gabriell\u00e1val<br \/>\n<\/em>Duna TV, Csal\u00e1d-bar\u00e1t (2016.12.05. 12\u201927 \u2013 20\u201945; 54\u201905 \u2013 55\u201926)<br \/>\n<a href=\"https:\/\/nava.hu\/id\/3095391\/\">https:\/\/nava.hu\/id\/3095391\/<\/a><\/li>\n<li><em>A 250 legfontosabb betegs\u00e9g k\u00f6zti kapcsolatokat mutatja meg a Semmelweis Egyetem kutat\u00f3i r\u00e9szv\u00e9tel\u00e9vel k\u00e9sz\u00fclt \u00faj t\u00e9rk\u00e9p<br \/>\n<\/em>Semmelweis H\u00edrek (2017.08.03.)<br \/>\n<a href=\"https:\/\/semmelweis.hu\/hirek\/2017\/08\/03\/a-250-legfontosabb-betegseg-kozti-kapcsolatokat-mutatja-meg-a-semmelweis-egyetem-kutatoi-reszvetelevel-keszult-uj-terkep\/\">https:\/\/semmelweis.hu\/hirek\/2017\/08\/03\/a-250-legfontosabb-betegseg-kozti-kapcsolatokat-mutatja-meg-a-semmelweis-egyetem-kutatoi-reszvetelevel-keszult-uj-terkep\/<\/a><\/li>\n<li><em>Innovat\u00edv biostatisztikai m\u00f3dszerek a multimorbidit\u00e1s kutat\u00e1s\u00e1ra<br \/>\n<\/em>BME Villamosm\u00e9rn\u00f6ki Kar H\u00edrek (2017.08.04.)<br \/>\n<a href=\"https:\/\/www.vik.bme.hu\/hir\/2096-innovativ-biostatisztikai-modszerek-a-multimorbiditas-kutatasara\">https:\/\/www.vik.bme.hu\/hir\/2096-innovativ-biostatisztikai-modszerek-a-multimorbiditas-kutatasara<\/a><\/li>\n<li><em>\u00d3ri\u00e1si seg\u00edts\u00e9get ny\u00fajthat a betegs\u00e9gt\u00e9rk\u00e9p<br \/>\n<\/em>Infor\u00e1di\u00f3 (2017.08.04.)<br \/>\n<a href=\"http:\/\/inforadio.hu\/eletmod\/2017\/08\/04\/minden_mindennel_osszefugg_a_betegsegek_is\/\">http:\/\/inforadio.hu\/eletmod\/2017\/08\/04\/minden_mindennel_osszefugg_a_betegsegek_is\/<\/a><\/li>\n<li>\n<p><em>A betegs\u00e9gek k\u00f6z\u00f6tti \u00f6sszef\u00fcgg\u00e9sekr\u0151l k\u00e9sz\u00edtettek t\u00e9rk\u00e9pet magyar kutat\u00f3k \u2013 Interj\u00fa Prof. Bagdy Gy\u00f6rggyel<\/em><em><br \/>\n<\/em>Ma reggel (2017.08.06. 1\u201953\u201d \u2013 2\u201900\u201d)<br \/>\n<a href=\"https:\/\/nava.hu\/id\/3175606\/\">https:\/\/nava.hu\/id\/3175606\/<\/a><\/p>\n<\/li>\n<li><em>Itt az els\u0151 betegs\u00e9gt\u00e9rk\u00e9p: \u00e1ld\u00e1s vagy \u00e1tok, ha tudja, milyen baja lehet m\u00e9g?<\/em>HVG online (2017.08.11.)<br \/>\n<a href=\"http:\/\/hvg.hu\/itthon\/20170811_Aldas_vagy_atok_ha_tudja_a_beteg_milyen_baja_lehet_meg\">http:\/\/hvg.hu\/itthon\/20170811_Aldas_vagy_atok_ha_tudja_a_beteg_milyen_baja_lehet_meg<\/a><\/li>\n<li><em>T\u00e9rk\u00e9p a betegs\u00e9gek kapcsolat\u00e1r\u00f3l<br \/>\n<\/em>H\u00e1zipatika (2017.08.13.)<br \/>\n<a href=\"http:\/\/www.hazipatika.com\/eletmod\/tudomanyos_erdekessegek\/cikkek\/terkep_a_betegsegek_kapcsolatarol\/20170811151102?autorefreshed=1\">http:\/\/www.hazipatika.com\/eletmod\/tudomanyos_erdekessegek\/cikkek\/terkep_a_betegsegek_kapcsolatarol\/20170811151102?autorefreshed=1<\/a><em>\u00a0<\/em><\/li>\n<li>\n<p><em>A baj nem j\u00e1r egyed\u00fcl \u2013 magyar kutat\u00f3k \u00faj t\u00e9rk\u00e9pe a betegs\u00e9gek kapcsolatair\u00f3l<\/em><em><br \/>\n<\/em>MTA H\u00edrek (2017.08.15.)<br \/>\n<a href=\"https:\/\/mta.hu\/tudomany_hirei\/a-baj-nem-jar-egyedul-magyar-kutatok-uj-terkepe-a-betegsegek-kapcsolatairol-107933\">https:\/\/mta.hu\/tudomany_hirei\/a-baj-nem-jar-egyedul-magyar-kutatok-uj-terkepe-a-betegsegek-kapcsolatairol-107933<\/a><\/p>\n<\/li>\n<li>\n<p><em>Magyar kutat\u00f3k t\u00e9rk\u00e9pezt\u00e9k fel az ismert betegs\u00e9gek k\u00f6z\u00f6tti kapcsolatokat<br \/>\n<\/em>index.hu (2017.08.15.)<br \/>\n<a href=\"http:\/\/index.hu\/tudomany\/egeszseg\/2017\/08\/15\/magyar_kutatok_terkepeztek_fel_az_ismert_betegsegek_kozotti_kapcsolatokat\/\">http:\/\/index.hu\/tudomany\/egeszseg\/2017\/08\/15\/magyar_kutatok_terkepeztek_fel_az_ismert_betegsegek_kozotti_kapcsolatokat\/<\/a><\/p>\n<\/li>\n<li><em>Magyar kutat\u00f3k \u00faj t\u00e9rk\u00e9pe a betegs\u00e9gek kapcsolatair\u00f3l<br \/>\n<\/em>origo.hu (2017.08.16.)<br \/>\n<a href=\"http:\/\/www.origo.hu\/tudomany\/20170816-a-baj-nem-jar-egyedul-az-egyes-betegsegek-kapcsolatban-lehetnek-egymassal.html\">http:\/\/www.origo.hu\/tudomany\/20170816-a-baj-nem-jar-egyedul-az-egyes-betegsegek-kapcsolatban-lehetnek-egymassal.html<\/a><\/li>\n<li><em>Gondolta volna, hogy ezek a betegs\u00e9gek is \u00f6sszef\u00fcggenek?<br \/>\n<\/em>bama.hu (2017.08.16.)<br \/>\n<a href=\"https:\/\/www.bama.hu\/eletstilus\/gondolta-volna-hogy-ezek-betegsegek-osszefuggenek-1095737\/\">https:\/\/www.bama.hu\/eletstilus\/gondolta-volna-hogy-ezek-betegsegek-osszefuggenek-1095737\/<\/a><\/li>\n<li><em>Magyar kutat\u00f3k \u00faj t\u00e9rk\u00e9pe a betegs\u00e9gek kapcsolatair\u00f3l<br \/>\n<\/em>Magyar Id\u0151k online (2017.08.16.)<br \/>\n<a href=\"http:\/\/magyaridok.hu\/belfold\/magyar-kutatok-uj-terkepe-betegsegek-kapcsolatairol-2090212\/\">http:\/\/magyaridok.hu\/belfold\/magyar-kutatok-uj-terkepe-betegsegek-kapcsolatairol-2090212\/<\/a><br \/>\nMoh\u00e1csi \u00dajs\u00e1g online (2017.08.16.)<br \/>\n<a href=\"https:\/\/www.mohacsiujsag.hu\/mohacs\/hir\/belfold\/magyarok-keszitettek-uj-terkepet-a-betegsegek-kapcsolatairol?utm_source=feedburner&amp;utm_medium=feed&amp;utm_campaign=Feed%3A+mohacsiujsag+%28Moh%C3%A1csi+%C3%9Ajs%C3%A1g%29\">https:\/\/www.mohacsiujsag.hu\/mohacs\/hir\/belfold\/magyarok-keszitettek-uj-terkepet-a-betegsegek-kapcsolatairol?utm_source=feedburner&amp;utm_medium=feed&amp;utm_campaign=Feed%3A+mohacsiujsag+%28Moh%C3%A1csi+%C3%9Ajs%C3%A1g%29<\/a><br \/>\nszegedma.hu (2017.08.16.)<br \/>\n<a href=\"http:\/\/szegedma.hu\/hir\/szeged\/2017\/08\/magyar-kutatok-uj-terkepe-a-betegsegek-kapcsolatairol.html\">http:\/\/szegedma.hu\/hir\/szeged\/2017\/08\/magyar-kutatok-uj-terkepe-a-betegsegek-kapcsolatairol.html<\/a><br \/>\nWebr\u00e1di\u00f3 (2017.08.16.)<br \/>\n<a href=\"http:\/\/webradio.hu\/hirek\/it-tudomany\/magyar_kutatok_uj_terkepe_a_betegsegek_kapcsolatairol\">http:\/\/webradio.hu\/hirek\/it-tudomany\/magyar_kutatok_uj_terkepe_a_betegsegek_kapcsolatairol<\/a><br \/>\nvelemenyezd.hu (2017.08.16.)<br \/>\n<a href=\"http:\/\/velemenyezd.hu\/velemenyezd.tvn?cid=MZom&amp;hir=Magyar%20kutat%F3k%20%FAj%20t%E9rk%E9pe%20a%20betegs%E9gek%20kapcsolatair%F3l\">http:\/\/velemenyezd.hu\/velemenyezd.tvn?cid=MZom&amp;hir=Magyar%20kutat%F3k%20%FAj%20t%E9rk%E9pe%20a%20betegs%E9gek%20kapcsolatair%F3l<\/a><br \/>\nP\u00e9csi \u00dajs\u00e1g online (2017.08.16.)<br \/>\n<a href=\"https:\/\/www.pecsiujsag.hu\/pecs\/hir\/belfold\/magyarok-keszitettek-uj-terkepet-a-betegsegek-kapcsolatairol?utm_source=feedburner&amp;utm_medium=feed&amp;utm_campaign=Feed%3A+pecsiujsag+%28P%C3%A9csi+%C3%9Ajs%C3%A1g%29\">https:\/\/www.pecsiujsag.hu\/pecs\/hir\/belfold\/magyarok-keszitettek-uj-terkepet-a-betegsegek-kapcsolatairol?utm_source=feedburner&amp;utm_medium=feed&amp;utm_campaign=Feed%3A+pecsiujsag+%28P%C3%A9csi+%C3%9Ajs%C3%A1g%29<\/a><\/li>\n<li><em>Depresszi\u00f3 \u00e9s elh\u00edz\u00e1s? &#8211; Izgalmas felfedez\u00e9s a betegs\u00e9gek kapcsolatair\u00f3l<br \/>\n<\/em>N\u00e9pszava online (2017.08.16.)<br \/>\n<a href=\"https:\/\/nepszava.hu\/1137779_depresszio-es-elhizas-izgalmas-felfedezes-a-betegsegek-kapcsolatairol\">http:\/\/nepszava.hu\/cikk\/1137779-depresszio-es-elhizas&#8212;izgalmas-felfedezes-a-betegsegek-kapcsolatairol<\/a><\/li>\n<li><em>\u00daj t\u00e9rk\u00e9pet alkottak a betegs\u00e9gek kapcsolatair\u00f3l<br \/>\n<\/em>hirado.hu (2017.08.16.)<br \/>\n<a href=\"http:\/\/www.hirado.hu\/2017\/08\/16\/uj-terkepet-alkottak-a-betegsegek-kapcsolatairol\/\">http:\/\/www.hirado.hu\/2017\/08\/16\/uj-terkepet-alkottak-a-betegsegek-kapcsolatairol\/<\/a><\/li>\n<li><em>A baj nem j\u00e1r egyed\u00fcl &#8211; t\u00e9rk\u00e9p k\u00e9sz\u00fclt a betegs\u00e9gek kapcsolatair\u00f3l<br \/>\n<\/em>Infor\u00e1di\u00f3 (2017.08.16.)<br \/>\n<a href=\"http:\/\/inforadio.hu\/tudomany\/2017\/08\/16\/a_baj_nem_jar_egyedul_-_terkep_keszult_a_betegsegek_kapcsolatairol\/\">http:\/\/inforadio.hu\/tudomany\/2017\/08\/16\/a_baj_nem_jar_egyedul_-_terkep_keszult_a_betegsegek_kapcsolatairol\/<\/a><\/li>\n<li><em>A baj nem j\u00e1r egyed\u00fcl<\/em><em><br \/>\n<\/em>m5 TV online, K\u00fcl\u00f6n\u00f3ra (2017.08.16.)<\/li>\n<li><em>T\u00e9rk\u00e9p a betegs\u00e9g kapcsolatair\u00f3l<br \/>\n<\/em>sikerado.hu (2017.08.16.)<br \/>\n<a href=\"http:\/\/www.sikerado.hu\/tudomany\/2017\/08\/16\/Terkep_a_betegsegek_kapcsolatairol\">http:\/\/www.sikerado.hu\/tudomany\/2017\/08\/16\/Terkep_a_betegsegek_kapcsolatairol<\/a><\/li>\n<li><em>A bajok egym\u00e1sra is hatnak &#8211; betegs\u00e9gt\u00e9rk\u00e9p<br \/>\n<\/em>ritmus.hu (2017.08.22.)<br \/>\n<a href=\"http:\/\/www.ritmus.hu\/cikk\/2819\/\">http:\/\/www.ritmus.hu\/cikk\/2819\/<\/a><\/li>\n<li><em>Bayes-i mesters\u00e9ges intelligencia a UK Biobank betegs\u00e9g adatainak elemz\u00e9s\u00e9ben<br \/>\n<\/em>BME H\u00edrek (2017.08.24.)<br \/>\n<a href=\"http:\/\/www.bme.hu\/hirek\/20170824\/Bayes-i_mesterseges_intelligencia_a_UK_Biobank_betegseg_adatainak_az_elemzeseben\">http:\/\/www.bme.hu\/hirek\/20170824\/Bayes-i_mesterseges_intelligencia_a_UK_Biobank_betegseg_adatainak_az_elemzeseben<\/a><\/li>\n<li><em>A betegs\u00e9gt\u00e9rk\u00e9pr\u0151l besz\u00e9l Prof. Bagdy Gy\u00f6rgy \u00e9s Dr. Juh\u00e1sz Gabriella<br \/>\n<\/em>Minden Tud\u00e1s ismeretterjeszt\u0151 magazin, M1 (MTVA) (2017.10.20. 0\u201930\u201d-4\u201930\u201d)<br \/>\n<a href=\"https:\/\/nava.hu\/id\/3204027\/\">https:\/\/nava.hu\/id\/3204027\/<\/a><\/li>\n<\/ol>\n","protected":false},"excerpt":{"rendered":"<p>A migr\u00e9n kialakul\u00e1s\u00e1t vizsg\u00e1lja a Nemzeti Agykutat\u00e1si Program keret\u00e9ben alakult \u00faj kutat\u00f3csoport Semmelweis H\u00edrek (2015.02.12.) <a href=\"https:\/\/semmelweis.hu\/hirek\/2015\/02\/12\/a-migren-kialakulasat-vizsgalja-a-nemzeti-agykutatasi-program-kereteben-alakult-uj-kutatocsoport\/\">https:\/\/semmelweis.hu\/hirek\/2015\/02\/12\/a-migren-kialakulasat-vizsgalja-a-nemzeti-agykutatasi-program-kereteben-alakult-uj-kutatocsoport\/<\/a> A stressz is felel\u0151s a migr\u00e9n\u00e9rt RTL Klub, H\u00edrad\u00f3 (2015.02.12.) <a href=\"http:\/\/rtl.hu\/rtlklub\/hirek\/a-stressz-is-felelos-a-migrenert\">http:\/\/rtl.hu\/rtlklub\/hirek\/a-stressz-is-felelos-a-migrenert<\/a> A migr\u00e9n kialakul\u00e1s\u00e1t vizsg\u00e1lja egy magyar kutat\u00f3csoport origo.hu (2015.02.12.) <a href=\"http:\/\/www.origo.hu\/egeszseg\/20150212-a-migren-kialakulasat-vizsgalja-egy-kutatocsoport-a-semmelweis-egyetemen.html\">http:\/\/www.origo.hu\/egeszseg\/20150212-a-migren-kialakulasat-vizsgalja-egy-kutatocsoport-a-semmelweis-egyetemen.html<\/a> Magyar szakemberek keresik a migr\u00e9n legy\u0151z\u00e9s\u00e9nek titkait HVG online (2015.02.12.) <a href=\"http:\/\/hvg.hu\/instant_tudomany\/20150212_migren_magyar_kutatas\">http:\/\/hvg.hu\/instant_tudomany\/20150212_migren_magyar_kutatas<\/a> Izgalmas kutat\u00e1sok a migr\u00e9n \u00e9s a stressz \u00f6sszef\u00fcgg\u00e9s\u00e9r\u0151l N\u00e9pszava online (2015.02.12.) &hellip;<\/p>\n","protected":false},"author":101145,"featured_media":0,"parent":1757,"menu_order":2,"comment_status":"closed","ping_status":"closed","template":"","meta":{"_acf_changed":false,"footnotes":""},"categories":[],"tags":[],"class_list":["post-2948","page","type-page","status-publish","hentry"],"acf":[],"_links":{"self":[{"href":"https:\/\/semmelweis.hu\/gyogyszerhatastan\/wp-json\/wp\/v2\/pages\/2948","targetHints":{"allow":["GET"]}}],"collection":[{"href":"https:\/\/semmelweis.hu\/gyogyszerhatastan\/wp-json\/wp\/v2\/pages"}],"about":[{"href":"https:\/\/semmelweis.hu\/gyogyszerhatastan\/wp-json\/wp\/v2\/types\/page"}],"author":[{"embeddable":true,"href":"https:\/\/semmelweis.hu\/gyogyszerhatastan\/wp-json\/wp\/v2\/users\/101145"}],"replies":[{"embeddable":true,"href":"https:\/\/semmelweis.hu\/gyogyszerhatastan\/wp-json\/wp\/v2\/comments?post=2948"}],"version-history":[{"count":5,"href":"https:\/\/semmelweis.hu\/gyogyszerhatastan\/wp-json\/wp\/v2\/pages\/2948\/revisions"}],"predecessor-version":[{"id":3431,"href":"https:\/\/semmelweis.hu\/gyogyszerhatastan\/wp-json\/wp\/v2\/pages\/2948\/revisions\/3431"}],"up":[{"embeddable":true,"href":"https:\/\/semmelweis.hu\/gyogyszerhatastan\/wp-json\/wp\/v2\/pages\/1757"}],"wp:attachment":[{"href":"https:\/\/semmelweis.hu\/gyogyszerhatastan\/wp-json\/wp\/v2\/media?parent=2948"}],"wp:term":[{"taxonomy":"category","embeddable":true,"href":"https:\/\/semmelweis.hu\/gyogyszerhatastan\/wp-json\/wp\/v2\/categories?post=2948"},{"taxonomy":"post_tag","embeddable":true,"href":"https:\/\/semmelweis.hu\/gyogyszerhatastan\/wp-json\/wp\/v2\/tags?post=2948"}],"curies":[{"name":"wp","href":"https:\/\/api.w.org\/{rel}","templated":true}]}}