{"id":2943,"date":"2020-05-01T10:45:04","date_gmt":"2020-05-01T08:45:04","guid":{"rendered":"https:\/\/semmelweis.hu\/gyogyszerhatastan\/?page_id=2943"},"modified":"2023-02-15T13:58:48","modified_gmt":"2023-02-15T12:58:48","slug":"munkatarsak","status":"publish","type":"page","link":"https:\/\/semmelweis.hu\/gyogyszerhatastan\/kutatas-fejlesztes\/korabbi-palyazatok\/nap-b-kutatocsoport\/munkatarsak\/","title":{"rendered":"A  NAP B kutat\u00f3csoport munkat\u00e1rsai"},"content":{"rendered":"\n<table id=\"tablepress-13\" class=\"tablepress tablepress-id-13\">\n<thead>\n<tr class=\"row-1\">\n\t<th colspan=\"4\" class=\"column-1\">A kutat\u00f3csoport tagjai:<\/th>\n<\/tr>\n<\/thead>\n<tbody class=\"row-striping\">\n<tr class=\"row-2\">\n\t<td class=\"column-1\"><img loading=\"lazy\" decoding=\"async\" style=\"float: left\" src=\"http:\/\/semmelweis.hu\/gyogyszerhatastan\/files\/2015\/05\/juhaszgabriella.jpg\" alt=\"Juh\u00e1sz Gabriella\" width=\"90\" height=\"120\" \/><\/td><td class=\"column-2\">Dr. Juh\u00e1sz Gabriella<\/td><td class=\"column-3\">kutat\u00f3csoport vezet\u00f5, egyetemi docens (Semmelweis Egyetem, Gy\u00f3gyszerhat\u00e1stani Int\u00e9zet)<\/td><td class=\"column-4\"><a href=\"https:\/\/vm.mtmt.hu\/\/search\/slist.php?lang=0&amp;AuthorID=10017483\">MTMT <\/a> <br \/> <a href=\"http:\/\/semmelweis.hu\/gyogyszerhatastan\/hu\/\"> Semmelweis Egyetem, Gy\u00f3gyszerhat\u00e1stani Int\u00e9zet<\/a> <\/td>\n<\/tr>\n<tr class=\"row-3\">\n\t<td class=\"column-1\"><img loading=\"lazy\" decoding=\"async\" style=\"float: left\" src=\"http:\/\/semmelweis.hu\/gyogyszerhatastan\/files\/2015\/05\/KokonyeiGyongyi.jpg\" alt=\"K\u00f6k\u00f6nyei Gy\u00f6ngyi\" width=\"90\" height=\"120\" \/><\/td><td class=\"column-2\">Dr. K\u00f6k\u00f6nyei Gy\u00f6ngyi<\/td><td class=\"column-3\">tudom\u00e1nyos munkat\u00e1rs, egyetemi adjunktus (ELTE, ELTE PPK Pszichol\u00f3giai Int\u00e9zet)<\/td><td class=\"column-4\"><a href=\"https:\/\/vm.mtmt.hu\/\/search\/slist.php?lang=0&amp;AuthorID=10020388\">MTMT <\/a> <br \/> <a href=\"http:\/\/pszichologia.elte.hu\/\"> ELTE PPK Pszichol\u00f3giai Int\u00e9zet<\/a> <\/td>\n<\/tr>\n<tr class=\"row-4\">\n\t<td class=\"column-1\"><img loading=\"lazy\" decoding=\"async\" style=\"float: left\" src=\"http:\/\/semmelweis.hu\/gyogyszerhatastan\/files\/2015\/05\/SzaboEdina.jpg\" alt=\"Szab\u00f3 Edina\" width=\"90\" height=\"120\" \/><\/td><td class=\"column-2\">Szab\u00f3 Edina<\/td><td class=\"column-3\">kutat\u00f3 pszichol\u00f3gus, PhD hallgat\u00f3 (ELTE, Pszichol\u00f3giai Doktori Iskola)<\/td><td class=\"column-4\"><a href=\"http:\/\/pszichologia.phd.elte.hu\/\">ELTE, Pszichol\u00f3giai Doktori Iskola <\/a><\/td>\n<\/tr>\n<tr class=\"row-5\">\n\t<td class=\"column-1\"><img loading=\"lazy\" decoding=\"async\" style=\"float: left\" src=\"http:\/\/semmelweis.hu\/gyogyszerhatastan\/files\/2015\/05\/Kocselnatalia.jpg\" alt=\"Kocsel Nat\u00e1lia\" width=\"90\" height=\"120\" \/><\/td><td class=\"column-2\">Kocsel Nat\u00e1lia<\/td><td class=\"column-3\">kutat\u00f3 pszichol\u00f3gus, PhD hallgat\u00f3 (ELTE, Pszichol\u00f3giai Doktori Iskola)<\/td><td class=\"column-4\"><a href=\"http:\/\/pszichologia.phd.elte.hu\/\">ELTE, Pszichol\u00f3giai Doktori Iskola <\/a><\/td>\n<\/tr>\n<tr class=\"row-6\">\n\t<td class=\"column-1\"><img loading=\"lazy\" decoding=\"async\" style=\"float: left\" src=\"http:\/\/semmelweis.hu\/gyogyszerhatastan\/files\/2015\/05\/EdesAndrea.jpg\" alt=\"\u00c9des Andrea\" width=\"90\" height=\"120\" \/><\/td><td class=\"column-2\">Dr. \u00c9des Andrea<\/td><td class=\"column-3\">kutat\u00f3 gy\u00f3gyszer\u00e9sz, PhD hallgat\u00f3 (Semmelweis Egyetem, Ment\u00e1lis Eg\u00e9szs\u00e9gtudom\u00e1nyok Doktori Iskola)<\/td><td class=\"column-4\"><a href=\"http:\/\/phd.semmelweis.hu\/doktori-iskolak\/mentalis-egeszsegtudomanyok\">Semmelweis Egyetem, Ment\u00e1lis Eg\u00e9szs\u00e9gtudom\u00e1nyok Doktori Iskola <\/a><\/td>\n<\/tr>\n<tr class=\"row-7\">\n\t<td class=\"column-1\"><img loading=\"lazy\" decoding=\"async\" style=\"float: left\" src=\"http:\/\/semmelweis.hu\/gyogyszerhatastan\/files\/2015\/05\/GecseKinga.jpg\" alt=\"Gecse Kinga\" width=\"90\" height=\"120\" \/><\/td><td class=\"column-2\">Gecse Kinga<\/td><td class=\"column-3\">egyetemi hallgat\u00f3, TDK hallgat\u00f3 (Semmelweis Egyetem, Gy\u00f3gyszer\u00e9sztudom\u00e1nyi Kar)<\/td><td class=\"column-4\"><a href=\"http:\/\/semmelweis.hu\/gytk\/\">Semmelweis Egyetem, Gy\u00f3gyszer\u00e9sztudom\u00e1nyi Kar <\/a><\/td>\n<\/tr>\n<tr class=\"row-8\">\n\t<td class=\"column-1\"><\/td><td class=\"column-2\">T\u00f3th Zsuzsanna<\/td><td class=\"column-3\">egyetemi hallgat\u00f3, TDK hallgat\u00f3 (Semmelweis Egyetem, Gy\u00f3gyszer\u00e9sztudom\u00e1nyi Kar)<\/td><td class=\"column-4\"><a href=\"http:\/\/semmelweis.hu\/gytk\/\">Semmelweis Egyetem, Gy\u00f3gyszer\u00e9sztudom\u00e1nyi Kar <\/a><\/td>\n<\/tr>\n<\/tbody>\n<\/table>\n<!-- #tablepress-13 from cache -->\n\n<table id=\"tablepress-14\" class=\"tablepress tablepress-id-14\">\n<thead>\n<tr class=\"row-1\">\n\t<th colspan=\"4\" class=\"column-1\">A kutat\u00f3csoport tov\u00e1bbi egy\u00fcttm\u00fbk\u00f6d\u00f5 partnerei:<br>1. Semmelweis Egyetem, Gy\u00f3gyszerhat\u00e1stani Int\u00e9zet (Igazgat\u00f3: Prof. Bagdy Gy\u00f6rgy)<br>2. MTA-SE Neuropszichofarmakol\u00f3giai \u00e9s Neurok\u00e9miai Kutat\u00f3csoport, Magyar Tudom\u00e1nyos Akad\u00e9mia, Semmelweis Egyetem \u00e9s a Nemzeti Agykutat\u00e1si Program, Semmelweis Egyetem, \u00daj antidepressz\u00e1ns gy\u00f3gyszerc\u00e9lpontok azonos\u00edt\u00e1sa (Prof. Bagdy Gy\u00f6rgy)<br \/>\n<\/th>\n<\/tr>\n<\/thead>\n<tbody class=\"row-striping\">\n<tr class=\"row-2\">\n\t<td class=\"column-1\"><img loading=\"lazy\" decoding=\"async\" style=\"float: left\" src=\"http:\/\/semmelweis.hu\/gyogyszerhatastan\/files\/2015\/05\/BagdyGyorgy.jpg\" alt=\"Bagdy Gy\u00f6rgy\" width=\"90\" height=\"120\" \/><\/td><td class=\"column-2\">Dr. Bagdy Gy\u00f6rgy<\/td><td class=\"column-3\">int\u00e9zetigazgat\u00f3 egyetemi tan\u00e1r, az MTA doktora<\/td><td class=\"column-4\"><a href=\"https:\/\/vm.mtmt.hu\/\/search\/slist.php?lang=0&amp;AuthorID=10001318\">MTMT <\/a> <br \/> <a href=\"http:\/\/semmelweis.hu\/gyogyszerhatastan\/hu\/\"> Semmelweis Egyetem, Gy\u00f3gyszerhat\u00e1stani Int\u00e9zet<\/a> <\/td>\n<\/tr>\n<tr class=\"row-3\">\n\t<td class=\"column-1\"><img loading=\"lazy\" decoding=\"async\" style=\"float: left\" src=\"http:\/\/semmelweis.hu\/gyogyszerhatastan\/files\/2015\/05\/GalambosAttila.jpg\" alt=\"Galambos Attila\" width=\"90\" height=\"120\" \/><\/td><td class=\"column-2\">Galambos Attila<\/td><td class=\"column-3\">kutat\u00f3 pszichol\u00f3gus, PhD hallgat\u00f3 (ELTE, Pszichol\u00f3giai Doktori Iskola)<\/td><td class=\"column-4\"><\/td>\n<\/tr>\n<tr class=\"row-4\">\n\t<td class=\"column-1\"><img loading=\"lazy\" decoding=\"async\" style=\"float: left\" src=\"http:\/\/semmelweis.hu\/gyogyszerhatastan\/files\/2015\/05\/EszlariNora.jpg\" alt=\"Eszl\u00e1ri N\u00f3ra\" width=\"90\" height=\"120\" \/><\/td><td class=\"column-2\">Eszl\u00e1ri N\u00f3ra<\/td><td class=\"column-3\">kutat\u00f3 pszichol\u00f3gus, PhD hallgat\u00f3 (Semmelweis Egyetem, Ment\u00e1lis Eg\u00e9szs\u00e9gtudom\u00e1nyok Doktori Iskola)<\/td><td class=\"column-4\"><a href=\"http:\/\/phd.semmelweis.hu\/doktori-iskolak\/mentalis-egeszsegtudomanyok\">Semmelweis Egyetem, Ment\u00e1lis Eg\u00e9szs\u00e9gtudom\u00e1nyok Doktori Iskola <\/a><\/td>\n<\/tr>\n<tr class=\"row-5\">\n\t<td class=\"column-1\"><img loading=\"lazy\" decoding=\"async\" style=\"float: left\" src=\"http:\/\/semmelweis.hu\/gyogyszerhatastan\/files\/2016\/09\/toth_zoltan_1.jpg\" alt=\"T\u00f3th Zolt\u00e1n G\u00e9za\" width=\"90\" height=\"120\" \/><\/td><td class=\"column-2\">Dr. T\u00f3th Zolt\u00e1n<\/td><td class=\"column-3\">okleveles villamosm\u00e9rn\u00f6k, alkalmazott informatikus<\/td><td class=\"column-4\"><a href=\"http:\/\/kvk.uni-obuda.hu\/\">\u00d3budai Egyetem Kand\u00f3 K\u00e1lm\u00e1n Villamosm\u00e9rn\u00f6ki Kar <\/a> <br> <a href=\"https:\/\/vm.mtmt.hu\/\/search\/slist.php?lang=0&amp;AuthorID=10033471\">MTMT <\/a><\/td>\n<\/tr>\n<\/tbody>\n<\/table>\n<!-- #tablepress-14 from cache -->\n\n<table id=\"tablepress-15\" class=\"tablepress tablepress-id-15\">\n<thead>\n<tr class=\"row-1\">\n\t<th colspan=\"4\" class=\"column-1\">Semmelweis Egyetem, Neurol\u00f3giai Klinika (Igazgat\u00f3: Prof. Bereczky D\u00e1niel)<\/th>\n<\/tr>\n<\/thead>\n<tbody class=\"row-striping\">\n<tr class=\"row-2\">\n\t<td class=\"column-1\"><img loading=\"lazy\" decoding=\"async\" style=\"float: left\" src=\"http:\/\/semmelweis.hu\/gyogyszerhatastan\/files\/2015\/05\/ErtseyCsaba.jpg\" alt=\"Ertsey Csaba\" width=\"90\" height=\"120\" \/><\/td><td class=\"column-2\">Dr. Ertsey Csaba<\/td><td class=\"column-3\">neurol\u00f3gus szakorvos, egyetemi adjunktus, (Semmelweis Egyetem, \u00c1OK Neurol\u00f3giai Klinika)<\/td><td class=\"column-4\"><a href=\"https:\/\/vm.mtmt.hu\/\/search\/slist.php?lang=0&amp;AuthorID=10013475\">MTMT <\/a> <br \/> <a href=\"http:\/\/semmelweis.hu\/neurologia\/\">Semmelweis Egyetem, \u00c1OK Neurol\u00f3giai Klinika <\/a> <\/td>\n<\/tr>\n<tr class=\"row-3\">\n\t<td class=\"column-1\"><img loading=\"lazy\" decoding=\"async\" style=\"float: left\" src=\"http:\/\/semmelweis.hu\/gyogyszerhatastan\/files\/2015\/05\/ZsombokTeri.jpg\" alt=\"Zsomb\u00f3k Ter\u00e9zia\" width=\"90\" height=\"120\" \/><\/td><td class=\"column-2\">Dr. Zsomb\u00f3k Ter\u00e9zia<\/td><td class=\"column-3\">tudom\u00e1nyos munkat\u00e1rs, ideg-elmegy\u00f3gy\u00e1sz, relax\u00e1ci\u00f3s terapeuta<\/td><td class=\"column-4\"><a href=\"https:\/\/vm.mtmt.hu\/\/search\/slist.php?lang=0&amp;AuthorID=10023995\">MTMT <\/a> <br \/> <a href=\"http:\/\/semmelweis.hu\/neurologia\/\">Semmelweis Egyetem, \u00c1OK Neurol\u00f3giai Klinika <\/a> <\/td>\n<\/tr>\n<tr class=\"row-4\">\n\t<td class=\"column-1\"><img loading=\"lazy\" decoding=\"async\" style=\"float: left\" src=\"http:\/\/semmelweis.hu\/gyogyszerhatastan\/files\/2015\/05\/CsepanyEva.jpg\" alt=\"Cs\u00e9p\u00e1ny \u00c9va\" width=\"90\" height=\"120\" \/><\/td><td class=\"column-2\">Dr Cs\u00e9p\u00e1ny \u00c9va<\/td><td class=\"column-3\">PhD hallgat\u00f3 (Semmelweis Egyetem, Szent\u00e1gothai J\u00e1nos Idegtudom\u00e1nyok Doktori Iskola)<\/td><td class=\"column-4\"><a href=\"http:\/\/phd.semmelweis.hu\/doktori-iskolak\/szentagothai-janos-idegtudomanyi-di-multidiszciplinaris-orvostudomanyok\"> Semmelweis Egyetem, Szent\u00e1gothai J\u00e1nos Idegtudom\u00e1nyok Doktori Iskola<\/a><\/td>\n<\/tr>\n<tr class=\"row-5\">\n\t<td class=\"column-1\"><img loading=\"lazy\" decoding=\"async\" style=\"float: left\" src=\"http:\/\/semmelweis.hu\/gyogyszerhatastan\/files\/2015\/05\/MagyarMate.jpg\" alt=\"Magyar M\u00e1t\u00e9\" width=\"90\" height=\"120\" \/><\/td><td class=\"column-2\">Dr. Magyar M\u00e1t\u00e9<\/td><td class=\"column-3\">neurol\u00f3gus, k\u00f6zponti gyakornok<\/td><td class=\"column-4\"><a href=\"http:\/\/semmelweis.hu\/neurologia\/\">Semmelweis Egyetem, \u00c1OK Neurol\u00f3giai Klinika <\/a> <\/td>\n<\/tr>\n<tr class=\"row-6\">\n\t<td class=\"column-1\"><img loading=\"lazy\" decoding=\"async\" style=\"float: left\" src=\"http:\/\/semmelweis.hu\/gyogyszerhatastan\/files\/2015\/05\/GyureTamas.jpg\" alt=\"Gy\u00fcre Tam\u00e1s\" width=\"90\" height=\"120\" \/><\/td><td class=\"column-2\">Gy\u00fcre Tam\u00e1s<\/td><td class=\"column-3\">pszichol\u00f3gus, PhD hallgat\u00f3 (Semmelweis Egyetem, Szent\u00e1gothai J\u00e1nos Idegtudom\u00e1nyok Doktori Iskola)<\/td><td class=\"column-4\"><a href=\"http:\/\/phd.semmelweis.hu\/doktori-iskolak\/szentagothai-janos-idegtudomanyi-di-multidiszciplinaris-orvostudomanyok\"> Semmelweis Egyetem, Szent\u00e1gothai J\u00e1nos Idegtudom\u00e1nyok Doktori Iskola<\/a><\/td>\n<\/tr>\n<\/tbody>\n<\/table>\n<!-- #tablepress-15 from cache -->\n\n<table id=\"tablepress-16\" class=\"tablepress tablepress-id-16\">\n<thead>\n<tr class=\"row-1\">\n\t<th colspan=\"4\" class=\"column-1\">Semmelweis Egyetem MR Kutat\u00f3k\u00f6zpont (Igazgat\u00f3: Dr. Rudas G\u00e1bor)<\/th>\n<\/tr>\n<\/thead>\n<tbody class=\"row-striping\">\n<tr class=\"row-2\">\n\t<td class=\"column-1\"><img loading=\"lazy\" decoding=\"async\" style=\"float: left\" src=\"http:\/\/semmelweis.hu\/gyogyszerhatastan\/files\/2015\/05\/KozakLajos.jpg\" alt=\"Koz\u00e1k Lajos\" width=\"90\" height=\"120\" \/><\/td><td class=\"column-2\">Dr. Koz\u00e1k Lajos<\/td><td class=\"column-3\">\u00e1ltal\u00e1nos orvos, orvosbiol\u00f3giai m\u00e9rn\u00f6k, egyetemi adjunktus, (Semmelweis Egyetem MR Kutat\u00f3k\u00f6zpont)<\/td><td class=\"column-4\"><a href=\"http:\/\/semmelweis.hu\/mrkk\/\">MRKK <\/a> <br \/> <a href=\"https:\/\/vm.mtmt.hu\/\/search\/slist.php?lang=0&amp;AuthorID=10017026\">MTMT <\/a><\/td>\n<\/tr>\n<tr class=\"row-3\">\n\t<td class=\"column-1\"><img loading=\"lazy\" decoding=\"async\" style=\"float: left\" src=\"http:\/\/semmelweis.hu\/gyogyszerhatastan\/files\/2015\/05\/SzaboAdam.jpg\" alt=\"Szab\u00f3 \u00c1d\u00e1m\" width=\"90\" height=\"120\" \/><\/td><td class=\"column-2\">Dr. Szab\u00f3 \u00c1d\u00e1m<\/td><td class=\"column-3\">\u00e1ltal\u00e1nos orvos, radiol\u00f3gus k\u00f6zponti gyakornok (Semmelweis Egyetem MR Kutat\u00f3k\u00f6zpont)<\/td><td class=\"column-4\"><a href=\"http:\/\/semmelweis.hu\/mrkk\/\">MRKK <\/a><\/td>\n<\/tr>\n<tr class=\"row-4\">\n\t<td class=\"column-1\"><img loading=\"lazy\" decoding=\"async\" style=\"float: left\" src=\"http:\/\/semmelweis.hu\/gyogyszerhatastan\/files\/2015\/05\/Gyebnargyula.jpg\" alt=\"Gyebn\u00e1r Gyula\" width=\"90\" height=\"120\" \/><\/td><td class=\"column-2\">Gyebn\u00e1r Gyula<\/td><td class=\"column-3\">fizikus, PhD hallgat\u00f3 (Semmelweis Egyetem, Szent\u00e1gothai J\u00e1nos Idegtudom\u00e1nyok Doktori Iskola)<\/td><td class=\"column-4\"><a href=\"http:\/\/phd.semmelweis.hu\/doktori-iskolak\/szentagothai-janos-idegtudomanyi-di-multidiszciplinaris-orvostudomanyok\">Semmelweis Egyetem, Szent\u00e1gothai J\u00e1nos Idegtudom\u00e1nyok Doktori Iskola <\/a><\/td>\n<\/tr>\n<tr class=\"row-5\">\n\t<td class=\"column-1\"><img loading=\"lazy\" decoding=\"async\" style=\"float: left\" src=\"http:\/\/semmelweis.hu\/gyogyszerhatastan\/files\/2015\/05\/LakatosAndrea.jpg\" alt=\"LakatosAndrea\" width=\"90\" height=\"120\" \/><\/td><td class=\"column-2\">Dr. Lakatos Andrea<\/td><td class=\"column-3\">radiol\u00f3gus, PhD hallgat\u00f3 (Semmelweis Egyetem, Szent\u00e1gothai J\u00e1nos Idegtudom\u00e1nyok Doktori Iskola)<\/td><td class=\"column-4\"><a href=\"http:\/\/phd.semmelweis.hu\/doktori-iskolak\/szentagothai-janos-idegtudomanyi-di-multidiszciplinaris-orvostudomanyok\">Semmelweis Egyetem, Szent\u00e1gothai J\u00e1nos Idegtudom\u00e1nyok Doktori Iskola <\/a><\/td>\n<\/tr>\n<\/tbody>\n<\/table>\n<!-- #tablepress-16 from cache -->\n<p><strong>Tov\u00e1bbi egy\u00fcttm\u0171k\u00f6d\u00e9s:<\/strong><\/p>\n<p><a href=\"http:\/\/www.ttk.hu\/akk\/\"><strong>MTA Term\u00e9szettudom\u00e1nyi Kutat\u00f3k\u00f6zpont Agyi K\u00e9palkot\u00f3 K\u00f6zpont<\/strong><\/a><\/p>\n","protected":false},"excerpt":{"rendered":"<p>Tov\u00e1bbi egy\u00fcttm\u0171k\u00f6d\u00e9s:<br \/>\n<a href=\"http:\/\/www.ttk.hu\/akk\/\">MTA Term\u00e9szettudom\u00e1nyi Kutat\u00f3k\u00f6zpont Agyi K\u00e9palkot\u00f3 K\u00f6zpont<\/a><\/p>\n","protected":false},"author":101145,"featured_media":0,"parent":1757,"menu_order":2,"comment_status":"closed","ping_status":"closed","template":"template-fullwidth.php","meta":{"_acf_changed":false,"footnotes":""},"categories":[],"tags":[],"class_list":["post-2943","page","type-page","status-publish","hentry"],"acf":[],"_links":{"self":[{"href":"https:\/\/semmelweis.hu\/gyogyszerhatastan\/wp-json\/wp\/v2\/pages\/2943","targetHints":{"allow":["GET"]}}],"collection":[{"href":"https:\/\/semmelweis.hu\/gyogyszerhatastan\/wp-json\/wp\/v2\/pages"}],"about":[{"href":"https:\/\/semmelweis.hu\/gyogyszerhatastan\/wp-json\/wp\/v2\/types\/page"}],"author":[{"embeddable":true,"href":"https:\/\/semmelweis.hu\/gyogyszerhatastan\/wp-json\/wp\/v2\/users\/101145"}],"replies":[{"embeddable":true,"href":"https:\/\/semmelweis.hu\/gyogyszerhatastan\/wp-json\/wp\/v2\/comments?post=2943"}],"version-history":[{"count":3,"href":"https:\/\/semmelweis.hu\/gyogyszerhatastan\/wp-json\/wp\/v2\/pages\/2943\/revisions"}],"predecessor-version":[{"id":3432,"href":"https:\/\/semmelweis.hu\/gyogyszerhatastan\/wp-json\/wp\/v2\/pages\/2943\/revisions\/3432"}],"up":[{"embeddable":true,"href":"https:\/\/semmelweis.hu\/gyogyszerhatastan\/wp-json\/wp\/v2\/pages\/1757"}],"wp:attachment":[{"href":"https:\/\/semmelweis.hu\/gyogyszerhatastan\/wp-json\/wp\/v2\/media?parent=2943"}],"wp:term":[{"taxonomy":"category","embeddable":true,"href":"https:\/\/semmelweis.hu\/gyogyszerhatastan\/wp-json\/wp\/v2\/categories?post=2943"},{"taxonomy":"post_tag","embeddable":true,"href":"https:\/\/semmelweis.hu\/gyogyszerhatastan\/wp-json\/wp\/v2\/tags?post=2943"}],"curies":[{"name":"wp","href":"https:\/\/api.w.org\/{rel}","templated":true}]}}