{"id":2937,"date":"2020-05-01T10:37:17","date_gmt":"2020-05-01T08:37:17","guid":{"rendered":"https:\/\/semmelweis.hu\/gyogyszerhatastan\/?page_id=2937"},"modified":"2023-02-15T13:55:09","modified_gmt":"2023-02-15T12:55:09","slug":"altalanos-informaciok","status":"publish","type":"page","link":"https:\/\/semmelweis.hu\/gyogyszerhatastan\/kutatas-fejlesztes\/korabbi-palyazatok\/nap-b-kutatocsoport\/altalanos-informaciok\/","title":{"rendered":"\u00c1ltal\u00e1nos inform\u00e1ci\u00f3k a NAP B kutat\u00f3csoportr\u00f3l"},"content":{"rendered":"<p><strong>Kutat\u00f3csoport neve: <\/strong>MTA-SE-NAP B Genetikai Agyi K\u00e9palkot\u00f3 Migr\u00e9n Kutat\u00f3 Csoport<\/p>\n<p><strong>P\u00e1ly\u00e1zat c\u00edme:<\/strong> Funkcion\u00e1lis MR \u00e9s genetikai biomarker vizsg\u00e1latok migr\u00e9nben<\/p>\n<p><strong>Vezet\u0151:<\/strong><\/p>\n<p>Dr. Juh\u00e1sz Gabriella, PhD, egyetemi docens<\/p>\n<p>E-mail: <a href=\"mailto:agykutatas.sote@gmail.com\" target=\"_blank\" rel=\"noopener noreferrer\">agykutatas.sote@gmail.com<\/a><\/p>\n<p>Tel: +36 1 4591500<\/p>\n<p>Int\u00e9zet: Gy\u00f3gyszerhat\u00e1stani Int\u00e9zet<\/p>\n<p><strong>A megval\u00f3s\u00edt\u00e1s helysz\u00edne:<\/strong> Semmelweis Egyetem, 1089 Budapest Nagyv\u00e1rad t\u00e9r 4.<\/p>\n<p><strong>Az Eur\u00f3pai Uni\u00f3 \u00e9s a Magyar \u00c1llam \u00e1ltal ny\u00fajtott t\u00e1mogat\u00e1s \u00f6sszege:<\/strong> 120\u00a0738\u00a0000 Ft<\/p>\n<p><strong>Kivitelez\u00e9s ideje:<\/strong> 2015.01.01-2017.12.31.<\/p>\n<p><strong>Link:<\/strong> <a href=\"https:\/\/semmelweis.hu\/gyogyszerhatastan\/korabbi-palyazatok\/nap-b-kutatocsoport\/a-kutatasrol\/\">https:\/\/semmelweis.hu\/gyogyszerhatastan\/nap-b-kutatocsoport\/a-kutatasrol<\/a><\/p>\n<p><strong>Kulcsszavak:<\/strong><\/p>\n<p>migr\u00e9n, fMRI, stressz, genetika, k\u00f6rnyezeti faktorok, epigenetika, g\u00e9n-k\u00f6rnyezet interakci\u00f3k, biomarkerek, autog\u00e9n tr\u00e9ning<\/p>\n","protected":false},"excerpt":{"rendered":"<p>Kutat\u00f3csoport neve: MTA-SE-NAP B Genetikai Agyi K\u00e9palkot\u00f3 Migr\u00e9n Kutat\u00f3 Csoport P\u00e1ly\u00e1zat c\u00edme: Funkcion\u00e1lis MR \u00e9s genetikai biomarker vizsg\u00e1latok migr\u00e9nben Vezet\u0151: Dr. Juh\u00e1sz Gabriella, PhD, egyetemi docens E-mail: <a href=\"mailto:agykutatas.sote@gmail.com\" target=\"_blank\" rel=\"noopener noreferrer\">agykutatas.sote@gmail.com<\/a> Tel: +36 1 4591500 Int\u00e9zet: Gy\u00f3gyszerhat\u00e1stani Int\u00e9zet A megval\u00f3s\u00edt\u00e1s helysz\u00edne: Semmelweis Egyetem, 1089 Budapest Nagyv\u00e1rad t\u00e9r 4. Az Eur\u00f3pai Uni\u00f3 \u00e9s a Magyar \u00c1llam \u00e1ltal ny\u00fajtott t\u00e1mogat\u00e1s \u00f6sszege: &hellip;<\/p>\n","protected":false},"author":101145,"featured_media":0,"parent":1757,"menu_order":0,"comment_status":"closed","ping_status":"closed","template":"","meta":{"_acf_changed":false,"footnotes":""},"categories":[],"tags":[],"class_list":["post-2937","page","type-page","status-publish","hentry"],"acf":[],"_links":{"self":[{"href":"https:\/\/semmelweis.hu\/gyogyszerhatastan\/wp-json\/wp\/v2\/pages\/2937","targetHints":{"allow":["GET"]}}],"collection":[{"href":"https:\/\/semmelweis.hu\/gyogyszerhatastan\/wp-json\/wp\/v2\/pages"}],"about":[{"href":"https:\/\/semmelweis.hu\/gyogyszerhatastan\/wp-json\/wp\/v2\/types\/page"}],"author":[{"embeddable":true,"href":"https:\/\/semmelweis.hu\/gyogyszerhatastan\/wp-json\/wp\/v2\/users\/101145"}],"replies":[{"embeddable":true,"href":"https:\/\/semmelweis.hu\/gyogyszerhatastan\/wp-json\/wp\/v2\/comments?post=2937"}],"version-history":[{"count":5,"href":"https:\/\/semmelweis.hu\/gyogyszerhatastan\/wp-json\/wp\/v2\/pages\/2937\/revisions"}],"predecessor-version":[{"id":3430,"href":"https:\/\/semmelweis.hu\/gyogyszerhatastan\/wp-json\/wp\/v2\/pages\/2937\/revisions\/3430"}],"up":[{"embeddable":true,"href":"https:\/\/semmelweis.hu\/gyogyszerhatastan\/wp-json\/wp\/v2\/pages\/1757"}],"wp:attachment":[{"href":"https:\/\/semmelweis.hu\/gyogyszerhatastan\/wp-json\/wp\/v2\/media?parent=2937"}],"wp:term":[{"taxonomy":"category","embeddable":true,"href":"https:\/\/semmelweis.hu\/gyogyszerhatastan\/wp-json\/wp\/v2\/categories?post=2937"},{"taxonomy":"post_tag","embeddable":true,"href":"https:\/\/semmelweis.hu\/gyogyszerhatastan\/wp-json\/wp\/v2\/tags?post=2937"}],"curies":[{"name":"wp","href":"https:\/\/api.w.org\/{rel}","templated":true}]}}