{"id":28,"date":"2020-07-17T10:41:44","date_gmt":"2020-07-17T08:41:44","guid":{"rendered":"https:\/\/semmelweis.hu\/trajectome\/?page_id=28"},"modified":"2025-11-27T16:18:12","modified_gmt":"2025-11-27T15:18:12","slug":"trajectome","status":"publish","type":"page","link":"https:\/\/semmelweis.hu\/gyogyszerhatastan\/kutatas-fejlesztes\/korabbi-palyazatok\/trajectome\/","title":{"rendered":"TRAJECTOME Kutat\u00f3csoport"},"content":{"rendered":"<h4><b>Kutat\u00f3csoport neve: <\/b><span style=\"font-weight: 400;\">TRAJECTOME Kutat\u00f3csoport<\/span><\/h4>\n<p><b>Projekt c\u00edme:<\/b><span style=\"font-weight: 400;\"> Depresszi\u00f3 alcsoportok azonos\u00edt\u00e1sa id\u0151beli multimorbidit\u00e1s h\u00e1l\u00f3zatok alapj\u00e1n: a betegs\u00e9gutak kvantitat\u00edv vizsg\u00e1lata \u00e9s lehets\u00e9ges gy\u00f3gyszerc\u00e9lpontok felkutat\u00e1sa<\/span><\/p>\n<p><b>Projekt r\u00f6vid\u00edt\u00e9se:<\/b><span style=\"font-weight: 400;\"> TRAJECTOME<\/span><\/p>\n<div>\n<div class=\"keretes w-100\">\n<h5>Koordin\u00e1tor:<\/h5>\n<p>Semmelweis Egyetem, Gy\u00f3gyszerhat\u00e1stani Int\u00e9zet<br \/>\nDr. Juh\u00e1sz Gabriella, PhD, egyetemi docens<br \/>\nE-mail: juhasz.gabriella@semmelweis.hu<br \/>\nTel: +36 1 459 1500<\/p>\n<\/div>\n<\/div>\n<h4><b>A projekt partnerei:<\/b><\/h4>\n<ul>\n<li>Abiomics Europe Ltd., Budapest, Hungary, Dr. Antal P\u00e9ter<\/li>\n<li>The Department of Public Health Solutions, Finnish Institute for Health and Welfare, Helsinki, Finland, Dr. Mikko Kuokkanen<\/li>\n<li>Institut d\u2019Investigacions Biom\u00e8diques August Pi i Sunyer (IDIBAPS) \u2013 Hospital Clinic de Barcelona, Barcelona, Spain, Dr. Josep Roca<\/li>\n<li>Department of Psychiatry, University Medicine Greifswald (UMG), Greifswald, Mecklenburg-West Pomerania, Germany, Dr. rer. med. Sandra Van der Auwera-Palitschka<\/li>\n<\/ul>\n<p><b>Projekt megval\u00f3s\u00edt\u00e1s\u00e1nak kezdete:<\/b><span style=\"font-weight: 400;\"> 2020.05.01.<\/span><\/p>\n<p><b>Projekt megval\u00f3s\u00edt\u00e1s\u00e1nak befejez\u00e9se:<\/b><span style=\"font-weight: 400;\"> 2023.04.30.<\/span><\/p>\n<p><b>Link:<\/b> <a href=\"https:\/\/semmelweis.hu\/gyogyszerhatastan\/TRAJECTOME\/\"><span style=\"font-weight: 400;\">https:\/\/semmelweis.hu\/gyogyszerhatastan\/TRAJECTOME\/<\/span><\/a><\/p>\n<hr \/>\n<p><b><a href=\"https:\/\/erapermed.isciii.es\/\" target=\"_blank\" rel=\"noopener\"><img loading=\"lazy\" decoding=\"async\" class=\"alignright wp-image-3605 size-medium\" src=\"https:\/\/semmelweis.hu\/gyogyszerhatastan\/files\/2025\/11\/erapermed-400x55.png\" alt=\"\" width=\"400\" height=\"55\" srcset=\"https:\/\/semmelweis.hu\/gyogyszerhatastan\/files\/2025\/11\/erapermed-400x55.png 400w, https:\/\/semmelweis.hu\/gyogyszerhatastan\/files\/2025\/11\/erapermed.png 600w\" sizes=\"auto, (max-width: 400px) 100vw, 400px\" \/><\/a>A projekt ki\u00edr\u00f3ja: <\/b><span style=\"font-weight: 400;\">ERA PerMed Joint Translational Call 2019, \u201cPersonalised Medicine: Multidisciplinary Research Towards Implementation\u201d (p\u00e1ly\u00e1zat sz\u00e1ma: ERAPERMED2019-108)<\/span><\/p>\n<p><span style=\"font-weight: 400;\">Tov\u00e1bbi inform\u00e1ci\u00f3k a projekt ki\u00edr\u00f3j\u00e1r\u00f3l: <a href=\"https:\/\/erapermed.isciii.es\/\">https:\/\/erapermed.isciii.es\/<\/a><\/span><\/p>\n<hr \/>\n<p><b>T\u00e1mogat\u00f3: Nemzeti Kutat\u00e1si, Fejleszt\u00e9si \u00e9s Innov\u00e1ci\u00f3s Hivatal (projekt\/ szerz\u0151d\u00e9s sz\u00e1ma: 2019-2.1.7-ERA-NET-2020-00005)<\/b><\/p>\n<p><b>T\u00e1mogat\u00e1s \u00f6sszege: <\/b><span style=\"font-weight: 400;\">konzorcium szinten 1,115M EUR, amib\u0151l az egyetem r\u00e9sz\u00e9re 150 000 EUR<\/span><\/p>\n<style>\n           #page-grid .card-body > .line-clamp-box.excerpt{\n        width: inherit;\n        max-width: inherit;\n        display:flex;\n        min-height: 2.4em;\n        flex-direction: column;\n        justify-content: space-around;\n        background-color: #D6E4EA;\n        min-height: 3.4rem;\n        font-family: \"Montserrat\", sans-serif;\n    }\n\n    #page-grid a:hover .card-body > .line-clamp-box.excerpt {\n        background-color: #fff;\n        color: #313B40;\n    }\n\n    #page-grid .card-body .line-clamp-box.excerpt section{\n        max-width: inherit;\n        display: -webkit-box;\n        -webkit-line-clamp: 2;\n        -webkit-box-orient: vertical;\n        overflow: hidden;\n        text-overflow: ellipsis;\n        hyphens: auto;\n        margin: auto;\n        \n    }\n    .line-clamp-box.excerpt section, .line-clamp-box.excerpt section p{\n        font-size:0.8em;\n    }\n    \n<\/style>\n    <section id=\"page-grid\">\n        \n        <div class=\"row row-cols-1 row-cols-md-2 row-cols-lg-4 no-gutters mx-0 \">    <div class =\"col  mb-2 card-wrapper\">\n        <a class=\"d-flex flex-fill card-link-warapper m-md-1\" href=\"https:\/\/semmelweis.hu\/gyogyszerhatastan\/kutatas-fejlesztes\/korabbi-palyazatok\/trajectome\/projekt-osszefoglalo\/\">\n            <div class=\"card border border-secondary se-border flex-fill\">\n                <div class=\"row no-gutters mx-0 d-flex flex-nowrap flex-md-wrap align-items-center\">\n                    <div class =\"  col-5 col-md-12  d-none  d-md-none d-md-none  bg-image  card-image justify-content-center\">\n                        <img class='wp-post-image img-fluid landscape' src='https:\/\/semmelweis.hu\/gyogyszerhatastan\/wp-content\/themes\/se18\/dist\/images\/svg\/bg-image.svg' \/>\n                    <\/div>\n                    <div class=\"card-body  col flex-column  col-md-12 p-0\">\n                        <div class=\"line-clamp-box p-3\">\n                            <h5 class=\"ml-0 ml-sm-1 mt-2 align-items-center\"  >Projekt \u00d6sszefoglal\u00f3<\/h5>\n                        <\/div>\n                        \n                    <\/div>\n                <\/div>\n\n            <\/div>\n        <\/a>\n    <\/div>    <div class =\"col  mb-2 card-wrapper\">\n        <a class=\"d-flex flex-fill card-link-warapper m-md-1\" href=\"https:\/\/semmelweis.hu\/gyogyszerhatastan\/kutatas-fejlesztes\/korabbi-palyazatok\/trajectome\/a-nemzetkozi-konzorcium-tagjai\/\">\n            <div class=\"card border border-secondary se-border flex-fill\">\n                <div class=\"row no-gutters mx-0 d-flex flex-nowrap flex-md-wrap align-items-center\">\n                    <div class =\"  col-5 col-md-12  d-none  d-md-none d-md-none  bg-image  card-image justify-content-center\">\n                        <img class='wp-post-image img-fluid landscape' src='https:\/\/semmelweis.hu\/gyogyszerhatastan\/wp-content\/themes\/se18\/dist\/images\/svg\/bg-image.svg' \/>\n                    <\/div>\n                    <div class=\"card-body  col flex-column  col-md-12 p-0\">\n                        <div class=\"line-clamp-box p-3\">\n                            <h5 class=\"ml-0 ml-sm-1 mt-2 align-items-center\"  >A nemzetk\u00f6zi konzorcium tagjai<\/h5>\n                        <\/div>\n                        \n                    <\/div>\n                <\/div>\n\n            <\/div>\n        <\/a>\n    <\/div>    <div class =\"col  mb-2 card-wrapper\">\n        <a class=\"d-flex flex-fill card-link-warapper m-md-1\" href=\"https:\/\/semmelweis.hu\/gyogyszerhatastan\/kutatas-fejlesztes\/korabbi-palyazatok\/trajectome\/publikaciok\/\">\n            <div class=\"card border border-secondary se-border flex-fill\">\n                <div class=\"row no-gutters mx-0 d-flex flex-nowrap flex-md-wrap align-items-center\">\n                    <div class =\"  col-5 col-md-12  d-none  d-md-none d-md-none  bg-image  card-image justify-content-center\">\n                        <img class='wp-post-image img-fluid landscape' src='https:\/\/semmelweis.hu\/gyogyszerhatastan\/wp-content\/themes\/se18\/dist\/images\/svg\/bg-image.svg' \/>\n                    <\/div>\n                    <div class=\"card-body  col flex-column  col-md-12 p-0\">\n                        <div class=\"line-clamp-box p-3\">\n                            <h5 class=\"ml-0 ml-sm-1 mt-2 align-items-center\"  >Publik\u00e1ci\u00f3k<\/h5>\n                        <\/div>\n                        \n                    <\/div>\n                <\/div>\n\n            <\/div>\n        <\/a>\n    <\/div>    <div class =\"col  mb-2 card-wrapper\">\n        <a class=\"d-flex flex-fill card-link-warapper m-md-1\" href=\"https:\/\/semmelweis.hu\/gyogyszerhatastan\/kutatas-fejlesztes\/korabbi-palyazatok\/trajectome\/mediamegjelenes\/\">\n            <div class=\"card border border-secondary se-border flex-fill\">\n                <div class=\"row no-gutters mx-0 d-flex flex-nowrap flex-md-wrap align-items-center\">\n                    <div class =\"  col-5 col-md-12  d-none  d-md-none d-md-none  bg-image  card-image justify-content-center\">\n                        <img class='wp-post-image img-fluid landscape' src='https:\/\/semmelweis.hu\/gyogyszerhatastan\/wp-content\/themes\/se18\/dist\/images\/svg\/bg-image.svg' \/>\n                    <\/div>\n                    <div class=\"card-body  col flex-column  col-md-12 p-0\">\n                        <div class=\"line-clamp-box p-3\">\n                            <h5 class=\"ml-0 ml-sm-1 mt-2 align-items-center\"  >M\u00e9diamegjelen\u00e9s<\/h5>\n                        <\/div>\n                        \n                    <\/div>\n                <\/div>\n\n            <\/div>\n        <\/a>\n    <\/div>    <div class =\"col  mb-2 card-wrapper\">\n        <a class=\"d-flex flex-fill card-link-warapper m-md-1\" href=\"https:\/\/semmelweis.hu\/gyogyszerhatastan\/kutatas-fejlesztes\/korabbi-palyazatok\/trajectome\/mediamegjelenesek-eloadasok\/\">\n            <div class=\"card border border-secondary se-border flex-fill\">\n                <div class=\"row no-gutters mx-0 d-flex flex-nowrap flex-md-wrap align-items-center\">\n                    <div class =\"  col-5 col-md-12  d-none  d-md-none d-md-none  bg-image  card-image justify-content-center\">\n                        <img class='wp-post-image img-fluid landscape' src='https:\/\/semmelweis.hu\/gyogyszerhatastan\/wp-content\/themes\/se18\/dist\/images\/svg\/bg-image.svg' \/>\n                    <\/div>\n                    <div class=\"card-body  col flex-column  col-md-12 p-0\">\n                        <div class=\"line-clamp-box p-3\">\n                            <h5 class=\"ml-0 ml-sm-1 mt-2 align-items-center\"  >M\u00e9diamegjelen\u00e9sek, el\u0151ad\u00e1sok<\/h5>\n                        <\/div>\n                        \n                    <\/div>\n                <\/div>\n\n            <\/div>\n        <\/a>\n    <\/div>        <\/div>\n    <\/section>\n<h1 style=\"text-align: center;\">A kutat\u00e1sr\u00f3l<\/h1>\n<p><span style=\"font-weight: 400;\">A depresszi\u00f3 az egyik leggyakoribb ment\u00e1lis betegs\u00e9g, mely \u00e1ltal\u00e1ban kr\u00f3nikus jelleg\u0171, az \u00e9let folyam\u00e1n ism\u00e9telten visszat\u00e9r\u0151 \u00e1llapotrosszabbod\u00e1sokkal jellemezhet\u0151, ezzel jelent\u0151s szenved\u00e9st okozva a betegeknek. Kor\u00e1bbi kutat\u00e1sok kimutatt\u00e1k, hogy a depresszi\u00f3t \u00e1t\u00e9lt szem\u00e9lyekben gyakrabban alakulnak ki m\u00e1s lelki \u00e9s testi betegs\u00e9gek is, \u00fagynevezett multimorbid \u00e1llapotok. Ennek oka val\u00f3sz\u00edn\u0171leg a k\u00fcl\u00f6nb\u00f6z\u0151 betegs\u00e9gek k\u00f6z\u00f6tt fenn\u00e1ll\u00f3 k\u00f6z\u00f6s biol\u00f3giai \u00e9s k\u00f6rnyezeti rizik\u00f3faktorokra vezethet\u0151 vissza. <\/span><\/p>\n<div class=\"fontos_div\">\n<p><span style=\"font-weight: 400;\">A TRAJECTOME projekt c\u00e9lja, hogy megvizsg\u00e1lja, milyen id\u0151beli sorrendben alakulnak ki a depresszi\u00f3hoz kapcsol\u00f3d\u00f3 betegs\u00e9gek, majd meghat\u00e1rozza a leggyakrabban el\u0151fordul\u00f3 betegs\u00e9g-sorrendeket, m\u00e1s n\u00e9ven betegs\u00e9gutakat. <\/span><\/p>\n<\/div>\n<p><span style=\"font-weight: 400;\">A k\u00fcl\u00f6nb\u00f6z\u0151 betegs\u00e9gutak azonos\u00edt\u00e1sa lehet\u0151v\u00e9 teszi, hogy a hasonl\u00f3 betegs\u00e9gekkel rendelkez\u0151 depresszi\u00f3s szem\u00e9lyeket alcsoportokba soroljuk, majd meghat\u00e1rozzuk a kiv\u00e1lasztott alcsoportra jellemz\u0151 specifikus biol\u00f3giai, t\u00e1rsadalmi-gazdas\u00e1gi \u00e9s \u00e9letm\u00f3dbeli rizik\u00f3faktorokat, melyek hozz\u00e1j\u00e1rulnak a depresszi\u00f3 t\u00fcneteinek kialakul\u00e1s\u00e1hoz. Ezeknek a folyamatoknak a meg\u00e9rt\u00e9s\u00e9vel a TRAJECTOME projekt el\u0151seg\u00edti a depresszi\u00f3 kock\u00e1zat\u00e1nak pontosabb becsl\u00e9s\u00e9t \u00e9s hat\u00e9konyabb betegs\u00e9g megel\u0151z\u00e9si strat\u00e9gi\u00e1k kidolgoz\u00e1s\u00e1t. Ezen k\u00edv\u00fcl \u00faj ir\u00e1nyvonalat mutathat a gy\u00f3gyszerkutat\u00e1s sz\u00e1m\u00e1ra is, mely hozz\u00e1j\u00e1rul a depresszi\u00f3val \u00f6sszef\u00fcgg\u0151 betegs\u00e9gek szem\u00e9lyre szabott kezel\u00e9s\u00e9nek kidolgoz\u00e1s\u00e1hoz.<\/span><\/p>\n<figure id=\"attachment_47\" aria-describedby=\"caption-attachment-47\" style=\"width: 2043px\" class=\"wp-caption aligncenter\"><a href=\"https:\/\/semmelweis.hu\/gyogyszerhatastan\/files\/2020\/07\/betegsegterkep.png\"><img loading=\"lazy\" decoding=\"async\" class=\"wp-image-47 size-full\" src=\"https:\/\/semmelweis.hu\/gyogyszerhatastan\/files\/2020\/07\/betegsegterkep.png\" alt=\"\" width=\"2043\" height=\"795\" srcset=\"https:\/\/semmelweis.hu\/gyogyszerhatastan\/files\/2020\/07\/betegsegterkep.png 2043w, https:\/\/semmelweis.hu\/gyogyszerhatastan\/files\/2020\/07\/betegsegterkep-400x156.png 400w, https:\/\/semmelweis.hu\/gyogyszerhatastan\/files\/2020\/07\/betegsegterkep-1024x398.png 1024w, https:\/\/semmelweis.hu\/gyogyszerhatastan\/files\/2020\/07\/betegsegterkep-768x299.png 768w, https:\/\/semmelweis.hu\/gyogyszerhatastan\/files\/2020\/07\/betegsegterkep-1536x598.png 1536w, https:\/\/semmelweis.hu\/gyogyszerhatastan\/files\/2020\/07\/betegsegterkep-753x293.png 753w\" sizes=\"auto, (max-width: 2043px) 100vw, 2043px\" \/><\/a><figcaption id=\"caption-attachment-47\" class=\"wp-caption-text\">A TRAJECTOME projekt \u00f6sszefoglal\u00f3 \u00e1br\u00e1ja<\/figcaption><\/figure>\n<p style=\"text-align: center;\"><i><span style=\"font-weight: 400;\">\u00a0<\/span><\/i><\/p>\n<p>&nbsp;<\/p>\n","protected":false},"excerpt":{"rendered":"<p>A depresszi\u00f3 az egyik leggyakoribb ment\u00e1lis betegs\u00e9g, mely \u00e1ltal\u00e1ban kr\u00f3nikus jelleg\u0171, az \u00e9let folyam\u00e1n ism\u00e9telten visszat\u00e9r\u0151 \u00e1llapotrosszabbod\u00e1sokkal jellemezhet\u0151, ezzel jelent\u0151s szenved\u00e9st okozva a betegeknek. Kor\u00e1bbi kutat\u00e1sok kimutatt\u00e1k, hogy a depresszi\u00f3t \u00e1t\u00e9lt szem\u00e9lyekben gyakrabban alakulnak ki m\u00e1s lelki \u00e9s testi betegs\u00e9gek is, \u00fagynevezett multimorbid \u00e1llapotok. Ennek oka val\u00f3sz\u00edn\u0171leg a k\u00fcl\u00f6nb\u00f6z\u0151 betegs\u00e9gek k\u00f6z\u00f6tt fenn\u00e1ll\u00f3 k\u00f6z\u00f6s biol\u00f3giai \u00e9s k\u00f6rnyezeti rizik\u00f3faktorokra vezethet\u0151 vissza.<\/p>\n","protected":false},"author":101145,"featured_media":3588,"parent":2546,"menu_order":4,"comment_status":"closed","ping_status":"closed","template":"template-fullwidth.php","meta":{"_acf_changed":false,"footnotes":""},"categories":[],"tags":[],"class_list":["post-28","page","type-page","status-publish","has-post-thumbnail","hentry"],"acf":[],"_links":{"self":[{"href":"https:\/\/semmelweis.hu\/gyogyszerhatastan\/wp-json\/wp\/v2\/pages\/28","targetHints":{"allow":["GET"]}}],"collection":[{"href":"https:\/\/semmelweis.hu\/gyogyszerhatastan\/wp-json\/wp\/v2\/pages"}],"about":[{"href":"https:\/\/semmelweis.hu\/gyogyszerhatastan\/wp-json\/wp\/v2\/types\/page"}],"author":[{"embeddable":true,"href":"https:\/\/semmelweis.hu\/gyogyszerhatastan\/wp-json\/wp\/v2\/users\/101145"}],"replies":[{"embeddable":true,"href":"https:\/\/semmelweis.hu\/gyogyszerhatastan\/wp-json\/wp\/v2\/comments?post=28"}],"version-history":[{"count":2,"href":"https:\/\/semmelweis.hu\/gyogyszerhatastan\/wp-json\/wp\/v2\/pages\/28\/revisions"}],"predecessor-version":[{"id":3606,"href":"https:\/\/semmelweis.hu\/gyogyszerhatastan\/wp-json\/wp\/v2\/pages\/28\/revisions\/3606"}],"up":[{"embeddable":true,"href":"https:\/\/semmelweis.hu\/gyogyszerhatastan\/wp-json\/wp\/v2\/pages\/2546"}],"wp:featuredmedia":[{"embeddable":true,"href":"https:\/\/semmelweis.hu\/gyogyszerhatastan\/wp-json\/wp\/v2\/media\/3588"}],"wp:attachment":[{"href":"https:\/\/semmelweis.hu\/gyogyszerhatastan\/wp-json\/wp\/v2\/media?parent=28"}],"wp:term":[{"taxonomy":"category","embeddable":true,"href":"https:\/\/semmelweis.hu\/gyogyszerhatastan\/wp-json\/wp\/v2\/categories?post=28"},{"taxonomy":"post_tag","embeddable":true,"href":"https:\/\/semmelweis.hu\/gyogyszerhatastan\/wp-json\/wp\/v2\/tags?post=28"}],"curies":[{"name":"wp","href":"https:\/\/api.w.org\/{rel}","templated":true}]}}