{"id":2773,"date":"2020-07-17T11:30:29","date_gmt":"2020-07-17T09:30:29","guid":{"rendered":"http:\/\/semmelweis.hu\/gyogyszerhatastan\/?page_id=2773"},"modified":"2020-05-08T10:51:44","modified_gmt":"2020-05-08T08:51:44","slug":"mediamegjelenesek-eloadasok","status":"publish","type":"page","link":"https:\/\/semmelweis.hu\/gyogyszerhatastan\/kutatas-fejlesztes\/korabbi-palyazatok\/trajectome\/mediamegjelenesek-eloadasok\/","title":{"rendered":"M\u00e9diamegjelen\u00e9sek, el\u0151ad\u00e1sok"},"content":{"rendered":"<ol>\n<li>Riport a betegs\u00e9gek kapcsolat\u00e1r\u00f3l, <em>Novum TV<\/em>, 2019.11.03-i ad\u00e1s 06\u201934\u201d-12\u201911\u201d. <a href=\"https:\/\/www.youtube.com\/watch?v=LxeqUn_D7fE&amp;list=PLJcSSZNltn-R-f-JoKzwcnNIj5OZDCfzZ&amp;index=18&amp;t=0s\">https:\/\/www.youtube.com\/watch?v=LxeqUn_D7fE&amp;list=PLJcSSZNltn-R-f-JoKzwcnNIj5OZDCfzZ&amp;index=18&amp;t=0s<\/a><\/li>\n<li>G\u00f3zon \u00c1kos: <em>Ha f\u00e1j a fej. <\/em>Mandiner.hu 2020.01.23.<br \/>\n<a href=\"https:\/\/mandiner.hu\/cikk\/20200123_ha_faj_a_fej\">https:\/\/mandiner.hu\/cikk\/20200123_ha_faj_a_fej<\/a><\/li>\n<li>Baksa D\u00e1niel, Petschner Anna, Dr. Juh\u00e1sz Gabriella: <em>Nem el\u00e9g, hogy a fejem f\u00e1j? Ismereteink a migr\u00e9n t\u00e1rsbetegs\u00e9geir\u0151l<\/em>. \u00c9let \u00e9s Tudom\u00e1ny 2019\/48, 1510-1513.<\/li>\n<li>K\u00f6k\u00f6nyei Gy\u00f6ngyi, Petschner Anna, Juh\u00e1sz Gabriella. (2019) Biztosan f\u00e1jni fog! Hogyan hathatnak elv\u00e1r\u00e1saink a f\u00e1jdalom\u00e9szlel\u00e9sre? <em>Term\u00e9szet Vil\u00e1ga<\/em> 150\/8: 352-356.<\/li>\n<li>Baksa D\u00e1niel, Petschner Anna, Dr. Juh\u00e1sz Gabriella: <em>Stresszelek, ez\u00e9rt f\u00e1j a fejem\u2026 f\u00e1j a fejem, ez\u00e9rt stresszelek<\/em>. Mindennapi Pszichol\u00f3gia XI. \u00e9vf. 1. sz\u00e1m, 2019. febru\u00e1r<\/li>\n<li>Fekete Edina: <em>A r\u00e1g\u00f3d\u00e1s \u00f6rv\u00e9ny\u00e9ben<\/em>. N\u0151k Lapja Pszich\u00e9 online 2019.03.01.<br \/>\n<a href=\"https:\/\/noklapja.nlcafe.hu\/psziche\/2019\/03\/01\/a-ragodas-orvenyeben\/\">https:\/\/noklapja.nlcafe.hu\/psziche\/2019\/03\/01\/a-ragodas-orvenyeben\/<\/a><\/li>\n<li>Fekete Edina: <em>A r\u00e1g\u00f3d\u00e1s \u00f6rv\u00e9ny\u00e9ben<\/em>. N\u0151k Lapja Pszich\u00e9 10. \u00e9vfolyam 1. sz\u00e1m<\/li>\n<li>Dr. Juh\u00e1sz Gabriella: <em>Testi-lelki f\u00e1jdalmaink az agyi k\u00e9palkot\u00e1s szemsz\u00f6g\u00e9b\u0151l<br \/>\n<\/em>Semmelweis Kutat\u00f3i Szalon, Semmelweis Egyetem, Budapest, 2018.04.10.<\/li>\n<li>Kocsel Nat\u00e1lia: <em>A rumin\u00e1ci\u00f3 \u2013 r\u00e1g\u00f3d\u00e1s \u2013 pszichol\u00f3gi\u00e1ja <\/em>(el\u0151ad\u00e1s)<br \/>\nXXII. Pszinapszis, 2018.04.15.<\/li>\n<li>R\u00e1di\u00f3interj\u00fa Dr. Juh\u00e1sz Gabriell\u00e1val<br \/>\nMR1 Kossuth R\u00e1di\u00f3, 2018. 05. 29.\u00a0 (01:03:40-01:07:20)<\/li>\n<li>Dr. K\u00f6k\u00f6nyei Gy\u00f6ngyi:\u00a0<em>Titokzatos testi t\u00fcneteink<\/em> (el\u0151ad\u00e1s)<br \/>\nVOKE J\u00f3zsef Attila M\u0171vel\u0151d\u00e9si K\u00f6zpont, Dunakeszi, 2018.11.08.<\/li>\n<li>Dr. Juh\u00e1sz Gabriella: <em>Farmakol\u00f3giai challenge vizsg\u00e1latok a neuropszichi\u00e1triai betegs\u00e9gek kutat\u00e1s\u00e1ban<\/em> (el\u0151ad\u00e1s)<br \/>\nKor\u00e1nyi Frigyes Szakkoll\u00e9gium, Budapest, 2018.11.15.<\/li>\n<li>Eszl\u00e1ri N\u00f3ra: <em>A depresszi\u00f3 genetikai h\u00e1tter\u00e9nek vizsg\u00e1lata a Gy\u00f3gyszerhat\u00e1stani Int\u00e9zetben<\/em> (el\u0151ad\u00e1s)<br \/>\nKerpel-Fronius Tehets\u00e9ggondoz\u00f3 Program tan\u00e1csa \u00e1ltal szervezett\u00a0 k\u00f6z\u00e9piskolai tehets\u00e9gnap, Semmelweis Egyetem, Budapest, 2018.12.05.<\/li>\n<li>Kocsel Nat\u00e1lia: <em>Funkcion\u00e1lis m\u00e1gneses rezonancia k\u00e9palkot\u00f3 (fMRI) vizsg\u00e1latok eg\u00e9szs\u00e9ges \u00e9s fejf\u00e1j\u00f3s szem\u00e9lyek k\u00f6r\u00e9ben<\/em> (el\u0151ad\u00e1s)<br \/>\nKerpel-Fronius Tehets\u00e9ggondoz\u00f3 Program tan\u00e1csa \u00e1ltal szervezett\u00a0 k\u00f6z\u00e9piskolai tehets\u00e9gnap, Semmelweis Egyetem, Budapest, 2018.12.05.<\/li>\n<\/ol>\n","protected":false},"excerpt":{"rendered":"<p>Riport a betegs\u00e9gek kapcsolat\u00e1r\u00f3l, Novum TV, 2019.11.03-i ad\u00e1s 06\u201934\u201d-12\u201911\u201d. <a href=\"https:\/\/www.youtube.com\/watch?v=LxeqUn_D7fE&amp;list=PLJcSSZNltn-R-f-JoKzwcnNIj5OZDCfzZ&amp;index=18&amp;t=0s\">https:\/\/www.youtube.com\/watch?v=LxeqUn_D7fE&amp;list=PLJcSSZNltn-R-f-JoKzwcnNIj5OZDCfzZ&amp;index=18&amp;t=0s<\/a> G\u00f3zon \u00c1kos: Ha f\u00e1j a fej. Mandiner.hu 2020.01.23. <a href=\"https:\/\/mandiner.hu\/cikk\/20200123_ha_faj_a_fej\">https:\/\/mandiner.hu\/cikk\/20200123_ha_faj_a_fej<\/a> Baksa D\u00e1niel, Petschner Anna, Dr. Juh\u00e1sz Gabriella: Nem el\u00e9g, hogy a fejem f\u00e1j? Ismereteink a migr\u00e9n t\u00e1rsbetegs\u00e9geir\u0151l. \u00c9let \u00e9s Tudom\u00e1ny 2019\/48, 1510-1513. K\u00f6k\u00f6nyei Gy\u00f6ngyi, Petschner Anna, Juh\u00e1sz Gabriella. (2019) Biztosan f\u00e1jni fog! Hogyan hathatnak elv\u00e1r\u00e1saink a f\u00e1jdalom\u00e9szlel\u00e9sre? Term\u00e9szet &hellip;<\/p>\n","protected":false},"author":101145,"featured_media":0,"parent":28,"menu_order":4,"comment_status":"closed","ping_status":"closed","template":"template-fullwidth.php","meta":{"_acf_changed":false,"footnotes":""},"categories":[],"tags":[],"class_list":["post-2773","page","type-page","status-publish","hentry"],"acf":[],"_links":{"self":[{"href":"https:\/\/semmelweis.hu\/gyogyszerhatastan\/wp-json\/wp\/v2\/pages\/2773","targetHints":{"allow":["GET"]}}],"collection":[{"href":"https:\/\/semmelweis.hu\/gyogyszerhatastan\/wp-json\/wp\/v2\/pages"}],"about":[{"href":"https:\/\/semmelweis.hu\/gyogyszerhatastan\/wp-json\/wp\/v2\/types\/page"}],"author":[{"embeddable":true,"href":"https:\/\/semmelweis.hu\/gyogyszerhatastan\/wp-json\/wp\/v2\/users\/101145"}],"replies":[{"embeddable":true,"href":"https:\/\/semmelweis.hu\/gyogyszerhatastan\/wp-json\/wp\/v2\/comments?post=2773"}],"version-history":[{"count":10,"href":"https:\/\/semmelweis.hu\/gyogyszerhatastan\/wp-json\/wp\/v2\/pages\/2773\/revisions"}],"predecessor-version":[{"id":2982,"href":"https:\/\/semmelweis.hu\/gyogyszerhatastan\/wp-json\/wp\/v2\/pages\/2773\/revisions\/2982"}],"up":[{"embeddable":true,"href":"https:\/\/semmelweis.hu\/gyogyszerhatastan\/wp-json\/wp\/v2\/pages\/28"}],"wp:attachment":[{"href":"https:\/\/semmelweis.hu\/gyogyszerhatastan\/wp-json\/wp\/v2\/media?parent=2773"}],"wp:term":[{"taxonomy":"category","embeddable":true,"href":"https:\/\/semmelweis.hu\/gyogyszerhatastan\/wp-json\/wp\/v2\/categories?post=2773"},{"taxonomy":"post_tag","embeddable":true,"href":"https:\/\/semmelweis.hu\/gyogyszerhatastan\/wp-json\/wp\/v2\/tags?post=2773"}],"curies":[{"name":"wp","href":"https:\/\/api.w.org\/{rel}","templated":true}]}}