{"id":2770,"date":"2019-04-02T17:17:29","date_gmt":"2019-04-02T15:17:29","guid":{"rendered":"http:\/\/semmelweis.hu\/gyogyszerhatastan\/?page_id=2770"},"modified":"2020-05-08T11:17:16","modified_gmt":"2020-05-08T09:17:16","slug":"munkatarsak","status":"publish","type":"page","link":"https:\/\/semmelweis.hu\/gyogyszerhatastan\/kutatas-fejlesztes\/nap-2-kutatocsoportok\/se-nap-2-genetikai-agyi-kepalkoto-migren-kutato-csoport\/munkatarsak\/","title":{"rendered":"Munkat\u00e1rsak"},"content":{"rendered":"<p>&nbsp;<\/p>\n<h2 id=\"tablepress-35-name\" class=\"tablepress-table-name tablepress-table-name-id-35\">Kutat\u00f3csoport tagjai<\/h2>\n\n<table id=\"tablepress-35\" class=\"tablepress tablepress-id-35\" aria-labelledby=\"tablepress-35-name\">\n<tbody class=\"row-striping row-hover\">\n<tr class=\"row-1\">\n\t<td class=\"column-1\"><b>Dr. Juh\u00e1sz Gabriella<\/b><\/td><td class=\"column-2\">kutat\u00f3csoport vezet\u0151, egyetemi docens<\/td><td class=\"column-3\">SE GyTK, Gy\u00f3gyszerhat\u00e1stani Int\u00e9zet<\/td>\n<\/tr>\n<tr class=\"row-2\">\n\t<td class=\"column-1\"><b>Dr. K\u00f6k\u00f6nyei Gy\u00f6ngyi<\/b><\/td><td class=\"column-2\">tudom\u00e1nyos munkat\u00e1rs, egyetemi adjunktus<\/td><td class=\"column-3\">SE GyTK, Gy\u00f3gyszerhat\u00e1stani Int\u00e9zet<br \/>\nELTE PPK Pszichol\u00f3giai Int\u00e9zet<\/td>\n<\/tr>\n<tr class=\"row-3\">\n\t<td class=\"column-1\"><b>Baksa D\u00e1niel<\/b><\/td><td class=\"column-2\">PhD-hallgat\u00f3, kutat\u00f3 pszichol\u00f3gus<\/td><td class=\"column-3\">SE GyTK, Gy\u00f3gyszerhat\u00e1stani Int\u00e9zet<\/td>\n<\/tr>\n<tr class=\"row-4\">\n\t<td class=\"column-1\"><b>Gecse Kinga<\/b><\/td><td class=\"column-2\">TDK-hallgat\u00f3<\/td><td class=\"column-3\">SE GyTK<\/td>\n<\/tr>\n<tr class=\"row-5\">\n\t<td class=\"column-1\"><b>Dobos D\u00f3ra<\/b><\/td><td class=\"column-2\">PhD-hallgat\u00f3, kutat\u00f3munkat\u00e1rs<\/td><td class=\"column-3\">SE GyTK, Gy\u00f3gyszerhat\u00e1stani Int\u00e9zet<\/td>\n<\/tr>\n<tr class=\"row-6\">\n\t<td class=\"column-1\"><b>Gecse Kinga<\/b><\/td><td class=\"column-2\">PhD-hallgat\u00f3, kutat\u00f3munkat\u00e1rs<\/td><td class=\"column-3\">SE GyTK, Gy\u00f3gyszerhat\u00e1stani Int\u00e9zet<\/td>\n<\/tr>\n<tr class=\"row-7\">\n\t<td class=\"column-1\"><b>Kov\u00e1cs Lilla<\/b><\/td><td class=\"column-2\">PhD-hallgat\u00f3, kutat\u00f3munkat\u00e1rs<\/td><td class=\"column-3\">SE GyTK, Gy\u00f3gyszerhat\u00e1stani Int\u00e9zet,<br \/>\nELTE PPK Pszichol\u00f3giai Doktori Iskola<\/td>\n<\/tr>\n<tr class=\"row-8\">\n\t<td class=\"column-1\"><b>B\u00edro Brigitte<\/b><\/td><td class=\"column-2\">PhD-hallgat\u00f3, kutat\u00f3munkat\u00e1rs<\/td><td class=\"column-3\">SE GyTK, Gy\u00f3gyszerhat\u00e1stani Int\u00e9zet,<br \/>\nELTE PPK Pszichol\u00f3giai Doktori Iskola<\/td>\n<\/tr>\n<tr class=\"row-9\">\n\t<td class=\"column-1\"><b>Dr. Petschner P\u00e9ter<\/b><\/td><td class=\"column-2\">egyeteim adjunktus, kutat\u00f3munkat\u00e1rs<\/td><td class=\"column-3\">SE GyTK, Gy\u00f3gyszerhat\u00e1stani Int\u00e9zet<\/td>\n<\/tr>\n<tr class=\"row-10\">\n\t<td class=\"column-1\"><b>T\u00f6r\u00f6k D\u00f3ra<\/b><\/td><td class=\"column-2\">egyetemi hallagt\u00f3, kutat\u00f3munkat\u00e1rs<\/td><td class=\"column-3\">SE GyTK, Gy\u00f3gyszerhat\u00e1stani Int\u00e9zet<\/td>\n<\/tr>\n<tr class=\"row-11\">\n\t<td class=\"column-1\"><b>Sahel Kumar<\/b><\/td><td class=\"column-2\">PhD-hallgat\u00f3<\/td><td class=\"column-3\">SE GyTK, Gy\u00f3gyszerhat\u00e1stani Int\u00e9zet<\/td>\n<\/tr>\n<\/tbody>\n<\/table>\n<!-- #tablepress-35 from cache -->\n<p>&nbsp;<\/p>\n<h2 id=\"tablepress-36-name\" class=\"tablepress-table-name tablepress-table-name-id-36\">Tov\u00e1bbi egy\u00fcttm\u0171k\u00f6d\u0151 parterek<\/h2>\n\n<table id=\"tablepress-36\" class=\"tablepress tablepress-id-36\" aria-labelledby=\"tablepress-36-name\">\n<tbody class=\"row-striping row-hover\">\n<tr class=\"row-1\">\n\t<td class=\"column-1\"><b>Dr. Magyar M\u00e1t\u00e9<\/b><\/td><td class=\"column-2\">neurol\u00f3gus, k\u00f6zponti gyakornok<\/td><td class=\"column-3\">SE \u00c1OK, Neurol\u00f3giai Klinika <\/td>\n<\/tr>\n<tr class=\"row-2\">\n\t<td class=\"column-1\"><b>Dr. Zsomb\u00f3k Ter\u00e9zia<\/b><\/td><td class=\"column-2\">tudom\u00e1nyos munkat\u00e1rs, ideg-elmegy\u00f3gy\u00e1sz, relax\u00e1ci\u00f3s terapeuta<\/td><td class=\"column-3\">SE \u00c1OK, Neurol\u00f3giai Klinika <\/td>\n<\/tr>\n<\/tbody>\n<\/table>\n<!-- #tablepress-36 from cache -->\n<p>Tov\u00e1bbi egy\u00fcttm\u0171k\u00f6d\u00e9s:<\/p>\n<p><a href=\"http:\/\/www.ttk.hu\/akk\/\">MTA Term\u00e9szettudom\u00e1nyi Kutat\u00f3k\u00f6zpont Agyi K\u00e9palkot\u00f3 K\u00f6zpont<\/a><\/p>\n","protected":false},"excerpt":{"rendered":"<p>&nbsp;<\/p>\n<p>&nbsp;<\/p>\n<p>Tov\u00e1bbi egy\u00fcttm\u0171k\u00f6d\u00e9s:<br \/>\n<a href=\"http:\/\/www.ttk.hu\/akk\/\">MTA Term\u00e9szettudom\u00e1nyi Kutat\u00f3k\u00f6zpont Agyi K\u00e9palkot\u00f3 K\u00f6zpont<\/a><\/p>\n","protected":false},"author":101145,"featured_media":0,"parent":2571,"menu_order":0,"comment_status":"closed","ping_status":"closed","template":"","meta":{"_acf_changed":false,"footnotes":""},"categories":[],"tags":[],"class_list":["post-2770","page","type-page","status-publish","hentry"],"acf":[],"_links":{"self":[{"href":"https:\/\/semmelweis.hu\/gyogyszerhatastan\/wp-json\/wp\/v2\/pages\/2770","targetHints":{"allow":["GET"]}}],"collection":[{"href":"https:\/\/semmelweis.hu\/gyogyszerhatastan\/wp-json\/wp\/v2\/pages"}],"about":[{"href":"https:\/\/semmelweis.hu\/gyogyszerhatastan\/wp-json\/wp\/v2\/types\/page"}],"author":[{"embeddable":true,"href":"https:\/\/semmelweis.hu\/gyogyszerhatastan\/wp-json\/wp\/v2\/users\/101145"}],"replies":[{"embeddable":true,"href":"https:\/\/semmelweis.hu\/gyogyszerhatastan\/wp-json\/wp\/v2\/comments?post=2770"}],"version-history":[{"count":4,"href":"https:\/\/semmelweis.hu\/gyogyszerhatastan\/wp-json\/wp\/v2\/pages\/2770\/revisions"}],"predecessor-version":[{"id":2991,"href":"https:\/\/semmelweis.hu\/gyogyszerhatastan\/wp-json\/wp\/v2\/pages\/2770\/revisions\/2991"}],"up":[{"embeddable":true,"href":"https:\/\/semmelweis.hu\/gyogyszerhatastan\/wp-json\/wp\/v2\/pages\/2571"}],"wp:attachment":[{"href":"https:\/\/semmelweis.hu\/gyogyszerhatastan\/wp-json\/wp\/v2\/media?parent=2770"}],"wp:term":[{"taxonomy":"category","embeddable":true,"href":"https:\/\/semmelweis.hu\/gyogyszerhatastan\/wp-json\/wp\/v2\/categories?post=2770"},{"taxonomy":"post_tag","embeddable":true,"href":"https:\/\/semmelweis.hu\/gyogyszerhatastan\/wp-json\/wp\/v2\/tags?post=2770"}],"curies":[{"name":"wp","href":"https:\/\/api.w.org\/{rel}","templated":true}]}}