{"id":2640,"date":"2018-04-26T10:43:58","date_gmt":"2018-04-26T08:43:58","guid":{"rendered":"http:\/\/semmelweis.hu\/gyogyszerhatastan\/?page_id=2640"},"modified":"2022-10-23T14:35:54","modified_gmt":"2022-10-23T12:35:54","slug":"remenyi-krisztina","status":"publish","type":"page","link":"https:\/\/semmelweis.hu\/gyogyszerhatastan\/munkatarsaink\/remenyi-krisztina\/","title":{"rendered":"Rem\u00e9nyi Krisztina"},"content":{"rendered":"<p>Gazdas\u00e1gi \u00fcgyint\u00e9z\u0151<\/p>\n<p>Iroda: 808<\/p>\n<p>Telefon: +36 1 4591500\/56170<\/p>\n<p>E-mail: <a href=\"mailto:remenyi.krisztina@semmelweis-univ.hu?subject=%C3%9Czenet%20a%20Semmelweis%20Egyetem%20honlapr%C3%B3l\">remenyi.krisztina@semmelweis-univ.hu<\/a><\/p>\n","protected":false},"excerpt":{"rendered":"<p>Gazdas\u00e1gi \u00fcgyint\u00e9z\u0151<br \/>\nIroda: 808<br \/>\nTelefon: +36 1 4591500\/56170<br \/>\nE-mail: <a href=\"mailto:remenyi.krisztina@semmelweis-univ.hu?subject=%C3%9Czenet%20a%20Semmelweis%20Egyetem%20honlapr%C3%B3l\">remenyi.krisztina@semmelweis-univ.hu<\/a><\/p>\n","protected":false},"author":101145,"featured_media":0,"parent":22,"menu_order":20,"comment_status":"closed","ping_status":"closed","template":"","meta":{"_acf_changed":false,"footnotes":""},"categories":[],"tags":[],"class_list":["post-2640","page","type-page","status-publish","hentry"],"acf":[],"_links":{"self":[{"href":"https:\/\/semmelweis.hu\/gyogyszerhatastan\/wp-json\/wp\/v2\/pages\/2640","targetHints":{"allow":["GET"]}}],"collection":[{"href":"https:\/\/semmelweis.hu\/gyogyszerhatastan\/wp-json\/wp\/v2\/pages"}],"about":[{"href":"https:\/\/semmelweis.hu\/gyogyszerhatastan\/wp-json\/wp\/v2\/types\/page"}],"author":[{"embeddable":true,"href":"https:\/\/semmelweis.hu\/gyogyszerhatastan\/wp-json\/wp\/v2\/users\/101145"}],"replies":[{"embeddable":true,"href":"https:\/\/semmelweis.hu\/gyogyszerhatastan\/wp-json\/wp\/v2\/comments?post=2640"}],"version-history":[{"count":4,"href":"https:\/\/semmelweis.hu\/gyogyszerhatastan\/wp-json\/wp\/v2\/pages\/2640\/revisions"}],"predecessor-version":[{"id":3033,"href":"https:\/\/semmelweis.hu\/gyogyszerhatastan\/wp-json\/wp\/v2\/pages\/2640\/revisions\/3033"}],"up":[{"embeddable":true,"href":"https:\/\/semmelweis.hu\/gyogyszerhatastan\/wp-json\/wp\/v2\/pages\/22"}],"wp:attachment":[{"href":"https:\/\/semmelweis.hu\/gyogyszerhatastan\/wp-json\/wp\/v2\/media?parent=2640"}],"wp:term":[{"taxonomy":"category","embeddable":true,"href":"https:\/\/semmelweis.hu\/gyogyszerhatastan\/wp-json\/wp\/v2\/categories?post=2640"},{"taxonomy":"post_tag","embeddable":true,"href":"https:\/\/semmelweis.hu\/gyogyszerhatastan\/wp-json\/wp\/v2\/tags?post=2640"}],"curies":[{"name":"wp","href":"https:\/\/api.w.org\/{rel}","templated":true}]}}