{"id":2546,"date":"2017-12-20T13:41:24","date_gmt":"2017-12-20T12:41:24","guid":{"rendered":"http:\/\/semmelweis.hu\/gyogyszerhatastan\/?page_id=2546"},"modified":"2022-10-23T13:44:24","modified_gmt":"2022-10-23T11:44:24","slug":"korabbi-palyazatok","status":"publish","type":"page","link":"https:\/\/semmelweis.hu\/gyogyszerhatastan\/kutatas-fejlesztes\/korabbi-palyazatok\/","title":{"rendered":"Kor\u00e1bbi p\u00e1ly\u00e1zatok"},"content":{"rendered":"","protected":false},"excerpt":{"rendered":"","protected":false},"author":101145,"featured_media":0,"parent":19,"menu_order":5,"comment_status":"closed","ping_status":"closed","template":"","meta":{"_acf_changed":false,"footnotes":""},"categories":[],"tags":[],"class_list":["post-2546","page","type-page","status-publish","hentry"],"acf":[],"_links":{"self":[{"href":"https:\/\/semmelweis.hu\/gyogyszerhatastan\/wp-json\/wp\/v2\/pages\/2546","targetHints":{"allow":["GET"]}}],"collection":[{"href":"https:\/\/semmelweis.hu\/gyogyszerhatastan\/wp-json\/wp\/v2\/pages"}],"about":[{"href":"https:\/\/semmelweis.hu\/gyogyszerhatastan\/wp-json\/wp\/v2\/types\/page"}],"author":[{"embeddable":true,"href":"https:\/\/semmelweis.hu\/gyogyszerhatastan\/wp-json\/wp\/v2\/users\/101145"}],"replies":[{"embeddable":true,"href":"https:\/\/semmelweis.hu\/gyogyszerhatastan\/wp-json\/wp\/v2\/comments?post=2546"}],"version-history":[{"count":1,"href":"https:\/\/semmelweis.hu\/gyogyszerhatastan\/wp-json\/wp\/v2\/pages\/2546\/revisions"}],"predecessor-version":[{"id":2547,"href":"https:\/\/semmelweis.hu\/gyogyszerhatastan\/wp-json\/wp\/v2\/pages\/2546\/revisions\/2547"}],"up":[{"embeddable":true,"href":"https:\/\/semmelweis.hu\/gyogyszerhatastan\/wp-json\/wp\/v2\/pages\/19"}],"wp:attachment":[{"href":"https:\/\/semmelweis.hu\/gyogyszerhatastan\/wp-json\/wp\/v2\/media?parent=2546"}],"wp:term":[{"taxonomy":"category","embeddable":true,"href":"https:\/\/semmelweis.hu\/gyogyszerhatastan\/wp-json\/wp\/v2\/categories?post=2546"},{"taxonomy":"post_tag","embeddable":true,"href":"https:\/\/semmelweis.hu\/gyogyszerhatastan\/wp-json\/wp\/v2\/tags?post=2546"}],"curies":[{"name":"wp","href":"https:\/\/api.w.org\/{rel}","templated":true}]}}