{"id":2510,"date":"2017-09-29T15:21:31","date_gmt":"2017-09-29T13:21:31","guid":{"rendered":"http:\/\/semmelweis.hu\/gyogyszerhatastan\/?page_id=2510"},"modified":"2025-03-03T14:37:44","modified_gmt":"2025-03-03T13:37:44","slug":"papp-noemi","status":"publish","type":"page","link":"https:\/\/semmelweis.hu\/gyogyszerhatastan\/munkatarsaink\/papp-noemi\/","title":{"rendered":"Papp No\u00e9mi"},"content":{"rendered":"<p>Dr. Papp No\u00e9mi, PhD<\/p>\n<p>rezidens<\/p>\n<p>Iroda: 307, 809<\/p>\n<p>Telefon: +36 1 4591500\/56336, 56325<\/p>\n<p>E-mail: <a href=\"mailto:papp.noemi@semmelweis.hu?subject=\u00c9rdekl\u0151d\u00e9s\">papp.noemi@semmelweis.hu<\/a><\/p>\n","protected":false},"excerpt":{"rendered":"<p>Dr. Papp No\u00e9mi, PhD<br \/>\nrezidens<br \/>\nIroda: 307, 809<br \/>\nTelefon: +36 1 4591500\/56336, 56325<br \/>\nE-mail: <a href=\"mailto:papp.noemi@semmelweis.hu?subject=\u00c9rdekl\u0151d\u00e9s\">papp.noemi@semmelweis.hu<\/a><\/p>\n","protected":false},"author":101145,"featured_media":0,"parent":22,"menu_order":10,"comment_status":"closed","ping_status":"closed","template":"","meta":{"_acf_changed":false,"footnotes":""},"categories":[],"tags":[],"class_list":["post-2510","page","type-page","status-publish","hentry"],"acf":[],"_links":{"self":[{"href":"https:\/\/semmelweis.hu\/gyogyszerhatastan\/wp-json\/wp\/v2\/pages\/2510","targetHints":{"allow":["GET"]}}],"collection":[{"href":"https:\/\/semmelweis.hu\/gyogyszerhatastan\/wp-json\/wp\/v2\/pages"}],"about":[{"href":"https:\/\/semmelweis.hu\/gyogyszerhatastan\/wp-json\/wp\/v2\/types\/page"}],"author":[{"embeddable":true,"href":"https:\/\/semmelweis.hu\/gyogyszerhatastan\/wp-json\/wp\/v2\/users\/101145"}],"replies":[{"embeddable":true,"href":"https:\/\/semmelweis.hu\/gyogyszerhatastan\/wp-json\/wp\/v2\/comments?post=2510"}],"version-history":[{"count":4,"href":"https:\/\/semmelweis.hu\/gyogyszerhatastan\/wp-json\/wp\/v2\/pages\/2510\/revisions"}],"predecessor-version":[{"id":3575,"href":"https:\/\/semmelweis.hu\/gyogyszerhatastan\/wp-json\/wp\/v2\/pages\/2510\/revisions\/3575"}],"up":[{"embeddable":true,"href":"https:\/\/semmelweis.hu\/gyogyszerhatastan\/wp-json\/wp\/v2\/pages\/22"}],"wp:attachment":[{"href":"https:\/\/semmelweis.hu\/gyogyszerhatastan\/wp-json\/wp\/v2\/media?parent=2510"}],"wp:term":[{"taxonomy":"category","embeddable":true,"href":"https:\/\/semmelweis.hu\/gyogyszerhatastan\/wp-json\/wp\/v2\/categories?post=2510"},{"taxonomy":"post_tag","embeddable":true,"href":"https:\/\/semmelweis.hu\/gyogyszerhatastan\/wp-json\/wp\/v2\/tags?post=2510"}],"curies":[{"name":"wp","href":"https:\/\/api.w.org\/{rel}","templated":true}]}}