{"id":2423,"date":"2017-09-15T14:45:38","date_gmt":"2017-09-15T12:45:38","guid":{"rendered":"http:\/\/semmelweis.hu\/gyogyszerhatastan\/?page_id=2423"},"modified":"2025-02-18T14:24:01","modified_gmt":"2025-02-18T13:24:01","slug":"szakdolgozat","status":"publish","type":"page","link":"https:\/\/semmelweis.hu\/gyogyszerhatastan\/oktatas\/szakdolgozat\/","title":{"rendered":"Szakdolgozat"},"content":{"rendered":"<h3><strong>Szakdolgozat jelentkez\u00e9s \u00e9s k\u00e9sz\u00edt\u00e9s rendje a Gy\u00f3gyszerhat\u00e1stani Int\u00e9zetben <br \/>\n<\/strong><\/h3>\n<p>Jelentkez\u00e9s e-mailben az <a href=\"mailto:oktatas.gyhi@semmelweis.hu\">oktatas.gyhi@semmelweis.hu<\/a> c\u00edmen. A jelentkez\u00e9sben k\u00e9rj\u00fck a k\u00f6vetkez\u0151kre t\u00e9rjen ki:<\/p>\n<ul>\n<li>N\u00e9v, csoport, e-mail c\u00edm<\/li>\n<li>Tanulm\u00e1nyi eredm\u00e9nyek; az utols\u00f3 k\u00e9t f\u00e9l\u00e9v eredm\u00e9ny\u00e9nek kredit \u00e1tlaga, biok\u00e9mia \u00e9s \u00e9lettan szigorlat eredm\u00e9nye<\/li>\n<li>Angol nyelvtud\u00e1s<\/li>\n<li>R\u00f6vid motiv\u00e1ci\u00f3s lev\u00e9l; \u00edrja le k\u00e9t-h\u00e1rom mondatban, hogy mi\u00e9rt pont ezt a t\u00e9m\u00e1t v\u00e1lasztotta<\/li>\n<\/ul>\n<p>A szakdolgozat k\u00e9sz\u00edt\u00e9s <strong>al\u00e1\u00edr\u00e1s\u00e1nak minimum k\u00f6vetelm\u00e9nyei<\/strong>:<\/p>\n<p>8. szemeszter:<\/p>\n<ul>\n<li>konzult\u00e1ci\u00f3 legal\u00e1bb k\u00e9t alkalommal a f\u00e9l\u00e9v sor\u00e1n<\/li>\n<li>legal\u00e1bb 5 friss \u00f6sszefoglal\u00f3 k\u00f6zlem\u00e9ny feldolgoz\u00e1sa<\/li>\n<li>a szakdolgozat v\u00e1zlat\u00e1nak lead\u00e1sa; n\u00e9h\u00e1ny oldalban \u00e1ll\u00edtsa \u00f6ssze a leend\u0151 dolgozat f\u0151bb fejezeteit, r\u00f6viden foglalja \u00f6ssze az ezekben t\u00e1rgyalni k\u00edv\u00e1nt ter\u00fcleteket<\/li>\n<\/ul>\n<p>9. szemeszter:<\/p>\n<ul>\n<li>konzult\u00e1ci\u00f3 legal\u00e1bb k\u00e9t alkalommal<\/li>\n<li>a szakdolgozat l\u00e9nyegi r\u00e9sz\u00e9nek (f\u0151 tematikus fejezetek) minimum 75%-os elk\u00e9sz\u00edt\u00e9se (minimum 20 oldal k\u00e9zirat lead\u00e1sa)<\/li>\n<\/ul>\n<p>Az elk\u00e9sz\u00fclt szakdolgozat <strong>bead\u00e1si hat\u00e1rideje:<\/strong> <strong>m\u00e1rcius 1.<\/strong><\/p>\n<ul>\n<li>A dolgozathoz csatoland\u00f3 nyilatkozat a dolgozat eredetis\u00e9g\u00e9r\u0151l (minta a honlapon el\u00e9rhet\u0151)<\/li>\n<li>A v\u00e9d\u00e9s 3 tag\u00fa bizotts\u00e1g el\u0151tt t\u00f6rt\u00e9nik, melyen a hallgat\u00f3 \u00e9vk\u00f6zi munk\u00e1j\u00e1t, a dolgozat szakmai \u00e9s formai min\u0151s\u00e9g\u00e9t \u00e9s a v\u00e9d\u00e9s sor\u00e1n ny\u00fajtott teljes\u00edtm\u00e9ny\u00e9t egy jegyben \u00e9rt\u00e9kelj\u00fck.<\/li>\n<\/ul>\n<p><a href=\"https:\/\/semmelweis.hu\/gyogyszerhatastan\/files\/2018\/09\/2018_hatastan_szakdolgozat_minta.pdf\">\u00datmutat\u00f3 szakdolgozat k\u00e9sz\u00edt\u00e9shez<\/a><\/p>\n<p>A mindenkori aktu\u00e1lis c\u00edmek a Semmelweis Egyetem <a href=\"https:\/\/itc.semmelweis.hu\">Moodle<\/a> oldal\u00e1n \u00e9rhet\u0151ek el.<\/p>\n","protected":false},"excerpt":{"rendered":"<p>Szakdolgozat jelentkez\u00e9s \u00e9s k\u00e9sz\u00edt\u00e9s rendje a Gy\u00f3gyszerhat\u00e1stani Int\u00e9zetben Jelentkez\u00e9s e-mailben az <a href=\"mailto:oktatas.gyhi@semmelweis.hu\">oktatas.gyhi@semmelweis.hu<\/a> c\u00edmen. A jelentkez\u00e9sben k\u00e9rj\u00fck a k\u00f6vetkez\u0151kre t\u00e9rjen ki: N\u00e9v, csoport, e-mail c\u00edm Tanulm\u00e1nyi eredm\u00e9nyek; az utols\u00f3 k\u00e9t f\u00e9l\u00e9v eredm\u00e9ny\u00e9nek kredit \u00e1tlaga, biok\u00e9mia \u00e9s \u00e9lettan szigorlat eredm\u00e9nye Angol nyelvtud\u00e1s R\u00f6vid motiv\u00e1ci\u00f3s lev\u00e9l; \u00edrja le k\u00e9t-h\u00e1rom mondatban, hogy mi\u00e9rt pont ezt a t\u00e9m\u00e1t v\u00e1lasztotta A szakdolgozat &hellip;<\/p>\n","protected":false},"author":107,"featured_media":0,"parent":6,"menu_order":10,"comment_status":"closed","ping_status":"closed","template":"","meta":{"_acf_changed":false,"footnotes":""},"categories":[],"tags":[],"class_list":["post-2423","page","type-page","status-publish","hentry"],"acf":[],"_links":{"self":[{"href":"https:\/\/semmelweis.hu\/gyogyszerhatastan\/wp-json\/wp\/v2\/pages\/2423","targetHints":{"allow":["GET"]}}],"collection":[{"href":"https:\/\/semmelweis.hu\/gyogyszerhatastan\/wp-json\/wp\/v2\/pages"}],"about":[{"href":"https:\/\/semmelweis.hu\/gyogyszerhatastan\/wp-json\/wp\/v2\/types\/page"}],"author":[{"embeddable":true,"href":"https:\/\/semmelweis.hu\/gyogyszerhatastan\/wp-json\/wp\/v2\/users\/107"}],"replies":[{"embeddable":true,"href":"https:\/\/semmelweis.hu\/gyogyszerhatastan\/wp-json\/wp\/v2\/comments?post=2423"}],"version-history":[{"count":10,"href":"https:\/\/semmelweis.hu\/gyogyszerhatastan\/wp-json\/wp\/v2\/pages\/2423\/revisions"}],"predecessor-version":[{"id":3567,"href":"https:\/\/semmelweis.hu\/gyogyszerhatastan\/wp-json\/wp\/v2\/pages\/2423\/revisions\/3567"}],"up":[{"embeddable":true,"href":"https:\/\/semmelweis.hu\/gyogyszerhatastan\/wp-json\/wp\/v2\/pages\/6"}],"wp:attachment":[{"href":"https:\/\/semmelweis.hu\/gyogyszerhatastan\/wp-json\/wp\/v2\/media?parent=2423"}],"wp:term":[{"taxonomy":"category","embeddable":true,"href":"https:\/\/semmelweis.hu\/gyogyszerhatastan\/wp-json\/wp\/v2\/categories?post=2423"},{"taxonomy":"post_tag","embeddable":true,"href":"https:\/\/semmelweis.hu\/gyogyszerhatastan\/wp-json\/wp\/v2\/tags?post=2423"}],"curies":[{"name":"wp","href":"https:\/\/api.w.org\/{rel}","templated":true}]}}