{"id":2248,"date":"2016-08-08T21:03:56","date_gmt":"2016-08-08T19:03:56","guid":{"rendered":"http:\/\/semmelweis.hu\/gyogyszerhatastan\/?page_id=2248"},"modified":"2016-10-21T13:42:34","modified_gmt":"2016-10-21T11:42:34","slug":"publications","status":"publish","type":"page","link":"https:\/\/semmelweis.hu\/gyogyszerhatastan\/en\/nap-a-research-group\/publications\/","title":{"rendered":"Publications"},"content":{"rendered":"<p style=\"text-align: center\"><strong>2016<\/strong><\/p>\n<table>\n<tbody>\n<tr>\n<td style=\"width: 11px;vertical-align: top\" width=\"11\">\n<p>1.<\/p>\n<\/td>\n<td width=\"572\">\n<p>Kovacs D , Kovacs P , Eszlari N ,\u00a0<u>Gonda X\u00a0<\/u>, Juhasz G<\/p>\n<p>Psychological side effects of immune therapies: symptoms and pathomechanism.<\/p>\n<p><strong><em>CURRENT OPINION IN PHARMACOLOGY\u00a0<\/em><\/strong>29:\u00a0pp. 97-103.\u00a0(2016)<\/p>\n<p>Link: <a href=\"http:\/\/www.sciencedirect.com\/science\/article\/pii\/S1471489216300571\">http:\/\/www.sciencedirect.com\/science\/article\/pii\/S1471489216300571<\/a><\/p>\n<\/td>\n<\/tr>\n<tr>\n<td style=\"width: 11px;vertical-align: top\" width=\"11\">\n<p>2.<\/p>\n<\/td>\n<td width=\"572\">\n<p>Adori C , Barde S , Vas S , Ebner K , Su J , Svensson C , Mathe AA , Singewald N , Reinscheid RR , Uhlen M , Kultima K , Bagdy G , Hokfelt T<\/p>\n<p>Exploring the role of neuropeptide S in the regulation of arousal: a functional anatomical study.<\/p>\n<p><strong><em>BRAIN STRUCTURE &amp; FUNCTION\u00a0<\/em><\/strong>221:(7)\u00a0pp. 3521-3546.\u00a0(2016)<\/p>\n<p>Link: <a href=\"http:\/\/link.springer.com\/article\/10.1007%2Fs00429-015-1117-5\">http:\/\/link.springer.com\/article\/10.1007%2Fs00429-015-1117-5<\/a><\/p>\n<\/td>\n<\/tr>\n<tr>\n<td style=\"width: 11px;vertical-align: top\" width=\"11\">\n<p>3.<\/p>\n<\/td>\n<td width=\"572\">\n<p><u>Eszlari N\u00a0<\/u>,\u00a0<u>Kovacs D\u00a0<\/u>,\u00a0<u>Petschner P\u00a0<\/u>,\u00a0<u>Pap D\u00a0<\/u>,\u00a0<u>Gonda X\u00a0<\/u>, Elliott R , Anderson IM , Deakin JF ,\u00a0<u>Bagdy G\u00a0<\/u>,\u00a0<u>Juhasz G<\/u><\/p>\n<p>Distinct effects of folate pathway genes MTHFR and MTHFD1L on ruminative response style: a potential risk mechanism for depression.<\/p>\n<p>\u00a0<strong><em>TRANSLATIONAL PSYCHIATRY\u00a0<\/em><\/strong>6:\u00a0p. e745. 8 p.\u00a0(2016)<\/p>\n<p>Link<\/p>\n<p><a href=\"http:\/\/www.nature.com\/tp\/journal\/v6\/n3\/full\/tp201619a.html\">http:\/\/www.nature.com\/tp\/journal\/v6\/n3\/full\/tp201619a.html<\/a><\/p>\n<\/td>\n<\/tr>\n<tr>\n<td style=\"width: 11px;vertical-align: top\" width=\"11\">\n<p>4.<\/p>\n<\/td>\n<td width=\"572\">\n<p>Gonda X ,\u00a0<u>Eszlari N\u00a0<\/u>,\u00a0<u>Kovacs D\u00a0<\/u>, Anderson IM , Deakin JF ,\u00a0<u>Juhasz G\u00a0<\/u>,\u00a0<u>Bagdy G<\/u><\/p>\n<p>Financial difficulties but not other types of recent negative life events show strong interactions with 5-HTTLPR genotype in the development of depressive symptoms.<\/p>\n<p>\u00a0<strong><em>TRANSLATIONAL PSYCHIATRY\u00a0<\/em><\/strong>6:\u00a0Paper e798.\u00a0(2016)<\/p>\n<p>Link:<\/p>\n<p><a href=\"http:\/\/www.nature.com\/tp\/journal\/v6\/n5\/full\/tp201657a.html\">http:\/\/www.nature.com\/tp\/journal\/v6\/n5\/full\/tp201657a.html<\/a><\/p>\n<\/td>\n<\/tr>\n<tr>\n<td style=\"width: 11px;vertical-align: top\" width=\"11\">\n<p>5.<\/p>\n<\/td>\n<td width=\"572\">\n<p>Judit Lazary ,\u00a0<u>Nora Eszlari\u00a0<\/u>,\u00a0<u>Gabriella Juhasz\u00a0<\/u>,\u00a0<u>Gyorgy Bagdy<\/u><\/p>\n<p>Genetically reduced FAAH activity may be a risk for the development of anxiety and depression in persons with repetitive childhood trauma<\/p>\n<p><strong><em>EUROPEAN NEUROPSYCHOPHARMACOLOGY\u00a0<\/em><\/strong>In Press.:\u00a0Paper pii: S0924-977X(16)00077-8. 16 p.\u00a0(2016)<\/p>\n<p>Link:<\/p>\n<p><a href=\"http:\/\/www.sciencedirect.com\/science\/article\/pii\/S0924977X16000778\">http:\/\/www.sciencedirect.com\/science\/article\/pii\/S0924977X16000778<\/a><\/p>\n<\/td>\n<\/tr>\n<tr>\n<td style=\"width: 11px;vertical-align: top\" width=\"11\">\n<p>6.<\/p>\n<\/td>\n<td width=\"572\">\n<p><u>Kovacs D\u00a0<\/u>,\u00a0<u>Eszlari N\u00a0<\/u>,\u00a0<u>Petschner P\u00a0<\/u>, Pap D ,\u00a0<u>Vas S\u00a0<\/u>,\u00a0<u>Kovacs P\u00a0<\/u>,\u00a0<u>Gonda X\u00a0<\/u>,\u00a0<u>Bagdy G\u00a0<\/u>,\u00a0<u>Juhasz G<\/u><\/p>\n<p>Interleukin-6 promoter polymorphism interacts with pain and life stress influencing depression phenotypes.<\/p>\n<p><strong><em>JOURNAL OF NEURAL TRANSMISSION\u00a0<\/em><\/strong>123:(5)\u00a0pp. 541-548.\u00a0(2016)<\/p>\n<p>Link:<\/p>\n<p><a href=\"https:\/\/www.ncbi.nlm.nih.gov\/pmc\/articles\/PMC4846685\/\">https:\/\/www.ncbi.nlm.nih.gov\/pmc\/articles\/PMC4846685\/<\/a><\/p>\n<\/td>\n<\/tr>\n<tr>\n<td style=\"width: 11px;vertical-align: top\" width=\"11\">\n<p>7.<\/p>\n<\/td>\n<td width=\"572\">\n<p><u>Petschner P\u00a0<\/u>,\u00a0<u>Juhasz G\u00a0<\/u>, Tamasi V ,\u00a0<u>Adori C\u00a0<\/u>,\u00a0<u>Tothfalusi L\u00a0<\/u>, Hokfelt T ,\u00a0<u>Bagdy G<\/u><\/p>\n<p>Chronic venlafaxine treatment fails to alter the levels of galanin system transcripts in normal rats.<\/p>\n<p><strong><em>NEUROPEPTIDES\u00a0<\/em><\/strong>In press:\u00a0p. In press.\u00a0(2016)<\/p>\n<p>Link:<\/p>\n<p><a href=\"http:\/\/www.sciencedirect.com\/science\/article\/pii\/S0143417916000184\">http:\/\/www.sciencedirect.com\/science\/article\/pii\/S0143417916000184<\/a><\/p>\n<\/td>\n<\/tr>\n<\/tbody>\n<\/table>\n<p><strong>2015<\/strong><\/p>\n<table>\n<tbody>\n<tr>\n<td style=\"vertical-align: top\">\n<p>8.<\/p>\n<\/td>\n<td>\n<p><u>Juhasz G\u00a0<\/u>, Gonda X , Hullam G ,\u00a0<u>Eszlari N\u00a0<\/u>,\u00a0<u>Kovacs D\u00a0<\/u>, Lazary J ,\u00a0<u>Pap D\u00a0<\/u>,\u00a0<u>Petschner P\u00a0<\/u>, Elliott R , Deakin JF , Anderson IM , Antal P , Lesch KP ,\u00a0<u>Bagdy G<\/u><\/p>\n<p>Variability in the Effect of 5-HTTLPR on Depression in a Large European Population: The Role of Age, Symptom Profile, Type and Intensity of Life Stressors.<\/p>\n<p><strong><em>PLOS ONE\u00a0<\/em><\/strong>10:(3)\u00a0Paper e0116316. 15 p.\u00a0(2015)<\/p>\n<p>Link:<\/p>\n<p><a href=\"https:\/\/www.ncbi.nlm.nih.gov\/pmc\/articles\/PMC4351953\/\">https:\/\/www.ncbi.nlm.nih.gov\/pmc\/articles\/PMC4351953\/<\/a><\/p>\n<\/td>\n<\/tr>\n<tr>\n<td style=\"vertical-align: top\">\n<p>9.<\/p>\n<\/td>\n<td>\n<p><u>Kovacs P\u00a0<\/u>, Panczel G , Balatoni T , Liszkay G ,\u00a0<u>Gonda X\u00a0<\/u>,\u00a0<u>Bagdy G\u00a0<\/u>,\u00a0<u>Juhasz G<\/u><\/p>\n<p>Social support decreases depressogenic effect of low-dose interferon alpha treatment in melanoma patients.<\/p>\n<p><strong><em>JOURNAL OF PSYCHOSOMATIC RESEARCH\u00a0<\/em><\/strong>78:(6)\u00a0pp. 579-584.\u00a0(2015)<\/p>\n<p>Link:<\/p>\n<p><a href=\"http:\/\/www.sciencedirect.com\/science\/article\/pii\/S0022399915000598?np=y\">http:\/\/www.sciencedirect.com\/science\/article\/pii\/S0022399915000598?np=y<\/a><\/p>\n<\/td>\n<\/tr>\n<tr>\n<td style=\"vertical-align: top\">\n<p>10.<\/p>\n<\/td>\n<td>\n<p><u>Petschner P\u00e9ter\u00a0<\/u>,\u00a0<u>Bagdy Gy\u00f6rgy\u00a0<\/u>,\u00a0<u>T\u00f3tfalusi L\u00e1szl\u00f3<\/u><\/p>\n<p>A kis \u201en\u201d, nagy \u201eP\u201d probl\u00e9m a neuropszichofarmakol\u00f3gi\u00e1ban, avagy hogyan kontroll\u00e1ljuk a hamis felfedez\u00e9sek ar\u00e1ny\u00e1t<\/p>\n<p><strong><em>NEUROPSYCHOPHARMACOLOGIA HUNGARICA\u00a0<\/em><\/strong>17:(1)\u00a0pp. 23-30.\u00a0(2015)<\/p>\n<p>Link:<\/p>\n<p><a href=\"http:\/\/www.mppt.hu\/images\/magazin\/pdf\/xvii-evfolyam-1-szam\/petschner.pdf\">http:\/\/www.mppt.hu\/images\/magazin\/pdf\/xvii-evfolyam-1-szam\/petschner.pdf<\/a><\/p>\n<\/td>\n<\/tr>\n<\/tbody>\n<\/table>\n<p><strong>2014<\/strong><\/p>\n<table>\n<tbody>\n<tr>\n<td style=\"vertical-align: top\">\n<p>11.<\/p>\n<\/td>\n<td>\n<p><u>Edes AE\u00a0<\/u>, Gonda X ,\u00a0<u>Bagdy G\u00a0<\/u>,\u00a0<u>Juhasz G<\/u><\/p>\n<p>A farmakol\u00f3giai funkcion\u00e1lis m\u00e1gneses rezonancia vizsg\u00e1lat (phMRI) felhaszn\u00e1l\u00e1s\u00e1nak lehet\u0151s\u00e9gei a hangulatzavarok kutat\u00e1s\u00e1ban<\/p>\n<p><strong><em>NEUROPSYCHOPHARMACOLOGIA HUNGARICA\u00a0<\/em><\/strong>16:(2)\u00a0pp. 59-66.\u00a0(2014)<\/p>\n<p>Link:<\/p>\n<p><a href=\"http:\/\/www.mppt.hu\/images\/magazin\/pdf\/xvi-evfolyam-2-szam\/edes.pdf\">http:\/\/www.mppt.hu\/images\/magazin\/pdf\/xvi-evfolyam-2-szam\/edes.pdf<\/a><\/p>\n<\/td>\n<\/tr>\n<tr>\n<td style=\"vertical-align: top\">\n<p>12.<\/p>\n<\/td>\n<td>\n<p><u>Juhasz G\u00a0<\/u>, Hullam G ,\u00a0<u>Eszlari N\u00a0<\/u>, Gonda X , Antal P , Anderson IM , Hokfelt TG , Deakin JF ,\u00a0<u>Bagdy G<\/u><\/p>\n<p>Brain galanin system genes interact with life stresses in depression-related phenotypes.<\/p>\n<p><strong><em>PROCEEDINGS OF THE NATIONAL ACADEMY OF SCIENCES OF THE UNITED STATES OF AMERICA\u00a0<\/em><\/strong>111:(16)\u00a0pp. E1666-1673.\u00a0(2014)<\/p>\n<p>Link:<\/p>\n<p><a href=\"https:\/\/www.ncbi.nlm.nih.gov\/pmc\/articles\/PMC4000859\/\">https:\/\/www.ncbi.nlm.nih.gov\/pmc\/articles\/PMC4000859\/<\/a><\/p>\n<\/td>\n<\/tr>\n<tr>\n<td style=\"vertical-align: top\">\n<p>13.<\/p>\n<\/td>\n<td>\n<p><u>Kostyalik D\u00a0<\/u>,\u00a0<u>Vas S\u00a0<\/u>,\u00a0<u>Katai Z\u00a0<\/u>, Kitka T , Gyertyan I ,\u00a0<u>Bagdy G\u00a0<\/u>,\u00a0<u>Tothfalusi L<\/u><\/p>\n<p>Chronic escitalopram treatment attenuated the accelerated rapid eye movement sleep transitions after selective rapid eye movement sleep deprivation: a model-based analysis using Markov chains.<\/p>\n<p><strong><em>BMC NEUROSCIENCE\u00a0<\/em><\/strong>15:(1)\u00a0Paper 120. 16 p.\u00a0(2014)<\/p>\n<p>Link:<\/p>\n<p><a href=\"https:\/\/www.ncbi.nlm.nih.gov\/pmc\/articles\/PMC4243313\/\">https:\/\/www.ncbi.nlm.nih.gov\/pmc\/articles\/PMC4243313\/<\/a><\/p>\n<\/td>\n<\/tr>\n<tr>\n<td style=\"vertical-align: top\">\n<p>14.<\/p>\n<\/td>\n<td>\n<p><u>Kovacs D\u00a0<\/u>, Gonda X ,\u00a0<u>Petschner P\u00a0<\/u>,\u00a0<u>Edes A\u00a0<\/u>,\u00a0<u>Eszlari N\u00a0<\/u>,\u00a0<u>Bagdy G\u00a0<\/u>,\u00a0<u>Juhasz G<\/u><\/p>\n<p>Antidepressant treatment response is modulated by genetic and environmental factors and their interactions.<\/p>\n<p><strong><em>ANNALS OF GENERAL PSYCHIATRY\u00a0<\/em><\/strong>13:\u00a0Paper 17.\u00a0(2014)<\/p>\n<p>Link:<\/p>\n<p><a href=\"http:\/\/www.ncbi.nlm.nih.gov\/pmc\/articles\/PMC4106212\/\">http:\/\/www.ncbi.nlm.nih.gov\/pmc\/articles\/PMC4106212\/<\/a><\/p>\n<\/td>\n<\/tr>\n<tr>\n<td style=\"vertical-align: top\">\n<p>15.<\/p>\n<\/td>\n<td>\n<p>Sarginson JE , Deakin JW , Anderson IM , Downey D , Thomas E , Elliott R ,\u00a0<u>Juhasz G<\/u><\/p>\n<p>Neuronal Nitric Oxide Synthase (NOS1) Polymorphisms Interact with Financial Hardship to Affect Depression Risk.<\/p>\n<p><strong><em>NEUROPSYCHOPHARMACOLOGY\u00a0<\/em><\/strong>39:(12)\u00a0pp. 2857-2866.\u00a0(2014)<\/p>\n<p>Link:<\/p>\n<p><a href=\"https:\/\/www.ncbi.nlm.nih.gov\/pmc\/articles\/PMC4200496\/\">https:\/\/www.ncbi.nlm.nih.gov\/pmc\/articles\/PMC4200496\/<\/a><\/p>\n<\/td>\n<\/tr>\n<tr>\n<td style=\"vertical-align: top\">\n<p>16.<\/p>\n<\/td>\n<td>\n<p>Tamasi V ,\u00a0<u>Petschner P\u00a0<\/u>,\u00a0<u>Adori C\u00a0<\/u>,\u00a0<u>Kirilly E\u00a0<\/u>, Ando RD ,\u00a0<u>Tothfalusi L\u00a0<\/u>,\u00a0<u>Juhasz G\u00a0<\/u>,\u00a0<u>Bagdy G<\/u><\/p>\n<p>Transcriptional Evidence for the Role of Chronic Venlafaxine Treatment in Neurotrophic Signaling and Neuroplasticity Including also Glutatmatergic- and Insulin-Mediated Neuronal Processes.<\/p>\n<p><strong><em>PLOS ONE\u00a0<\/em><\/strong>9:(11)\u00a0Paper e113662. 24 p.\u00a0(2014)<\/p>\n<p>Link:<\/p>\n<p><a href=\"https:\/\/www.ncbi.nlm.nih.gov\/pmc\/articles\/PMC4244101\/\">https:\/\/www.ncbi.nlm.nih.gov\/pmc\/articles\/PMC4244101\/<\/a><\/p>\n<\/td>\n<\/tr>\n<\/tbody>\n<\/table>\n","protected":false},"excerpt":{"rendered":"<p>2016 1. Kovacs D , Kovacs P , Eszlari N ,\u00a0Gonda X\u00a0, Juhasz G Psychological side effects of immune therapies: symptoms and pathomechanism. CURRENT OPINION IN PHARMACOLOGY\u00a029:\u00a0pp. 97-103.\u00a0(2016) Link: <a href=\"http:\/\/www.sciencedirect.com\/science\/article\/pii\/S1471489216300571\">http:\/\/www.sciencedirect.com\/science\/article\/pii\/S1471489216300571<\/a> 2. Adori C , Barde S , Vas S , Ebner K , Su J , Svensson C , Mathe AA , Singewald N , Reinscheid &hellip;<\/p>\n","protected":false},"author":107,"featured_media":0,"parent":2231,"menu_order":5,"comment_status":"closed","ping_status":"closed","template":"","meta":{"_acf_changed":false,"footnotes":""},"categories":[],"tags":[],"class_list":["post-2248","page","type-page","status-publish","hentry"],"acf":[],"_links":{"self":[{"href":"https:\/\/semmelweis.hu\/gyogyszerhatastan\/wp-json\/wp\/v2\/pages\/2248","targetHints":{"allow":["GET"]}}],"collection":[{"href":"https:\/\/semmelweis.hu\/gyogyszerhatastan\/wp-json\/wp\/v2\/pages"}],"about":[{"href":"https:\/\/semmelweis.hu\/gyogyszerhatastan\/wp-json\/wp\/v2\/types\/page"}],"author":[{"embeddable":true,"href":"https:\/\/semmelweis.hu\/gyogyszerhatastan\/wp-json\/wp\/v2\/users\/107"}],"replies":[{"embeddable":true,"href":"https:\/\/semmelweis.hu\/gyogyszerhatastan\/wp-json\/wp\/v2\/comments?post=2248"}],"version-history":[{"count":3,"href":"https:\/\/semmelweis.hu\/gyogyszerhatastan\/wp-json\/wp\/v2\/pages\/2248\/revisions"}],"predecessor-version":[{"id":2353,"href":"https:\/\/semmelweis.hu\/gyogyszerhatastan\/wp-json\/wp\/v2\/pages\/2248\/revisions\/2353"}],"up":[{"embeddable":true,"href":"https:\/\/semmelweis.hu\/gyogyszerhatastan\/wp-json\/wp\/v2\/pages\/2231"}],"wp:attachment":[{"href":"https:\/\/semmelweis.hu\/gyogyszerhatastan\/wp-json\/wp\/v2\/media?parent=2248"}],"wp:term":[{"taxonomy":"category","embeddable":true,"href":"https:\/\/semmelweis.hu\/gyogyszerhatastan\/wp-json\/wp\/v2\/categories?post=2248"},{"taxonomy":"post_tag","embeddable":true,"href":"https:\/\/semmelweis.hu\/gyogyszerhatastan\/wp-json\/wp\/v2\/tags?post=2248"}],"curies":[{"name":"wp","href":"https:\/\/api.w.org\/{rel}","templated":true}]}}