{"id":2224,"date":"2016-08-08T21:02:55","date_gmt":"2016-08-08T19:02:55","guid":{"rendered":"http:\/\/semmelweis.hu\/gyogyszerhatastan\/?page_id=2224"},"modified":"2023-02-15T13:48:59","modified_gmt":"2023-02-15T12:48:59","slug":"mediamegjelenes","status":"publish","type":"page","link":"https:\/\/semmelweis.hu\/gyogyszerhatastan\/kutatas-fejlesztes\/korabbi-palyazatok\/nap-a-kutatocsoport\/mediamegjelenes\/","title":{"rendered":"A NAP-A Kutat\u00f3csoport m\u00e9diamegjelen\u00e9sei"},"content":{"rendered":"<p>A Semmelweis Egyetem is r\u00e9szt vesz a Nemzeti Agykutat\u00e1si Programban<br \/>\nSemmelweis H\u00edrek (2014.02.28)<br \/>\n<a href=\"https:\/\/semmelweis.hu\/mediasarok\/2014\/02\/28\/a-semmelweis-egyetem-es-resztvesz-a-nemzeti-agykutatasi-programban\/\">https:\/\/semmelweis.hu\/mediasarok\/2014\/02\/28\/a-semmelweis-egyetem-es-resztvesz-a-nemzeti-agykutatasi-programban\/<\/a><\/p>\n<p>A Semmelweis Egyetem a NAP-ban<br \/>\nweborvos.hu (2014. 02. 28.)<br \/>\n<a href=\"http:\/\/weborvos.hu\/hirek\/a_semmelweis_egyetem_a_nap\/212038\/\">http:\/\/weborvos.hu\/hirek\/a_semmelweis_egyetem_a_nap\/212038\/<\/a><\/p>\n<p>Semmelweises agyak a programban<br \/>\nmedicalonline.hu (2014.02.28.)<br \/>\n<a href=\"http:\/\/www.medicalonline.hu\/tudomany\/cikk\/semmelweises_agyak_a_programban\">http:\/\/www.medicalonline.hu\/tudomany\/cikk\/semmelweises_agyak_a_programban<\/a><\/p>\n<p>Akad\u00e9miai kutat\u00f3csoport a depresszi\u00f3 kialakul\u00e1s\u00e1nak eddig ismeretlen genetikai h\u00e1tter\u00e9t t\u00e1rta fel<br \/>\nMagyar Tudom\u00e1nyos Akad\u00e9mia honlapja (2014.03.31.)<br \/>\n<a href=\"http:\/\/old.mta.hu\/mta_hirei\/akademiai-kutatocsoport-a-depresszio-kialakulasanak-eddig-ismeretlen-genetikai-hatteret-tarta-fel-133882\/\">http:\/\/old.mta.hu\/mta_hirei\/akademiai-kutatocsoport-a-depresszio-kialakulasanak-eddig-ismeretlen-genetikai-hatteret-tarta-fel-133882\/<\/a><\/p>\n<p>\u00c1t\u00e9rtelmezi a depresszi\u00f3val kapcsolatos tud\u00e1st Dr. Bagdy Gy\u00f6rgy kutat\u00f3csoportj\u00e1nak \u00faj felismer\u00e9se<br \/>\nSemmelweis H\u00edrek (2014. 04. 03.)<br \/>\n<a href=\"https:\/\/semmelweis.hu\/hirek\/2014\/04\/03\/atertelmezi-a-depresszio-okaival-kapcsolatos-tudast-dr-bagdy-gyorgy-kutatocsoportjanak-uj-felismerese\/\">https:\/\/semmelweis.hu\/hirek\/2014\/04\/03\/atertelmezi-a-depresszio-okaival-kapcsolatos-tudast-dr-bagdy-gyorgy-kutatocsoportjanak-uj-felismerese\/<\/a><\/p>\n<p>pharmindex.hu (2014.04.09.)<br \/>\n<a href=\"http:\/\/www.pharmindex-online.hu\/hirek\/atertelmezi-a-depresszio-okaival-kapcsolatos-tudast-dr-bagdy-gyorgy-kutatocsoportjanak-uj-felismerese\">http:\/\/www.pharmindex-online.hu\/hirek\/atertelmezi-a-depresszio-okaival-kapcsolatos-tudast-dr-bagdy-gyorgy-kutatocsoportjanak-uj-felismerese<\/a><\/p>\n<p>A Semmelweis Egyetem kutat\u00f3i bebizony\u00edtott\u00e1k a galanin nev\u0171 feh\u00e9rje hat\u00e1s\u00e1t a depresszi\u00f3ban \u2013 Interj\u00fa Dr. Bagdy Gy\u00f6rggyel<br \/>\nKossuth R\u00e1di\u00f3, Szonda (2014.04.13. 1\u201940\u201d-7\u201903\u201d)<br \/>\n<a href=\"http:\/\/nava.hu\/id\/1871256\/\">http:\/\/nava.hu\/id\/1871256\/<\/a><\/p>\n<p>Komoly eredm\u00e9nyt hozott a magyar depresszi\u00f3sok vizsg\u00e1lata<br \/>\norigo.hu (2014.04.25.)<br \/>\n<a href=\"http:\/\/www.origo.hu\/tudomany\/genetika\/20140414-jelentos-hazai-eredmeny-a-genek-a-stressz-es-a-depresszio-osszefuggeserol.html\">http:\/\/www.origo.hu\/tudomany\/genetika\/20140414-jelentos-hazai-eredmeny-a-genek-a-stressz-es-a-depresszio-osszefuggeserol.html<\/a><\/p>\n<p>Biharlap online (2014.04.29)<br \/>\n<a href=\"http:\/\/www.biharlap.hu\/hir\/11890\/Komoly-eredmenyt-hozott-a-magyar-depressziosok-vizsgalata.html\">http:\/\/www.biharlap.hu\/hir\/11890\/Komoly-eredmenyt-hozott-a-magyar-depressziosok-vizsgalata.html<\/a><\/p>\n<p>\u201eA SE kil\u00e9pett az elef\u00e1ntcsonttoronyb\u00f3l\u201d \u2013 A Nemzeti Agykutat\u00e1s Program Szimp\u00f3zium<br \/>\npharmindex-online.hu (2014.10.13.)<br \/>\n<a href=\"http:\/\/www.pharmindex-online.hu\/hirek\/a-se-kilepett-az-elefantcsonttoronybol-nemzeti-agykutatasi-program-szimpozium\">http:\/\/www.pharmindex-online.hu\/hirek\/a-se-kilepett-az-elefantcsonttoronybol-nemzeti-agykutatasi-program-szimpozium<\/a><\/p>\n<p>Magyar kutat\u00f3csoport \u00faj felismer\u00e9se<br \/>\nszellemitulajdon.hu (n.i)<br \/>\n<a href=\"http:\/\/www.szellemitulajdon.hu\/hirek\/736\/magyar-kutatocsoport-uj-felismerese.html\">http:\/\/www.szellemitulajdon.hu\/hirek\/736\/magyar-kutatocsoport-uj-felismerese.html<\/a><\/p>\n<p>\u00daj okok \u00e1llhatnak a depresszi\u00f3 h\u00e1tter\u00e9ben<br \/>\nokosgyogyszer.hu (n.i.)<br \/>\n<a href=\"http:\/\/www.okosgyogyszer.hu\/uj-okok-allhatnak-a-depresszio-hattereben\/\">http:\/\/www.okosgyogyszer.hu\/uj-okok-allhatnak-a-depresszio-hattereben\/<\/a><\/p>\n","protected":false},"excerpt":{"rendered":"<p>A Semmelweis Egyetem is r\u00e9szt vesz a Nemzeti Agykutat\u00e1si Programban Semmelweis H\u00edrek (2014.02.28) <a href=\"https:\/\/semmelweis.hu\/mediasarok\/2014\/02\/28\/a-semmelweis-egyetem-es-resztvesz-a-nemzeti-agykutatasi-programban\/\">https:\/\/semmelweis.hu\/mediasarok\/2014\/02\/28\/a-semmelweis-egyetem-es-resztvesz-a-nemzeti-agykutatasi-programban\/<\/a> A Semmelweis Egyetem a NAP-ban weborvos.hu (2014. 02. 28.) <a href=\"http:\/\/weborvos.hu\/hirek\/a_semmelweis_egyetem_a_nap\/212038\/\">http:\/\/weborvos.hu\/hirek\/a_semmelweis_egyetem_a_nap\/212038\/<\/a> Semmelweises agyak a programban medicalonline.hu (2014.02.28.) <a href=\"http:\/\/www.medicalonline.hu\/tudomany\/cikk\/semmelweises_agyak_a_programban\">http:\/\/www.medicalonline.hu\/tudomany\/cikk\/semmelweises_agyak_a_programban<\/a> Akad\u00e9miai kutat\u00f3csoport a depresszi\u00f3 kialakul\u00e1s\u00e1nak eddig ismeretlen genetikai h\u00e1tter\u00e9t t\u00e1rta fel Magyar Tudom\u00e1nyos Akad\u00e9mia honlapja (2014.03.31.) <a href=\"http:\/\/old.mta.hu\/mta_hirei\/akademiai-kutatocsoport-a-depresszio-kialakulasanak-eddig-ismeretlen-genetikai-hatteret-tarta-fel-133882\/\">http:\/\/old.mta.hu\/mta_hirei\/akademiai-kutatocsoport-a-depresszio-kialakulasanak-eddig-ismeretlen-genetikai-hatteret-tarta-fel-133882\/<\/a> \u00c1t\u00e9rtelmezi a depresszi\u00f3val kapcsolatos tud\u00e1st Dr. Bagdy Gy\u00f6rgy kutat\u00f3csoportj\u00e1nak \u00faj felismer\u00e9se &hellip;<\/p>\n","protected":false},"author":107,"featured_media":0,"parent":1891,"menu_order":4,"comment_status":"closed","ping_status":"closed","template":"","meta":{"_acf_changed":false,"footnotes":""},"categories":[],"tags":[],"class_list":["post-2224","page","type-page","status-publish","hentry"],"acf":[],"_links":{"self":[{"href":"https:\/\/semmelweis.hu\/gyogyszerhatastan\/wp-json\/wp\/v2\/pages\/2224","targetHints":{"allow":["GET"]}}],"collection":[{"href":"https:\/\/semmelweis.hu\/gyogyszerhatastan\/wp-json\/wp\/v2\/pages"}],"about":[{"href":"https:\/\/semmelweis.hu\/gyogyszerhatastan\/wp-json\/wp\/v2\/types\/page"}],"author":[{"embeddable":true,"href":"https:\/\/semmelweis.hu\/gyogyszerhatastan\/wp-json\/wp\/v2\/users\/107"}],"replies":[{"embeddable":true,"href":"https:\/\/semmelweis.hu\/gyogyszerhatastan\/wp-json\/wp\/v2\/comments?post=2224"}],"version-history":[{"count":2,"href":"https:\/\/semmelweis.hu\/gyogyszerhatastan\/wp-json\/wp\/v2\/pages\/2224\/revisions"}],"predecessor-version":[{"id":3425,"href":"https:\/\/semmelweis.hu\/gyogyszerhatastan\/wp-json\/wp\/v2\/pages\/2224\/revisions\/3425"}],"up":[{"embeddable":true,"href":"https:\/\/semmelweis.hu\/gyogyszerhatastan\/wp-json\/wp\/v2\/pages\/1891"}],"wp:attachment":[{"href":"https:\/\/semmelweis.hu\/gyogyszerhatastan\/wp-json\/wp\/v2\/media?parent=2224"}],"wp:term":[{"taxonomy":"category","embeddable":true,"href":"https:\/\/semmelweis.hu\/gyogyszerhatastan\/wp-json\/wp\/v2\/categories?post=2224"},{"taxonomy":"post_tag","embeddable":true,"href":"https:\/\/semmelweis.hu\/gyogyszerhatastan\/wp-json\/wp\/v2\/tags?post=2224"}],"curies":[{"name":"wp","href":"https:\/\/api.w.org\/{rel}","templated":true}]}}