{"id":2195,"date":"2016-08-08T18:24:28","date_gmt":"2016-08-08T16:24:28","guid":{"rendered":"http:\/\/semmelweis.hu\/gyogyszerhatastan\/?page_id=2195"},"modified":"2023-02-15T13:22:26","modified_gmt":"2023-02-15T12:22:26","slug":"staff","status":"publish","type":"page","link":"https:\/\/semmelweis.hu\/gyogyszerhatastan\/en\/mta-se-research-group\/staff\/","title":{"rendered":"Staff"},"content":{"rendered":"\n<table id=\"tablepress-32\" class=\"tablepress tablepress-id-32\">\n<thead>\n<tr class=\"row-1\">\n\t<th class=\"column-1\">Position in research group<\/th><td class=\"column-2\"><\/td><th class=\"column-3\">Name<\/th><th class=\"column-4\">Academic degree<\/th><th class=\"column-5\">Institute<\/th>\n<\/tr>\n<\/thead>\n<tbody class=\"row-striping row-hover\">\n<tr class=\"row-2\">\n\t<td class=\"column-1\">Leader<\/td><td class=\"column-2\"><img loading=\"lazy\" decoding=\"async\" style=\"float: left\" src=\"http:\/\/semmelweis.hu\/gyogyszerhatastan\/files\/2015\/05\/BagdyGyorgy.jpg\" alt=\"Bagdy Gy\u00f6rgy\" width=\"90\" height=\"120\" \/><\/td><td class=\"column-3\">Dr. Gy\u00f6rgy Bagdy <\/td><td class=\"column-4\">vice rector for scientific affairs, director of institute, professor, DSc<\/td><td class=\"column-5\">Semmelweis University,<br \/>\nFaculty of Pharmacy,<br \/>\nDepartment of Pharmacodynamics<\/td>\n<\/tr>\n<tr class=\"row-3\">\n\t<td class=\"column-1\">Senior fellows<\/td><td class=\"column-2\"><img loading=\"lazy\" decoding=\"async\" style=\"float: left\" src=\"http:\/\/semmelweis.hu\/gyogyszerhatastan\/files\/2015\/05\/juhaszgabriella.jpg\" alt=\"Juh\u00e1sz Gabriella\" width=\"90\" height=\"120\" \/><\/td><td class=\"column-3\">Dr. Gabriella Juh\u00e1sz <\/td><td class=\"column-4\">associate professor<\/td><td class=\"column-5\">Semmelweis University,<br \/>\nFaculty of Pharmacy,<br \/>\nDepartment of Pharmacodynamics<\/td>\n<\/tr>\n<tr class=\"row-4\">\n\t<td class=\"column-1\"><\/td><td class=\"column-2\"><img loading=\"lazy\" decoding=\"async\" style=\"float: left\" src=\"http:\/\/semmelweis.hu\/gyogyszerhatastan\/files\/2016\/08\/Antal-Peter.jpg\" alt=\"Antal P\u00e9ter\" width=\"90\" height=\"120\" \/><\/td><td class=\"column-3\">Dr. P\u00e9ter Antal <\/td><td class=\"column-4\">associate professor<\/td><td class=\"column-5\">Budapest University of Technology and Economics,<br \/>\nFaculty of Electrical Engineering and Informatics,<br \/>\nDepartment of Measurement and Information Systems<\/td>\n<\/tr>\n<tr class=\"row-5\">\n\t<td class=\"column-1\">Members of the research group<\/td><td class=\"column-2\"><\/td><td class=\"column-3\">Ivonne Fanni B\u00e1konyi <\/td><td class=\"column-4\"><\/td><td class=\"column-5\">Semmelweis University,<br \/>\nFaculty of Pharmacy,<br \/>\nDepartment of Pharmacodynamics<\/td>\n<\/tr>\n<tr class=\"row-6\">\n\t<td class=\"column-1\"><\/td><td class=\"column-2\"><img loading=\"lazy\" decoding=\"async\" style=\"float: left\" src=\"http:\/\/semmelweis.hu\/gyogyszerhatastan\/files\/2015\/05\/GalambosAttila.jpg\" alt=\"Galambos Attila\" width=\"90\" height=\"120\" \/><\/td><td class=\"column-3\">Attila Galambos <\/td><td class=\"column-4\">researcher psychologist, PhD student<\/td><td class=\"column-5\">E\u00f6tv\u00f6s Lor\u00e1nd University,<br \/>\nDoctoral School of Psychology<\/td>\n<\/tr>\n<tr class=\"row-7\">\n\t<td class=\"column-1\"><\/td><td class=\"column-2\"><img loading=\"lazy\" decoding=\"async\" style=\"float: left\" src=\"http:\/\/semmelweis.hu\/gyogyszerhatastan\/files\/2016\/08\/Vas-Szilvia.jpg\" alt=\"Vas Szilvia\" width=\"90\" height=\"120\" \/><\/td><td class=\"column-3\">Dr. Szilvia Kalm\u00e1rn\u00e9 Vas<\/td><td class=\"column-4\">researcher pharmacist, assistant research fellow<\/td><td class=\"column-5\">Semmelweis University,<br \/>\nFaculty of Pharmacy,<br \/>\nDepartment of Pharmacodynamics<\/td>\n<\/tr>\n<tr class=\"row-8\">\n\t<td class=\"column-1\"><\/td><td class=\"column-2\"><img loading=\"lazy\" decoding=\"async\" style=\"float: left\" src=\"http:\/\/semmelweis.hu\/gyogyszerhatastan\/files\/2016\/08\/Katona-Eniko-Rozsa.jpg\" alt=\"Katonai Enik\u0151 R\u00f3zsa\" width=\"90\" height=\"120\" \/><\/td><td class=\"column-3\">Enik\u0151 R\u00f3zsa Katonai <\/td><td class=\"column-4\">researcher psychologist, PhD student<\/td><td class=\"column-5\">E\u00f6tv\u00f6s Lor\u00e1nd University,<br \/>\nDoctoral School of Psychology<\/td>\n<\/tr>\n<tr class=\"row-9\">\n\t<td class=\"column-1\"><\/td><td class=\"column-2\"><img loading=\"lazy\" decoding=\"async\" style=\"float: left\" src=\"http:\/\/semmelweis.hu\/gyogyszerhatastan\/files\/2016\/08\/Petschner-Anna.jpg\" alt=\"Petschner Anna\" width=\"90\" height=\"120\" \/><\/td><td class=\"column-3\">Anna Petschner <\/td><td class=\"column-4\">assistant research fellow<\/td><td class=\"column-5\">Semmelweis University,<br \/>\nFaculty of Pharmacy,<br \/>\nDepartment of Pharmacodynamics<\/td>\n<\/tr>\n<tr class=\"row-10\">\n\t<td class=\"column-1\"><\/td><td class=\"column-2\"><img loading=\"lazy\" decoding=\"async\" style=\"float: left\" src=\"http:\/\/semmelweis.hu\/gyogyszerhatastan\/files\/2016\/08\/Petschner-Peter.jpg\" alt=\"Petschner P\u00e9ter\" width=\"90\" height=\"120\" \/><\/td><td class=\"column-3\">Dr. P\u00e9ter Petschner <\/td><td class=\"column-4\">researcher pharmacist, assistant research fellow<\/td><td class=\"column-5\">Semmelweis University,<br \/>\nFaculty of Pharmacy,<br \/>\nDepartment of Pharmacodynamics<\/td>\n<\/tr>\n<tr class=\"row-11\">\n\t<td class=\"column-1\">Cooperation in fMRI examinations<\/td><td class=\"column-2\"><img loading=\"lazy\" decoding=\"async\" style=\"float: left\" src=\"http:\/\/semmelweis.hu\/gyogyszerhatastan\/files\/2015\/05\/GyureTamas.jpg\" alt=\"Gy\u00fcre Tam\u00e1s\" width=\"90\" height=\"120\" \/><\/td><td class=\"column-3\">Tam\u00e1s Gy\u00fcre <\/td><td class=\"column-4\">researcher psychologist, PhD student<\/td><td class=\"column-5\">Semmelweis University,<br \/>\nJ\u00e1nos Szent\u00e1gothai Doctoral School of Neurosciences<\/td>\n<\/tr>\n<tr class=\"row-12\">\n\t<td class=\"column-1\"><\/td><td class=\"column-2\"><img loading=\"lazy\" decoding=\"async\" style=\"float: left\" src=\"http:\/\/semmelweis.hu\/gyogyszerhatastan\/files\/2015\/05\/KokonyeiGyongyi.jpg\" alt=\"K\u00f6k\u00f6nyei Gy\u00f6ngyi\" width=\"90\" height=\"120\" \/><\/td><td class=\"column-3\">Dr. Gy\u00f6ngyi K\u00f6k\u00f6nyei <\/td><td class=\"column-4\">research fellow, senior lecturer<\/td><td class=\"column-5\">E\u00f6tv\u00f6s Lor\u00e1nd University,<br \/>\nFaculty of Education and Psychology, Department of Clinical Psychology and Addictology<\/td>\n<\/tr>\n<tr class=\"row-13\">\n\t<td class=\"column-1\"><\/td><td class=\"column-2\"><img loading=\"lazy\" decoding=\"async\" style=\"float: left\" src=\"http:\/\/semmelweis.hu\/gyogyszerhatastan\/files\/2015\/05\/TothZoltan.jpg\" alt=\"T\u00f3th Zolt\u00e1n G\u00e9za\" width=\"90\" height=\"120\" \/><\/td><td class=\"column-3\">Dr. T\u00f3th Zolt\u00e1n G\u00e9za T\u00f3th <\/td><td class=\"column-4\">electrical engineer (MSc)<\/td><td class=\"column-5\">\u00d3budai University, Kand\u00f3 K\u00e1lm\u00e1n Faculty of Electrical Engineering,<br \/>\nInstitute of Communication Engineering<br \/>\n<\/td>\n<\/tr>\n<tr class=\"row-14\">\n\t<td class=\"column-1\">Additional cooperation<\/td><td class=\"column-2\"><img loading=\"lazy\" decoding=\"async\" style=\"float: left\" src=\"http:\/\/semmelweis.hu\/gyogyszerhatastan\/files\/2015\/05\/EszlariNora.jpg\" alt=\"Eszl\u00e1ri N\u00f3ra\" width=\"90\" height=\"120\" \/><\/td><td class=\"column-3\">N\u00f3ra Eszl\u00e1ri <\/td><td class=\"column-4\">researcher psychologist, PhD student<\/td><td class=\"column-5\">Semmelweis University,<br \/>\nDoctoral School of Mental Health Sciences<\/td>\n<\/tr>\n<tr class=\"row-15\">\n\t<td class=\"column-1\"><\/td><td class=\"column-2\"><img loading=\"lazy\" decoding=\"async\" style=\"float: left\" src=\"http:\/\/semmelweis.hu\/gyogyszerhatastan\/files\/2015\/09\/XeniaGonda.jpg\" alt=\"Gonda X\u00e9nia\" width=\"90\" height=\"120\" \/><\/td><td class=\"column-3\">Dr. X\u00e9nia Gonda <\/td><td class=\"column-4\">research fellow, clinical psychologist<\/td><td class=\"column-5\">Semmelweis University, K\u00fatv\u00f6lgyi Clinical Block,<br \/>\nClinical and Research Group of Mental Health<\/td>\n<\/tr>\n<tr class=\"row-16\">\n\t<td class=\"column-1\"><\/td><td class=\"column-2\"><img loading=\"lazy\" decoding=\"async\" style=\"float: left\" src=\"http:\/\/semmelweis.hu\/gyogyszerhatastan\/files\/2016\/08\/Marx-Peter.jpg\" alt=\"Marx P\u00e9ter\" width=\"90\" height=\"120\" \/><\/td><td class=\"column-3\">P\u00e9ter Marx <\/td><td class=\"column-4\">PhD student<\/td><td class=\"column-5\">Budapest University of Technology and Economics,<br \/>\nFaculty of Electrical Engineering and Informatics,<br \/>\nDepartment of Measurement and Information Systems<\/td>\n<\/tr>\n<tr class=\"row-17\">\n\t<td class=\"column-1\"><\/td><td class=\"column-2\"><img loading=\"lazy\" decoding=\"async\" style=\"float: left\" src=\"http:\/\/semmelweis.hu\/gyogyszerhatastan\/files\/2015\/09\/milli.jpg\" alt=\"Millinghoffer Andr\u00e1s D\u00e1niel\" width=\"90\" height=\"120\" \/><\/td><td class=\"column-3\">Andr\u00e1s D\u00e1niel Millinghoffer <\/td><td class=\"column-4\">PhD student<\/td><td class=\"column-5\">Budapest University of Technology and Economics,<br \/>\nFaculty of Electrical Engineering and Informatics,<br \/>\nDepartment of Measurement and Information Systems<\/td>\n<\/tr>\n<\/tbody>\n<\/table>\n<!-- #tablepress-32 from cache -->\n","protected":false},"excerpt":{"rendered":"","protected":false},"author":107,"featured_media":0,"parent":2187,"menu_order":5,"comment_status":"closed","ping_status":"closed","template":"template-fullwidth.php","meta":{"_acf_changed":false,"footnotes":""},"categories":[],"tags":[],"class_list":["post-2195","page","type-page","status-publish","hentry"],"acf":[],"_links":{"self":[{"href":"https:\/\/semmelweis.hu\/gyogyszerhatastan\/wp-json\/wp\/v2\/pages\/2195","targetHints":{"allow":["GET"]}}],"collection":[{"href":"https:\/\/semmelweis.hu\/gyogyszerhatastan\/wp-json\/wp\/v2\/pages"}],"about":[{"href":"https:\/\/semmelweis.hu\/gyogyszerhatastan\/wp-json\/wp\/v2\/types\/page"}],"author":[{"embeddable":true,"href":"https:\/\/semmelweis.hu\/gyogyszerhatastan\/wp-json\/wp\/v2\/users\/107"}],"replies":[{"embeddable":true,"href":"https:\/\/semmelweis.hu\/gyogyszerhatastan\/wp-json\/wp\/v2\/comments?post=2195"}],"version-history":[{"count":1,"href":"https:\/\/semmelweis.hu\/gyogyszerhatastan\/wp-json\/wp\/v2\/pages\/2195\/revisions"}],"predecessor-version":[{"id":2198,"href":"https:\/\/semmelweis.hu\/gyogyszerhatastan\/wp-json\/wp\/v2\/pages\/2195\/revisions\/2198"}],"up":[{"embeddable":true,"href":"https:\/\/semmelweis.hu\/gyogyszerhatastan\/wp-json\/wp\/v2\/pages\/2187"}],"wp:attachment":[{"href":"https:\/\/semmelweis.hu\/gyogyszerhatastan\/wp-json\/wp\/v2\/media?parent=2195"}],"wp:term":[{"taxonomy":"category","embeddable":true,"href":"https:\/\/semmelweis.hu\/gyogyszerhatastan\/wp-json\/wp\/v2\/categories?post=2195"},{"taxonomy":"post_tag","embeddable":true,"href":"https:\/\/semmelweis.hu\/gyogyszerhatastan\/wp-json\/wp\/v2\/tags?post=2195"}],"curies":[{"name":"wp","href":"https:\/\/api.w.org\/{rel}","templated":true}]}}