{"id":2000,"date":"2013-08-27T11:31:31","date_gmt":"2012-06-19T05:59:16","guid":{"rendered":"http:\/\/semmelweis.hu\/gyogyszerhatastan\/?page_id=2000"},"modified":"2024-01-28T19:21:15","modified_gmt":"2024-01-28T18:21:15","slug":"grundlagen-der-pathophysiologie","status":"publish","type":"page","link":"https:\/\/semmelweis.hu\/gyogyszerhatastan\/de\/lehrtaetigkeit\/grundlagen-der-pathophysiologie\/","title":{"rendered":"Grundlagen der Pathophysiologie"},"content":{"rendered":"<p>Im Rahmen des Faches Pathologische und Klinische Grundlagen erhalten die Studierenden in 56 Stunden theoretischer und 28 Stunden praktischer Ausbildung, entsprechend den besonderen Bed\u00fcrfnissen von Pharmaziestudierenden, die pathophysiologischen Aspekte der h\u00e4ufigsten Erkrankungen und schaffen ein Verst\u00e4ndnis f\u00fcr die Grundlagen der (medizinischen) Therapie und ihrer praktischen Anwendung.<\/p>\n<p>Verantwortlich f\u00fcr das Fach: Dr. Gabriella Juh\u00e1sz.<\/p>\n<p><strong>Voraussetzungen:<\/strong><\/p>\n<p>Jeweils im 5. und 6. Semester 2 SWS Vorlesung und 1 SWS \u00dcbung. Art der Pr\u00fcfung: praktische Pr\u00fcfung am Ende des 5. Semesters, m\u00fcndliche Pr\u00fcfung am Ende des 6. Semesters.<\/p>\n<p>Die Lernhilfen und Abbildungen sind auf der <a href=\"https:\/\/itc.semmelweis.hu\">MOODLE-Seite<\/a> erh\u00e4ltlich!<\/p>\n","protected":false},"excerpt":{"rendered":"<p>Im Rahmen des Faches Pathologische und Klinische Grundlagen erhalten die Studierenden in 56 Stunden theoretischer und 28 Stunden praktischer Ausbildung, entsprechend den besonderen Bed\u00fcrfnissen von Pharmaziestudierenden, die pathophysiologischen Aspekte der h\u00e4ufigsten Erkrankungen und schaffen ein Verst\u00e4ndnis f\u00fcr die Grundlagen der (medizinischen) Therapie und ihrer praktischen Anwendung. Verantwortlich f\u00fcr das Fach: Dr. Gabriella Juh\u00e1sz. Voraussetzungen: Jeweils &hellip;<\/p>\n","protected":false},"author":107,"featured_media":0,"parent":3232,"menu_order":2,"comment_status":"closed","ping_status":"closed","template":"","meta":{"_acf_changed":false,"footnotes":""},"categories":[],"tags":[],"class_list":["post-2000","page","type-page","status-publish","hentry"],"acf":[],"_links":{"self":[{"href":"https:\/\/semmelweis.hu\/gyogyszerhatastan\/wp-json\/wp\/v2\/pages\/2000","targetHints":{"allow":["GET"]}}],"collection":[{"href":"https:\/\/semmelweis.hu\/gyogyszerhatastan\/wp-json\/wp\/v2\/pages"}],"about":[{"href":"https:\/\/semmelweis.hu\/gyogyszerhatastan\/wp-json\/wp\/v2\/types\/page"}],"author":[{"embeddable":true,"href":"https:\/\/semmelweis.hu\/gyogyszerhatastan\/wp-json\/wp\/v2\/users\/107"}],"replies":[{"embeddable":true,"href":"https:\/\/semmelweis.hu\/gyogyszerhatastan\/wp-json\/wp\/v2\/comments?post=2000"}],"version-history":[{"count":10,"href":"https:\/\/semmelweis.hu\/gyogyszerhatastan\/wp-json\/wp\/v2\/pages\/2000\/revisions"}],"predecessor-version":[{"id":3531,"href":"https:\/\/semmelweis.hu\/gyogyszerhatastan\/wp-json\/wp\/v2\/pages\/2000\/revisions\/3531"}],"up":[{"embeddable":true,"href":"https:\/\/semmelweis.hu\/gyogyszerhatastan\/wp-json\/wp\/v2\/pages\/3232"}],"wp:attachment":[{"href":"https:\/\/semmelweis.hu\/gyogyszerhatastan\/wp-json\/wp\/v2\/media?parent=2000"}],"wp:term":[{"taxonomy":"category","embeddable":true,"href":"https:\/\/semmelweis.hu\/gyogyszerhatastan\/wp-json\/wp\/v2\/categories?post=2000"},{"taxonomy":"post_tag","embeddable":true,"href":"https:\/\/semmelweis.hu\/gyogyszerhatastan\/wp-json\/wp\/v2\/tags?post=2000"}],"curies":[{"name":"wp","href":"https:\/\/api.w.org\/{rel}","templated":true}]}}