{"id":20,"date":"2012-06-19T08:15:35","date_gmt":"2012-06-19T06:15:35","guid":{"rendered":"http:\/\/semmelweis-egyetem.hu\/gyogyszerhatastan\/?page_id=20"},"modified":"2025-12-16T14:03:23","modified_gmt":"2025-12-16T13:03:23","slug":"hasznos-szakmai-linkek","status":"publish","type":"page","link":"https:\/\/semmelweis.hu\/gyogyszerhatastan\/kutatas-fejlesztes\/hasznos-szakmai-linkek\/","title":{"rendered":"Hasznos szakmai linkek"},"content":{"rendered":"<p>A vil\u00e1gh\u00e1l\u00f3 legnagyobb tudom\u00e1nyos adatb\u00e1zisaival rendelkez\u0151 keres\u0151je a\u00a0<a href=\"https:\/\/pubmed.ncbi.nlm.nih.gov\/\" target=\"_blank\" rel=\"noopener\"><strong>PubMed<\/strong>:<\/a><\/p>\n<p>A\u00a0<strong><strong><a href=\"http:\/\/www.pharmindex-online.hu\/gyogyszerkereso\/\" target=\"_blank\" rel=\"noopener\">Pharmindex<\/a><\/strong><\/strong>\u00a0a gy\u00f3gyszerek hivatalos alkalmaz\u00e1si el\u0151iratait tartalmazza. A regisztr\u00e1ci\u00f3 ingyenes.<\/p>\n<p>Szakdolgozat k\u00e9sz\u00edt\u00e9shez j\u00f3l haszn\u00e1lhat\u00f3 a\u00a0<a href=\"http:\/\/hawk.eski.hu\/j2ee\/webbib\/simplesearch.jsp\" target=\"_blank\" rel=\"noopener\"><strong>Magyar Orvosi Bibliogr\u00e1fia<\/strong><\/a>\u00a0adatb\u00e1zisa,\u00a0melyben a hazai orvosi lapok cikkei k\u00f6z\u00f6tt lehet keresni.<\/p>\n","protected":false},"excerpt":{"rendered":"<p>A vil\u00e1gh\u00e1l\u00f3 legnagyobb tudom\u00e1nyos adatb\u00e1zisaival rendelkez\u0151 keres\u0151je a\u00a0<a href=\"https:\/\/pubmed.ncbi.nlm.nih.gov\/\" target=\"_blank\" rel=\"noopener\">PubMed:<\/a><br \/>\nA\u00a0<a href=\"http:\/\/www.pharmindex-online.hu\/gyogyszerkereso\/\" target=\"_blank\" rel=\"noopener\">Pharmindex<\/a>\u00a0a gy\u00f3gyszerek hivatalos alkalmaz\u00e1si el\u0151iratait tartalmazza. A regisztr\u00e1ci\u00f3 ingyenes.<br \/>\nSzakdolgozat k\u00e9sz\u00edt\u00e9shez j\u00f3l haszn\u00e1lhat\u00f3 a\u00a0<a href=\"http:\/\/hawk.eski.hu\/j2ee\/webbib\/simplesearch.jsp\" target=\"_blank\" rel=\"noopener\">Magyar Orvosi Bibliogr\u00e1fia<\/a>\u00a0adatb\u00e1zisa,\u00a0melyben a hazai orvosi lapok cikkei k\u00f6z\u00f6tt lehet keresni.<\/p>\n","protected":false},"author":8,"featured_media":0,"parent":19,"menu_order":1,"comment_status":"open","ping_status":"open","template":"","meta":{"_acf_changed":false,"footnotes":""},"categories":[],"tags":[],"class_list":["post-20","page","type-page","status-publish","hentry"],"acf":[],"_links":{"self":[{"href":"https:\/\/semmelweis.hu\/gyogyszerhatastan\/wp-json\/wp\/v2\/pages\/20","targetHints":{"allow":["GET"]}}],"collection":[{"href":"https:\/\/semmelweis.hu\/gyogyszerhatastan\/wp-json\/wp\/v2\/pages"}],"about":[{"href":"https:\/\/semmelweis.hu\/gyogyszerhatastan\/wp-json\/wp\/v2\/types\/page"}],"author":[{"embeddable":true,"href":"https:\/\/semmelweis.hu\/gyogyszerhatastan\/wp-json\/wp\/v2\/users\/8"}],"replies":[{"embeddable":true,"href":"https:\/\/semmelweis.hu\/gyogyszerhatastan\/wp-json\/wp\/v2\/comments?post=20"}],"version-history":[{"count":3,"href":"https:\/\/semmelweis.hu\/gyogyszerhatastan\/wp-json\/wp\/v2\/pages\/20\/revisions"}],"predecessor-version":[{"id":3613,"href":"https:\/\/semmelweis.hu\/gyogyszerhatastan\/wp-json\/wp\/v2\/pages\/20\/revisions\/3613"}],"up":[{"embeddable":true,"href":"https:\/\/semmelweis.hu\/gyogyszerhatastan\/wp-json\/wp\/v2\/pages\/19"}],"wp:attachment":[{"href":"https:\/\/semmelweis.hu\/gyogyszerhatastan\/wp-json\/wp\/v2\/media?parent=20"}],"wp:term":[{"taxonomy":"category","embeddable":true,"href":"https:\/\/semmelweis.hu\/gyogyszerhatastan\/wp-json\/wp\/v2\/categories?post=20"},{"taxonomy":"post_tag","embeddable":true,"href":"https:\/\/semmelweis.hu\/gyogyszerhatastan\/wp-json\/wp\/v2\/tags?post=20"}],"curies":[{"name":"wp","href":"https:\/\/api.w.org\/{rel}","templated":true}]}}