{"id":1950,"date":"2016-08-08T18:09:15","date_gmt":"2016-08-08T16:09:15","guid":{"rendered":"http:\/\/semmelweis.hu\/gyogyszerhatastan\/?page_id=1950"},"modified":"2023-02-15T13:36:17","modified_gmt":"2023-02-15T12:36:17","slug":"mta-se-kutatocsoport","status":"publish","type":"page","link":"https:\/\/semmelweis.hu\/gyogyszerhatastan\/kutatas-fejlesztes\/korabbi-palyazatok\/mta-se-kutatocsoport\/","title":{"rendered":"MTA-SE kutat\u00f3csoport"},"content":{"rendered":"<p><strong>N\u00e9v:<\/strong> MTA-SE Neuropszichofarmakol\u00f3giai \u00e9s Neurok\u00e9miai Kutat\u00f3csoport<\/p>\n<p><strong>Kutat\u00e1si t\u00e9ma c\u00edme:<\/strong> A hum\u00e1n depresszi\u00f3 kialakul\u00e1s\u00e1ban szerepet j\u00e1tsz\u00f3 k\u00f6rnyezeti \u00e9s \u00f6r\u00f6kletes faktorok k\u00f6lcs\u00f6nhat\u00e1sainak vizsg\u00e1lata genomikai \u00e9s k\u00e9palkot\u00f3 m\u00f3dszerekkel<\/p>\n<p><strong>Vezet\u0151:<\/strong> Prof. Bagdy Gy\u00f6rgy, egyetemi tan\u00e1r, az MTA doktora<br \/>\nE-mail: bag13638@iif.hu<br \/>\nTel: +36-1-210-4411, +36-1-459-1500; mell\u00e9k 56331, 56336, 56217<br \/>\nInt\u00e9zet: SE GyTK Gy\u00f3gyszerhat\u00e1stani Int\u00e9zet<\/p>\n<p><strong>A megval\u00f3s\u00edt\u00e1s helysz\u00edne:<\/strong> Semmelweis Egyetem, 1089 Budapest Nagyv\u00e1rad t\u00e9r 4.<br \/>\n<strong>Az Eur\u00f3pai Uni\u00f3 \u00e9s a Magyar \u00c1llam \u00e1ltal ny\u00fajtott t\u00e1mogat\u00e1s \u00f6sszege:<\/strong> 30 000 000 Ft \/ \u00e9v<br \/>\n<strong>Kivitelez\u00e9s ideje:<\/strong> 2013.07.01-2018.06.30.<br \/>\n<strong>Link:<\/strong>\u00a0<a href=\"https:\/\/semmelweis.hu\/gyogyszerhatastan\/mta-se-kutatocsoport\/\">https:\/\/semmelweis.hu\/gyogyszerhatastan\/mta-se-kutatocsoport\/<\/a><\/p>\n<p><strong>Kulcsszavak:<\/strong><br \/>\ndepresszi\u00f3, szorong\u00e1s, rumin\u00e1ci\u00f3, genetika, k\u00f6rnyezeti faktorok, epigenetika, g\u00e9n-k\u00f6rnyezet interakci\u00f3k, szem\u00e9lyis\u00e9gvon\u00e1sok, temperamentumok, NewMood, fMRI, phMRI, biostatisztika<\/p>\n<p><strong>A projekt r\u00f6vid tartalmi \u00f6sszefoglal\u00f3ja:<\/strong><br \/>\nA Magyar Tudom\u00e1nyos Akad\u00e9mia t\u00e1mogat\u00e1s\u00e1val megalakult kutat\u00f3csoport genomikai \u00e9s k\u00e9palkot\u00f3 m\u00f3dszerekkel vizsg\u00e1lja a depresszi\u00f3 kialakul\u00e1s\u00e1ban szerepet j\u00e1tsz\u00f3 k\u00fcl\u00f6nb\u00f6z\u0151 k\u00f6rnyezeti \u00e9s \u00f6r\u00f6kletes t\u00e9nyez\u0151k k\u00f6lcs\u00f6nhat\u00e1sait \u00e9s azok m\u00e9rt\u00e9k\u00e9t.<\/p>\n","protected":false},"excerpt":{"rendered":"<p>N\u00e9v: MTA-SE Neuropszichofarmakol\u00f3giai \u00e9s Neurok\u00e9miai Kutat\u00f3csoport Kutat\u00e1si t\u00e9ma c\u00edme: A hum\u00e1n depresszi\u00f3 kialakul\u00e1s\u00e1ban szerepet j\u00e1tsz\u00f3 k\u00f6rnyezeti \u00e9s \u00f6r\u00f6kletes faktorok k\u00f6lcs\u00f6nhat\u00e1sainak vizsg\u00e1lata genomikai \u00e9s k\u00e9palkot\u00f3 m\u00f3dszerekkel Vezet\u0151: Prof. Bagdy Gy\u00f6rgy, egyetemi tan\u00e1r, az MTA doktora E-mail: bag13638@iif.hu Tel: +36-1-210-4411, +36-1-459-1500; mell\u00e9k 56331, 56336, 56217 Int\u00e9zet: SE GyTK Gy\u00f3gyszerhat\u00e1stani Int\u00e9zet A megval\u00f3s\u00edt\u00e1s helysz\u00edne: Semmelweis Egyetem, 1089 Budapest &hellip;<\/p>\n","protected":false},"author":107,"featured_media":0,"parent":2546,"menu_order":0,"comment_status":"closed","ping_status":"closed","template":"","meta":{"_acf_changed":false,"footnotes":""},"categories":[],"tags":[],"class_list":["post-1950","page","type-page","status-publish","hentry"],"acf":[],"_links":{"self":[{"href":"https:\/\/semmelweis.hu\/gyogyszerhatastan\/wp-json\/wp\/v2\/pages\/1950","targetHints":{"allow":["GET"]}}],"collection":[{"href":"https:\/\/semmelweis.hu\/gyogyszerhatastan\/wp-json\/wp\/v2\/pages"}],"about":[{"href":"https:\/\/semmelweis.hu\/gyogyszerhatastan\/wp-json\/wp\/v2\/types\/page"}],"author":[{"embeddable":true,"href":"https:\/\/semmelweis.hu\/gyogyszerhatastan\/wp-json\/wp\/v2\/users\/107"}],"replies":[{"embeddable":true,"href":"https:\/\/semmelweis.hu\/gyogyszerhatastan\/wp-json\/wp\/v2\/comments?post=1950"}],"version-history":[{"count":8,"href":"https:\/\/semmelweis.hu\/gyogyszerhatastan\/wp-json\/wp\/v2\/pages\/1950\/revisions"}],"predecessor-version":[{"id":3415,"href":"https:\/\/semmelweis.hu\/gyogyszerhatastan\/wp-json\/wp\/v2\/pages\/1950\/revisions\/3415"}],"up":[{"embeddable":true,"href":"https:\/\/semmelweis.hu\/gyogyszerhatastan\/wp-json\/wp\/v2\/pages\/2546"}],"wp:attachment":[{"href":"https:\/\/semmelweis.hu\/gyogyszerhatastan\/wp-json\/wp\/v2\/media?parent=1950"}],"wp:term":[{"taxonomy":"category","embeddable":true,"href":"https:\/\/semmelweis.hu\/gyogyszerhatastan\/wp-json\/wp\/v2\/categories?post=1950"},{"taxonomy":"post_tag","embeddable":true,"href":"https:\/\/semmelweis.hu\/gyogyszerhatastan\/wp-json\/wp\/v2\/tags?post=1950"}],"curies":[{"name":"wp","href":"https:\/\/api.w.org\/{rel}","templated":true}]}}