{"id":1879,"date":"2016-08-08T21:01:04","date_gmt":"2016-08-08T19:01:04","guid":{"rendered":"http:\/\/semmelweis.hu\/gyogyszerhatastan\/?page_id=1879"},"modified":"2023-02-15T13:58:20","modified_gmt":"2023-02-15T12:58:20","slug":"munkatarsak-2","status":"publish","type":"page","link":"https:\/\/semmelweis.hu\/gyogyszerhatastan\/kutatas-fejlesztes\/korabbi-palyazatok\/nap-a-kutatocsoport\/munkatarsak-2\/","title":{"rendered":"A NAP-A Kutat\u00f3csoport munkat\u00e1rsai"},"content":{"rendered":"\n<table id=\"tablepress-33\" class=\"tablepress tablepress-id-33\">\n<thead>\n<tr class=\"row-1\">\n\t<th class=\"column-1\">Kutat\u00f3csoportbeli tiszts\u00e9g<\/th><td class=\"column-2\"><\/td><th class=\"column-3\">N\u00e9v<\/th><th class=\"column-4\">Fokozat<\/th><th class=\"column-5\">Int\u00e9zet<\/th>\n<\/tr>\n<\/thead>\n<tbody class=\"row-striping row-hover\">\n<tr class=\"row-2\">\n\t<td class=\"column-1\">Vezet\u0151<\/td><td class=\"column-2\"><img loading=\"lazy\" decoding=\"async\" style=\"float: left\" src=\"http:\/\/semmelweis.hu\/gyogyszerhatastan\/files\/2015\/05\/BagdyGyorgy.jpg\" alt=\"Bagdy Gy\u00f6rgy\" width=\"90\" height=\"120\" \/><\/td><td class=\"column-3\">Dr. Bagdy Gy\u00f6rgy<\/td><td class=\"column-4\">tudom\u00e1nyos rektorhelyettes, egyetemi tan\u00e1r, igazgat\u00f3, az MTA doktora<\/td><td class=\"column-5\">SE GYTK Gy\u00f3gyszerhat\u00e1stani Int\u00e9zet<\/td>\n<\/tr>\n<tr class=\"row-3\">\n\t<td class=\"column-1\">F\u0151munkat\u00e1rsak<\/td><td class=\"column-2\"><img loading=\"lazy\" decoding=\"async\" style=\"float: left\" src=\"http:\/\/semmelweis.hu\/gyogyszerhatastan\/files\/2015\/05\/juhaszgabriella.jpg\" alt=\"Juh\u00e1sz Gabriella\" width=\"90\" height=\"120\" \/><\/td><td class=\"column-3\">Dr. Juh\u00e1sz Gabriella<\/td><td class=\"column-4\">egyetemi docens<\/td><td class=\"column-5\">SE GYTK Gy\u00f3gyszerhat\u00e1stani Int\u00e9zet<\/td>\n<\/tr>\n<tr class=\"row-4\">\n\t<td class=\"column-1\"><\/td><td class=\"column-2\"><img loading=\"lazy\" decoding=\"async\" style=\"float: left\" src=\"http:\/\/semmelweis.hu\/gyogyszerhatastan\/files\/2016\/08\/Antal-Peter.jpg\" alt=\"Antal P\u00e9ter\" width=\"90\" height=\"120\" \/><\/td><td class=\"column-3\">Dr. Antal P\u00e9ter<\/td><td class=\"column-4\">egyetemi docens<\/td><td class=\"column-5\">BME VIK M\u00e9r\u00e9stechnikai \u00e9s Inform\u00e1ci\u00f3s Rendszerek Tansz\u00e9k<\/td>\n<\/tr>\n<tr class=\"row-5\">\n\t<td class=\"column-1\">Kutat\u00f3csoport tagjai<\/td><td class=\"column-2\"><\/td><td class=\"column-3\">B\u00e1konyi Ivonne Fanni<\/td><td class=\"column-4\"><\/td><td class=\"column-5\">SE GYTK Gy\u00f3gyszerhat\u00e1stani Int\u00e9zet<\/td>\n<\/tr>\n<tr class=\"row-6\">\n\t<td class=\"column-1\"><\/td><td class=\"column-2\"><img loading=\"lazy\" decoding=\"async\" style=\"float: left\" src=\"http:\/\/semmelweis.hu\/gyogyszerhatastan\/files\/2015\/05\/EszlariNora.jpg\" alt=\"Eszl\u00e1ri N\u00f3ra\" width=\"90\" height=\"120\" \/><\/td><td class=\"column-3\">Eszl\u00e1ri N\u00f3ra<\/td><td class=\"column-4\">kutat\u00f3 pszichol\u00f3gus, PhD-hallgat\u00f3<\/td><td class=\"column-5\">SE Ment\u00e1lis Eg\u00e9szs\u00e9gtudom\u00e1nyok Doktori Iskola<\/td>\n<\/tr>\n<tr class=\"row-7\">\n\t<td class=\"column-1\"><\/td><td class=\"column-2\"><img loading=\"lazy\" decoding=\"async\" style=\"float: left\" src=\"http:\/\/semmelweis.hu\/gyogyszerhatastan\/files\/2015\/09\/XeniaGonda.jpg\" alt=\"Gonda X\u00e9nia\" width=\"90\" height=\"120\" \/><\/td><td class=\"column-3\">Dr. Gonda X\u00e9nia<\/td><td class=\"column-4\">tudom\u00e1nyos munkat\u00e1rs, klinikai szakpszichol\u00f3gus<\/td><td class=\"column-5\">SE K\u00fatv\u00f6lgyi Klinikai T\u00f6mb, Klinikai \u00e9s Kutat\u00e1si Ment\u00e1lhigi\u00e9ni\u00e1s Oszt\u00e1ly<\/td>\n<\/tr>\n<tr class=\"row-8\">\n\t<td class=\"column-1\"><\/td><td class=\"column-2\"><img loading=\"lazy\" decoding=\"async\" style=\"float: left\" src=\"http:\/\/semmelweis.hu\/gyogyszerhatastan\/files\/2015\/09\/milli.jpg\" alt=\"Millinghoffer Andr\u00e1s D\u00e1niel\" width=\"90\" height=\"120\" \/><\/td><td class=\"column-3\">Millinghoffer Andr\u00e1s D\u00e1niel<\/td><td class=\"column-4\">PhD-hallgat\u00f3<\/td><td class=\"column-5\">BME VIK M\u00e9r\u00e9stechnikai \u00e9s Inform\u00e1ci\u00f3s Rendszerek Tansz\u00e9k<\/td>\n<\/tr>\n<tr class=\"row-9\">\n\t<td class=\"column-1\"><\/td><td class=\"column-2\"><img loading=\"lazy\" decoding=\"async\" style=\"float: left\" src=\"http:\/\/semmelweis.hu\/gyogyszerhatastan\/files\/2015\/05\/ZsombokTeri.jpg\" alt=\"Zsomb\u00f3k Ter\u00e9zia\" width=\"90\" height=\"120\" \/><\/td><td class=\"column-3\">Dr. Zsomb\u00f3k Ter\u00e9zia<\/td><td class=\"column-4\">tudom\u00e1nyos munkat\u00e1rs, ideg-elmegy\u00f3gy\u00e1sz, relax\u00e1ci\u00f3s terapeuta<\/td><td class=\"column-5\">SE \u00c1OK Neurol\u00f3giai Klinika<\/td>\n<\/tr>\n<tr class=\"row-10\">\n\t<td class=\"column-1\">Egy\u00fcttm\u0171k\u00f6d\u0151 partnerek<\/td><td class=\"column-2\"><img loading=\"lazy\" decoding=\"async\" style=\"float: left\" src=\"http:\/\/semmelweis.hu\/gyogyszerhatastan\/files\/2015\/09\/gaborhu.jpg\" alt=\"Hull\u00e1m G\u00e1bor\" width=\"90\" height=\"120\" \/><\/td><td class=\"column-3\">Hull\u00e1m G\u00e1bor<\/td><td class=\"column-4\">kutat\u00f3 informatikus, tan\u00e1rseg\u00e9d<\/td><td class=\"column-5\">BME VIK M\u00e9r\u00e9stechnikai \u00e9s Inform\u00e1ci\u00f3s Rendszerek Tansz\u00e9k<\/td>\n<\/tr>\n<tr class=\"row-11\">\n\t<td class=\"column-1\"><\/td><td class=\"column-2\"><img loading=\"lazy\" decoding=\"async\" style=\"float: left\" src=\"http:\/\/semmelweis.hu\/gyogyszerhatastan\/files\/2016\/08\/Marx-Peter.jpg\" alt=\"Marx P\u00e9ter\" width=\"90\" height=\"120\" \/><\/td><td class=\"column-3\">Marx P\u00e9ter<\/td><td class=\"column-4\">PhD-hallgat\u00f3<\/td><td class=\"column-5\">BME VIK M\u00e9r\u00e9stechnikai \u00e9s Inform\u00e1ci\u00f3s Rendszerek Tansz\u00e9k<\/td>\n<\/tr>\n<tr class=\"row-12\">\n\t<td class=\"column-1\"><\/td><td class=\"column-2\"><img loading=\"lazy\" decoding=\"async\" style=\"float: left\" src=\"http:\/\/semmelweis.hu\/gyogyszerhatastan\/files\/2016\/08\/Petschner-Peter.jpg\" alt=\"Petschner P\u00e9ter\" width=\"90\" height=\"120\" \/><\/td><td class=\"column-3\">Dr. Petschner P\u00e9ter<\/td><td class=\"column-4\">kutat\u00f3 gy\u00f3gyszer\u00e9sz, tudom\u00e1nyos seg\u00e9dmunkat\u00e1rs<\/td><td class=\"column-5\">SE GYTK Gy\u00f3gyszerhat\u00e1stani Int\u00e9zet<\/td>\n<\/tr>\n<tr class=\"row-13\">\n\t<td class=\"column-1\"><\/td><td class=\"column-2\"><\/td><td class=\"column-3\">Dr. Pulay Attila<\/td><td class=\"column-4\">kutat\u00f3 pszichol\u00f3gus<\/td><td class=\"column-5\">SE Pszichi\u00e1triai \u00e9s Pszichoter\u00e1pi\u00e1s Tansz\u00e9k<\/td>\n<\/tr>\n<tr class=\"row-14\">\n\t<td class=\"column-1\"><\/td><td class=\"column-2\"><img loading=\"lazy\" decoding=\"async\" style=\"float: left\" src=\"http:\/\/semmelweis.hu\/gyogyszerhatastan\/files\/2016\/08\/Rethelyi-Janos.jpg\" alt=\"R\u00e9thelyi J\u00e1nos\" width=\"90\" height=\"120\" \/><\/td><td class=\"column-3\">Dr. R\u00e9thelyi J\u00e1nos<\/td><td class=\"column-4\">tansz\u00e9kvezet\u0151, egyetemi docens<\/td><td class=\"column-5\">SE Pszichi\u00e1triai \u00e9s Pszichoter\u00e1pi\u00e1s Tansz\u00e9k<\/td>\n<\/tr>\n<\/tbody>\n<\/table>\n\n","protected":false},"excerpt":{"rendered":"","protected":false},"author":107,"featured_media":0,"parent":1891,"menu_order":3,"comment_status":"closed","ping_status":"closed","template":"template-fullwidth.php","meta":{"_acf_changed":false,"footnotes":""},"categories":[],"tags":[],"class_list":["post-1879","page","type-page","status-publish","hentry"],"acf":[],"_links":{"self":[{"href":"https:\/\/semmelweis.hu\/gyogyszerhatastan\/wp-json\/wp\/v2\/pages\/1879","targetHints":{"allow":["GET"]}}],"collection":[{"href":"https:\/\/semmelweis.hu\/gyogyszerhatastan\/wp-json\/wp\/v2\/pages"}],"about":[{"href":"https:\/\/semmelweis.hu\/gyogyszerhatastan\/wp-json\/wp\/v2\/types\/page"}],"author":[{"embeddable":true,"href":"https:\/\/semmelweis.hu\/gyogyszerhatastan\/wp-json\/wp\/v2\/users\/107"}],"replies":[{"embeddable":true,"href":"https:\/\/semmelweis.hu\/gyogyszerhatastan\/wp-json\/wp\/v2\/comments?post=1879"}],"version-history":[{"count":4,"href":"https:\/\/semmelweis.hu\/gyogyszerhatastan\/wp-json\/wp\/v2\/pages\/1879\/revisions"}],"predecessor-version":[{"id":3426,"href":"https:\/\/semmelweis.hu\/gyogyszerhatastan\/wp-json\/wp\/v2\/pages\/1879\/revisions\/3426"}],"up":[{"embeddable":true,"href":"https:\/\/semmelweis.hu\/gyogyszerhatastan\/wp-json\/wp\/v2\/pages\/1891"}],"wp:attachment":[{"href":"https:\/\/semmelweis.hu\/gyogyszerhatastan\/wp-json\/wp\/v2\/media?parent=1879"}],"wp:term":[{"taxonomy":"category","embeddable":true,"href":"https:\/\/semmelweis.hu\/gyogyszerhatastan\/wp-json\/wp\/v2\/categories?post=1879"},{"taxonomy":"post_tag","embeddable":true,"href":"https:\/\/semmelweis.hu\/gyogyszerhatastan\/wp-json\/wp\/v2\/tags?post=1879"}],"curies":[{"name":"wp","href":"https:\/\/api.w.org\/{rel}","templated":true}]}}