{"id":1789,"date":"2015-05-21T20:22:56","date_gmt":"2015-05-21T18:22:56","guid":{"rendered":"http:\/\/semmelweis.hu\/gyogyszerhatastan\/?page_id=1789"},"modified":"2023-02-15T13:20:19","modified_gmt":"2023-02-15T12:20:19","slug":"nap-b-research-group","status":"publish","type":"page","link":"https:\/\/semmelweis.hu\/gyogyszerhatastan\/en\/nap-b-research-group\/","title":{"rendered":"NAP B Research group"},"content":{"rendered":"<p><img decoding=\"async\" src=\"https:\/\/semmelweis.hu\/gyogyszerhatastan\/files\/2015\/05\/Tabla-design_JG_en.gif\" alt=\"NAP-B research group\" \/><\/p>\n<p><i><b>MTA-SE-NAP B Genetic Brain Imaging Migraine Research Group<\/b><\/i><br \/>\n <b>Title of the Project:<\/b> Functional magnetic resonance imaging (MRI) and genetic biomarker investigations in migraine<\/p>\n<p><b>Institution:<\/b> Semmelweis University, 1089 Budapest Nagyv\u00e1rad t\u00e9r 4.<br \/>\n <b>Financial support provided by the European Union and the Hungarian State:<\/b> 120 738 000 HUF<br \/>\n <b>Duration of the project:<\/b> 2015.01.01. \u2013 2017.12.31.<\/p>\n<p><b>Short summary of the project:<\/b><\/p>\n<p>The MTA-SE-NAP-B <i>Genetic Brain Imaging Research Group<\/i> funded by the Hungarian Brain Research Program is investigating the neural response (brain activity) related to stress resilience and pain perception in people with migraine and in healthy control subjects.<\/p>\n<p>Physiological and psychosocial stressors are considered to have a significant role in recurrence of migraine attacks. However, there are no drug treatments currently available which reliably prevent such attacks. Therefore our aim is to reveal the possible causes of migraine attacks with functional magnetic resonance imaging (fMRI) that enables us to measure brain activity during stress-related psychological tasks and pharmacological challenge. Our method will identify brain imaging biomarkers that are defined as changes in brain structures and\/or functions that can predict migraine susceptibility. These brain imaging biomarkers then will be matched to molecular genetic risk factors.<\/p>\n<p>Our second aim is to investigate how autogenic training (AT) \u2013 a psychological stress-reduction technique \u2013 can exert its effect on migraine attacks. Identification of brain areas and related biological markers that mediate the positive effect of AT on the frequency of attacks may help our understanding of the causes behind the recurrence of migraine attacks.<\/p>\n<p>In summary, our project will contribute to the investigation and identification of genetic regulatory mechanisms involved in migraine etiology, and additionally to the identification of new targets of migraine preventive medications. Our further aim is to identify specific risk factors that can predict individual differences in pain and stress-related functions and response to different treatment options.<\/p>\n<p>We are collaborating with other research groups at the Semmelweis University and at the Hungarian Academy of Sciences, and applying modern neuroimaging and genetic tools that provide deeper insight into migraine pathology so that we can be competitive at world-class level.<\/p>\n<p><b>Contact:<\/b><br \/>\n Email address: agykutatas@gmail.com<\/p>\n<p>\n<table id=\"tablepress-18\" class=\"tablepress tablepress-id-18\">\n<thead>\n<tr class=\"row-1\">\n\t<th colspan=\"4\" class=\"column-1\">Members of our research group<\/th>\n<\/tr>\n<\/thead>\n<tbody class=\"row-striping\">\n<tr class=\"row-2\">\n\t<td class=\"column-1\"><img loading=\"lazy\" decoding=\"async\" style=\"float: left\" src=\"http:\/\/semmelweis.hu\/gyogyszerhatastan\/files\/2015\/05\/juhaszgabriella.jpg\" alt=\"Juh\u00e1sz Gabriella\" width=\"90\" height=\"120\" \/><\/td><td class=\"column-2\">Dr. Gabriella  Juh\u00e1sz<\/td><td class=\"column-3\">Research group leader, senior lecturer (Semmelweis University, Department of Phamacodynamics)<\/td><td class=\"column-4\"><a href=\"https:\/\/vm.mtmt.hu\/\/search\/slist.php?lang=0&amp;AuthorID=10017483\">MTMT <\/a> <br \/> <a href=\"http:\/\/semmelweis.hu\/gyogyszerhatastan\/en\/\"> Semmelweis University Department of Pharmacodynamics<\/a> <\/td>\n<\/tr>\n<tr class=\"row-3\">\n\t<td class=\"column-1\"><img loading=\"lazy\" decoding=\"async\" style=\"float: left\" src=\"http:\/\/semmelweis.hu\/gyogyszerhatastan\/files\/2015\/05\/KokonyeiGyongyi.jpg\" alt=\"K\u00f6k\u00f6nyei Gy\u00f6ngyi\" width=\"90\" height=\"120\" \/><\/td><td class=\"column-2\">Dr. Gy\u00f6ngyi K\u00f6k\u00f6nyei<\/td><td class=\"column-3\">Researcher consultant, senior lecturer (ELTE, ELTE PPK Department of Psychiatry)<\/td><td class=\"column-4\"><a href=\"https:\/\/vm.mtmt.hu\/\/search\/slist.php?lang=0&amp;AuthorID=10020388\">MTMT <\/a> <br \/> <a href=\"http:\/\/www.eng.ppk.elte.hu\/\"> ELTE PPK Department of Psychiatry<\/a> <\/td>\n<\/tr>\n<tr class=\"row-4\">\n\t<td class=\"column-1\"><img loading=\"lazy\" decoding=\"async\" style=\"float: left\" src=\"http:\/\/semmelweis.hu\/gyogyszerhatastan\/files\/2015\/05\/SzaboEdina.jpg\" alt=\"Szab\u00f3 Edina\" width=\"90\" height=\"120\" \/><\/td><td class=\"column-2\">Edina Szab\u00f3<\/td><td class=\"column-3\">researcher psychologist, Phd student (ELTE, Psychology PhD school)<\/td><td class=\"column-4\"><a href=\"http:\/\/pszichologia.phd.elte.hu\/\">ELTE,Psychology PhD school  <\/a><\/td>\n<\/tr>\n<tr class=\"row-5\">\n\t<td class=\"column-1\"><img loading=\"lazy\" decoding=\"async\" style=\"float: left\" src=\"http:\/\/semmelweis.hu\/gyogyszerhatastan\/files\/2015\/05\/Kocselnatalia.jpg\" alt=\"Kocsel Nat\u00e1lia\" width=\"90\" height=\"120\" \/><\/td><td class=\"column-2\">Nat\u00e1lia Kocsel<\/td><td class=\"column-3\">researcher psychologist, Phd student (ELTE, Psychology PhD school)<\/td><td class=\"column-4\"><a href=\"http:\/\/pszichologia.phd.elte.hu\/\">ELTE, Psychology PhD school <\/a><\/td>\n<\/tr>\n<tr class=\"row-6\">\n\t<td class=\"column-1\"><img loading=\"lazy\" decoding=\"async\" style=\"float: left\" src=\"http:\/\/semmelweis.hu\/gyogyszerhatastan\/files\/2015\/05\/EdesAndrea.jpg\" alt=\"\u00c9des Andrea\" width=\"90\" height=\"120\" \/><\/td><td class=\"column-2\">Dr. Andrea \u00c9des<\/td><td class=\"column-3\">Researcher Pharmacist, PhD student (Semmelweis University, PhD school of Mental Health Sciences)<\/td><td class=\"column-4\"><a href=\"http:\/\/phd.semmelweis.hu\/en\/doktori-iskolak\/mentalis-egeszsegtudomanyok\">Semmelweis University, PhD school of Mental Health Sciences <\/a><\/td>\n<\/tr>\n<tr class=\"row-7\">\n\t<td class=\"column-1\"><img loading=\"lazy\" decoding=\"async\" style=\"float: left\" src=\"http:\/\/semmelweis.hu\/gyogyszerhatastan\/files\/2015\/05\/GecseKinga.jpg\" alt=\"Gecse Kinga\" width=\"90\" height=\"120\" \/><\/td><td class=\"column-2\">Kinga Gecse<\/td><td class=\"column-3\">Pharmacy TDk Student,   (Semmelweis University, Faculty of Pharmacy)<\/td><td class=\"column-4\"><a href=\"http:\/\/semmelweis.hu\/gytk\/en\/\">Semmelweis University, Faculty of Pharmacy<\/a><\/td>\n<\/tr>\n<tr class=\"row-8\">\n\t<td class=\"column-1\"><\/td><td class=\"column-2\">Zsuzsanna T\u00f3th<\/td><td class=\"column-3\">Pharmacy TDk Student,   (Semmelweis University, Faculty of Pharmacy)<\/td><td class=\"column-4\"><a href=\"http:\/\/semmelweis.hu\/gytk\/en\/\">Semmelweis University, Faculty of Pharmacy<\/a><\/td>\n<\/tr>\n<\/tbody>\n<\/table>\n<br \/>\n \n<table id=\"tablepress-19\" class=\"tablepress tablepress-id-19\">\n<thead>\n<tr class=\"row-1\">\n\t<th colspan=\"4\" class=\"column-1\">Collaborating partners of our research group: 1. Semmelweis University, Department of Pharmacodynamics (Principal: Prof. Bagdy Gy\u00f6rgy)<br \/>\n2. MTA-SE Neuropsychopharmacology and Neurochemistry Research Group, Hungarian Academy of Sciences, and NAP-A National Brain Research Program, Semmelweis University,  (Prof. Bagdy Gy\u00f6rgy)<br \/>\n<\/th>\n<\/tr>\n<\/thead>\n<tbody class=\"row-striping\">\n<tr class=\"row-2\">\n\t<td class=\"column-1\"><img loading=\"lazy\" decoding=\"async\" style=\"float: left\" src=\"http:\/\/semmelweis.hu\/gyogyszerhatastan\/files\/2015\/05\/BagdyGyorgy.jpg\" alt=\"Bagdy Gy\u00f6rgy\" width=\"90\" height=\"120\" \/><\/td><td class=\"column-2\">Dr. Gy\u00f6rgy Bagdy<\/td><td class=\"column-3\">Director of Department of Pharmacodynamics, Doctor of Hungarian Academy of Sciences<\/td><td class=\"column-4\"><a href=\"https:\/\/vm.mtmt.hu\/\/search\/slist.php?lang=0&amp;AuthorID=10001318\">MTMT <\/a> <br \/> <a href=\"http:\/\/semmelweis.hu\/gyogyszerhatastan\/en\/\"> Semmelweis University, Department of Pharmacodynamics<\/a> <\/td>\n<\/tr>\n<tr class=\"row-3\">\n\t<td class=\"column-1\"><img loading=\"lazy\" decoding=\"async\" style=\"float: left\" src=\"http:\/\/semmelweis.hu\/gyogyszerhatastan\/files\/2015\/05\/EdesAndrea.jpg\" alt=\"\u00c9des Andrea\" width=\"90\" height=\"120\" \/><\/td><td class=\"column-2\">Dr. Andrea \u00c9des<\/td><td class=\"column-3\">Researcher Pharmacist, PhD student (Semmelweis University, PhD school of Mental Health Sciences)<\/td><td class=\"column-4\"><a href=\"http:\/\/phd.semmelweis.hu\/en\/doktori-iskolak\/mentalis-egeszsegtudomanyok\">Semmelweis University, PhD school of Mental Health Sciences <\/a><\/td>\n<\/tr>\n<tr class=\"row-4\">\n\t<td class=\"column-1\"><img loading=\"lazy\" decoding=\"async\" style=\"float: left\" src=\"http:\/\/semmelweis.hu\/gyogyszerhatastan\/files\/2015\/05\/GalambosAttila.jpg\" alt=\"Galambos Attila\" width=\"90\" height=\"120\" \/><\/td><td class=\"column-2\">Attila Galambos<\/td><td class=\"column-3\">Researcher Psychologist<\/td><td class=\"column-4\"><\/td>\n<\/tr>\n<tr class=\"row-5\">\n\t<td class=\"column-1\"><img loading=\"lazy\" decoding=\"async\" style=\"float: left\" src=\"http:\/\/semmelweis.hu\/gyogyszerhatastan\/files\/2015\/05\/EszlariNora.jpg\" alt=\"Eszl\u00e1ri N\u00f3ra\" width=\"90\" height=\"120\" \/><\/td><td class=\"column-2\">N\u00f3ra Eszl\u00e1ri<\/td><td class=\"column-3\">Researcher Psychologist, PhD student (Semmelweis University, PhD school of Mental Health Sciences)<\/td><td class=\"column-4\"><a href=\"http:\/\/phd.semmelweis.hu\/en\/doktori-iskolak\/mentalis-egeszsegtudomanyok\">Semmelweis University, PhD school of Mental Health Sciences <\/a><\/td>\n<\/tr>\n<tr class=\"row-6\">\n\t<td class=\"column-1\"><img loading=\"lazy\" decoding=\"async\" style=\"float: left\" src=\"http:\/\/semmelweis.hu\/gyogyszerhatastan\/files\/2016\/09\/toth_zoltan_1.jpg\" alt=\"T\u00f3th Zolt\u00e1n G\u00e9za\" width=\"90\" height=\"120\" \/><\/td><td class=\"column-2\">Dr. Zolt\u00e1n T\u00f3th<\/td><td class=\"column-3\">Electrical engineer (Msc)<\/td><td class=\"column-4\"><a href=\"http:\/\/kvk.uni-obuda.hu\/en\"> \u00d3buda University<br \/>\nKand\u00f3 K\u00e1lm\u00e1n Faculty of Electrical Engineering<br \/> <\/a> <a href=\"https:\/\/vm.mtmt.hu\/\/search\/slist.php?lang=0&amp;AuthorID=10033471\">MTMT <\/a><\/td>\n<\/tr>\n<\/tbody>\n<\/table>\n<br \/>\n \n<table id=\"tablepress-20\" class=\"tablepress tablepress-id-20\">\n<thead>\n<tr class=\"row-1\">\n\t<th colspan=\"4\" class=\"column-1\">Semmelweis University,  Department of Neurology (Director: Prof. Bereczky D\u00e1niel)<\/th>\n<\/tr>\n<\/thead>\n<tbody class=\"row-striping\">\n<tr class=\"row-2\">\n\t<td class=\"column-1\"><img loading=\"lazy\" decoding=\"async\" style=\"float: left\" src=\"http:\/\/semmelweis.hu\/gyogyszerhatastan\/files\/2015\/05\/ErtseyCsaba.jpg\" alt=\"Ertsey Csaba\" width=\"90\" height=\"120\" \/><\/td><td class=\"column-2\">Dr. Csaba Ertsey<\/td><td class=\"column-3\">Neurologist, Senior lecturer, (Semmelweis University, Faculty of Medicine, Department of Neurology)<\/td><td class=\"column-4\"><a href=\"https:\/\/vm.mtmt.hu\/\/search\/slist.php?lang=0&amp;AuthorID=10013475\">MTMT <\/a> <br \/> <a href=\"http:\/\/semmelweis.hu\/neurologia\/\">Semmelweis University, Faculty of Medicine, Department of Neurology <\/a> <\/td>\n<\/tr>\n<tr class=\"row-3\">\n\t<td class=\"column-1\"><img loading=\"lazy\" decoding=\"async\" style=\"float: left\" src=\"http:\/\/semmelweis.hu\/gyogyszerhatastan\/files\/2015\/05\/ZsombokTeri.jpg\" alt=\"Zsomb\u00f3k Ter\u00e9zia\" width=\"90\" height=\"120\" \/><\/td><td class=\"column-2\">Dr. Ter\u00e9zia Zsomb\u00f3k<\/td><td class=\"column-3\">Scientific consultant, relaxation therapist<\/td><td class=\"column-4\"><a href=\"https:\/\/vm.mtmt.hu\/\/search\/slist.php?lang=0&amp;AuthorID=10023995\">MTMT <\/a> <br \/> <a href=\"http:\/\/semmelweis.hu\/neurologia\/\">Semmelweis University, Faculty of Medicine, Department of Neurology <\/a> <\/td>\n<\/tr>\n<tr class=\"row-4\">\n\t<td class=\"column-1\"><img loading=\"lazy\" decoding=\"async\" style=\"float: left\" src=\"http:\/\/semmelweis.hu\/gyogyszerhatastan\/files\/2015\/05\/CsepanyEva.jpg\" alt=\"Cs\u00e9p\u00e1ny \u00c9va\" width=\"90\" height=\"120\" \/><\/td><td class=\"column-2\">Dr. \u00c9va Cs\u00e9p\u00e1ny<\/td><td class=\"column-3\">PhD student (Semmelweis university, Szent\u00e1gothai J\u00e1nos PhD school of Neurosciences)<\/td><td class=\"column-4\"><a href=\"http:\/\/phd.semmelweis.hu\/en\/doktori-iskolak\/szentagothai-janos-idegtudomanyi-di-multidiszciplinaris-orvostudomanyok\"> Semmelweis university, Szent\u00e1gothai J\u00e1nos PhD school of Neurosciences<\/a><\/td>\n<\/tr>\n<tr class=\"row-5\">\n\t<td class=\"column-1\"><img loading=\"lazy\" decoding=\"async\" style=\"float: left\" src=\"http:\/\/semmelweis.hu\/gyogyszerhatastan\/files\/2015\/05\/MagyarMate.jpg\" alt=\"Magyar M\u00e1t\u00e9\" width=\"90\" height=\"120\" \/><\/td><td class=\"column-2\">Dr. M\u00e1t\u00e9 Magyar<\/td><td class=\"column-3\">neurologist, central intern of Department of Neurology<\/td><td class=\"column-4\"><a href=\"http:\/\/semmelweis.hu\/neurologia\/\">Semmelweis University, Faculty of Medicine, Department of Neurology <\/a> <\/td>\n<\/tr>\n<tr class=\"row-6\">\n\t<td class=\"column-1\"><img loading=\"lazy\" decoding=\"async\" style=\"float: left\" src=\"http:\/\/semmelweis.hu\/gyogyszerhatastan\/files\/2015\/05\/GyureTamas.jpg\" alt=\"Gy\u00fcre Tam\u00e1s\" width=\"90\" height=\"120\" \/><\/td><td class=\"column-2\">Tam\u00e1s Gy\u00fcre<\/td><td class=\"column-3\">Psychologist, PhD student (Semmelweis university, Szent\u00e1gothai J\u00e1nos PhD school of Neurosciences)<\/td><td class=\"column-4\"><a href=\"http:\/\/phd.semmelweis.hu\/en\/doktori-iskolak\/szentagothai-janos-idegtudomanyi-di-multidiszciplinaris-orvostudomanyok\"> Semmelweis university, Szent\u00e1gothai J\u00e1nos PhD school of Neurosciences<\/a><\/td>\n<\/tr>\n<\/tbody>\n<\/table>\n<br \/>\n \n<table id=\"tablepress-21\" class=\"tablepress tablepress-id-21\">\n<thead>\n<tr class=\"row-1\">\n\t<th colspan=\"4\" class=\"column-1\">Semmelweis University, Magnetic Resonance Research Center  (Director: Dr. Rudas G\u00e1bor)<\/th>\n<\/tr>\n<\/thead>\n<tbody class=\"row-striping\">\n<tr class=\"row-2\">\n\t<td class=\"column-1\"><img loading=\"lazy\" decoding=\"async\" style=\"float: left\" src=\"http:\/\/semmelweis.hu\/gyogyszerhatastan\/files\/2015\/05\/KozakLajos.jpg\" alt=\"Koz\u00e1k Lajos\" width=\"90\" height=\"120\" \/><\/td><td class=\"column-2\">Dr.  Lajos Koz\u00e1k<\/td><td class=\"column-3\">Medical Doctor (MD) ,Master of Science (MSc) in Biomedical Engineering ,Assistant professor , (Semmelweis University,Magnetic Resonance Research Center )<\/td><td class=\"column-4\"><a href=\"http:\/\/semmelweis.hu\/mrkk\/\">MRKK <\/a> <br \/> <a href=\"https:\/\/vm.mtmt.hu\/\/search\/slist.php?lang=0&amp;AuthorID=10017026\">MTMT <\/a><\/td>\n<\/tr>\n<tr class=\"row-3\">\n\t<td class=\"column-1\"><img loading=\"lazy\" decoding=\"async\" style=\"float: left\" src=\"http:\/\/semmelweis.hu\/gyogyszerhatastan\/files\/2015\/05\/SzaboAdam.jpg\" alt=\"Szab\u00f3 \u00c1d\u00e1m\" width=\"90\" height=\"120\" \/><\/td><td class=\"column-2\">Dr. \u00c1d\u00e1m Szab\u00f3<\/td><td class=\"column-3\">Medical Doctor (MD), radiologist central intern (Semmelweis University,Magnetic Resonance Research Center)<\/td><td class=\"column-4\"><a href=\"http:\/\/semmelweis.hu\/mrkk\/\">MRKK <\/a><\/td>\n<\/tr>\n<tr class=\"row-4\">\n\t<td class=\"column-1\"><img loading=\"lazy\" decoding=\"async\" style=\"float: left\" src=\"http:\/\/semmelweis.hu\/gyogyszerhatastan\/files\/2015\/05\/Gyebnargyula.jpg\" alt=\"Gyebn\u00e1r Gyula\" width=\"90\" height=\"120\" \/><\/td><td class=\"column-2\">Gyula Gyebn\u00e1r<\/td><td class=\"column-3\">Physicist, PhD student (Semmelweis university, Szent\u00e1gothai J\u00e1nos PhD school of Neurosciences)<\/td><td class=\"column-4\"><a href=\"http:\/\/phd.semmelweis.hu\/en\/doktori-iskolak\/szentagothai-janos-idegtudomanyi-di-multidiszciplinaris-orvostudomanyok\"> Semmelweis university, Szent\u00e1gothai J\u00e1nos PhD school of Neurosciences<\/a><\/td>\n<\/tr>\n<tr class=\"row-5\">\n\t<td class=\"column-1\"><img loading=\"lazy\" decoding=\"async\" style=\"float: left\" src=\"http:\/\/semmelweis.hu\/gyogyszerhatastan\/files\/2015\/05\/LakatosAndrea.jpg\" alt=\"LakatosAndrea\" width=\"90\" height=\"120\" \/><\/td><td class=\"column-2\">Dr. Andrea Lakatos<\/td><td class=\"column-3\">Radiologist, PhD student(Semmelweis university, Szent\u00e1gothai J\u00e1nos PhD school of Neurosciences)<\/td><td class=\"column-4\"><a href=\"http:\/\/phd.semmelweis.hu\/en\/doktori-iskolak\/szentagothai-janos-idegtudomanyi-di-multidiszciplinaris-orvostudomanyok\"> Semmelweis university, Szent\u00e1gothai J\u00e1nos PhD school of Neurosciences<\/a><\/td>\n<\/tr>\n<\/tbody>\n<\/table>\n<\/p>\n","protected":false},"excerpt":{"rendered":"<p>MTA-SE-NAP B Genetic Brain Imaging Migraine Research Group Title of the Project: Functional magnetic resonance imaging (MRI) and genetic biomarker investigations in migraine Institution: Semmelweis University, 1089 Budapest Nagyv\u00e1rad t\u00e9r 4. Financial support provided by the European Union and the Hungarian State: 120 738 000 HUF Duration of the project: 2015.01.01. \u2013 2017.12.31. Short summary &hellip;<\/p>\n","protected":false},"author":107,"featured_media":0,"parent":0,"menu_order":3,"comment_status":"open","ping_status":"closed","template":"","meta":{"_acf_changed":false,"footnotes":""},"categories":[],"tags":[],"class_list":["post-1789","page","type-page","status-publish","hentry"],"acf":[],"_links":{"self":[{"href":"https:\/\/semmelweis.hu\/gyogyszerhatastan\/wp-json\/wp\/v2\/pages\/1789","targetHints":{"allow":["GET"]}}],"collection":[{"href":"https:\/\/semmelweis.hu\/gyogyszerhatastan\/wp-json\/wp\/v2\/pages"}],"about":[{"href":"https:\/\/semmelweis.hu\/gyogyszerhatastan\/wp-json\/wp\/v2\/types\/page"}],"author":[{"embeddable":true,"href":"https:\/\/semmelweis.hu\/gyogyszerhatastan\/wp-json\/wp\/v2\/users\/107"}],"replies":[{"embeddable":true,"href":"https:\/\/semmelweis.hu\/gyogyszerhatastan\/wp-json\/wp\/v2\/comments?post=1789"}],"version-history":[{"count":8,"href":"https:\/\/semmelweis.hu\/gyogyszerhatastan\/wp-json\/wp\/v2\/pages\/1789\/revisions"}],"predecessor-version":[{"id":2322,"href":"https:\/\/semmelweis.hu\/gyogyszerhatastan\/wp-json\/wp\/v2\/pages\/1789\/revisions\/2322"}],"wp:attachment":[{"href":"https:\/\/semmelweis.hu\/gyogyszerhatastan\/wp-json\/wp\/v2\/media?parent=1789"}],"wp:term":[{"taxonomy":"category","embeddable":true,"href":"https:\/\/semmelweis.hu\/gyogyszerhatastan\/wp-json\/wp\/v2\/categories?post=1789"},{"taxonomy":"post_tag","embeddable":true,"href":"https:\/\/semmelweis.hu\/gyogyszerhatastan\/wp-json\/wp\/v2\/tags?post=1789"}],"curies":[{"name":"wp","href":"https:\/\/api.w.org\/{rel}","templated":true}]}}