{"id":1374,"date":"2014-09-07T16:34:00","date_gmt":"2014-09-07T14:34:00","guid":{"rendered":"http:\/\/semmelweis.hu\/gyogyszerhatastan\/?page_id=1374"},"modified":"2014-09-07T16:36:42","modified_gmt":"2014-09-07T14:36:42","slug":"agnes-alberti","status":"publish","type":"page","link":"https:\/\/semmelweis.hu\/gyogyszerhatastan\/de\/lehrpersonal\/agnes-alberti\/","title":{"rendered":"Agnes Alberti"},"content":{"rendered":"<p>Dr. Agnes Alberti arbeitet im Institut f\u00fcr Pharmakognosie als Universit\u00e4tsassistentin. Aktuell besch\u00e4ftigt sie sich mit der phytochemischen Analyse pflanzlicher Drogen mit analgetischen Eigenschaften. Die deutschsprachigen Studenten k\u00f6nnen ihr schon im dritten Jahrgang begegnen, da sie die Lehrbeauftragte f\u00fcr Pharmakognosie ist und sowohl einige Vorlesungen, als auch die Praktika des Kurses vorf\u00fchrt. Pers\u00f6nlich ist sie am dritten Stock des Hauptgeb\u00e4udes der Universit\u00e4t (\u00dcll\u0151i\u00a0Str.\u00a026) zu finden, die Studenten k\u00f6nnen sich aber auch via E-Mail (auf Deutsch und Englisch) an sie wenden.<\/p>\n","protected":false},"excerpt":{"rendered":"<p>Dr. Agnes Alberti arbeitet im Institut f\u00fcr Pharmakognosie als Universit\u00e4tsassistentin. Aktuell besch\u00e4ftigt sie sich mit der phytochemischen Analyse pflanzlicher Drogen mit analgetischen Eigenschaften. Die deutschsprachigen Studenten k\u00f6nnen ihr schon im dritten Jahrgang begegnen, da sie die Lehrbeauftragte f\u00fcr Pharmakognosie ist und sowohl einige Vorlesungen, als auch die Praktika des Kurses vorf\u00fchrt. Pers\u00f6nlich ist sie am &hellip;<\/p>\n","protected":false},"author":107,"featured_media":0,"parent":1140,"menu_order":0,"comment_status":"open","ping_status":"open","template":"onecolumn-page.php","meta":{"_acf_changed":false,"footnotes":""},"categories":[],"tags":[],"class_list":["post-1374","page","type-page","status-publish","hentry"],"acf":[],"_links":{"self":[{"href":"https:\/\/semmelweis.hu\/gyogyszerhatastan\/wp-json\/wp\/v2\/pages\/1374","targetHints":{"allow":["GET"]}}],"collection":[{"href":"https:\/\/semmelweis.hu\/gyogyszerhatastan\/wp-json\/wp\/v2\/pages"}],"about":[{"href":"https:\/\/semmelweis.hu\/gyogyszerhatastan\/wp-json\/wp\/v2\/types\/page"}],"author":[{"embeddable":true,"href":"https:\/\/semmelweis.hu\/gyogyszerhatastan\/wp-json\/wp\/v2\/users\/107"}],"replies":[{"embeddable":true,"href":"https:\/\/semmelweis.hu\/gyogyszerhatastan\/wp-json\/wp\/v2\/comments?post=1374"}],"version-history":[{"count":1,"href":"https:\/\/semmelweis.hu\/gyogyszerhatastan\/wp-json\/wp\/v2\/pages\/1374\/revisions"}],"predecessor-version":[{"id":1375,"href":"https:\/\/semmelweis.hu\/gyogyszerhatastan\/wp-json\/wp\/v2\/pages\/1374\/revisions\/1375"}],"up":[{"embeddable":true,"href":"https:\/\/semmelweis.hu\/gyogyszerhatastan\/wp-json\/wp\/v2\/pages\/1140"}],"wp:attachment":[{"href":"https:\/\/semmelweis.hu\/gyogyszerhatastan\/wp-json\/wp\/v2\/media?parent=1374"}],"wp:term":[{"taxonomy":"category","embeddable":true,"href":"https:\/\/semmelweis.hu\/gyogyszerhatastan\/wp-json\/wp\/v2\/categories?post=1374"},{"taxonomy":"post_tag","embeddable":true,"href":"https:\/\/semmelweis.hu\/gyogyszerhatastan\/wp-json\/wp\/v2\/tags?post=1374"}],"curies":[{"name":"wp","href":"https:\/\/api.w.org\/{rel}","templated":true}]}}