{"id":1289,"date":"2014-08-12T11:14:50","date_gmt":"2014-08-12T09:14:50","guid":{"rendered":"http:\/\/semmelweis.hu\/gyogyszerhatastan\/?page_id=1289"},"modified":"2014-09-06T16:17:54","modified_gmt":"2014-09-06T14:17:54","slug":"bernadett-toth","status":"publish","type":"page","link":"https:\/\/semmelweis.hu\/gyogyszerhatastan\/de\/lehrpersonal\/bernadett-toth\/","title":{"rendered":"Bernadett T\u00f3th"},"content":{"rendered":"<p>Bernadett T\u00f3th hilft die Arbeit in unserem Institut als Sekret\u00e4rin. Zwar sie dem Institut nur k\u00fcrzlich angeschlossen hat, erhielt gleich Aufgaben um den fremdsprachigen Kursen. Vorher hatte sie bei Apotheken und Pharmagro\u00dfh\u00e4ndler gearbeitet und in ihrer Freizeit macht sie gerne Naturbilder.<br \/>\nStudenten finden sie im Isotoplabor im Erdgeschoss und E-mails k\u00f6nnen auf ihre E-Mail-Adresse auf Englisch oder Deutsch gesendet werden. <\/p>\n","protected":false},"excerpt":{"rendered":"<p>Bernadett T\u00f3th hilft die Arbeit in unserem Institut als Sekret\u00e4rin. Zwar sie dem Institut nur k\u00fcrzlich angeschlossen hat, erhielt gleich Aufgaben um den fremdsprachigen Kursen. Vorher hatte sie bei Apotheken und Pharmagro\u00dfh\u00e4ndler gearbeitet und in ihrer Freizeit macht sie gerne Naturbilder. Studenten finden sie im Isotoplabor im Erdgeschoss und E-mails k\u00f6nnen auf ihre E-Mail-Adresse auf &hellip;<\/p>\n","protected":false},"author":107,"featured_media":0,"parent":1140,"menu_order":0,"comment_status":"open","ping_status":"open","template":"","meta":{"_acf_changed":false,"footnotes":""},"categories":[],"tags":[],"class_list":["post-1289","page","type-page","status-publish","hentry"],"acf":[],"_links":{"self":[{"href":"https:\/\/semmelweis.hu\/gyogyszerhatastan\/wp-json\/wp\/v2\/pages\/1289","targetHints":{"allow":["GET"]}}],"collection":[{"href":"https:\/\/semmelweis.hu\/gyogyszerhatastan\/wp-json\/wp\/v2\/pages"}],"about":[{"href":"https:\/\/semmelweis.hu\/gyogyszerhatastan\/wp-json\/wp\/v2\/types\/page"}],"author":[{"embeddable":true,"href":"https:\/\/semmelweis.hu\/gyogyszerhatastan\/wp-json\/wp\/v2\/users\/107"}],"replies":[{"embeddable":true,"href":"https:\/\/semmelweis.hu\/gyogyszerhatastan\/wp-json\/wp\/v2\/comments?post=1289"}],"version-history":[{"count":7,"href":"https:\/\/semmelweis.hu\/gyogyszerhatastan\/wp-json\/wp\/v2\/pages\/1289\/revisions"}],"predecessor-version":[{"id":1301,"href":"https:\/\/semmelweis.hu\/gyogyszerhatastan\/wp-json\/wp\/v2\/pages\/1289\/revisions\/1301"}],"up":[{"embeddable":true,"href":"https:\/\/semmelweis.hu\/gyogyszerhatastan\/wp-json\/wp\/v2\/pages\/1140"}],"wp:attachment":[{"href":"https:\/\/semmelweis.hu\/gyogyszerhatastan\/wp-json\/wp\/v2\/media?parent=1289"}],"wp:term":[{"taxonomy":"category","embeddable":true,"href":"https:\/\/semmelweis.hu\/gyogyszerhatastan\/wp-json\/wp\/v2\/categories?post=1289"},{"taxonomy":"post_tag","embeddable":true,"href":"https:\/\/semmelweis.hu\/gyogyszerhatastan\/wp-json\/wp\/v2\/tags?post=1289"}],"curies":[{"name":"wp","href":"https:\/\/api.w.org\/{rel}","templated":true}]}}