{"id":1199,"date":"2014-06-21T13:07:56","date_gmt":"2012-08-25T11:32:36","guid":{"rendered":"http:\/\/semmelweis.hu\/gyogyszerhatastan\/?page_id=1199"},"modified":"2014-08-12T12:06:33","modified_gmt":"2014-08-12T10:06:33","slug":"peter-petschner","status":"publish","type":"page","link":"https:\/\/semmelweis.hu\/gyogyszerhatastan\/de\/lehrpersonal\/peter-petschner\/","title":{"rendered":"Peter Petschner"},"content":{"rendered":"<p>Dr. Peter Petschner ist ein Mitglieder der akademischen Forschungsgruppe mit Forschungsschwerpunkte in Bereichen der Pharmakogenetik und Pharmakogenomik von Antidepressiva und Depression. Neben seiner wissenschaftlichen Arbeit hat er Erfahrungen mit der Lehre der Pharmakologie und Toxikologie f\u00fcr ungarische Studenten und pr\u00e4sentiert einen gro\u00dfen Teil des deutschsprachigen Kurses. Er weiterbildet sich gerade an einer anderen Universit\u00e4t aus Wirtschaft und Management.<br \/>\nIn seiner Freizeit treibt er Extremsportarten und nimmt gerne an Kunstprojekten teil.<br \/>\nW\u00e4hrend Arbeitszeit l\u00e4sst er sich im Erdgeschoss im Isotoplabor des Instituts finden und auf seine E-Mail-Adresse sind sowohl deutsche, als auch englische Maile willkommen. <\/p>\n","protected":false},"excerpt":{"rendered":"<p>Dr. Peter Petschner ist ein Mitglieder der akademischen Forschungsgruppe mit Forschungsschwerpunkte in Bereichen der Pharmakogenetik und Pharmakogenomik von Antidepressiva und Depression. Neben seiner wissenschaftlichen Arbeit hat er Erfahrungen mit der Lehre der Pharmakologie und Toxikologie f\u00fcr ungarische Studenten und pr\u00e4sentiert einen gro\u00dfen Teil des deutschsprachigen Kurses. Er weiterbildet sich gerade an einer anderen Universit\u00e4t aus &hellip;<\/p>\n","protected":false},"author":107,"featured_media":0,"parent":1140,"menu_order":8,"comment_status":"closed","ping_status":"closed","template":"","meta":{"_acf_changed":false,"footnotes":""},"categories":[],"tags":[],"class_list":["post-1199","page","type-page","status-publish","hentry"],"acf":[],"_links":{"self":[{"href":"https:\/\/semmelweis.hu\/gyogyszerhatastan\/wp-json\/wp\/v2\/pages\/1199","targetHints":{"allow":["GET"]}}],"collection":[{"href":"https:\/\/semmelweis.hu\/gyogyszerhatastan\/wp-json\/wp\/v2\/pages"}],"about":[{"href":"https:\/\/semmelweis.hu\/gyogyszerhatastan\/wp-json\/wp\/v2\/types\/page"}],"author":[{"embeddable":true,"href":"https:\/\/semmelweis.hu\/gyogyszerhatastan\/wp-json\/wp\/v2\/users\/107"}],"replies":[{"embeddable":true,"href":"https:\/\/semmelweis.hu\/gyogyszerhatastan\/wp-json\/wp\/v2\/comments?post=1199"}],"version-history":[{"count":3,"href":"https:\/\/semmelweis.hu\/gyogyszerhatastan\/wp-json\/wp\/v2\/pages\/1199\/revisions"}],"predecessor-version":[{"id":1288,"href":"https:\/\/semmelweis.hu\/gyogyszerhatastan\/wp-json\/wp\/v2\/pages\/1199\/revisions\/1288"}],"up":[{"embeddable":true,"href":"https:\/\/semmelweis.hu\/gyogyszerhatastan\/wp-json\/wp\/v2\/pages\/1140"}],"wp:attachment":[{"href":"https:\/\/semmelweis.hu\/gyogyszerhatastan\/wp-json\/wp\/v2\/media?parent=1199"}],"wp:term":[{"taxonomy":"category","embeddable":true,"href":"https:\/\/semmelweis.hu\/gyogyszerhatastan\/wp-json\/wp\/v2\/categories?post=1199"},{"taxonomy":"post_tag","embeddable":true,"href":"https:\/\/semmelweis.hu\/gyogyszerhatastan\/wp-json\/wp\/v2\/tags?post=1199"}],"curies":[{"name":"wp","href":"https:\/\/api.w.org\/{rel}","templated":true}]}}